{"id":29,"date":"2020-08-11T15:57:32","date_gmt":"2020-08-11T15:57:32","guid":{"rendered":"https:\/\/roxxlyn.com\/?page_id=29"},"modified":"2025-06-13T18:01:48","modified_gmt":"2025-06-13T18:01:48","slug":"terms-and-conditions","status":"publish","type":"page","link":"https:\/\/roxxlyn.com\/zh_tw\/terms-and-conditions\/","title":{"rendered":"\u6761\u6b3e"},"content":{"rendered":"<div data-elementor-type=\"wp-page\" data-elementor-id=\"29\" class=\"elementor elementor-29\" data-elementor-post-type=\"page\">\n\t\t\t\t\t\t<section class=\"elementor-section elementor-top-section elementor-element elementor-element-52234b8 elementor-section-boxed elementor-section-height-default elementor-section-height-default\" data-id=\"52234b8\" data-element_type=\"section\" data-e-type=\"section\">\n\t\t\t\t\t\t<div class=\"elementor-container elementor-column-gap-default\">\n\t\t\t\t\t<div class=\"elementor-column elementor-col-100 elementor-top-column elementor-element elementor-element-5e9da69\" data-id=\"5e9da69\" data-element_type=\"column\" data-e-type=\"column\">\n\t\t\t<div class=\"elementor-widget-wrap elementor-element-populated\">\n\t\t\t\t\t\t<div class=\"elementor-element elementor-element-3e27be6 elementor-widget elementor-widget-text-editor\" data-id=\"3e27be6\" data-element_type=\"widget\" data-e-type=\"widget\" data-widget_type=\"text-editor.default\">\n\t\t\t\t<div class=\"elementor-widget-container\">\n\t\t\t\t\t\t\t\t\t<p><strong>\u4e00\u822c\u689d\u6b3e\u8207\u689d\u4ef6 (GTC)<\/strong><strong><br \/><\/strong>Roxxlyn\u8bbe\u8ba1\u6709\u9650\u516c\u53f8<br \/>\u81ea\u4ee5\u4e0b\u65e5\u671f\u8d77\u751f\u6548\uff1a2025 \u5e74 6 \u6708 13 \u65e5 (V012025)<\/p><p>\u00a0<\/p><h2>1.\u5b9a\u7fa9\u8207\u9069\u7528\u7bc4\u570d<\/h2><h3>1.1.\u5b9a\u7fa9<\/h3><ol><li>\u8ce3\u5bb6\uff1aRoxxlyn Design GmbH, Len\u00dfenstra\u00dfe 35, 41239 M\u00f6nchengladbach, Germany; Tel.+49 (0)30 20169208; E-Mail: info@roxxlyn.com.<\/li><li>\u5ba2\u6236\uff1a\u4e0b\u8a02\u55ae\u7684\u4efb\u4f55\u81ea\u7136\u4eba\u6216\u6cd5\u4eba\u3002\u6d88\u8cbb\u8005\u662f\u6307\u70ba\u4e86\u4e0d\u80fd\u6b78\u56e0\u65bc\u5176\u5546\u696d\u6216\u7368\u7acb\u5c08\u696d\u6d3b\u52d5\u7684\u76ee\u7684\u800c\u9032\u884c\u5408\u6cd5\u4ea4\u6613\u7684\u81ea\u7136\u4eba\uff08\u00a7 13 BGB\uff09\u3002<\/li><li>\u300c\u5ba2\u88fd\u5316\u8a02\u88fd\u300d\uff1a\u6240\u6709\u6839\u64da\u5ba2\u6236\u898f\u683c\u500b\u5225\u751f\u7522\u6216\u8abf\u6574\u7684\u7522\u54c1 (\u4f8b\u5982\uff1a\u5ba2\u88fd\u5316\u7522\u54c1\u3001\u984f\u8272\u504f\u597d\u3001\u500b\u4eba\u5316\u8a2d\u8a08\u3001\u96d5\u523b\u3001MagSafe\u3001\u526a\u88c1)\u3002<\/li><\/ol><h3>1.2.\u9069\u7528\u7bc4\u570d<\/h3><ol start=\"4\"><li>\u672c\u4e00\u822c\u689d\u6b3e\u548c\u689d\u4ef6\uff08GTC\uff09\u9069\u7528\u65bc Roxxlyn Design GmbH\uff08\u4ee5\u4e0b\u7c21\u7a31 \u300c\u8ce3\u65b9\u300d\uff09\u8207\u5ba2\u6236\u4e4b\u9593\u7684\u6240\u6709\u5408\u540c - \u6a19\u6e96\u7522\u54c1\u548c\u5b9a\u5236\u7522\u54c1\u3002\u5ba2\u6236\u7684\u504f\u96e2\u689d\u4ef6\u53ea\u6709\u5728\u8ce3\u65b9\u4ee5\u66f8\u9762\u5f62\u5f0f\u660e\u78ba\u78ba\u8a8d\u7684\u60c5\u6cc1\u4e0b\u624d\u751f\u6548\u3002<\/li><\/ol><h2>2.\u8a02\u88fd\u670d\u52d9 - \u64a4\u56de\u6b0a\u5229\u7684\u6392\u9664<\/h2><h3>2.1.\u5e97\u5167\u7684\u6e05\u6670\u6a19\u7c64<\/h3><ol start=\"5\"><li>\u5728\u7dda\u4e0a\u5546\u5e97\u4e2d\uff0c\u53ea\u6709\u300c\u5ba2\u88fd\u5316\u7e2b\u88fd\u300d\u4e00\u500b\u985e\u5225\u3002\u4e00\u65e6\u5ba2\u6236\u5f9e\u9019\u500b\u985e\u5225\u4e2d\u9078\u64c7\u4e86\u7522\u54c1\uff0c\u5c31\u6703\u51fa\u73fe\u4ee5\u4e0b\u60c5\u6cc1\uff1a<\/li><\/ol><h3>2.2.\u9000\u51fa\u6b0a\u5229\u7684\u6392\u9664<\/h3><ol start=\"6\"><li>\u6839\u64da\u300a\u6b50\u76df\u6d88\u8cbb\u8005\u6b0a\u5229\u6307\u4ee4\u300b\uff08\u00a7 312g (3) sentence 1 no.16 (2) lit. b of the EU Consumer Rights Directive (\u00a7 312g (3) sentence 1 no. 1 BGB)\u3002\u9019\u610f\u5473\u8457<\/li><li>\u4e00\u65e6\u5728\u5546\u5e97\u9ede\u9078\u8a02\u88fd\u7522\u54c1\u4e26\u5b8c\u6210\u8a02\u8cfc\u7a0b\u5e8f\uff0c\u6d88\u8cbb\u8005\u7684\u6cd5\u5b9a\u64a4\u92b7\u6b0a\u5373\u4e0d\u518d\u9069\u7528\u3002<\/li><li>\u5728\u63d0\u4ea4\u8a02\u88fd\u7522\u54c1\u7684\u8a02\u55ae\u6642\uff0c\u5ba2\u6236\u8072\u660e\u4e00\u65e6\u8ce3\u65b9\u958b\u59cb\u751f\u7522\uff0c\u5373\u653e\u68c4\u64a4\u56de\u8a02\u55ae\u7684\u6b0a\u5229\u3002<\/li><\/ol><h3>2.3.\u660e\u78ba\u901a\u77e5<\/h3><ol start=\"9\"><li>\u5728\u6240\u6709\u76f8\u95dc\u7522\u54c1\u9801\u9762\u4e0a\uff0c\u4ee5\u53ca\u5728\u6a19\u793a\u70ba\u5ba2\u88fd\u5316\u7522\u54c1\u7684\u8a02\u8cfc\u6d41\u7a0b\u4e2d\uff0c\u5c07\u986f\u793a\u4ee5\u4e0b\u901a\u77e5\uff1a<\/li><li>\"\u8acb\u6ce8\u610f\uff1a\u672c\u7522\u54c1\u662f\u6839\u64da\u60a8\u7684\u898f\u683c\u500b\u5225\u8a02\u88fd\uff08\u5ba2\u6236\u8a02\u88fd\uff09\u3002\u4e00\u65e6\u958b\u59cb\u751f\u7522\uff0c\u5373\u7121\u6b0a\u64a4\u56de\"\u3002<\/li><\/ol><h2>3.\u5831\u50f9\u8207\u7522\u54c1\u8aaa\u660e<\/h2><ol start=\"11\"><li>1.\u7db2\u4e0a\u5546\u5e97\u4e2d\u7684\u7522\u54c1\u5c55\u793a\u4e26\u4e0d\u69cb\u6210\u5177\u6709\u7d04\u675f\u529b\u7684\u8981\u7d04\uff0c\u800c\u662f\u63d0\u4ea4\u8a02\u55ae\u7684\u975e\u7d04\u675f\u529b\u9080\u8acb\u3002\u6280\u8853\u548c\u984f\u8272\u504f\u5dee\u4ee5\u53ca\u5fae\u5c0f\u7684\u5c3a\u5bf8\u504f\u5dee\u4e0d\u69cb\u6210\u7f3a\u9677\u3002<\/li><li>2.\u64a4\u56de\u6b0a\uff08\u00a7 312g BGB\uff09\u5728\u4efb\u4f55\u60c5\u6cc1\u4e0b\u5747\u9069\u7528\u65bc\u6a19\u6e96\u9805\u76ee\u3002\u5c0d\u65bc\u5728 \u300c\u8a02\u88fd \u300d\u985e\u5225\u4e2d\u9078\u64c7\u7684\u7522\u54c1\uff0c\u5247\u9069\u7528\u672c GTC \u7b2c 2 \u7bc0\u4e2d\u7684\u898f\u5b9a\u3002<\/li><\/ol><h2>4.\u8a02\u8cfc\u6d41\u7a0b\u8207\u5408\u7d04\u7c3d\u8a02<\/h2><ol start=\"13\"><li>1.\u5ba2\u6236\u9078\u64c7\u6240\u9700\u7684\u7522\u54c1\uff08\u6a19\u6e96\u54c1\u6216\u5ba2\u88fd\u5316\u7522\u54c1\uff09\uff0c\u7136\u5f8c\u9ede\u64ca\u300c\u52a0\u5165\u8cfc\u7269\u8eca\u300d\u5c07\u7522\u54c1\u653e\u5165\u865b\u64ec\u8cfc\u7269\u8eca\u3002<\/li><li>2.\u6aa2\u8996\u8cfc\u7269\u8eca\u5167\u5bb9\u5f8c\uff0c\u5ba2\u6236\u9ede\u9078\u300c\u7d50\u5e33\u300d\uff0c\u6aa2\u67e5\u6240\u6709\u5fc5\u8981\u8cc7\u8a0a\uff0c\u4e26\u66f4\u6b63\u4efb\u4f55\u8f38\u5165\u932f\u8aa4\u3002<\/li><li>3.\u9ede\u64ca \u300c\u8cfc\u8cb7\u300d\uff0c\u5ba2\u6236\u5373\u63d0\u4ea4\u4e00\u4efd\u5177\u6709\u7d04\u675f\u529b\u7684\u8981\u7d04\uff0c\u4ee5\u7c3d\u8a02\u8cfc\u8cb7\u5408\u540c\u3002\u5c0d\u65bc\u8a02\u88fd\u7522\u54c1\uff0c\u8981\u7d04\u5305\u62ec\u5ba2\u6236\u8f38\u5165\u7684\u78ba\u5207\u898f\u683c\u3002<\/li><li>4.\u8ce3\u65b9\u901a\u904e\u96fb\u5b50\u90f5\u4ef6\u81ea\u52d5\u5411\u5ba2\u6236\u767c\u9001\u6536\u64da\u78ba\u8a8d\uff08\u300c\u8a02\u55ae\u78ba\u8a8d\u300d\uff09\u3002\u9019\u50c5\u78ba\u8a8d\u6536\u5230\u8a02\u55ae\uff0c\u800c\u975e\u63a5\u53d7\u8981\u7d04\u3002\u53ea\u6709\u7576\u8ce3\u65b9\u7b26\u5408\u4ee5\u4e0b\u689d\u4ef6\u4e4b\u4e00\u6642\uff0c\u5408\u540c\u624d\u544a\u6210\u7acb\uff1a<\/li><li>- \u5728\u53e6\u4e00\u5c01\u96fb\u5b50\u90f5\u4ef6\u4e2d\u8072\u660e\u63a5\u53d7\uff1b<\/li><li>- \u767c\u8ca8\uff08\u6a19\u6e96\u9805\u76ee\uff09\uff1b\u6216<\/li><li>- \u958b\u59cb\u751f\u7522\uff08\u5ba2\u88fd\u5316\u7522\u54c1\uff09\uff0c\u4f46\u4e0d\u5f97\u9072\u65bc\u5169\u500b\u5de5\u4f5c\u5929\u5167\u3002<\/li><li>5.\u5982\u679c\u9078\u64c7\u4e86 \u300c\u9810\u4ed8 \u300d\u7684\u4ed8\u6b3e\u65b9\u5f0f\uff0c\u4e00\u65e6\u8ce3\u65b9\u5c07\u4ed8\u6b3e\u7d30\u7bc0\u50b3\u9001\u7d66\u5ba2\u6236\uff0c\u5408\u540c\u5373\u544a\u6210\u7acb\u3002\u5982\u679c\u5ba2\u6236\u5728\u6536\u5230\u50ac\u6b3e\u901a\u77e5\u5f8c\u5341\u500b\u65e5\u66c6\u5929\u5167\u4ecd\u672a\u4ed8\u6b3e\uff0c\u5247\u51fa\u552e\u65b9\u53ef\u4ee5\u89e3\u9664\u5408\u540c\uff1b\u8a02\u55ae\u96a8\u5373\u53d6\u6d88\u3002\u5c0d\u65bc\u9810\u4ed8\u8a02\u55ae\uff0c\u5546\u54c1\u5c07\u4fdd\u7559\u6700\u591a\u5341\u5929\uff0c\u5982\u679c\u6c92\u6709\u6536\u5230\u4ed8\u6b3e\uff0c\u5247\u81ea\u52d5\u653e\u884c\u3002<\/li><\/ol><h2>5.\u50f9\u683c\u8207\u904b\u8cbb<\/h2><ol start=\"21\"><li>1.\u7db2\u4e0a\u5546\u5e97\u4e2d\u70ba\u5fb7\u570b\u548c\u6b50\u76df\u5ba2\u6236\u986f\u793a\u7684\u6240\u6709\u50f9\u683c\u5747\u5df2\u5305\u542b\u6cd5\u5b9a\u589e\u503c\u7a05\u3002\u5c0d\u65bc\u6b50\u76df\u4ee5\u5916\u7684\u5ba2\u6236\uff0c\u986f\u793a\u7684\u50f9\u683c\u4e0d\u542b\u589e\u503c\u7a05\uff1b\u4efb\u4f55\u9032\u53e3\u7a05\u3001\u95dc\u7a05\u6216\u5176\u4ed6\u8cbb\u7528\u61c9\u7531\u5ba2\u6236\u627f\u64d4\u3002<\/li><li>2.\u9664\u6240\u8ff0\u7522\u54c1\u50f9\u683c\u5916\uff0c\u5ba2\u6236\u9084\u61c9\u627f\u64d4\u904b\u8cbb\u3002\u78ba\u5207\u7684\u904b\u8cbb\u6703\u5728\u55ae\u7368\u7684\u9801\u9762\u4e0a\u5217\u51fa\uff08\u904b\u8cbb\u7e3d\u89bd\uff09\uff0c\u4e26\u5728\u8a02\u8cfc\u904e\u7a0b\u4e2d\u6e05\u695a\u8aaa\u660e\u3002<\/li><li>3.\u5c0d\u65bc\u8a02\u88fd\u7522\u54c1\uff0c\u8ce3\u65b9\u53ef\u80fd\u6703\u8981\u6c42\u5728\u751f\u7522\u958b\u59cb\u524d\u652f\u4ed8\u7e3d\u50f9\u6700\u9ad8 50% \u7684\u8a02\u91d1\u3002\u9918\u984d\u5728\u751f\u7522\u958b\u59cb\u5f8c\u652f\u4ed8\u3002<\/li><\/ol><h2>6.\u4ea4\u8ca8\u8207\u53ef\u7528\u6027<\/h2><ol start=\"24\"><li>1.\u6a19\u6e96\u9805\u76ee\uff1a\u5982\u679c\u5546\u54c1\u6709\u5eab\u5b58\uff0c\u5e73\u5747\u4ea4\u8ca8\u6642\u9593\u70ba 1-4 \u500b\u5de5\u4f5c\u5929\u3002\u82e5\u5546\u54c1\u7121\u5eab\u5b58\uff0c\u5247\u6703\u5728\u5546\u54c1\u9801\u9762\u4e0a\u901a\u77e5\u9867\u5ba2\u3002\u82e5\u4ea4\u8ca8\u5ef6\u9072\u8d85\u904e 14 \u5929\uff0c\u5ba2\u6236\u53ef\u64a4\u92b7\u5408\u7d04\u3002<\/li><li>2.\u5ba2\u88fd\u5316\u7522\u54c1\uff1a\u751f\u7522\u6642\u9593\u4e00\u822c\u70ba 2-6 \u9031\uff0c\u8996\u5ba2\u88fd\u5316\u7a0b\u5ea6\u800c\u5b9a\uff08\u8acb\u53c3\u95b1\u76f8\u95dc\u7522\u54c1\u9801\u9762\uff09\u3002\u8ce3\u5bb6\u6703\u901a\u77e5\u5ba2\u6236\u9810\u8a08\u7684\u4ea4\u8ca8\u65e5\u671f\u3002<\/li><li>3.\u82e5\u8a02\u88fd\u7522\u54c1\u7684\u4ea4\u8ca8\u5ef6\u9072\u8d85\u904e\u9810\u8a08\u4ea4\u8ca8\u6642\u9593 14 \u5929\u4ee5\u4e0a\uff08\u524d\u63d0\u662f\u5ba2\u6236\u4e0d\u5c0d\u5ef6\u9072\u8ca0\u8cac\uff09\uff0c\u5247\u5ba2\u6236\u53ef\u64a4\u92b7\u5408\u7d04\u3002\u4efb\u4f55\u5df2\u4ed8\u6b3e\u9805\u5c07\u7acb\u5373\u9000\u9084\u3002<\/li><\/ol><h2>7.\u4ed8\u6b3e\u689d\u6b3e<\/h2><ol start=\"27\"><li>1.\u5728\u8a02\u8cfc\u904e\u7a0b\u4e2d\uff0c\u5ba2\u6236\u9078\u64c7\u5176\u4e2d\u4e00\u7a2e\u63d0\u4f9b\u7684\u4ed8\u6b3e\u65b9\u5f0f\uff1a\u9810\u4ed8\u3001PayPal\u3001\u4fe1\u7528\u5361\u6216\u6309\u5e33\u6236\u8cfc\u8cb7\uff08\u5982\u6709\uff09\u3002<\/li><li>2.\u8a02\u88fd\u7522\u54c1\uff1a\u5168\u984d\u4ed8\u6b3e\uff08\u6216\u5354\u5b9a\u91d1\uff09\u61c9\u5728\u5408\u7d04\u7c3d\u8a02\u5f8c\u7acb\u5373\u652f\u4ed8\u3002\u53ea\u6709\u5728\u8ce3\u65b9\u78ba\u8a8d\u6536\u5230\u4ed8\u6b3e\u5f8c\u624d\u958b\u59cb\u751f\u7522\u3002<\/li><li>3.\u5982\u679c\u5ba2\u6236\u9055\u53cd\u5230\u671f\u4ed8\u6b3e\uff0c\u8ce3\u65b9\u6709\u6b0a\u66ab\u505c\u751f\u7522\u6216\u4ea4\u8ca8\uff0c\u6216\u64a4\u92b7\u5408\u540c\u3002\u5728\u6b64\u60c5\u6cc1\u4e0b\uff0c\u4efb\u4f55\u5df2\u4ed8\u8a02\u91d1\u5c07\u88ab\u6c92\u6536\uff0c\u4f5c\u70ba\u884c\u653f\u548c\u751f\u7522\u6210\u672c\u7684\u88dc\u511f\u3002<\/li><li>4.\u5ba2\u6236\u50c5\u53ef\u8207\u7121\u722d\u8b70\u6216\u4f9d\u6cd5\u6210\u7acb\u7684\u53cd\u7d22\u8ce0\u9032\u884c\u62b5\u92b7\uff0c\u4e14\u50c5\u53ef\u5728\u5176\u7d22\u8ce0\u6e90\u81ea\u540c\u4e00\u5408\u540c\u95dc\u4fc2\u7684\u7bc4\u570d\u5167\u884c\u4f7f\u4fdd\u7559\u6b0a\u3002<\/li><\/ol><h2>8.\u4fdd\u7559\u6240\u6709\u6b0a<\/h2><ol start=\"31\"><li>\u5728\u5168\u984d\u4ed8\u6b3e\u4e4b\u524d\uff0c\u5df2\u4ea4\u4ed8\u7684\u8ca8\u7269\uff08\u5305\u62ec\u5b9a\u5236\u751f\u7522\u8a02\u55ae\u5f15\u8d77\u7684\u6240\u6709\u7d22\u8ce0\uff09\u4ecd\u5c6c\u65bc\u8ce3\u65b9\u7684\u8ca1\u7522\u3002<\/li><\/ol><h2>9.\u4fdd\u56fa\u8207\u4fdd\u8b49<\/h2><ol start=\"32\"><li>1.\u6a19\u6e96\u9805\u76ee\uff1a\u8ce3\u65b9\u5c0d\u6750\u6599\u7f3a\u9677\u7d66\u4e88 12 \u500b\u6708\u7684\u81ea\u9858\u4fdd\u4fee\u671f\u3002\u6b64\u5916\uff0c\u9084\u5b58\u5728\u6cd5\u5b9a\u4fdd\u56fa\u8981\u6c42\u3002<\/li><li>2.\u5b9a\u5236\u7522\u54c1\uff1a\u7531\u65bc\u5176\u500b\u6027\u5316\uff0c\u8ce3\u65b9\u5c0d\u751f\u7522\u548c\u6750\u6599\u7455\u75b5\u7d66\u4e88 6 \u500b\u6708\u7684\u7e2e\u77ed\u4fdd\u4fee\u671f\u3002\u56e0\u4f7f\u7528\u4e0d\u7576\u6216\u5ba2\u6236\u5f8c\u7e8c\u4fee\u6539\u800c\u9020\u6210\u7684\u640d\u58de\u4e0d\u5728\u4fdd\u56fa\u4e4b\u5217\u3002<\/li><li>3.\u4efb\u4f55\u9032\u4e00\u6b65\u7684\u64d4\u4fdd\u50c5\u5728\u8ce3\u65b9\u4ee5\u66f8\u9762\u5f62\u5f0f\u660e\u78ba\u6388\u4e88\u7684\u60c5\u6cc1\u4e0b\u5b58\u5728\u3002<\/li><\/ol><h2>10.\u8cac\u4efb<\/h2><ol start=\"35\"><li>1.\u8ce3\u65b9\u61c9\u5c0d\u6545\u610f\u548c\u56b4\u91cd\u758f\u5ffd\u627f\u64d4\u8cac\u4efb\uff0c\u4f46\u4e0d\u53d7\u9650\u5236\u3002<\/li><li>2.\u5c0d\u65bc\u8f15\u5fae\u758f\u5ffd\uff0c\u8ce3\u65b9\u50c5\u5c0d\u9055\u53cd\u57fa\u672c\u5408\u540c\u7fa9\u52d9\uff08\u57fa\u672c\u7fa9\u52d9\uff09\u8ca0\u8cac\uff0c\u4f46\u4ee5\u5178\u578b\u7684\u3001\u53ef\u9810\u898b\u7684\u640d\u5bb3\u70ba\u9650\u3002\u57fa\u672c\u7fa9\u52d9\u662f\u6307\u5176\u5c65\u884c\u9996\u5148\u4f7f\u5408\u540c\u5f97\u4ee5\u6b63\u5e38\u57f7\u884c\uff0c\u4e14\u5ba2\u6236\u7d93\u5e38\u4f9d\u8cf4\u7684\u7fa9\u52d9\u3002<\/li><li>3.\u4e0a\u8ff0\u8cac\u4efb\u9650\u5236\u4e0d\u9069\u7528\u65bc\u4e0b\u5217\u8cac\u4efb\uff1a<\/li><li>- \u56e0\u751f\u547d\u3001\u8eab\u9ad4\u6216\u5065\u5eb7\u53d7\u640d\u800c\u7522\u751f\u7684\u640d\u5bb3\uff1b<\/li><li>- \u5c0d\u7522\u54c1\u54c1\u8cea\u7684\u4fdd\u8b49\u6216\u64d4\u4fdd\uff1b\u6216<\/li><li>- \u6b3a\u8a50\u6027\u96b1\u779e\u7455\u75b5\u3002<\/li><li>4.\u7522\u54c1\u8cac\u4efb\u6cd5\u300b\u898f\u5b9a\u7684\u8cac\u4efb\u4e0d\u53d7\u5f71\u97ff\u3002<\/li><li>5.\u5982\u679c\u8ce3\u65b9\u7684\u8cac\u4efb\u88ab\u6392\u9664\u6216\u9650\u5236\uff0c\u9019\u4e5f\u540c\u6a23\u9069\u7528\u65bc\u5176\u96c7\u54e1\u3001\u4ee3\u8868\u548c\u4ee3\u7406\u7684\u500b\u4eba\u8cac\u4efb\u3002<\/li><\/ol><h2>11.\u64a4\u92b7\u6b0a\uff08\u50c5\u9650\u6d88\u8cbb\u8005\uff09<\/h2><ol start=\"43\"><li>1.\u6a19\u6e96\u8ca8\u54c1\u7684\u64a4\u92b7\u6b0a\uff1a\u6d88\u8cbb\u8005\u6709\u6b0a\u5728 14 \u5929\u5167\u64a4\u56de\u4ea4\u4ed8\u6a19\u6e96\u7269\u54c1\u7684\u5408\u7d04\uff0c\u7121\u9700\u8aaa\u660e\u4efb\u4f55\u7406\u7531\uff08\u00a7 312g BGB \u8207 Art.16 (2) lit. b EU Consumer Rights Directive\uff09\u3002\u64a4\u92b7\u671f\u9650\u81ea\u6d88\u8cbb\u8005\u6536\u5230\u8ca8\u54c1\u4e4b\u65e5\u8d77\u7b97\u3002<\/li><li>2.\u5ba2\u88fd\u5316\u7522\u54c1\u7684\u514d\u8cac\u6b0a\uff1a\u5c0d\u65bc\u300c\u5ba2\u88fd\u5316\u8a02\u88fd\u300d\u985e\u5225\u4e2d\u7684\u6240\u6709\u5546\u54c1\uff0c\u5747\u7121\u64a4\u56de\u6b0a\uff08\u00a7 312g (3) sentence 1 no. 1 BGB\uff09\u3002\u4e00\u65e6\u958b\u59cb\u751f\u7522\uff0c\u8a02\u55ae\u5373\u4e0d\u53ef\u64a4\u92b7\u3002<\/li><li>\u91cd\u8981\u4e8b\u9805\uff1a\u5c0d\u65bc\u500b\u6027\u5316\u7522\u54c1\uff0c\u4e00\u65e6\u958b\u59cb\u751f\u7522\uff0c\u64a4\u56de\u8a02\u55ae\u7684\u6b0a\u5229\u5373\u544a\u7d42\u6b62\u3002\u8acb\u5728\u63d0\u4ea4\u8a02\u55ae\u524d\u4ed4\u7d30\u6aa2\u67e5\u60a8\u7684\u8a73\u7d30\u8cc7\u6599\u3002<\/li><li>3.3. \u6a19\u6e96\u9805\u76ee\u64a4\u92b7\u8aaa\u660e\uff1a\u8981\u884c\u4f7f\u60a8\u7684\u64a4\u56de\u6b0a\uff0c\u60a8\u5fc5\u9808\u901a\u77e5 Roxxlyn Design GmbH, Len\u00dfenstra\u00dfe 35, 41239 M\u00f6nchengladbach, Germany, E-Mail: info@roxxlyn.com, Tel\uff1a+49 (0)30 20169208\uff0c\u4ee5\u660e\u78ba\u7684\u8072\u660e\uff08\u4f8b\u5982\u4fe1\u4ef6\u3001\u50b3\u771f\u6216\u96fb\u5b50\u90f5\u4ef6\uff09\u8868\u793a\u60a8\u6c7a\u5b9a\u9000\u51fa\u672c\u5408\u7d04\u3002<\/li><li>4.\u9000\u8ca8\u5f8c\u679c\uff08\u6a19\u6e96\u9805\u76ee\uff09\uff1a\u6211\u5011\u5c07\u65bc\u6536\u5230\u60a8\u7684\u64a4\u92b7\u901a\u77e5\u5f8c 14 \u5929\u5167\u9000\u9084\u60a8\u652f\u4ed8\u7684\u6240\u6709\u6b3e\u9805\uff0c\u5305\u62ec\u904b\u8cbb\uff08\u4e0d\u5305\u62ec\u56e0\u60a8\u9078\u64c7\u6211\u5011\u6a19\u6e96\u904b\u9001\u65b9\u5f0f\u4ee5\u5916\u7684\u904b\u9001\u65b9\u5f0f\u800c\u7522\u751f\u7684\u4efb\u4f55\u984d\u5916\u8cbb\u7528\uff09\u3002\u9664\u975e\u53e6\u6709\u5354\u5b9a\uff0c\u9000\u6b3e\u5c07\u4f7f\u7528\u539f\u59cb\u4ea4\u6613\u4e2d\u4f7f\u7528\u7684\u76f8\u540c\u652f\u4ed8\u65b9\u5f0f\u3002\u4e0d\u6703\u6536\u53d6\u4efb\u4f55\u8cbb\u7528\u3002\u6211\u5011\u53ef\u80fd\u6703\u6263\u7559\u9000\u6b3e\uff0c\u76f4\u5230\u6211\u5011\u6536\u5230\u8ca8\u7269\u6216\u60a8\u63d0\u4f9b\u5df2\u5bc4\u56de\u8ca8\u7269\u7684\u8b49\u660e\uff08\u4ee5\u8f03\u65e9\u8005\u70ba\u6e96\uff09\u3002\u60a8\u5fc5\u9808\u5728\u4e0d\u5ef6\u8aa4\u7684\u60c5\u6cc1\u4e0b\u9000\u56de\u8ca8\u54c1\uff0c\u6700\u9072\u4e0d\u5f97\u8d85\u904e\u81ea\u60a8\u901a\u77e5\u6211\u5011\u64a4\u56de\u8ca8\u54c1\u4e4b\u65e5\u8d77\u7684 14 \u5929\u3002\u5982\u679c\u60a8\u5728 14 \u5929\u671f\u9650\u5230\u671f\u524d\u5bc4\u51fa\u8ca8\u7269\uff0c\u5247\u7b26\u5408\u622a\u6b62\u671f\u9650\u3002\u9000\u8ca8\u7684\u76f4\u63a5\u8cbb\u7528\u7531\u60a8\u627f\u64d4\u3002\u5982\u679c\u8ca8\u7269\u7684\u50f9\u503c\u56e0\u8655\u7406\u800c\u964d\u4f4e\uff0c\u8d85\u51fa\u4e86\u78ba\u5b9a\u8ca8\u7269\u6027\u8cea\u3001\u7279\u6027\u548c\u529f\u80fd\u7684\u5fc5\u8981\u7bc4\u570d\uff0c\u5247\u8cb4\u65b9\u5fc5\u9808\u8ce0\u511f\u6211\u5011\u964d\u4f4e\u7684\u50f9\u503c\u3002<\/li><\/ol><h2>12.\u56de\u62a5<\/h2><ol start=\"48\"><li>1.\u7121\u8ad6\u64a4\u56de\u8207\u5426\uff0c\u5ba2\u6236\u61c9\u5728\u9000\u8ca8\u524d\u901a\u904e\u96fb\u5b50\u90f5\u4ef6\u5411 support@roxxlyn.com \u7533\u8acb\u9000\u8ca8\u6388\u6b0a\uff08\u300c\u9000\u8ca8\u6388\u6b0a\u300d\uff09\u3002\u9019\u53ef\u78ba\u4fdd\u8fc5\u901f\u8655\u7406\u3002<\/li><li>2.\u9000\u8ca8\u5fc5\u9808\u4ee5\u53ef\u8ffd\u8e64\u3001\u6709\u4fdd\u96aa\u7684\u8ca8\u7269\u9032\u884c\uff1b\u5305\u88dd\u5916\u90e8\u5fc5\u9808\u6e05\u695a\u53ef\u898b Roxxlyn \u7684\u5546\u696d\u767c\u7968\u3002\u4f86\u81ea\u975e\u6b50\u76df\u570b\u5bb6\u7684\u8ca8\u4ef6\uff1a\u5728\u5546\u696d\u767c\u7968\u5916\u9762\u6a19\u660e \"Return to Sender\"\uff0c\u4ee5\u78ba\u4fdd\u9806\u5229\u901a\u95dc\u3002\u5982\u679c\u7121\u6cd5\u63d0\u4f9b\u539f\u59cb\u767c\u7968\uff0c\u8acb\u806f\u7d61 support@roxxlyn.com\u3002\u932f\u8aa4\u6216\u4e0d\u5b8c\u6574\u9000\u8ca8\u7684\u8cbb\u7528\u7531\u5ba2\u6236\u627f\u64d4\u3002<\/li><li>3.\u9000\u8ca8\uff08\u5305\u62ec\u6240\u6709\u914d\u4ef6\uff09\u5fc5\u9808\u59a5\u5584\u5305\u88dd\u3002\u5982\u679c\u7121\u6cd5\u4f7f\u7528\u539f\u59cb\u5305\u88dd\uff0c\u8acb\u4f7f\u7528\u5408\u9069\u7684\u66ff\u4ee3\u5305\u88dd\uff0c\u4ee5\u9632\u6b62\u904b\u8f38\u904e\u7a0b\u4e2d\u7684\u640d\u58de\u3002<\/li><li>4.\u8a02\u88fd\u7522\u54c1\u4e00\u7d93\u958b\u59cb\u751f\u7522\uff0c\u5373\u4e0d\u9069\u7528\u65bc\u9000\u8ca8\u3002<\/li><\/ol><h2>13.\u5408\u7d04\u6587\u672c\u7684\u5132\u5b58<\/h2><ol start=\"52\"><li>1.\u8ce3\u65b9\u5132\u5b58\u5b8c\u6574\u7684\u5408\u7d04\u6587\u672c\u3002\u672c GTC \u53ef\u65bc\u7dda\u4e0a\u53d6\u5f97\uff0c\u4e26\u53ef\u65bc\u4e0b\u55ae\u524d\u4f7f\u7528\u700f\u89bd\u5668\u7684\u5217\u5370\u529f\u80fd\u5217\u5370\u3002<\/li><li>2.\u5728\u5408\u540c\u7c3d\u8a02\u5f8c\uff0c\u8ce3\u65b9\u901a\u904e\u96fb\u5b50\u90f5\u4ef6\u5411\u5ba2\u6236\u767c\u9001\u8a02\u55ae\u78ba\u8a8d\u51fd\uff0c\u5176\u4e2d\u5305\u62ec\u57fa\u672c\u5408\u540c\u6578\u64da\u548c\u672c GTC\u3002<\/li><\/ol><h2>14.\u8cc7\u6599\u4fdd\u8b77<\/h2><ol start=\"54\"><li>1.Roxxlyn Design GmbH \u50c5\u57fa\u65bc\u7279\u5b9a\u3001\u660e\u78ba\u4e14\u5408\u6cd5\u7684\u76ee\u7684\uff0c\u4e26\u6839\u64da\u9069\u7528\u7684\u8cc7\u6599\u4fdd\u8b77\u6cd5\uff08\u5c24\u5176\u662f GDPR\uff09\u8655\u7406\u500b\u4eba\u8cc7\u6599\u3002<\/li><li>2.\u8a02\u8cfc\u904e\u7a0b\u4e2d\u6536\u96c6\u7684\u500b\u4eba\u8cc7\u6599\uff08\u5982\u59d3\u540d\u3001\u96fb\u5b50\u90f5\u4ef6\u3001\u9001\u8ca8\u5730\u5740\u3001\u4ed8\u6b3e\u8cc7\u6599\uff09\u50c5\u7528\u65bc\u5c65\u884c\u5408\u7d04\u3002\u53ea\u6709\u5728\u904b\u9001\u6216\u4ed8\u6b3e\u8655\u7406\u6240\u9700\u7684\u7bc4\u570d\u5167\uff0c\u624d\u6703\u8207\u7b2c\u4e09\u65b9\u5171\u7528\u8cc7\u6599\u3002<\/li><li>3.\u5728\u9075\u5b88\u6cd5\u5b9a\u4fdd\u7559\u7fa9\u52d9\u7684\u524d\u63d0\u4e0b\uff0c\u5ba2\u6236\u6709\u6b0a\u67e5\u95b1\u3001\u66f4\u6b63\u3001\u6514\u622a\u6216\u522a\u9664\u5176\u5132\u5b58\u7684\u500b\u4eba\u8cc7\u6599\u3002<\/li><li>4.\u6709\u95dc\u8cc7\u6599\u6536\u96c6\u3001\u8655\u7406\u548c\u4f7f\u7528\u7684\u6027\u8cea\u3001\u7bc4\u570d\u3001\u4f4d\u7f6e\u548c\u76ee\u7684\u7684\u8a73\u7d30\u8cc7\u8a0a\uff0c\u8acb\u53c3\u95b1\u6211\u5011\u7684\u96b1\u79c1\u6b0a\u653f\u7b56\uff1a <a href=\"https:\/\/roxxlyn.com\/zh_tw\/privacy-policy\/\">https:\/\/roxxlyn.com\/privacy-policy\/<\/a><\/li><\/ol><h2>15.\u7ba1\u8f44\u6b0a\u3001\u9069\u7528\u6cd5\u5f8b\u3001\u5408\u7d04\u8a9e\u8a00<\/h2><ol start=\"58\"><li>1.\u5982\u679c\u5ba2\u6236\u662f\u5546\u4eba\u3001\u516c\u6cd5\u4e0b\u7684\u6cd5\u4eba\u6216\u516c\u6cd5\u4e0b\u7684\u7279\u5225\u57fa\u91d1\uff0c\u5247\u56e0\u672c\u5408\u7d04\u5f15\u8d77\u7684\u6240\u6709\u722d\u8b70\u7684\u5c08\u5c6c\u7ba1\u8f44\u5730\u70ba\u5fb7\u570b\u9580\u8208\u683c\u62c9\u5fb7\u5df4\u8d6b\u3002<\/li><li>2.\u5fb7\u570b\u6cd5\u5f8b\u4e0d\u9069\u7528\u300a\u806f\u5408\u570b\u570b\u969b\u8ca8\u7269\u92b7\u552e\u5408\u540c\u516c\u7d04\u300b\uff08CISG\uff09\uff0c\u9664\u975e\u5ba2\u6236\u6240\u5728\u570b\u5bb6\u7684\u5f37\u5236\u6027\u6d88\u8cbb\u8005\u4fdd\u8b77\u6cd5\u512a\u5148\u9069\u7528\u3002<\/li><li>3.\u5408\u7d04\u8a9e\u8a00\u70ba\u5fb7\u8a9e\u3002<\/li><\/ol><h2>16.\u53ef\u5206\u5272\u6027\u689d\u6b3e<\/h2><ol start=\"61\"><li>\u82e5\u672c GTC \u7684\u4efb\u4f55\u689d\u6b3e\u5168\u90e8\u6216\u90e8\u5206\u7121\u6548\uff0c\u5176\u9918\u689d\u6b3e\u7684\u6709\u6548\u6027\u4e0d\u53d7\u5f71\u97ff\u3002\u7121\u6548\u689d\u6587\u61c9\u7531\u6700\u80fd\u53cd\u6620\u7121\u6548\u689d\u6587\u7684\u7d93\u6fdf\u610f\u5716\u7684\u689d\u6587\u53d6\u4ee3\u3002<\/li><\/ol><h2>17.\u4fee\u8a02 GTC<\/h2><ol start=\"62\"><li>\u8ce3\u65b9\u4fdd\u7559\u96a8\u6642\u4fee\u6539\u672c GTC \u7684\u6b0a\u5229\u3002\u4fee\u6539\u5167\u5bb9\u5c07\u5728\u7db2\u7ad9\u4e0a\u516c\u4f48\u3002\u5c0d\u65bc\u73fe\u6709\u5408\u540c\uff0c\u9069\u7528\u5408\u540c\u7c3d\u8a02\u6642\u6709\u6548\u7684 GTC\uff0c\u9664\u975e\u5f37\u5236\u6027\u6cd5\u5f8b\u898f\u5b9a\u8981\u6c42\u8b8a\u66f4\u3002<\/li><\/ol><h2>18.\u5ba2\u6236\u670d\u52d9\u8207\u6295\u8a34\u7ba1\u7406<\/h2><ol start=\"63\"><li>\u5982\u6709\u554f\u984c\u6216\u6295\u8a34\uff0c\u6211\u5011\u7684\u5ba2\u6236\u670d\u52d9\u90e8\u9580\u53ef\u65bc\u5e73\u65e5 10:00 \u81f3 17:00 (\u6b50\u6d32\u4e2d\u90e8\u6642\u9593) \u81f4\u96fb +49 (0)30 20169208 \u6216\u767c\u9001\u96fb\u5b50\u90f5\u4ef6\u81f3 info@roxxlyn.com\u3002<\/li><\/ol><h2>19.\u6d88\u8cbb\u8005\u722d\u8b70\u89e3\u6c7a\/\u7dda\u4e0a\u722d\u8b70\u89e3\u6c7a<\/h2><ol start=\"64\"><li>\u6b50\u76df\u59d4\u54e1\u6703\u63d0\u4f9b\u7dda\u4e0a\u722d\u8b70\u89e3\u6c7a (ODR) \u5e73\u53f0\uff1ahttps:\/\/ec.europa.eu\/consumers\/odr\u3002\u6d88\u8cbb\u8005\u53ef\u9078\u64c7\u4f7f\u7528\u6b64\u5e73\u53f0\u89e3\u6c7a\u722d\u8b70\u3002<\/li><\/ol><h2>\u9644\u4ef6\uff1a\u9000\u51fa\u8868\u683c\u7bc4\u672c<\/h2><p>\u9000\u7d04\u8868\u683c\uff08\u50c5\u5728\u60a8\u5e0c\u671b\u9000\u7d04\u6642\u586b\u5beb\u4e26\u4ea4\u9084\u6b64\u8868\u683c\uff09<\/p><p>- \u81f4\uff1a<\/p><p>Roxxlyn\u8bbe\u8ba1\u6709\u9650\u516c\u53f8<\/p><p>Len\u00dfenstra\u00dfe 35<\/p><p>41239 \u9580\u8208\u683c\u62c9\u5fb7\u5df4\u8d6b<\/p><p>\u5fb7\u56fd<\/p><p>E-Mail: info@roxxlyn.com<\/p><p>- \u6211\/\u6211\u5011*\u7279\u6b64\u901a\u77e5\uff0c\u6211\/\u6211\u5011*\u64a4\u92b7\u6211\/\u6211\u5011*\u7684\u4ee5\u4e0b\u8ca8\u7269*\/\u63d0\u4f9b\u4ee5\u4e0b\u670d\u52d9*\u7684\u92b7\u552e\u5408\u540c<\/p><p>\u8a02\u8cfc\u865f\u78bc\uff1a___________________________<\/p><p>\u8a02\u8cfc\/\u8cfc\u8cb7\u65e5\u671f\uff1a___________________<\/p><p>- \u6d88\u8cbb\u8005\u59d3\u540d<\/p><p>__________________________________________<\/p><p>- \u6d88\u8cbb\u8005\u5730\u5740<\/p><p>__________________________________________<\/p><p>- \u6d88\u8cbb\u8005\u7c3d\u540d (\u50c5\u9650\u672c\u8868\u683c\u4ee5\u7d19\u5f35\u5f62\u5f0f\u901a\u77e5\u8005)<\/p><p>__________________________________________<\/p><p>- \u65e5\u671f<\/p><p>__________________________________________<\/p><p>* \u8acb\u9069\u7576\u522a\u9664\u3002<\/p>\t\t\t\t\t\t\t\t<\/div>\n\t\t\t\t<\/div>\n\t\t\t\t\t<\/div>\n\t\t<\/div>\n\t\t\t\t\t<\/div>\n\t\t<\/section>\n\t\t\t\t<\/div>","protected":false},"excerpt":{"rendered":"<p>\u4e00\u822c\u689d\u6b3e\u548c\u689d\u4ef6 (GTC)Roxxlyn Design GmbHEffective as of\uff1a2025 \u5e74 6 \u6708 13 \u65e5 (V012025) 1.\u5b9a\u7fa9\u548c\u9069\u7528\u7bc4\u570d 1.1.\u5b9a\u7fa9 \u8ce3\u65b9\uff1aRoxxlyn Design GmbH, Len\u00dfenstra\u00dfe 35, 41239 M\u00f6nchengladbach,...<\/p>","protected":false},"author":2904,"featured_media":0,"parent":0,"menu_order":0,"comment_status":"closed","ping_status":"closed","template":"","meta":{"inline_featured_image":false,"footnotes":""},"class_list":["post-29","page","type-page","status-publish","hentry"],"_links":{"self":[{"href":"https:\/\/roxxlyn.com\/zh_tw\/wp-json\/wp\/v2\/pages\/29","targetHints":{"allow":["GET"]}}],"collection":[{"href":"https:\/\/roxxlyn.com\/zh_tw\/wp-json\/wp\/v2\/pages"}],"about":[{"href":"https:\/\/roxxlyn.com\/zh_tw\/wp-json\/wp\/v2\/types\/page"}],"author":[{"embeddable":true,"href":"https:\/\/roxxlyn.com\/zh_tw\/wp-json\/wp\/v2\/users\/2904"}],"replies":[{"embeddable":true,"href":"https:\/\/roxxlyn.com\/zh_tw\/wp-json\/wp\/v2\/comments?post=29"}],"version-history":[{"count":0,"href":"https:\/\/roxxlyn.com\/zh_tw\/wp-json\/wp\/v2\/pages\/29\/revisions"}],"wp:attachment":[{"href":"https:\/\/roxxlyn.com\/zh_tw\/wp-json\/wp\/v2\/media?parent=29"}],"curies":[{"name":"wp","href":"https:\/\/api.w.org\/{rel}","templated":true}]}}