{"id":66,"date":"2020-08-12T11:49:00","date_gmt":"2020-08-12T11:49:00","guid":{"rendered":"https:\/\/roxxlyn.com\/?post_type=product&#038;p=66"},"modified":"2026-03-04T16:12:55","modified_gmt":"2026-03-04T16:12:55","slug":"the-macbook-slate-skin-black-rock","status":"publish","type":"product","link":"https:\/\/roxxlyn.com\/zh\/shop\/the-macbook-slate-skin-black-rock\/","title":{"rendered":"MacBook Slate \u9ed1\u5ca9\u76ae\u80a4"},"content":{"rendered":"<div data-elementor-type=\"wp-post\" data-elementor-id=\"66\" class=\"elementor elementor-66\" data-elementor-post-type=\"product\">\n\t\t\t\t\t\t<section class=\"elementor-section elementor-top-section elementor-element elementor-element-415b4ae elementor-section-boxed elementor-section-height-default elementor-section-height-default\" data-id=\"415b4ae\" data-element_type=\"section\" data-e-type=\"section\" data-settings=\"{&quot;background_background&quot;:&quot;classic&quot;}\">\n\t\t\t\t\t\t<div class=\"elementor-container elementor-column-gap-default\">\n\t\t\t\t\t<div class=\"elementor-column elementor-col-100 elementor-top-column elementor-element elementor-element-597b156\" data-id=\"597b156\" data-element_type=\"column\" data-e-type=\"column\">\n\t\t\t<div class=\"elementor-widget-wrap elementor-element-populated\">\n\t\t\t\t\t\t<div class=\"elementor-element elementor-element-7be3c16 elementor-widget elementor-widget-video\" data-id=\"7be3c16\" data-element_type=\"widget\" data-e-type=\"widget\" data-settings=\"{&quot;video_type&quot;:&quot;vimeo&quot;,&quot;autoplay&quot;:&quot;yes&quot;,&quot;play_on_mobile&quot;:&quot;yes&quot;,&quot;mute&quot;:&quot;yes&quot;,&quot;loop&quot;:&quot;yes&quot;}\" data-widget_type=\"video.default\">\n\t\t\t\t<div class=\"elementor-widget-container\">\n\t\t\t\t\t\t\t<div class=\"elementor-wrapper elementor-open-inline\">\n\t\t\t<iframe class=\"elementor-video-iframe\" allowfullscreen allow=\"autoplay\" title=\"vimeo p\u0159ehr\u00e1va\u010d videa\" src=\"https:\/\/player.vimeo.com\/video\/1017613452?autoplay=1&amp;playsinline=1&amp;color&amp;autopause=0&amp;loop=1&amp;muted=1&amp;title=1&amp;portrait=1&amp;byline=1#t=\" data-no-translation-title=\"\"><\/iframe>\t\t<\/div>\n\t\t\t\t\t\t<\/div>\n\t\t\t\t<\/div>\n\t\t\t\t<section class=\"elementor-section elementor-inner-section elementor-element elementor-element-d71c1e6 elementor-section-boxed elementor-section-height-default elementor-section-height-default\" data-id=\"d71c1e6\" data-element_type=\"section\" data-e-type=\"section\">\n\t\t\t\t\t\t<div class=\"elementor-container elementor-column-gap-default\">\n\t\t\t\t\t<div class=\"elementor-column elementor-col-100 elementor-inner-column elementor-element elementor-element-500ee0d\" data-id=\"500ee0d\" data-element_type=\"column\" data-e-type=\"column\">\n\t\t\t<div class=\"elementor-widget-wrap elementor-element-populated\">\n\t\t\t\t\t\t<div class=\"elementor-element elementor-element-9e0e074 elementor-widget elementor-widget-text-editor\" data-id=\"9e0e074\" data-element_type=\"widget\" data-e-type=\"widget\" data-widget_type=\"text-editor.default\">\n\t\t\t\t<div class=\"elementor-widget-container\">\n\t\t\t\t\t\t\t\t\t<p>\u4f7f\u7528 <strong>\u677f\u5ca9\u8868\u76ae\u9ed1\u5ca9<\/strong>\u8fd9\u662f\u4e00\u6b3e\u7eaf\u624b\u5de5\u5236\u4f5c\u7684\u771f\u77f3\u6770\u4f5c\uff0c\u5c31\u50cf\u7b2c\u4e8c\u5c42\u76ae\u80a4\u4e00\u6837\u8d34\u5408\u4f60\u7684\u8bbe\u5907\u3002\u6bcf\u6b3e\u76ae\u80a4\u90fd\u5177\u6709\u5929\u7136\u7684\u9ed1\u7070\u8272\u8c03\u548c\u72ec\u4e00\u65e0\u4e8c\u7684\u77f3\u5934\u7eb9\u7406\uff0c\u8ba9\u4f60\u7684 MacBook \u771f\u6b63\u72ec\u4e00\u65e0\u4e8c\u3002\u8fd9\u6b3e\u8d85\u8584\u4fdd\u62a4\u58f3\u8f7b\u5982\u9e3f\u6bdb\uff0c\u8584\u81f3 0.03 \u82f1\u5bf8\uff081 \u6beb\u7c73\uff09\uff0c\u65e2\u80fd\u4fdd\u6301\u8bbe\u5907\u7684\u6d41\u7545\u7ebf\u6761\uff0c\u53c8\u80fd\u63d0\u4f9b\u6301\u4e45\u7684\u4fdd\u62a4\uff0c\u9632\u6b62\u5212\u75d5\u548c\u6c61\u57a2\u3002<\/p><p>\u5f97\u76ca\u4e8e\u6211\u4eec\u5728\u5fb7\u56fd\u4e13\u95e8\u5f00\u53d1\u7684\u53cc\u9762\u80f6\u5e26\uff0c\u4f60\u53ef\u4ee5\u6beb\u4e0d\u8d39\u529b\u5730\u7c98\u8d34\u548c\u79fb\u9664\u76ae\u80a4\uff0c\u4e0d\u4f1a\u7559\u4e0b\u4efb\u4f55\u7c98\u6027\u6b8b\u7559\u7269\u3002\u4ec5\u91cd 35 \u514b\uff0c\u4f60\u51e0\u4e4e\u611f\u89c9\u4e0d\u5230\u5b83\u7684\u4e0d\u540c\uff0c\u4f46\u4f60\u7684 MacBook \u5c06\u5728\u5404\u4e2a\u65b9\u9762\u90fd\u4e0e\u4f17\u4e0d\u540c\u3002\u8fd9\u4e0d\u4ec5\u662f\u4e00\u79cd\u4fdd\u62a4\uff0c\u66f4\u662f\u4e00\u79cd\u827a\u672f\u5347\u7ea7\uff0c\u4e3a\u4f60\u7684\u8bbe\u5907\u5e26\u6765\u81ea\u7136\u4e4b\u7f8e\u548c\u65e0\u4e0e\u4f26\u6bd4\u7684\u5de5\u827a\u3002<\/p><p><span style=\"text-decoration: underline;\"><strong>\u4e3a\u4ec0\u4e48\u9009\u62e9\u9ed1\u5ca9\u77f3\u677f\u76ae\u80a4\uff1f<\/strong><\/span><\/p><ul><li><strong>\u771f\u6b63\u7684\u77f3\u5934\uff0c\u771f\u6b63\u7684\u5f71\u54cd<\/strong>:\u91c7\u7528\u771f\u6b63\u7684\u677f\u5ca9\u77f3\u6750\u624b\u5de5\u5236\u4f5c\uff0c\u6bcf\u5757\u8868\u76ae\u90fd\u6709\u5929\u7136\u7684\u7eb9\u7406\u548c\u8d28\u611f\uff0c\u4e0e\u60a8\u4e00\u6837\u72ec\u4e00\u65e0\u4e8c\u3002<\/li><li><strong>\u8f7b\u4fbf\u8d85\u8584<\/strong>:\u8fd9\u6b3e\u76ae\u80a4\u4ec5\u91cd 35 \u514b\uff0c\u539a\u5ea6\u4ec5\u4e3a 1 \u6beb\u7c73\uff0c\u5728\u63d0\u4f9b\u4fdd\u62a4\u7684\u540c\u65f6\u4e0d\u4f1a\u663e\u5f97\u7b28\u91cd\u3002<\/li><li><strong>\u6613\u4e8e\u4f7f\u7528\uff0c\u65e0\u6b8b\u7559<\/strong>:\u91c7\u7528\u5fb7\u56fd\u5236\u9020\u7684\u5b9a\u5236\u53cc\u9762\u80f6\u5e26\uff0c\u6613\u4e8e\u7c98\u8d34\u548c\u79fb\u9664\uff0c\u4e0d\u4f1a\u7559\u4e0b\u4efb\u4f55\u7c98\u6027\u6b8b\u7559\u7269\u3002<\/li><li><strong>\u67cf\u6797\u624b\u5de5\u5236\u4f5c<\/strong>:\u6bcf\u4e00\u6b3e\u76ae\u80a4\u90fd\u662f\u5728\u67cf\u6797\u7cbe\u5fc3\u5236\u4f5c\u800c\u6210\uff0c\u786e\u4fdd\u5de5\u827a\u7684\u9ad8\u54c1\u8d28\u3002<\/li><\/ul><p>\u8fd9\u6b3e\u77f3\u677f\u76ae\u80a4\u4e0d\u4ec5\u662f\u4e00\u4e2a\u5916\u58f3\uff0c\u66f4\u662f\u4e00\u79cd\u98ce\u683c\u3001\u4e2a\u6027\u548c\u4f18\u96c5\u7684\u5ba3\u8a00\u3002\u4fdd\u62a4\u4f60\u7684 MacBook \u7684\u540c\u65f6\uff0c\u8ba9\u5b83\u6210\u4e3a\u771f\u6b63\u7684\u7126\u70b9\u3002 <em>\u8bf7\u6ce8\u610f\uff1a\u6211\u4e0d\u662f\u4e2a\u6848\uff01<\/em><\/p>\t\t\t\t\t\t\t\t<\/div>\n\t\t\t\t<\/div>\n\t\t\t\t<div class=\"elementor-element elementor-element-9a45c83 elementor-widget elementor-widget-text-editor\" data-id=\"9a45c83\" data-element_type=\"widget\" data-e-type=\"widget\" data-widget_type=\"text-editor.default\">\n\t\t\t\t<div class=\"elementor-widget-container\">\n\t\t\t\t\t\t\t\t\t<p><blockquote class=\"wp-embedded-content\" data-secret=\"YXrDvgatY1\"><a href=\"https:\/\/roxxlyn.com\/zh\/instructions\/\">\u6307\u793a<\/a><\/blockquote><iframe class=\"wp-embedded-content\" sandbox=\"allow-scripts\" security=\"restricted\" style=\"position: absolute; visibility: hidden;\" title=\"&quot;\u6307\u793a&quot; - ROXXLYN\" src=\"https:\/\/roxxlyn.com\/instructions\/embed\/#?secret=qe5rNxBNvu#?secret=YXrDvgatY1\" data-secret=\"YXrDvgatY1\" width=\"600\" height=\"338\" frameborder=\"0\" marginwidth=\"0\" marginheight=\"0\" scrolling=\"no\"><\/iframe><\/p>\t\t\t\t\t\t\t\t<\/div>\n\t\t\t\t<\/div>\n\t\t\t\t\t<\/div>\n\t\t<\/div>\n\t\t\t\t\t<\/div>\n\t\t<\/section>\n\t\t\t\t<div class=\"elementor-element elementor-element-396757a elementor-widget elementor-widget-video\" data-id=\"396757a\" data-element_type=\"widget\" data-e-type=\"widget\" data-settings=\"{&quot;video_type&quot;:&quot;vimeo&quot;}\" data-widget_type=\"video.default\">\n\t\t\t\t<div class=\"elementor-widget-container\">\n\t\t\t\t\t\t\t<div class=\"elementor-wrapper elementor-open-inline\">\n\t\t\t<iframe class=\"elementor-video-iframe\" allowfullscreen allow=\"clipboard-write\" title=\"vimeo p\u0159ehr\u00e1va\u010d videa\" src=\"https:\/\/player.vimeo.com\/video\/135730659?color&amp;autopause=0&amp;loop=0&amp;muted=0&amp;title=1&amp;portrait=1&amp;byline=1#t=\" data-no-translation-title=\"\"><\/iframe>\t\t<\/div>\n\t\t\t\t\t\t<\/div>\n\t\t\t\t<\/div>\n\t\t\t\t<div class=\"elementor-element elementor-element-61b67c9 elementor-widget elementor-widget-video\" data-id=\"61b67c9\" data-element_type=\"widget\" data-e-type=\"widget\" data-settings=\"{&quot;video_type&quot;:&quot;vimeo&quot;}\" data-widget_type=\"video.default\">\n\t\t\t\t<div class=\"elementor-widget-container\">\n\t\t\t\t\t\t\t<div class=\"elementor-wrapper elementor-open-inline\">\n\t\t\t<iframe class=\"elementor-video-iframe\" allowfullscreen allow=\"clipboard-write\" title=\"vimeo p\u0159ehr\u00e1va\u010d videa\" src=\"https:\/\/player.vimeo.com\/video\/290503829?color&amp;autopause=0&amp;loop=0&amp;muted=0&amp;title=1&amp;portrait=1&amp;byline=1#t=\" data-no-translation-title=\"\"><\/iframe>\t\t<\/div>\n\t\t\t\t\t\t<\/div>\n\t\t\t\t<\/div>\n\t\t\t\t\t<\/div>\n\t\t<\/div>\n\t\t\t\t\t<\/div>\n\t\t<\/section>\n\t\t\t\t<\/div>","protected":false},"excerpt":{"rendered":"<p>\u7528\u5b83\u6539\u9020\u4f60\u7684 MacBook <strong>\u677f\u5ca9\u8868\u76ae\u9ed1\u5ca9<\/strong>-\u8fd9\u662f\u4e00\u6b3e\u624b\u5de5\u5236\u4f5c\u7684\u8d85\u8584\uff081 \u6beb\u7c73\uff09\u3001\u8f7b\u8d28\uff0835 \u514b\uff09\u8868\u76ae\uff0c\u7531\u771f\u6b63\u7684\u77f3\u5934\u5236\u6210\u3002\u5b83\u5177\u6709\u72ec\u7279\u7684\u9ed1\u7070\u8272\u77f3\u5934\u7eb9\u7406\u548c\u5fb7\u56fd\u8bbe\u8ba1\u7684\u7c98\u5408\u5242\uff0c\u6613\u4e8e\u4f7f\u7528\u3001\u63d0\u4f9b\u4fdd\u62a4\u548c\u98ce\u683c\uff0c\u4e14\u4e0d\u4f1a\u7559\u4e0b\u4efb\u4f55\u6b8b\u7559\u7269\u3002 <em>\u8fd9\u4e0d\u662f\u4e00\u4e2a\u7bb1\u5b50\uff0c\u800c\u662f\u7eaf\u7cb9\u7684\u624b\u5de5\u827a\u54c1\u3002<\/em><\/p>","protected":false},"featured_media":10382,"template":"","meta":{"inline_featured_image":false},"product_brand":[],"product_cat":[48],"product_tag":[],"class_list":{"0":"post-66","1":"product","2":"type-product","3":"status-publish","4":"has-post-thumbnail","6":"product_cat-macbook","8":"first","9":"instock","10":"featured","11":"taxable","12":"shipping-taxable","13":"purchasable","14":"product-type-variable","15":"has-default-attributes"},"exclude_global_add_ons":false,"addons":[{"name":"\u5b9a\u5236\u526a\u88c1","type":"checkbox","position":0,"required":false,"title_format":"heading","default":"","description_enable":false,"description":"","placeholder_enable":false,"placeholder":"","display":"radiobutton","restrictions_type":"any_text","adjust_price":false,"price":"","price_type":"flat_fee","restrictions":false,"min":"0","max":"0","options":[{"label":"Bottom Skin - you like to get a more 360 look and have an additional Slate Skin for the bottom of your device","price":"22","price_type":"flat_fee","image":1296,"visibility":true},{"label":"No Apple Logo","price":"","price_type":"flat_fee","image":0,"visibility":true},{"label":"Heavy Texture - You want thicker pieces of stone with extra tactile feedback, this is the one for you.","price":"20","price_type":"flat_fee","image":0,"visibility":true},{"label":"Stone surface as dark as possible","price":"","price_type":"flat_fee","image":0,"visibility":true},{"label":"Apple Logo Guard Film - Highly transparent glossy polyurethane film with outstanding UV-resistance, excellent tear strength, and self-healing surface. That means light scratches on the surface (e.g. originating from squeegees, cleaning brushes) can be removed easily by applying heat (e.g. solar radiation, heat gun)","price":"5","price_type":"flat_fee","image":0,"visibility":true},{"label":"100% Easy Removal Layer, we developed an additional layer for an even more convenient removal anytime you decide to remove your slate skin in the future. Zero adhesive residues","price":"5","price_type":"flat_fee","image":0,"visibility":true}],"id":1687279607}],"_links":{"self":[{"href":"https:\/\/roxxlyn.com\/zh\/wp-json\/wp\/v2\/product\/66","targetHints":{"allow":["GET"]}}],"collection":[{"href":"https:\/\/roxxlyn.com\/zh\/wp-json\/wp\/v2\/product"}],"about":[{"href":"https:\/\/roxxlyn.com\/zh\/wp-json\/wp\/v2\/types\/product"}],"version-history":[{"count":1,"href":"https:\/\/roxxlyn.com\/zh\/wp-json\/wp\/v2\/product\/66\/revisions"}],"predecessor-version":[{"id":14894,"href":"https:\/\/roxxlyn.com\/zh\/wp-json\/wp\/v2\/product\/66\/revisions\/14894"}],"wp:featuredmedia":[{"embeddable":true,"href":"https:\/\/roxxlyn.com\/zh\/wp-json\/wp\/v2\/media\/10382"}],"wp:attachment":[{"href":"https:\/\/roxxlyn.com\/zh\/wp-json\/wp\/v2\/media?parent=66"}],"wp:term":[{"taxonomy":"product_brand","embeddable":true,"href":"https:\/\/roxxlyn.com\/zh\/wp-json\/wp\/v2\/product_brand?post=66"},{"taxonomy":"product_cat","embeddable":true,"href":"https:\/\/roxxlyn.com\/zh\/wp-json\/wp\/v2\/product_cat?post=66"},{"taxonomy":"product_tag","embeddable":true,"href":"https:\/\/roxxlyn.com\/zh\/wp-json\/wp\/v2\/product_tag?post=66"}],"curies":[{"name":"wp","href":"https:\/\/api.w.org\/{rel}","templated":true}]}}