{"id":29,"date":"2020-08-11T15:57:32","date_gmt":"2020-08-11T15:57:32","guid":{"rendered":"https:\/\/roxxlyn.com\/?page_id=29"},"modified":"2025-06-13T18:01:48","modified_gmt":"2025-06-13T18:01:48","slug":"terms-and-conditions","status":"publish","type":"page","link":"https:\/\/roxxlyn.com\/zh\/terms-and-conditions\/","title":{"rendered":"\u6761\u6b3e"},"content":{"rendered":"<div data-elementor-type=\"wp-page\" data-elementor-id=\"29\" class=\"elementor elementor-29\" data-elementor-post-type=\"page\">\n\t\t\t\t\t\t<section class=\"elementor-section elementor-top-section elementor-element elementor-element-52234b8 elementor-section-boxed elementor-section-height-default elementor-section-height-default\" data-id=\"52234b8\" data-element_type=\"section\" data-e-type=\"section\">\n\t\t\t\t\t\t<div class=\"elementor-container elementor-column-gap-default\">\n\t\t\t\t\t<div class=\"elementor-column elementor-col-100 elementor-top-column elementor-element elementor-element-5e9da69\" data-id=\"5e9da69\" data-element_type=\"column\" data-e-type=\"column\">\n\t\t\t<div class=\"elementor-widget-wrap elementor-element-populated\">\n\t\t\t\t\t\t<div class=\"elementor-element elementor-element-3e27be6 elementor-widget elementor-widget-text-editor\" data-id=\"3e27be6\" data-element_type=\"widget\" data-e-type=\"widget\" data-widget_type=\"text-editor.default\">\n\t\t\t\t<div class=\"elementor-widget-container\">\n\t\t\t\t\t\t\t\t\t<p><strong>\u4e00\u822c\u6761\u6b3e\u548c\u6761\u4ef6\uff08GTC\uff09<\/strong><strong><br \/><\/strong>Roxxlyn \u8bbe\u8ba1\u6709\u9650\u516c\u53f8<br \/>\u81ea\u4ee5\u4e0b\u65e5\u671f\u8d77\u751f\u65482025 \u5e74 6 \u6708 13 \u65e5 (V012025)<\/p><p>\u00a0<\/p><h2>1.\u5b9a\u4e49\u548c\u9002\u7528\u8303\u56f4<\/h2><h3>1.1.\u5b9a\u4e49<\/h3><ol><li>Seller\uff1aRoxxlyn Design GmbH, Len\u00dfenstra\u00dfe 35, 41239 M\u00f6nchengladbach, Germany; Tel.+49 (0)30 20169208; E-Mail: info@roxxlyn.com.<\/li><li>\u5ba2\u6237\uff1a\u4e0b\u8ba2\u5355\u7684\u4efb\u4f55\u81ea\u7136\u4eba\u6216\u6cd5\u4eba\u3002\u6d88\u8d39\u8005\u662f\u6307\u4e3a\u4e0d\u5c5e\u4e8e\u5176\u5546\u4e1a\u6216\u72ec\u7acb\u804c\u4e1a\u6d3b\u52a8\u7684\u76ee\u7684\u800c\u8fdb\u884c\u5408\u6cd5\u4ea4\u6613\u7684\u81ea\u7136\u4eba\uff08\u300a\u5fb7\u56fd\u6c11\u6cd5\u5178\u300b\u7b2c 13 \u6761\uff09\u3002<\/li><li>\"\u5b9a\u5236\"\uff1a\u6839\u636e\u5ba2\u6237\u89c4\u683c\u5355\u72ec\u5236\u9020\u6216\u8c03\u6574\u7684\u6240\u6709\u4ea7\u54c1\uff08\u4f8b\u5982\uff0c\u5b9a\u5236\u4ea7\u54c1\u3001\u989c\u8272\u504f\u597d\u3001\u4e2a\u6027\u5316\u3001\u96d5\u523b\u3001MagSafe\u3001\u526a\u88c1\uff09\u3002<\/li><\/ol><h3>1.2.\u9002\u7528\u8303\u56f4<\/h3><ol start=\"4\"><li>\u672c\u4e00\u822c\u6761\u6b3e\u548c\u6761\u4ef6\uff08GTC\uff09\u9002\u7528\u4e8e Roxxlyn Design GmbH\uff08\u4ee5\u4e0b\u7b80\u79f0 \"\u5356\u65b9\"\uff09\u4e0e\u5ba2\u6237\u4e4b\u95f4\u7684\u6240\u6709\u5408\u540c\uff0c\u5305\u62ec\u6807\u51c6\u4ea7\u54c1\u548c\u5b9a\u5236\u4ea7\u54c1\u3002\u53ea\u6709\u5728\u5356\u65b9\u660e\u786e\u4e66\u9762\u786e\u8ba4\u7684\u60c5\u51b5\u4e0b\uff0c\u5ba2\u6237\u7684\u504f\u79bb\u6761\u4ef6\u624d\u4f1a\u751f\u6548\u3002<\/li><\/ol><h2>2.\u91cf\u8eab\u5b9a\u5236 - \u64a4\u56de\u6743\u7684\u6392\u9664<\/h2><h3>2.1.\u8f66\u95f4\u5185\u7684\u6e05\u6670\u6807\u7b7e<\/h3><ol start=\"5\"><li>\u5728\u7f51\u4e0a\u5546\u5e97\u4e2d\uff0c\u53ea\u6709\u4e00\u4e2a\u7c7b\u522b \"\u5b9a\u5236\u88c1\u526a\"\u3002\u4e00\u65e6\u5ba2\u6237\u9009\u62e9\u4e86\u8be5\u7c7b\u522b\u4e2d\u7684\u4ea7\u54c1\uff0c\u5c31\u4f1a\u51fa\u73b0\u4ee5\u4e0b\u60c5\u51b5\uff1a<\/li><\/ol><h3>2.2.\u9000\u51fa\u6743\u7684\u6392\u9664<\/h3><ol start=\"6\"><li>\u6839\u636e\u300a\u6b27\u76df\u6d88\u8d39\u8005\u6743\u5229\u6307\u4ee4\u300b\uff08\u00a7 312g (3) sentence 1 no.\u6b27\u76df\u6d88\u8d39\u8005\u6743\u5229\u6307\u4ee4\u300b\uff08\u00a7 312g (3) sentence 1 no. 1 BGB\uff09\u7b2c 16 (2) b \u6761\u3002\u8fd9\u610f\u5473\u7740<\/li><li>\u4e00\u65e6\u5728\u5e97\u5185\u70b9\u51fb\u5b9a\u5236\u4ea7\u54c1\u5e76\u5b8c\u6210\u8ba2\u8d2d\u6d41\u7a0b\uff0c\u6d88\u8d39\u8005\u7684\u6cd5\u5b9a\u64a4\u56de\u6743\u5373\u5931\u6548\u3002<\/li><li>\u5728\u63d0\u4ea4\u5b9a\u5236\u4ea7\u54c1\u8ba2\u5355\u65f6\uff0c\u5ba2\u6237\u58f0\u660e\u653e\u5f03\u5728\u5356\u65b9\u5f00\u59cb\u751f\u4ea7\u540e\u64a4\u56de\u8ba2\u5355\u7684\u6743\u5229\u3002<\/li><\/ol><h3>2.3.\u660e\u786e\u901a\u77e5<\/h3><ol start=\"9\"><li>\u5728\u6240\u6709\u76f8\u5173\u4ea7\u54c1\u9875\u9762\u4e0a\uff0c\u4ee5\u53ca\u5728\u8ba2\u8d2d\u6807\u660e\u4e3a\u5b9a\u5236\u4ea7\u54c1\u7684\u8fc7\u7a0b\u4e2d\uff0c\u5c06\u663e\u793a\u4ee5\u4e0b\u901a\u77e5\uff1a<\/li><li>\"\u8bf7\u6ce8\u610f\uff1a\u672c\u4ea7\u54c1\u6839\u636e\u60a8\u7684\u8981\u6c42\u5355\u72ec\u5236\u4f5c\uff08\u5b9a\u5236\uff09\u3002\u4e00\u65e6\u5f00\u59cb\u751f\u4ea7\uff0c\u5219\u65e0\u6743\u64a4\u56de\"\u3002<\/li><\/ol><h2>3.\u62a5\u4ef7\u548c\u4ea7\u54c1\u8bf4\u660e<\/h2><ol start=\"11\"><li>1.\u7f51\u4e0a\u5546\u5e97\u4e2d\u7684\u4ea7\u54c1\u4ecb\u7ecd\u4e0d\u6784\u6210\u5177\u6709\u7ea6\u675f\u529b\u7684\u62a5\u4ef7\uff0c\u800c\u662f\u4e0d\u5177\u7ea6\u675f\u529b\u7684\u8ba2\u5355\u9080\u8bf7\u3002\u6280\u672f\u548c\u989c\u8272\u504f\u5dee\u4ee5\u53ca\u5fae\u5c0f\u7684\u5c3a\u5bf8\u504f\u5dee\u4e0d\u6784\u6210\u7f3a\u9677\u3002<\/li><li>2.\u64a4\u56de\u6743\uff08\u300a\u5fb7\u56fd\u6c11\u6cd5\u5178\u300b\u7b2c 312g \u6761\uff09\u9002\u7528\u4e8e\u4efb\u4f55\u60c5\u51b5\u4e0b\u7684\u6807\u51c6\u4ea7\u54c1\u3002\u5bf9\u4e8e \"\u5b9a\u5236 \"\u7c7b\u4ea7\u54c1\uff0c\u5219\u9002\u7528\u672c GTC \u7b2c 2 \u6761\u7684\u89c4\u5b9a\u3002<\/li><\/ol><h2>4.\u8ba2\u8d2d\u6d41\u7a0b\u548c\u5408\u540c\u7b7e\u8ba2<\/h2><ol start=\"13\"><li>1.\u5ba2\u6237\u9009\u62e9\u6240\u9700\u7684\u4ea7\u54c1\uff08\u6807\u51c6\u4ea7\u54c1\u6216\u5b9a\u5236\u4ea7\u54c1\uff09\uff0c\u70b9\u51fb \"\u653e\u5165\u8d2d\u7269\u8f66 \"\u5c06\u5176\u653e\u5165\u865a\u62df\u8d2d\u7269\u8f66\u3002<\/li><li>2.\u67e5\u770b\u8d2d\u7269\u8f66\u5185\u5bb9\u540e\uff0c\u5ba2\u6237\u70b9\u51fb \"\u7ed3\u8d26\"\uff0c\u6838\u5bf9\u6240\u6709\u5fc5\u8981\u4fe1\u606f\uff0c\u5e76\u66f4\u6b63\u4efb\u4f55\u8f93\u5165\u9519\u8bef\u3002<\/li><li>3.\u70b9\u51fb \"\u8d2d\u4e70\"\uff0c\u5ba2\u6237\u5373\u63d0\u4ea4\u4e00\u4efd\u5177\u6709\u7ea6\u675f\u529b\u7684\u62a5\u4ef7\uff0c\u4ee5\u7b7e\u8ba2\u8d2d\u4e70\u5408\u540c\u3002\u5bf9\u4e8e\u5b9a\u5236\u4ea7\u54c1\uff0c\u62a5\u4ef7\u5305\u62ec\u5ba2\u6237\u8f93\u5165\u7684\u786e\u5207\u89c4\u683c\u3002<\/li><li>4.\u5356\u65b9\u901a\u8fc7\u7535\u5b50\u90ae\u4ef6\u81ea\u52a8\u5411\u5ba2\u6237\u53d1\u9001\u6536\u8d27\u786e\u8ba4\u51fd\uff08\"\u8ba2\u5355\u786e\u8ba4\u51fd\"\uff09\u3002\u8fd9\u53ea\u662f\u786e\u8ba4\u6536\u5230\u8ba2\u5355\uff0c\u800c\u4e0d\u662f\u63a5\u53d7\u62a5\u4ef7\u3002\u53ea\u6709\u5f53\u5356\u65b9\u6ee1\u8db3\u4ee5\u4e0b\u4efb\u4e00\u6761\u4ef6\u65f6\uff0c\u5408\u540c\u624d\u544a\u6210\u7acb\uff1a<\/li><li>- \u5728\u5355\u72ec\u7684\u7535\u5b50\u90ae\u4ef6\u4e2d\u5ba3\u5e03\u63a5\u53d7\uff1b<\/li><li>- \u53d1\u9001\u8d27\u7269\uff08\u6807\u51c6\u7269\u54c1\uff09\uff1b\u6216<\/li><li>- \u5f00\u59cb\u751f\u4ea7\uff08\u5b9a\u5236\u4ea7\u54c1\uff09\uff0c\u4f46\u4e0d\u5f97\u8fdf\u4e8e\u4e24\u4e2a\u5de5\u4f5c\u65e5\u3002<\/li><li>5.\u5982\u679c\u9009\u62e9\u4e86 \"\u9884\u4ed8\u6b3e \"\u7684\u4ed8\u6b3e\u65b9\u5f0f\uff0c\u4e00\u65e6\u5356\u65b9\u5c06\u4ed8\u6b3e\u7ec6\u8282\u53d1\u9001\u7ed9\u5ba2\u6237\uff0c\u5408\u540c\u5373\u544a\u6210\u7acb\u3002\u5982\u679c\u5ba2\u6237\u5728\u6536\u5230\u50ac\u6b3e\u901a\u77e5\u540e\u5341\u4e2a\u65e5\u5386\u65e5\u5185\u4ecd\u672a\u4ed8\u6b3e\uff0c\u5356\u65b9\u53ef\u89e3\u9664\u5408\u540c\uff1b\u8ba2\u5355\u968f\u5373\u53d6\u6d88\u3002\u5bf9\u4e8e\u9884\u4ed8\u6b3e\u8ba2\u5355\uff0c\u5546\u54c1\u5c06\u88ab\u4fdd\u7559\u6700\u591a\u5341\u5929\uff0c\u5982\u679c\u6ca1\u6709\u6536\u5230\u4ed8\u6b3e\uff0c\u5546\u54c1\u5c06\u81ea\u52a8\u653e\u884c\u3002<\/li><\/ol><h2>5.\u4ef7\u683c\u548c\u8fd0\u8d39<\/h2><ol start=\"21\"><li>1.\u5fb7\u56fd\u548c\u6b27\u76df\u56fd\u5bb6\u5ba2\u6237\u5728\u7f51\u5e97\u4e0a\u7684\u6240\u6709\u4ef7\u683c\u5747\u5305\u542b\u6cd5\u5b9a\u589e\u503c\u7a0e\u3002\u5bf9\u4e8e\u6b27\u76df\u4ee5\u5916\u7684\u5ba2\u6237\uff0c\u4ef7\u683c\u4e0d\u542b\u589e\u503c\u7a0e\uff1b\u4efb\u4f55\u8fdb\u53e3\u5173\u7a0e\u3001\u5173\u7a0e\u6216\u5176\u4ed6\u8d39\u7528\u5747\u7531\u5ba2\u6237\u627f\u62c5\u3002<\/li><li>2.\u9664\u6807\u660e\u7684\u4ea7\u54c1\u4ef7\u683c\u5916\uff0c\u5ba2\u6237\u8fd8\u5e94\u627f\u62c5\u8fd0\u8d39\u3002\u786e\u5207\u7684\u8fd0\u8d39\u5217\u5728\u5355\u72ec\u7684\u9875\u9762\u4e0a\uff08\u8fd0\u8d39\u6982\u89c8\uff09\uff0c\u5e76\u5728\u8ba2\u8d2d\u8fc7\u7a0b\u4e2d\u660e\u786e\u8bf4\u660e\u3002<\/li><li>3.\u5bf9\u4e8e\u5b9a\u5236\u4ea7\u54c1\uff0c\u5356\u65b9\u53ef\u80fd\u8981\u6c42\u5728\u5f00\u59cb\u751f\u4ea7\u524d\u652f\u4ed8\u603b\u4ef7\u7684 50% \u4ee5\u4e0b\u7684\u5b9a\u91d1\u3002\u5176\u4f59\u6b3e\u9879\u5728\u751f\u4ea7\u5f00\u59cb\u540e\u652f\u4ed8\u3002<\/li><\/ol><h2>6.\u4ea4\u4ed8\u548c\u53ef\u7528\u6027<\/h2><ol start=\"24\"><li>1.\u6807\u51c6\u7269\u54c1\uff1a\u5982\u679c\u5546\u54c1\u6709\u5e93\u5b58\uff0c\u5e73\u5747\u4ea4\u8d27\u65f6\u95f4\u4e3a 1-4 \u4e2a\u5de5\u4f5c\u65e5\u3002\u5982\u679c\u5546\u54c1\u65e0\u5e93\u5b58\uff0c\u5219\u4f1a\u5728\u5546\u54c1\u9875\u9762\u4e0a\u901a\u77e5\u5ba2\u6237\u3002\u5982\u679c\u5ef6\u8fdf\u4ea4\u8d27\u8d85\u8fc7 14 \u5929\uff0c\u5ba2\u6237\u53ef\u64a4\u9500\u5408\u540c\u3002<\/li><li>2.\u5b9a\u5236\u4ea7\u54c1\uff1a\u751f\u4ea7\u65f6\u95f4\u4e00\u822c\u4e3a 2-6 \u5468\uff0c\u5177\u4f53\u53d6\u51b3\u4e8e\u5b9a\u5236\u7684\u7a0b\u5ea6\uff08\u53c2\u89c1\u76f8\u5173\u4ea7\u54c1\u9875\u9762\uff09\u3002\u5356\u65b9\u4f1a\u901a\u77e5\u5ba2\u6237\u9884\u8ba1\u4ea4\u8d27\u65e5\u671f\u3002<\/li><li>3.\u5982\u679c\u5b9a\u5236\u4ea7\u54c1\u7684\u4ea4\u4ed8\u65f6\u95f4\u6bd4\u9884\u8ba1\u4ea4\u4ed8\u65f6\u95f4\u63a8\u8fdf 14 \u5929\u4ee5\u4e0a\uff08\u524d\u63d0\u662f\u5ba2\u6237\u5bf9\u63a8\u8fdf\u4ea4\u4ed8\u4e0d\u627f\u62c5\u8d23\u4efb\uff09\uff0c\u5ba2\u6237\u53ef\u4ee5\u64a4\u9500\u5408\u540c\u3002\u5df2\u4ed8\u6b3e\u9879\u5c06\u7acb\u5373\u9000\u8fd8\u3002<\/li><\/ol><h2>7.\u4ed8\u6b3e\u6761\u6b3e<\/h2><ol start=\"27\"><li>1.\u5ba2\u6237\u5728\u8ba2\u8d2d\u8fc7\u7a0b\u4e2d\u53ef\u9009\u62e9\u9884\u4ed8\u6b3e\u3001\u8d1d\u5b9d\uff08PayPal\uff09\u3001\u4fe1\u7528\u5361\u6216\u8d4a\u8d2d\uff08\u5982\u6709\uff09\u7b49\u4ed8\u6b3e\u65b9\u5f0f\u3002<\/li><li>2.\u5b9a\u5236\u4ea7\u54c1\uff1a\u5168\u989d\u4ed8\u6b3e\uff08\u6216\u7ea6\u5b9a\u5b9a\u91d1\uff09\u5e94\u5728\u5408\u540c\u7b7e\u8ba2\u540e\u7acb\u5373\u652f\u4ed8\u3002\u53ea\u6709\u5728\u5356\u65b9\u786e\u8ba4\u6536\u5230\u4ed8\u6b3e\u540e\u624d\u5f00\u59cb\u751f\u4ea7\u3002<\/li><li>3.\u5982\u679c\u5ba2\u6237\u672a\u6309\u65f6\u4ed8\u6b3e\uff0c\u5356\u65b9\u6709\u6743\u6682\u505c\u751f\u4ea7\u6216\u4ea4\u8d27\u6216\u64a4\u9500\u5408\u540c\u3002\u5728\u8fd9\u79cd\u60c5\u51b5\u4e0b\uff0c\u4efb\u4f55\u5df2\u4ed8\u8ba2\u91d1\u5c06\u88ab\u6ca1\u6536\uff0c\u4f5c\u4e3a\u884c\u653f\u548c\u751f\u4ea7\u6210\u672c\u7684\u8865\u507f\u3002<\/li><li>4.\u5ba2\u6237\u53ea\u80fd\u4ee5\u65e0\u4e89\u8bae\u6216\u5408\u6cd5\u6210\u7acb\u7684\u53cd\u7d22\u8d54\u8fdb\u884c\u62b5\u6d88\uff0c\u5e76\u4e14\u53ea\u80fd\u5728\u5176\u7d22\u8d54\u662f\u7531\u540c\u4e00\u5408\u540c\u5173\u7cfb\u5f15\u8d77\u7684\u60c5\u51b5\u4e0b\u884c\u4f7f\u4fdd\u7559\u6743\u3002<\/li><\/ol><h2>8.\u4fdd\u7559\u6240\u6709\u6743<\/h2><ol start=\"31\"><li>\u5728\u5168\u989d\u4ed8\u6b3e\u4e4b\u524d\uff0c\u4ea4\u4ed8\u7684\u8d27\u7269\uff08\u5305\u62ec\u5b9a\u5236\u751f\u4ea7\u8ba2\u5355\u4ea7\u751f\u7684\u6240\u6709\u7d22\u8d54\uff09\u4ecd\u4e3a\u5356\u65b9\u7684\u8d22\u4ea7\u3002<\/li><\/ol><h2>9.\u4fdd\u4fee\u548c\u62c5\u4fdd<\/h2><ol start=\"32\"><li>1.\u6807\u51c6\u7269\u54c1\uff1a\u5356\u65b9\u5bf9\u6750\u6599\u7f3a\u9677\u63d0\u4f9b 12 \u4e2a\u6708\u7684\u81ea\u613f\u4fdd\u4fee\u671f\u3002\u6b64\u5916\uff0c\u8fd8\u5b58\u5728\u6cd5\u5b9a\u4fdd\u4fee\u8981\u6c42\u3002<\/li><li>2.\u5b9a\u5236\u4ea7\u54c1\uff1a\u7531\u4e8e\u4ea7\u54c1\u7684\u72ec\u7279\u6027\uff0c\u5356\u65b9\u53ea\u5bf9\u751f\u4ea7\u548c\u6750\u6599\u7f3a\u9677\u63d0\u4f9b 6 \u4e2a\u6708\u7684\u7f29\u77ed\u4fdd\u4fee\u671f\u3002\u56e0\u5ba2\u6237\u4f7f\u7528\u4e0d\u5f53\u6216\u540e\u7eed\u4fee\u6539\u9020\u6210\u7684\u635f\u574f\u4e0d\u5728\u4fdd\u4fee\u8303\u56f4\u5185\u3002<\/li><li>3.\u53ea\u6709\u5728\u5356\u65b9\u4ee5\u4e66\u9762\u5f62\u5f0f\u660e\u786e\u8868\u793a\u540c\u610f\u7684\u60c5\u51b5\u4e0b\uff0c\u65b9\u53ef\u63d0\u4f9b\u8fdb\u4e00\u6b65\u62c5\u4fdd\u3002<\/li><\/ol><h2>10.\u8d23\u4efb<\/h2><ol start=\"35\"><li>1.\u5356\u65b9\u5bf9\u6545\u610f\u548c\u91cd\u5927\u8fc7\u5931\u7684\u8d23\u4efb\u4e0d\u53d7\u9650\u5236\u3002<\/li><li>2.\u5bf9\u4e8e\u8f7b\u5fae\u8fc7\u5931\uff0c\u5356\u65b9\u4ec5\u5bf9\u8fdd\u53cd\u57fa\u672c\u5408\u540c\u4e49\u52a1\uff08\u4e3b\u8981\u4e49\u52a1\uff09\u627f\u62c5\u8d23\u4efb\uff0c\u4f46\u4ee5\u5178\u578b\u7684\u3001\u53ef\u9884\u89c1\u7684\u635f\u5bb3\u4e3a\u9650\u3002\u57fa\u672c\u4e49\u52a1\u6307\u7684\u662f\uff0c\u5c65\u884c\u8fd9\u4e9b\u4e49\u52a1\u9996\u5148\u80fd\u591f\u4f7f\u5408\u540c\u5f97\u4ee5\u6b63\u5e38\u6267\u884c\uff0c\u5e76\u4e14\u5ba2\u6237\u7ecf\u5e38\u4f9d\u8d56\u8fd9\u4e9b\u4e49\u52a1\u3002<\/li><li>3.\u4e0a\u8ff0\u8d23\u4efb\u9650\u5236\u4e0d\u9002\u7528\u4e8e\u4ee5\u4e0b\u8d23\u4efb<\/li><li>- \u56e0\u751f\u547d\u3001\u8eab\u4f53\u6216\u5065\u5eb7\u53d7\u5230\u4f24\u5bb3\u800c\u9020\u6210\u7684\u635f\u5931\uff1b<\/li><li>- \u627f\u62c5\u4ea7\u54c1\u8d28\u91cf\u62c5\u4fdd\u6216\u4fdd\u8bc1\uff1b\u6216<\/li><li>- \u6b3a\u8bc8\u6027\u9690\u7792\u7f3a\u9677\u3002<\/li><li>4.\u4ea7\u54c1\u8d23\u4efb\u6cd5\u300b\u89c4\u5b9a\u7684\u8d23\u4efb\u4e0d\u53d7\u5f71\u54cd\u3002<\/li><li>5.\u5982\u679c\u5356\u65b9\u7684\u8d23\u4efb\u88ab\u6392\u9664\u6216\u9650\u5236\uff0c\u8fd9\u4e5f\u540c\u6837\u9002\u7528\u4e8e\u5176\u96c7\u5458\u3001\u4ee3\u8868\u548c\u4ee3\u7406\u7684\u4e2a\u4eba\u8d23\u4efb\u3002<\/li><\/ol><h2>11.\u64a4\u9500\u6743\uff08\u4ec5\u9650\u6d88\u8d39\u8005\uff09<\/h2><ol start=\"43\"><li>1.\u6807\u51c6\u4ef6\u7684\u64a4\u56de\u6743\uff1a\u6d88\u8d39\u8005\u6709\u6743\u5728 14 \u5929\u5185\u64a4\u56de\u4ea4\u4ed8\u6807\u51c6\u7269\u54c1\u7684\u5408\u540c\uff0c\u65e0\u9700\u8bf4\u660e\u4efb\u4f55\u7406\u7531\uff08\u300a\u5fb7\u56fd\u6c11\u6cd5\u5178\u300b\u7b2c 312g \u6761\u4ee5\u53ca\u300a\u6b27\u76df\u6d88\u8d39\u8005\u6743\u5229\u6307\u4ee4\u300b\u7b2c 16 (2) b \u6761\uff09\u300216 (2) lit. b \u6b27\u76df\u6d88\u8d39\u8005\u6743\u5229\u6307\u4ee4\uff09\u3002\u64a4\u56de\u671f\u9650\u4ece\u6d88\u8d39\u8005\u6536\u5230\u8d27\u7269\u4e4b\u65e5\u7b97\u8d77\u3002<\/li><li>2.\u5b9a\u5236\u4ea7\u54c1\u9664\u5916\uff1a\u5bf9\u4e8e \"\u5b9a\u5236\u526a\u88c1 \"\u7c7b\u522b\u4e2d\u7684\u6240\u6709\u4ea7\u54c1\uff0c\u5ba2\u6237\u65e0\u6743\u64a4\u56de\u8ba2\u5355\uff08\u300a\u5fb7\u56fd\u6c11\u6cd5\u5178\u300b\u7b2c 312g (3) \u6761\u7b2c 1 \u6b3e\u7b2c 1 \u53e5\uff09\u3002\u4e00\u65e6\u5f00\u59cb\u751f\u4ea7\uff0c\u8ba2\u5355\u5373\u4e0d\u53ef\u64a4\u9500\u3002<\/li><li>\u91cd\u8981\uff1a\u5bf9\u4e8e\u4e2a\u6027\u5316\u4ea7\u54c1\uff0c\u4e00\u65e6\u5f00\u59cb\u751f\u4ea7\uff0c\u64a4\u56de\u6743\u5373\u7ec8\u6b62\u3002\u8bf7\u5728\u63d0\u4ea4\u8ba2\u5355\u524d\u4ed4\u7ec6\u6838\u5bf9\u60a8\u7684\u8be6\u7ec6\u4fe1\u606f\u3002<\/li><li>3.\u6807\u51c6\u7269\u54c1\u7684\u64a4\u56de\u8bf4\u660e\uff1a\u4e3a\u884c\u4f7f\u60a8\u7684\u64a4\u56de\u6743\uff0c\u60a8\u5fc5\u987b\u901a\u8fc7\u660e\u786e\u58f0\u660e\uff08\u5982\u4fe1\u51fd\u3001\u4f20\u771f\u6216\u7535\u5b50\u90ae\u4ef6\uff09\u7684\u65b9\u5f0f\u901a\u77e5 Roxxlyn Design GmbH, Len\u00dfenstra\u00dfe 35, 41239 M\u00f6nchengladbach, Germany, E-Mail: info@roxxlyn.com, Tel\uff1a\u7535\u8bdd\uff1a+49 (0)30 20169208\uff0c\u901a\u8fc7\u660e\u786e\u58f0\u660e\uff08\u4f8b\u5982\u4fe1\u4ef6\u3001\u4f20\u771f\u6216\u7535\u5b50\u90ae\u4ef6\uff09\u544a\u77e5\u60a8\u64a4\u9500\u5408\u540c\u7684\u51b3\u5b9a\u3002<\/li><li>4.\u9000\u8ba2\u7684\u540e\u679c\uff08\u6807\u51c6\u4ea7\u54c1\uff09\uff1a\u6211\u4eec\u5c06\u5728\u6536\u5230\u60a8\u7684\u9000\u8ba2\u901a\u77e5\u540e 14 \u5929\u5185\u9000\u8fd8\u4ece\u60a8\u5904\u6536\u5230\u7684\u6240\u6709\u6b3e\u9879\uff0c\u5305\u62ec\u9001\u8d27\u8d39\u7528\uff08\u4e0d\u5305\u62ec\u56e0\u60a8\u9009\u62e9\u6807\u51c6\u9001\u8d27\u65b9\u5f0f\u4ee5\u5916\u7684\u9001\u8d27\u65b9\u5f0f\u800c\u4ea7\u751f\u7684\u4efb\u4f55\u989d\u5916\u8d39\u7528\uff09\u3002\u9664\u975e\u53e6\u6709\u7ea6\u5b9a\uff0c\u9000\u6b3e\u5c06\u4f7f\u7528\u539f\u59cb\u4ea4\u6613\u4e2d\u4f7f\u7528\u7684\u76f8\u540c\u652f\u4ed8\u65b9\u5f0f\u3002\u4e0d\u6536\u53d6\u4efb\u4f55\u8d39\u7528\u3002\u6211\u4eec\u53ef\u80fd\u4f1a\u6263\u7559\u9000\u6b3e\uff0c\u76f4\u5230\u6211\u4eec\u6536\u5230\u8d27\u7269\u6216\u60a8\u63d0\u4f9b\u8bc1\u636e\u8bc1\u660e\u5df2\u5bc4\u56de\u8d27\u7269\uff08\u4ee5\u8f83\u65e9\u8005\u4e3a\u51c6\uff09\u3002\u60a8\u5fc5\u987b\u5728\u4e0d\u65e0\u6545\u62d6\u5ef6\u7684\u60c5\u51b5\u4e0b\u9000\u8fd8\u8d27\u7269\uff0c\u9000\u8fd8\u65f6\u95f4\u4e0d\u5f97\u8fdf\u4e8e\u60a8\u901a\u77e5\u6211\u4eec\u9000\u8ba2\u4e4b\u65e5\u8d77 14 \u5929\u3002\u5982\u679c\u60a8\u5728 14 \u5929\u671f\u9650\u5c4a\u6ee1\u524d\u5bc4\u51fa\u8d27\u7269\uff0c\u5219\u7b26\u5408\u6700\u540e\u671f\u9650\u8981\u6c42\u3002\u9000\u8d27\u7684\u76f4\u63a5\u8d39\u7528\u7531\u60a8\u627f\u62c5\u3002\u5982\u679c\u7531\u4e8e\u8d85\u51fa\u786e\u5b9a\u8d27\u7269\u6027\u8d28\u3001\u7279\u5f81\u548c\u529f\u80fd\u6240\u5fc5\u9700\u7684\u5904\u7406\u800c\u5bfc\u81f4\u8d27\u7269\u4ef7\u503c\u964d\u4f4e\uff0c\u5219\u8d35\u65b9\u5fc5\u987b\u5411\u6211\u65b9\u8d54\u507f\u964d\u4f4e\u7684\u4ef7\u503c\u3002<\/li><\/ol><h2>12. \u9000\u8d27<\/h2><ol start=\"48\"><li>1.\u65e0\u8bba\u64a4\u56de\u4e0e\u5426\uff0c\u5ba2\u6237\u90fd\u5e94\u5728\u9000\u8d27\u524d\u901a\u8fc7\u7535\u5b50\u90ae\u4ef6\u5411 support@roxxlyn.com \u7533\u8bf7\u9000\u8d27\u6388\u6743\uff08\"\u9000\u8d27\u6388\u6743\"\uff09\u3002\u8fd9\u6837\u53ef\u786e\u4fdd\u53ca\u65f6\u5904\u7406\u3002<\/li><li>2.\u9000\u8d27\u5fc5\u987b\u4ee5\u53ef\u8ffd\u8e2a\u3001\u6709\u4fdd\u9669\u7684\u65b9\u5f0f\u8fd0\u9001\uff1bRoxxlyn \u7684\u5546\u4e1a\u53d1\u7968\u5fc5\u987b\u6e05\u695a\u5730\u663e\u793a\u5728\u5305\u88f9\u5916\u90e8\u3002\u6765\u81ea\u975e\u6b27\u76df\u56fd\u5bb6\u7684\u8d27\u7269\uff1a\u5728\u5546\u4e1a\u53d1\u7968\u4e0a\u6ce8\u660e \"\u9000\u56de\u53d1\u4ef6\u4eba\"\uff0c\u4ee5\u786e\u4fdd\u987a\u5229\u901a\u5173\u3002\u5982\u679c\u6ca1\u6709\u539f\u59cb\u53d1\u7968\uff0c\u8bf7\u8054\u7cfb support@roxxlyn.com\u3002\u9519\u8bef\u6216\u4e0d\u5b8c\u6574\u9000\u8d27\u7684\u8d39\u7528\u7531\u5ba2\u6237\u627f\u62c5\u3002<\/li><li>3.\u9000\u8d27\uff08\u5305\u62ec\u6240\u6709\u9644\u4ef6\uff09\u5fc5\u987b\u59a5\u5584\u5305\u88c5\u3002\u5982\u679c\u6ca1\u6709\u539f\u5305\u88c5\uff0c\u8bf7\u4f7f\u7528\u5408\u9002\u7684\u66ff\u4ee3\u5305\u88c5\uff0c\u4ee5\u9632\u6b62\u5728\u8fd0\u8f93\u8fc7\u7a0b\u4e2d\u635f\u574f\u3002<\/li><li>4.\u5b9a\u5236\u4ea7\u54c1\u4e00\u65e6\u5f00\u59cb\u751f\u4ea7\uff0c\u5c31\u4e0d\u80fd\u9000\u8d27\u3002<\/li><\/ol><h2>13.\u5408\u540c\u6587\u672c\u7684\u5b58\u50a8<\/h2><ol start=\"52\"><li>1.\u5356\u65b9\u4fdd\u5b58\u5b8c\u6574\u7684\u5408\u540c\u6587\u672c\u3002\u8fd9\u4e9b GTC \u53ef\u5728\u7ebf\u83b7\u53d6\uff0c\u5e76\u53ef\u5728\u4e0b\u8ba2\u5355\u524d\u4f7f\u7528\u6d4f\u89c8\u5668\u7684\u6253\u5370\u529f\u80fd\u8fdb\u884c\u6253\u5370\u3002<\/li><li>2.\u5408\u540c\u7b7e\u8ba2\u540e\uff0c\u5356\u65b9\u901a\u8fc7\u7535\u5b50\u90ae\u4ef6\u5411\u5ba2\u6237\u53d1\u9001\u8ba2\u5355\u786e\u8ba4\u51fd\uff0c\u5176\u4e2d\u5305\u62ec\u57fa\u672c\u5408\u540c\u6570\u636e\u548c\u672c GTC\u3002<\/li><\/ol><h2>14.\u6570\u636e\u4fdd\u62a4<\/h2><ol start=\"54\"><li>1.Roxxlyn Design GmbH \u4ec5\u51fa\u4e8e\u7279\u5b9a\u3001\u660e\u786e\u548c\u5408\u6cd5\u7684\u76ee\u7684\uff0c\u5e76\u6839\u636e\u9002\u7528\u7684\u6570\u636e\u4fdd\u62a4\u6cd5\uff08\u5c24\u5176\u662f GDPR\uff09\u5904\u7406\u4e2a\u4eba\u6570\u636e\u3002<\/li><li>2.\u8ba2\u8d2d\u65f6\u6536\u96c6\u7684\u4e2a\u4eba\u6570\u636e\uff08\u5982\u59d3\u540d\u3001\u7535\u5b50\u90ae\u4ef6\u3001\u9001\u8d27\u5730\u5740\u3001\u4ed8\u6b3e\u6570\u636e\uff09\u4ec5\u7528\u4e8e\u5c65\u884c\u5408\u540c\u3002\u53ea\u6709\u5728\u8fd0\u8f93\u6216\u4ed8\u6b3e\u5904\u7406\u7684\u5fc5\u8981\u8303\u56f4\u5185\uff0c\u624d\u4f1a\u4e0e\u7b2c\u4e09\u65b9\u5171\u4eab\u6570\u636e\u3002<\/li><li>3.\u5ba2\u6237\u6709\u6743\u8bbf\u95ee\u3001\u66f4\u6b63\u3001\u963b\u6b62\u6216\u5220\u9664\u5176\u5b58\u50a8\u7684\u4e2a\u4eba\u6570\u636e\uff0c\u4f46\u987b\u9075\u5b88\u6cd5\u5b9a\u4fdd\u7559\u4e49\u52a1\u3002<\/li><li>4.\u6709\u5173\u6570\u636e\u6536\u96c6\u3001\u5904\u7406\u548c\u4f7f\u7528\u7684\u6027\u8d28\u3001\u8303\u56f4\u3001\u5730\u70b9\u548c\u76ee\u7684\u7684\u8be6\u7ec6\u4fe1\u606f\uff0c\u8bf7\u53c2\u9605\u6211\u4eec\u7684\u9690\u79c1\u653f\u7b56\uff1a <a href=\"https:\/\/roxxlyn.com\/zh\/privacy-policy\/\">https:\/\/roxxlyn.com\/privacy-policy\/<\/a><\/li><\/ol><h2>15.\u7ba1\u8f96\u6743\u3001\u9002\u7528\u6cd5\u5f8b\u3001\u5408\u540c\u8bed\u8a00<\/h2><ol start=\"58\"><li>1.\u5982\u679c\u5ba2\u6237\u662f\u5546\u4eba\u3001\u516c\u6cd5\u6cd5\u4eba\u6216\u516c\u6cd5\u7279\u522b\u57fa\u91d1\uff0c\u5219\u672c\u5408\u540c\u5f15\u8d77\u7684\u6240\u6709\u4e89\u8bae\u7684\u4e13\u5c5e\u7ba1\u8f96\u5730\u4e3a\u5fb7\u56fd\u95e8\u5174\u683c\u62c9\u5fb7\u5df4\u8d6b\u3002<\/li><li>2.\u5fb7\u56fd\u6cd5\u5f8b\u4e0d\u5305\u62ec\u300a\u8054\u5408\u56fd\u56fd\u9645\u8d27\u7269\u9500\u552e\u5408\u540c\u516c\u7ea6\u300b\uff08CISG\uff09\uff0c\u9664\u975e\u5ba2\u6237\u6240\u5728\u56fd\u7684\u5f3a\u5236\u6027\u6d88\u8d39\u8005\u4fdd\u62a4\u6cd5\u5f8b\u4f18\u5148\u3002<\/li><li>3.\u5408\u540c\u8bed\u8a00\u4e3a\u5fb7\u8bed\u3002<\/li><\/ol><h2>16.\u53ef\u5206\u5272\u6027\u6761\u6b3e<\/h2><ol start=\"61\"><li>\u5982\u679c\u672c GTC \u7684\u4efb\u4f55\u6761\u6b3e\u5168\u90e8\u6216\u90e8\u5206\u65e0\u6548\uff0c\u5176\u4f59\u6761\u6b3e\u7684\u6709\u6548\u6027\u4e0d\u53d7\u5f71\u54cd\u3002\u65e0\u6548\u6761\u6b3e\u5e94\u7531\u6700\u80fd\u53cd\u6620\u65e0\u6548\u6761\u6b3e\u7ecf\u6d4e\u610f\u56fe\u7684\u6761\u6b3e\u53d6\u4ee3\u3002<\/li><\/ol><h2>17.\u6280\u672f\u5408\u4f5c\u603b\u534f\u5b9a\u300b\u7684\u4fee\u8ba2<\/h2><ol start=\"62\"><li>\u5356\u65b9\u4fdd\u7559\u968f\u65f6\u4fee\u8ba2\u672c GTC \u7684\u6743\u5229\u3002\u4fee\u6539\u5185\u5bb9\u5c06\u5728\u7f51\u7ad9\u4e0a\u516c\u5e03\u3002\u5bf9\u4e8e\u73b0\u6709\u5408\u540c\uff0c\u9002\u7528\u7b7e\u8ba2\u5408\u540c\u65f6\u6709\u6548\u7684 GTC\uff0c\u9664\u975e\u5f3a\u5236\u6027\u6cd5\u5f8b\u89c4\u5b9a\u8981\u6c42\u8fdb\u884c\u66f4\u6539\u3002<\/li><\/ol><h2>18.\u5ba2\u6237\u670d\u52a1\u548c\u6295\u8bc9\u7ba1\u7406<\/h2><ol start=\"63\"><li>\u5982\u6709\u95ee\u9898\u6216\u6295\u8bc9\uff0c\u8bf7\u81f4\u7535 +49 (0)30 20169208 \u6216\u53d1\u9001\u7535\u5b50\u90ae\u4ef6\u81f3 info@roxxlyn.com\uff0c\u6211\u4eec\u7684\u5ba2\u6237\u670d\u52a1\u65f6\u95f4\u4e3a\u6b27\u6d32\u4e2d\u90e8\u65f6\u95f4\u5de5\u4f5c\u65e5\u7684 10:00 \u81f3 17:00\u3002<\/li><\/ol><h2>19.\u6d88\u8d39\u8005\u4e89\u8bae\u89e3\u51b3\/\u5728\u7ebf\u4e89\u8bae\u89e3\u51b3<\/h2><ol start=\"64\"><li>\u6b27\u76df\u59d4\u5458\u4f1a\u63d0\u4f9b\u4e86\u4e00\u4e2a\u5728\u7ebf\u4e89\u8bae\u89e3\u51b3 (ODR) \u5e73\u53f0\uff1ahttps:\/\/ec.europa.eu\/consumers\/odr\u3002\u6d88\u8d39\u8005\u53ef\u4ee5\u9009\u62e9\u4f7f\u7528\u8be5\u5e73\u53f0\u89e3\u51b3\u4e89\u8bae\u3002<\/li><\/ol><h2>\u9644\u4ef6\uff1a\u9000\u51fa\u8868\u683c\u8303\u672c<\/h2><p>\u5408\u540c\u64a4\u9500\u8868\uff08\u4ec5\u5728\u60a8\u5e0c\u671b\u64a4\u9500\u5408\u540c\u65f6\u586b\u5199\u5e76\u4ea4\u56de\u6b64\u8868\uff09<\/p><p>- \u81f4<\/p><p>Roxxlyn \u8bbe\u8ba1\u6709\u9650\u516c\u53f8<\/p><p>Len\u00dfenstra\u00dfe 35<\/p><p>41239 \u95e8\u5174\u683c\u62c9\u5fb7\u5df4\u8d6b<\/p><p>\u5fb7\u56fd<\/p><p>\u7535\u5b50\u90ae\u7bb1\uff1ainfo@roxxlyn.com<\/p><p>- \u6211\/\u6211\u4eec*\u7279\u6b64\u901a\u77e5\uff0c\u6211\/\u6211\u4eec*\u64a4\u56de\u6211\/\u6211\u4eec*\u5173\u4e8e\u4e0b\u5217\u8d27\u7269*\/\u63d0\u4f9b\u4e0b\u5217\u670d\u52a1*\u7684\u9500\u552e\u5408\u540c<\/p><p>\u8ba2\u8d2d\u53f7___________________________<\/p><p>\u8ba2\u8d2d\/\u8d2d\u4e70\u65e5\u671f\uff1a___________________<\/p><p>- \u6d88\u8d39\u8005\u59d3\u540d<\/p><p>__________________________________________<\/p><p>- \u6d88\u8d39\u8005\u5730\u5740<\/p><p>__________________________________________<\/p><p>- \u6d88\u8d39\u8005\u7b7e\u540d\uff08\u4ec5\u9002\u7528\u4e8e\u7eb8\u8d28\u901a\u77e5\u8868\u683c<\/p><p>__________________________________________<\/p><p>- \u65e5\u671f<\/p><p>__________________________________________<\/p><p>* \u914c\u60c5\u5220\u9664\u3002<\/p>\t\t\t\t\t\t\t\t<\/div>\n\t\t\t\t<\/div>\n\t\t\t\t\t<\/div>\n\t\t<\/div>\n\t\t\t\t\t<\/div>\n\t\t<\/section>\n\t\t\t\t<\/div>","protected":false},"excerpt":{"rendered":"<p>\u4e00\u822c\u6761\u6b3e\u548c\u6761\u4ef6\uff08GTC\uff09 Roxxlyn Design GmbHEffective as of\uff1a2025 \u5e74 6 \u6708 13 \u65e5 (V012025) 1.\u5b9a\u4e49\u548c\u9002\u7528\u8303\u56f4 1.1.\u5b9a\u4e49 \u5356\u65b9Roxxlyn Design GmbH, Len\u00dfenstra\u00dfe 35, 41239 M\u00f6nchengladbach,...<\/p>","protected":false},"author":2904,"featured_media":0,"parent":0,"menu_order":0,"comment_status":"closed","ping_status":"closed","template":"","meta":{"inline_featured_image":false,"footnotes":""},"class_list":["post-29","page","type-page","status-publish","hentry"],"_links":{"self":[{"href":"https:\/\/roxxlyn.com\/zh\/wp-json\/wp\/v2\/pages\/29","targetHints":{"allow":["GET"]}}],"collection":[{"href":"https:\/\/roxxlyn.com\/zh\/wp-json\/wp\/v2\/pages"}],"about":[{"href":"https:\/\/roxxlyn.com\/zh\/wp-json\/wp\/v2\/types\/page"}],"author":[{"embeddable":true,"href":"https:\/\/roxxlyn.com\/zh\/wp-json\/wp\/v2\/users\/2904"}],"replies":[{"embeddable":true,"href":"https:\/\/roxxlyn.com\/zh\/wp-json\/wp\/v2\/comments?post=29"}],"version-history":[{"count":0,"href":"https:\/\/roxxlyn.com\/zh\/wp-json\/wp\/v2\/pages\/29\/revisions"}],"wp:attachment":[{"href":"https:\/\/roxxlyn.com\/zh\/wp-json\/wp\/v2\/media?parent=29"}],"curies":[{"name":"wp","href":"https:\/\/api.w.org\/{rel}","templated":true}]}}