{"id":9610,"date":"2024-03-13T16:26:46","date_gmt":"2024-03-13T16:26:46","guid":{"rendered":"https:\/\/roxxlyn.com\/?post_type=product&#038;p=9610"},"modified":"2025-08-30T18:00:13","modified_gmt":"2025-08-30T18:00:13","slug":"marble-watch-nero-marquina-gold-metal","status":"publish","type":"product","link":"https:\/\/roxxlyn.com\/tr\/shop\/marble-watch-nero-marquina-gold-metal\/","title":{"rendered":"Mermer Saat - Nero Marquina - ALTIN Metal"},"content":{"rendered":"","protected":false},"excerpt":{"rendered":"<p>E\u015fsiz bir zarafet ve dayan\u0131kl\u0131l\u0131k \u015faheseri olan The Marble Watch ile aksesuar oyununuzu y\u00fckseltin. Almanya'da el i\u015f\u00e7ili\u011fiyle \u00fcretilen bu saat, \u00fcnl\u00fc Nero Marquina ta\u015f\u0131ndan elde edilen otantik siyah mermer kadran\u0131yla her saatin t\u00fcr\u00fcn\u00fcn tek \u00f6rne\u011fi olmas\u0131n\u0131 sa\u011flar. Do\u011fal damar desenleri iki saatin birbirine benzememesini garanti eder.<\/p>\n<p>Bu saat sadece g\u00f6r\u00fcn\u00fcmden ibaret de\u011fildir; uzun \u00f6m\u00fcrl\u00fc olacak \u015fekilde \u00fcretilmi\u015ftir. Dayan\u0131kl\u0131 paslanmaz \u00e7elikle kaplanm\u0131\u015f ve Safir Cam ile korunan bu saat, darbelere ve g\u00fcnl\u00fck hayat\u0131n zorluklar\u0131na kar\u015f\u0131 benzersiz bir diren\u00e7 sunar. \u015eok emicilerle geli\u015ftirilmi\u015f 762 \u0130svi\u00e7re Ronda mekanizmas\u0131n\u0131n hassasiyeti, her macerada g\u00fcvenilirlik sa\u011flar.<\/p>\n<p>\u00c7ok y\u00f6nl\u00fcl\u00fck ve stil i\u00e7in tasarlanan The Marble Watch sadece 90 gram a\u011f\u0131rl\u0131\u011f\u0131nda olup 40 mm \u00e7ap\u0131nda ve 8 mm kal\u0131nl\u0131\u011f\u0131ndad\u0131r. Minimalist tasar\u0131m\u0131, resmi etkinliklerden g\u00fcndelik gezilere kadar her ortam i\u00e7in m\u00fckemmeldir.<\/p>\n<p>Kendine \u00f6zg\u00fc stil ve sa\u011flam i\u015flevselli\u011fin e\u015fsiz bir kar\u0131\u015f\u0131m\u0131 i\u00e7in The Stone Watch'u tercih edin. E\u015fsiz par\u00e7an\u0131z\u0131 bug\u00fcn al\u0131n ve stil oyununuzu h\u0131zland\u0131r\u0131n.<\/p>","protected":false},"featured_media":9611,"template":"","meta":{"inline_featured_image":false},"product_brand":[],"product_cat":[155,127],"product_tag":[],"class_list":{"0":"post-9610","1":"product","2":"type-product","3":"status-publish","4":"has-post-thumbnail","6":"product_cat-marble-watch","7":"product_cat-watch","9":"first","10":"instock","11":"taxable","12":"shipping-taxable","13":"purchasable","14":"product-type-simple"},"exclude_global_add_ons":[],"addons":[],"_links":{"self":[{"href":"https:\/\/roxxlyn.com\/tr\/wp-json\/wp\/v2\/product\/9610","targetHints":{"allow":["GET"]}}],"collection":[{"href":"https:\/\/roxxlyn.com\/tr\/wp-json\/wp\/v2\/product"}],"about":[{"href":"https:\/\/roxxlyn.com\/tr\/wp-json\/wp\/v2\/types\/product"}],"version-history":[{"count":0,"href":"https:\/\/roxxlyn.com\/tr\/wp-json\/wp\/v2\/product\/9610\/revisions"}],"wp:featuredmedia":[{"embeddable":true,"href":"https:\/\/roxxlyn.com\/tr\/wp-json\/wp\/v2\/media\/9611"}],"wp:attachment":[{"href":"https:\/\/roxxlyn.com\/tr\/wp-json\/wp\/v2\/media?parent=9610"}],"wp:term":[{"taxonomy":"product_brand","embeddable":true,"href":"https:\/\/roxxlyn.com\/tr\/wp-json\/wp\/v2\/product_brand?post=9610"},{"taxonomy":"product_cat","embeddable":true,"href":"https:\/\/roxxlyn.com\/tr\/wp-json\/wp\/v2\/product_cat?post=9610"},{"taxonomy":"product_tag","embeddable":true,"href":"https:\/\/roxxlyn.com\/tr\/wp-json\/wp\/v2\/product_tag?post=9610"}],"curies":[{"name":"wp","href":"https:\/\/api.w.org\/{rel}","templated":true}]}}