{"id":9601,"date":"2024-03-13T16:13:14","date_gmt":"2024-03-13T16:13:14","guid":{"rendered":"https:\/\/roxxlyn.com\/?post_type=product&#038;p=9601"},"modified":"2025-08-30T18:00:05","modified_gmt":"2025-08-30T18:00:05","slug":"marble-watch-nero-marquina-silver-metal","status":"publish","type":"product","link":"https:\/\/roxxlyn.com\/tr\/shop\/marble-watch-nero-marquina-silver-metal\/","title":{"rendered":"Mermer Saat - Nero Marquina - G\u00fcm\u00fc\u015f Metal"},"content":{"rendered":"","protected":false},"excerpt":{"rendered":"<p>Benzersiz tarz\u0131n dayan\u0131kl\u0131l\u0131kla bulu\u015ftu\u011fu Marble Watch ile bilek oyunlar\u0131n\u0131z\u0131 geli\u015ftirin. Almanya'da \u00fcretilen bu \u00e7arp\u0131c\u0131 saat, prestijli Nero Marquina'dan ger\u00e7ek siyah mermer kadrana sahiptir ve her saati benzersiz k\u0131lar. Farkl\u0131 damarlar\u0131, iki par\u00e7an\u0131n ayn\u0131 olmamas\u0131n\u0131 sa\u011flar.<\/p>\n<p>G\u00f6z al\u0131c\u0131 g\u00f6r\u00fcn\u00fcm\u00fcn\u00fcn \u00f6tesinde, Marble Watch sa\u011flam paslanmaz \u00e7elik kasas\u0131 ve Safir Cam\u0131 ile darbelere ve zorlu ko\u015fullara kar\u015f\u0131 e\u015fsiz bir dayan\u0131kl\u0131l\u0131k sunar. \u015eok emicilerle donat\u0131lm\u0131\u015f g\u00fcvenilir 762 \u0130svi\u00e7re Ronda mekanizmas\u0131 ile g\u00fc\u00e7lendirilen bu saat, hayat\u0131n maceralar\u0131 i\u00e7in tasarlanm\u0131\u015ft\u0131r.<\/p>\n<p>Sadece 90 gram a\u011f\u0131rl\u0131\u011f\u0131nda, 40 mm \u00e7ap\u0131nda ve 8 mm kal\u0131nl\u0131\u011f\u0131ndaki \u015f\u0131k ve hafif minimalist tasar\u0131m\u0131 her duruma uygundur. \u0130ster d\u0131\u015far\u0131da bir gece ister ofiste bir g\u00fcn olsun, m\u00fckemmel bir aksesuard\u0131r.<\/p>\n<p>Benzersiz stil ve uzun s\u00fcreli dayan\u0131kl\u0131l\u0131\u011f\u0131n bir kar\u0131\u015f\u0131m\u0131 i\u00e7in The Stone Watch'u se\u00e7in. Bu saati bug\u00fcn ifade par\u00e7an\u0131z haline getirin ve tarz\u0131n\u0131z\u0131 zahmetsizce y\u00fckseltin.<\/p>","protected":false},"featured_media":9602,"template":"","meta":{"inline_featured_image":false},"product_brand":[],"product_cat":[155,127],"product_tag":[],"class_list":{"0":"post-9601","1":"product","2":"type-product","3":"status-publish","4":"has-post-thumbnail","6":"product_cat-marble-watch","7":"product_cat-watch","9":"first","10":"instock","11":"taxable","12":"shipping-taxable","13":"purchasable","14":"product-type-simple"},"exclude_global_add_ons":[],"addons":[],"_links":{"self":[{"href":"https:\/\/roxxlyn.com\/tr\/wp-json\/wp\/v2\/product\/9601","targetHints":{"allow":["GET"]}}],"collection":[{"href":"https:\/\/roxxlyn.com\/tr\/wp-json\/wp\/v2\/product"}],"about":[{"href":"https:\/\/roxxlyn.com\/tr\/wp-json\/wp\/v2\/types\/product"}],"version-history":[{"count":0,"href":"https:\/\/roxxlyn.com\/tr\/wp-json\/wp\/v2\/product\/9601\/revisions"}],"wp:featuredmedia":[{"embeddable":true,"href":"https:\/\/roxxlyn.com\/tr\/wp-json\/wp\/v2\/media\/9602"}],"wp:attachment":[{"href":"https:\/\/roxxlyn.com\/tr\/wp-json\/wp\/v2\/media?parent=9601"}],"wp:term":[{"taxonomy":"product_brand","embeddable":true,"href":"https:\/\/roxxlyn.com\/tr\/wp-json\/wp\/v2\/product_brand?post=9601"},{"taxonomy":"product_cat","embeddable":true,"href":"https:\/\/roxxlyn.com\/tr\/wp-json\/wp\/v2\/product_cat?post=9601"},{"taxonomy":"product_tag","embeddable":true,"href":"https:\/\/roxxlyn.com\/tr\/wp-json\/wp\/v2\/product_tag?post=9601"}],"curies":[{"name":"wp","href":"https:\/\/api.w.org\/{rel}","templated":true}]}}