{"id":8557,"date":"2024-01-14T10:25:22","date_gmt":"2024-01-14T10:25:22","guid":{"rendered":"https:\/\/roxxlyn.com\/?post_type=product&#038;p=8557"},"modified":"2025-09-14T13:32:22","modified_gmt":"2025-09-14T13:32:22","slug":"the-marble-fusion-stand-for-apple-vision-pro","status":"publish","type":"product","link":"https:\/\/roxxlyn.com\/tr\/shop\/the-marble-fusion-stand-for-apple-vision-pro\/","title":{"rendered":"Apple Vision Pro i\u00e7in Marble Fusion Stand\u0131"},"content":{"rendered":"<div data-elementor-type=\"product-post\" data-elementor-id=\"8557\" class=\"elementor elementor-8557\" data-elementor-post-type=\"product\">\n\t\t\t\t\t\t<section class=\"elementor-section elementor-top-section elementor-element elementor-element-0978755 elementor-section-boxed elementor-section-height-default elementor-section-height-default\" data-id=\"0978755\" data-element_type=\"section\" data-e-type=\"section\">\n\t\t\t\t\t\t<div class=\"elementor-container elementor-column-gap-default\">\n\t\t\t\t\t<div class=\"elementor-column elementor-col-100 elementor-top-column elementor-element elementor-element-912737f\" data-id=\"912737f\" data-element_type=\"column\" data-e-type=\"column\">\n\t\t\t<div class=\"elementor-widget-wrap elementor-element-populated\">\n\t\t\t\t\t\t<div class=\"elementor-element elementor-element-802a3af elementor-widget elementor-widget-video\" data-id=\"802a3af\" data-element_type=\"widget\" data-e-type=\"widget\" data-settings=\"{&quot;video_type&quot;:&quot;hosted&quot;,&quot;autoplay&quot;:&quot;yes&quot;,&quot;play_on_mobile&quot;:&quot;yes&quot;,&quot;mute&quot;:&quot;yes&quot;,&quot;loop&quot;:&quot;yes&quot;,&quot;controls&quot;:&quot;yes&quot;}\" data-widget_type=\"video.default\">\n\t\t\t\t<div class=\"elementor-widget-container\">\n\t\t\t\t\t\t\t<div class=\"e-hosted-video elementor-wrapper elementor-open-inline\">\n\t\t\t\t\t<video class=\"elementor-video\" src=\"https:\/\/roxxlyn.com\/wp-content\/uploads\/2024\/03\/The-Marble-Fusion-Stand-for-Apple-Vision-Pro-ROXXLYN.mp4\" autoplay=\"\" loop=\"\" controls=\"\" muted=\"muted\" playsinline=\"\" controlslist=\"nodownload\"><\/video>\n\t\t\t\t<\/div>\n\t\t\t\t\t\t<\/div>\n\t\t\t\t<\/div>\n\t\t\t\t<div class=\"elementor-element elementor-element-10094c7 elementor-widget elementor-widget-video\" data-id=\"10094c7\" data-element_type=\"widget\" data-e-type=\"widget\" data-settings=\"{&quot;video_type&quot;:&quot;hosted&quot;,&quot;autoplay&quot;:&quot;yes&quot;,&quot;play_on_mobile&quot;:&quot;yes&quot;,&quot;mute&quot;:&quot;yes&quot;,&quot;loop&quot;:&quot;yes&quot;,&quot;controls&quot;:&quot;yes&quot;}\" data-widget_type=\"video.default\">\n\t\t\t\t<div class=\"elementor-widget-container\">\n\t\t\t\t\t\t\t<div class=\"e-hosted-video elementor-wrapper elementor-open-inline\">\n\t\t\t\t\t<video class=\"elementor-video\" src=\"https:\/\/roxxlyn.com\/wp-content\/uploads\/2024\/03\/The-Black-Marble-Marble-Fusion-Stand-for-Apple-Vision-Pro-ROXXLYN.mp4\" autoplay=\"\" loop=\"\" controls=\"\" muted=\"muted\" playsinline=\"\" controlslist=\"nodownload\"><\/video>\n\t\t\t\t<\/div>\n\t\t\t\t\t\t<\/div>\n\t\t\t\t<\/div>\n\t\t\t\t\t<\/div>\n\t\t<\/div>\n\t\t\t\t\t<\/div>\n\t\t<\/section>\n\t\t\t\t<\/div>","protected":false},"excerpt":{"rendered":"<p>Tan\u0131t\u0131m\u0131 <strong>ROXXLYN Ger\u00e7ek Mermer F\u00fczyon Stand\u0131<\/strong>Apple Vision Pro i\u00e7in tasarlanm\u0131\u015f, Alman m\u00fchendisli\u011fi \u00fcr\u00fcn\u00fc bir ba\u015fyap\u0131t. Bu stand, ultra ince mermer zarafetini geli\u015fmi\u015f \u015farj teknolojisiyle kusursuz bir \u015fekilde harmanl\u0131yor. \u015e\u0131k bir krom kaplama ile geli\u015ftirilmi\u015f CNC-i\u015flenmi\u015f al\u00fcminyumdan sa\u011flam bir temele sahip olan stand, hem i\u015flevsellik hem de sofistike bir g\u00f6r\u00fcn\u00fcm sergiliyor.<\/p>\n<p>Apple Vision Pro d\u00fc\u015f\u00fcn\u00fclerek \u00fcretilen ROXXLYN stand, l\u00fcks ve modern kullan\u0131\u015fl\u0131l\u0131\u011f\u0131n m\u00fckemmel dengesiyle ayg\u0131t\u0131n\u0131z\u0131 y\u00fckseltir. \u0130ster kablosuz \u015farj \u00f6zelliklerinden ister \u00e7ok y\u00f6nl\u00fc USB ba\u011flant\u0131 noktalar\u0131ndan yararlan\u0131n, bu stand bir aksesuardan \u00e7ok daha fazlas\u0131; kusursuz tasar\u0131m ve verimlili\u011fi takdir edenler i\u00e7in vazge\u00e7ilmez bir \u00fcr\u00fcn.<\/p>\n<p><strong>Ana \u00d6zellikler:<\/strong><\/p>\n<ul>\n<li>Almanya'da \u00fcretilen hassas i\u015f\u00e7ilik<\/li>\n<li>En iyi Nero Marquina ger\u00e7ek mermer<\/li>\n<li>MagSafe iPhone'lar\u0131n ve k\u0131l\u0131flar\u0131n otomatik olarak konumland\u0131r\u0131lmas\u0131 i\u00e7in 2 x 2.0+0.5 MagSafe m\u0131knat\u0131sl\u0131 2 y\u00fcksek h\u0131zl\u0131 kablosuz \u015farj noktas\u0131<\/li>\n<li>Zarif krom kaplamal\u0131 hassas CNC-i\u015flenmi\u015f al\u00fcminyum<\/li>\n<li>Entegre Light Seal tutucu, pil tutucu ve kablo y\u00f6netimi ile Apple Vision Pro i\u00e7in m\u00fckemmel \u015fekilde tasarlanm\u0131\u015ft\u0131r<\/li>\n<li>Maksimum \u00e7ok y\u00f6nl\u00fcl\u00fck i\u00e7in 2 USB-A ba\u011flant\u0131 noktas\u0131 ve 2 USB-C adapt\u00f6r\u00fc<\/li>\n<\/ul>","protected":false},"featured_media":8917,"template":"","meta":{"inline_featured_image":false},"product_brand":[],"product_cat":[151],"product_tag":[148,150,149],"class_list":{"0":"post-8557","1":"product","2":"type-product","3":"status-publish","4":"has-post-thumbnail","6":"product_cat-apple-vision-pro-stand","7":"product_tag-apple-vision-pro-stand","8":"product_tag-real-marble-stand","9":"product_tag-the-marble-fusion-stand-for-apple-vision-pro","11":"first","12":"instock","13":"taxable","14":"shipping-taxable","15":"purchasable","16":"product-type-simple"},"exclude_global_add_ons":[],"addons":[],"_links":{"self":[{"href":"https:\/\/roxxlyn.com\/tr\/wp-json\/wp\/v2\/product\/8557","targetHints":{"allow":["GET"]}}],"collection":[{"href":"https:\/\/roxxlyn.com\/tr\/wp-json\/wp\/v2\/product"}],"about":[{"href":"https:\/\/roxxlyn.com\/tr\/wp-json\/wp\/v2\/types\/product"}],"version-history":[{"count":0,"href":"https:\/\/roxxlyn.com\/tr\/wp-json\/wp\/v2\/product\/8557\/revisions"}],"wp:featuredmedia":[{"embeddable":true,"href":"https:\/\/roxxlyn.com\/tr\/wp-json\/wp\/v2\/media\/8917"}],"wp:attachment":[{"href":"https:\/\/roxxlyn.com\/tr\/wp-json\/wp\/v2\/media?parent=8557"}],"wp:term":[{"taxonomy":"product_brand","embeddable":true,"href":"https:\/\/roxxlyn.com\/tr\/wp-json\/wp\/v2\/product_brand?post=8557"},{"taxonomy":"product_cat","embeddable":true,"href":"https:\/\/roxxlyn.com\/tr\/wp-json\/wp\/v2\/product_cat?post=8557"},{"taxonomy":"product_tag","embeddable":true,"href":"https:\/\/roxxlyn.com\/tr\/wp-json\/wp\/v2\/product_tag?post=8557"}],"curies":[{"name":"wp","href":"https:\/\/api.w.org\/{rel}","templated":true}]}}