{"id":7552,"date":"2023-02-19T16:43:15","date_gmt":"2023-02-19T16:43:15","guid":{"rendered":"https:\/\/roxxlyn.com\/?post_type=product&#038;p=7552"},"modified":"2025-08-30T17:57:02","modified_gmt":"2025-08-30T17:57:02","slug":"marble-watch-nero-marquina-black-metal","status":"publish","type":"product","link":"https:\/\/roxxlyn.com\/tr\/shop\/marble-watch-nero-marquina-black-metal\/","title":{"rendered":"Mermer Saat - Nero Marquina - Siyah Metal"},"content":{"rendered":"","protected":false},"excerpt":{"rendered":"<p>Bireyselli\u011fi kutlayan benzersiz bir saat olan The Real Marble Watch - Nero Marquina ile tarz\u0131n\u0131z\u0131 y\u00fckseltin. Almanya'da el i\u015f\u00e7ili\u011fiyle \u00fcretilen bu saat, \u0130spanya'da aranan Nero Marquina ta\u015f\u0131ndan elde edilen ultra ince ve hafif mermer kadran\u0131yla iki saatin birbirine benzememesini sa\u011flar. Do\u011fal damarlar\u0131 her bir par\u00e7ay\u0131 t\u00fcr\u00fcn\u00fcn tek \u00f6rne\u011fi bir hazine haline getirir.<\/p>\n<p>Sadece bir moda ifadesi olmayan Stone Watch, \u00fcst\u00fcn \u015fok ve a\u015f\u0131r\u0131 ko\u015ful direnci i\u00e7in paslanmaz \u00e7elik kasa ve Safir Cam ile uzun \u00f6m\u00fcrl\u00fc olacak \u015fekilde \u00fcretilmi\u015ftir. Her t\u00fcrl\u00fc maceraya haz\u0131r, \u015fok emicili hassas 762 \u0130svi\u00e7re Ronda mekanizmas\u0131 ile g\u00fc\u00e7lendirilmi\u015ftir.<\/p>\n<p>\u015e\u0131k 40 mm \u00e7ap\u0131 ve 8 mm kal\u0131nl\u0131\u011f\u0131 ile sadece 90 gram a\u011f\u0131rl\u0131\u011f\u0131ndaki minimalist tasar\u0131m\u0131, d\u0131\u015far\u0131da ge\u00e7irilen bir geceden ofiste ge\u00e7irilen bir g\u00fcne sorunsuzca uyum sa\u011flayarak her durum i\u00e7in m\u00fckemmeldir.<\/p>\n<p>Sizin kadar benzersiz bir saate yat\u0131r\u0131m yap\u0131n. Stone Watch stil, dayan\u0131kl\u0131l\u0131k ve i\u015flevselli\u011fi bir araya getiriyor. Bug\u00fcn sizinkini al\u0131n ve g\u00f6r\u00fcn\u00fcm\u00fcn\u00fcz\u00fc an\u0131nda y\u00fckseltin.<\/p>","protected":false},"featured_media":9593,"template":"","meta":{"inline_featured_image":false},"product_brand":[],"product_cat":[155,127],"product_tag":[],"class_list":{"0":"post-7552","1":"product","2":"type-product","3":"status-publish","4":"has-post-thumbnail","6":"product_cat-marble-watch","7":"product_cat-watch","9":"first","10":"instock","11":"taxable","12":"shipping-taxable","13":"purchasable","14":"product-type-simple"},"exclude_global_add_ons":[],"addons":[],"_links":{"self":[{"href":"https:\/\/roxxlyn.com\/tr\/wp-json\/wp\/v2\/product\/7552","targetHints":{"allow":["GET"]}}],"collection":[{"href":"https:\/\/roxxlyn.com\/tr\/wp-json\/wp\/v2\/product"}],"about":[{"href":"https:\/\/roxxlyn.com\/tr\/wp-json\/wp\/v2\/types\/product"}],"version-history":[{"count":0,"href":"https:\/\/roxxlyn.com\/tr\/wp-json\/wp\/v2\/product\/7552\/revisions"}],"wp:featuredmedia":[{"embeddable":true,"href":"https:\/\/roxxlyn.com\/tr\/wp-json\/wp\/v2\/media\/9593"}],"wp:attachment":[{"href":"https:\/\/roxxlyn.com\/tr\/wp-json\/wp\/v2\/media?parent=7552"}],"wp:term":[{"taxonomy":"product_brand","embeddable":true,"href":"https:\/\/roxxlyn.com\/tr\/wp-json\/wp\/v2\/product_brand?post=7552"},{"taxonomy":"product_cat","embeddable":true,"href":"https:\/\/roxxlyn.com\/tr\/wp-json\/wp\/v2\/product_cat?post=7552"},{"taxonomy":"product_tag","embeddable":true,"href":"https:\/\/roxxlyn.com\/tr\/wp-json\/wp\/v2\/product_tag?post=7552"}],"curies":[{"name":"wp","href":"https:\/\/api.w.org\/{rel}","templated":true}]}}