{"id":745,"date":"2020-10-07T10:05:21","date_gmt":"2020-10-07T10:05:21","guid":{"rendered":"https:\/\/roxxlyn.com\/?post_type=product&#038;p=745"},"modified":"2025-09-25T15:12:06","modified_gmt":"2025-09-25T15:12:06","slug":"the-iphone-marble-case-nero-marquina","status":"publish","type":"product","link":"https:\/\/roxxlyn.com\/tr\/shop\/the-iphone-marble-case-nero-marquina\/","title":{"rendered":"iPhone Mermer K\u0131l\u0131f Nero Marquina"},"content":{"rendered":"<div data-elementor-type=\"wp-post\" data-elementor-id=\"745\" class=\"elementor elementor-745\" data-elementor-post-type=\"product\">\n\t\t\t\t\t\t<section class=\"elementor-section elementor-top-section elementor-element elementor-element-4fad3d1 elementor-section-boxed elementor-section-height-default elementor-section-height-default\" data-id=\"4fad3d1\" data-element_type=\"section\" data-e-type=\"section\" data-settings=\"{&quot;background_background&quot;:&quot;classic&quot;}\">\n\t\t\t\t\t\t<div class=\"elementor-container elementor-column-gap-default\">\n\t\t\t\t\t<div class=\"elementor-column elementor-col-100 elementor-top-column elementor-element elementor-element-e551091\" data-id=\"e551091\" data-element_type=\"column\" data-e-type=\"column\">\n\t\t\t<div class=\"elementor-widget-wrap elementor-element-populated\">\n\t\t\t\t\t\t<section class=\"elementor-section elementor-inner-section elementor-element elementor-element-c18f3bd elementor-section-boxed elementor-section-height-default elementor-section-height-default\" data-id=\"c18f3bd\" data-element_type=\"section\" data-e-type=\"section\">\n\t\t\t\t\t\t<div class=\"elementor-container elementor-column-gap-default\">\n\t\t\t\t\t<div class=\"elementor-column elementor-col-50 elementor-inner-column elementor-element elementor-element-d3dd10c\" data-id=\"d3dd10c\" data-element_type=\"column\" data-e-type=\"column\">\n\t\t\t<div class=\"elementor-widget-wrap elementor-element-populated\">\n\t\t\t\t\t\t<div class=\"elementor-element elementor-element-32a74fe elementor-widget elementor-widget-text-editor\" data-id=\"32a74fe\" data-element_type=\"widget\" data-e-type=\"widget\" data-widget_type=\"text-editor.default\">\n\t\t\t\t<div class=\"elementor-widget-container\">\n\t\t\t\t\t\t\t\t\t<p>Hem stil hem de sa\u011flaml\u0131k isteyenler i\u00e7in l\u00fcks\u00fcn zirvesi olan Nero Marquina Ger\u00e7ek Siyah Mermer iPhone K\u0131l\u0131f\u0131yla tan\u0131\u015f\u0131n. \u0130spanya&#039;n\u0131n Marquina kentinin prestijli ta\u015f ocaklar\u0131ndan elde edilen otantik Nero Marquina mermerinden \u00fcretilen bu \u00e7anta, yaln\u0131zca koruyucu bir aksesuar de\u011fil, ayn\u0131 zamanda iddial\u0131 bir par\u00e7ad\u0131r. Her bir kasa benzersizdir; siyah mermerin do\u011fal g\u00fczelli\u011fini ve karma\u015f\u0131k damarlar\u0131n\u0131 sergiler, l\u00fcks hissini artt\u0131rmak i\u00e7in m\u00fckemmel bir \u015fekilde parlat\u0131l\u0131r.<\/p>\n<p>Almanya&#039;da \u00fcretilen bu k\u0131l\u0131f, TPU taban\u0131n dayan\u0131kl\u0131l\u0131\u011f\u0131n\u0131 ger\u00e7ek mermerin zarafetiyle birle\u015ftirerek iPhone&#039;unuza tarzdan \u00f6d\u00fcn vermeden benzersiz bir koruma sunuyor. Sa\u011flam korumas\u0131na ra\u011fmen k\u0131l\u0131f, yakla\u015f\u0131k 35 gram a\u011f\u0131rl\u0131\u011f\u0131ndaki s\u00fcper ince profilini koruyarak cihaz\u0131n\u0131z\u0131n \u015f\u0131k ve kolay ta\u015f\u0131n\u0131r olmas\u0131n\u0131 sa\u011flar. Tasar\u0131m, kamera lenslerini \u00e7izilmelere ve darbelere kar\u015f\u0131 korumak i\u00e7in etraf\u0131nda y\u00fckseltilmi\u015f bir alan i\u00e7erir.<\/p>\n<p>Nero Marquina iPhone K\u0131l\u0131f\u0131, cihaz\u0131n\u0131z\u0131 \u00f6ne \u00e7\u0131kan l\u00fcks bir aksesuara d\u00f6n\u00fc\u015ft\u00fcren geli\u015fmi\u015fli\u011fin simgesidir. Bu zarif, Alman yap\u0131m\u0131 ba\u015fyap\u0131tla zarafet ve korumada son noktay\u0131 ya\u015fay\u0131n.<\/p>\t\t\t\t\t\t\t\t<\/div>\n\t\t\t\t<\/div>\n\t\t\t\t\t<\/div>\n\t\t<\/div>\n\t\t\t\t<div class=\"elementor-column elementor-col-50 elementor-inner-column elementor-element elementor-element-7c0f8d7\" data-id=\"7c0f8d7\" data-element_type=\"column\" data-e-type=\"column\">\n\t\t\t<div class=\"elementor-widget-wrap elementor-element-populated\">\n\t\t\t\t\t\t<div class=\"elementor-element elementor-element-91f1315 elementor-widget elementor-widget-video\" data-id=\"91f1315\" data-element_type=\"widget\" data-e-type=\"widget\" data-settings=\"{&quot;video_type&quot;:&quot;hosted&quot;,&quot;controls&quot;:&quot;yes&quot;}\" data-widget_type=\"video.default\">\n\t\t\t\t<div class=\"elementor-widget-container\">\n\t\t\t\t\t\t\t<div class=\"e-hosted-video elementor-wrapper elementor-open-inline\">\n\t\t\t\t\t<video class=\"elementor-video\" src=\"https:\/\/roxxlyn.com\/wp-content\/uploads\/2020\/11\/iPhone-Skin-inkl-Zubehor.66.mp4\" controls=\"\" preload=\"metadata\" controlslist=\"nodownload\"><\/video>\n\t\t\t\t<\/div>\n\t\t\t\t\t\t<\/div>\n\t\t\t\t<\/div>\n\t\t\t\t\t<\/div>\n\t\t<\/div>\n\t\t\t\t\t<\/div>\n\t\t<\/section>\n\t\t\t\t<div class=\"elementor-element elementor-element-56bab67 elementor-widget elementor-widget-video\" data-id=\"56bab67\" data-element_type=\"widget\" data-e-type=\"widget\" data-settings=\"{&quot;video_type&quot;:&quot;hosted&quot;,&quot;controls&quot;:&quot;yes&quot;}\" data-widget_type=\"video.default\">\n\t\t\t\t<div class=\"elementor-widget-container\">\n\t\t\t\t\t\t\t<div class=\"e-hosted-video elementor-wrapper elementor-open-inline\">\n\t\t\t\t\t<video class=\"elementor-video\" src=\"https:\/\/roxxlyn.com\/wp-content\/uploads\/2020\/11\/iPhone-Skin-inkl-Zubehor.61.mp4\" controls=\"\" preload=\"metadata\" controlslist=\"nodownload\"><\/video>\n\t\t\t\t<\/div>\n\t\t\t\t\t\t<\/div>\n\t\t\t\t<\/div>\n\t\t\t\t<section class=\"elementor-section elementor-inner-section elementor-element elementor-element-7afd2dd elementor-section-boxed elementor-section-height-default elementor-section-height-default\" data-id=\"7afd2dd\" data-element_type=\"section\" data-e-type=\"section\">\n\t\t\t\t\t\t<div class=\"elementor-container elementor-column-gap-default\">\n\t\t\t\t\t<div class=\"elementor-column elementor-col-50 elementor-inner-column elementor-element elementor-element-0465d3f\" data-id=\"0465d3f\" data-element_type=\"column\" data-e-type=\"column\">\n\t\t\t<div class=\"elementor-widget-wrap elementor-element-populated\">\n\t\t\t\t\t\t<div class=\"elementor-element elementor-element-217c79a elementor-widget elementor-widget-text-editor\" data-id=\"217c79a\" data-element_type=\"widget\" data-e-type=\"widget\" data-widget_type=\"text-editor.default\">\n\t\t\t\t<div class=\"elementor-widget-container\">\n\t\t\t\t\t\t\t\t\t<p>Mermer ile tan\u0131\u015f\u0131n: Nero Marquina<\/p>\t\t\t\t\t\t\t\t<\/div>\n\t\t\t\t<\/div>\n\t\t\t\t<div class=\"elementor-element elementor-element-519a3f3 elementor-widget elementor-widget-text-editor\" data-id=\"519a3f3\" data-element_type=\"widget\" data-e-type=\"widget\" data-widget_type=\"text-editor.default\">\n\t\t\t\t<div class=\"elementor-widget-container\">\n\t\t\t\t\t\t\t\t\t<p>Nero Marquina \u0130spanya'da en \u00e7ok aranan do\u011fal ta\u015flardan biridir. Y\u00fczy\u0131llar\u0131n sanat ve mimari tarihini ta\u015f\u0131yan, do\u011fall\u0131\u011fa ve benzersizli\u011fe duyulan \u00f6zlemi tatmin eden bir malzeme. Bu siyah mermer d\u00fcnyan\u0131n her yerindeki binalarda hayranl\u0131kla izlenebilir. Nero Marquina, \u0130spanya'n\u0131n Aulestia ve Marquina kasabalar\u0131nda \u00e7\u0131kar\u0131lmaktad\u0131r. Nero Marquina'n\u0131n zarif g\u00f6r\u00fcn\u00fcm\u00fc, ince \u00e7izgisiyle karakterize edilir.<\/p>\t\t\t\t\t\t\t\t<\/div>\n\t\t\t\t<\/div>\n\t\t\t\t\t<\/div>\n\t\t<\/div>\n\t\t\t\t<div class=\"elementor-column elementor-col-50 elementor-inner-column elementor-element elementor-element-f3b5a6a\" data-id=\"f3b5a6a\" data-element_type=\"column\" data-e-type=\"column\">\n\t\t\t<div class=\"elementor-widget-wrap elementor-element-populated\">\n\t\t\t\t\t\t<div class=\"elementor-element elementor-element-589e589 elementor-widget elementor-widget-text-editor\" data-id=\"589e589\" data-element_type=\"widget\" data-e-type=\"widget\" data-widget_type=\"text-editor.default\">\n\t\t\t\t<div class=\"elementor-widget-container\">\n\t\t\t\t\t\t\t\t\tBinlerce y\u0131l boyunca, kalsiyum karbonat ve kalsiyum y\u00fckl\u00fc bile\u015fenlerin birle\u015fimi sert bir do\u011fal ta\u015fa d\u00f6n\u00fc\u015fm\u00fc\u015ft\u00fcr. Nero Marquina'n\u0131n \u00f6zel siyah rengi, do\u011fal bit\u00fcm birikiminden kaynaklanmaktad\u0131r. Beyaz kuvars damarlar\u0131 daha sonra kayada olu\u015fmu\u015ftur. Kayadaki mevcut k\u0131r\u0131klar kuvars kristalle\u015fmesi ile \"iyile\u015fmi\u015f\" ve Nero Marquina bug\u00fcnk\u00fc g\u00f6r\u00fcn\u00fcm\u00fcn\u00fc alm\u0131\u015ft\u0131r.\t\t\t\t\t\t\t\t<\/div>\n\t\t\t\t<\/div>\n\t\t\t\t<div class=\"elementor-element elementor-element-5589e20 elementor-widget elementor-widget-text-editor\" data-id=\"5589e20\" data-element_type=\"widget\" data-e-type=\"widget\" data-widget_type=\"text-editor.default\">\n\t\t\t\t<div class=\"elementor-widget-container\">\n\t\t\t\t\t\t\t\t\tNormalde siyah olan ta\u015f yap\u0131s\u0131ndaki ince, beyaz damarlar bu ta\u015f\u0131 \u00f6zellikle \u00e7ekici k\u0131lmaktad\u0131r. Cilal\u0131 veya z\u0131mparalanm\u0131\u015f y\u00fczeyiyle ayr\u0131cal\u0131kl\u0131 bir atmosfer yarat\u0131r ve l\u00fcks\u00fc yans\u0131t\u0131r.\t\t\t\t\t\t\t\t<\/div>\n\t\t\t\t<\/div>\n\t\t\t\t\t<\/div>\n\t\t<\/div>\n\t\t\t\t\t<\/div>\n\t\t<\/section>\n\t\t\t\t<div class=\"elementor-element elementor-element-e7512c5 elementor-widget elementor-widget-video\" data-id=\"e7512c5\" data-element_type=\"widget\" data-e-type=\"widget\" data-settings=\"{&quot;video_type&quot;:&quot;vimeo&quot;}\" data-widget_type=\"video.default\">\n\t\t\t\t<div class=\"elementor-widget-container\">\n\t\t\t\t\t\t\t<div class=\"elementor-wrapper elementor-open-inline\">\n\t\t\t<iframe class=\"elementor-video-iframe\" allowfullscreen allow=\"clipboard-write\" title=\"vimeo Video Oynat\u0131c\u0131\" src=\"https:\/\/player.vimeo.com\/video\/290503829?color&amp;autopause=0&amp;loop=0&amp;muted=0&amp;title=1&amp;portrait=1&amp;byline=1#t=\"><\/iframe>\t\t<\/div>\n\t\t\t\t\t\t<\/div>\n\t\t\t\t<\/div>\n\t\t\t\t\t<\/div>\n\t\t<\/div>\n\t\t\t\t\t<\/div>\n\t\t<\/section>\n\t\t\t\t<\/div>","protected":false},"excerpt":{"rendered":"<p data-start=\"367\" data-end=\"697\">Yeni \u00fcr\u00fcn\u00fcn\u00fcz\u00fc y\u00fckseltin <strong data-start=\"384\" data-end=\"449\">iPhone 17, iPhone 17 Pro, iPhone 17 Pro Max veya iPhone 17 Air<\/strong> ile <strong data-start=\"459\" data-end=\"493\">Nero Marquina Ger\u00e7ek Mermer Kasa<\/strong>, Marquina, \u0130spanya'dan temin edilen otantik siyah mermerden ustal\u0131kla el i\u015f\u00e7ili\u011fiyle \u00fcretilmi\u015ftir. Her bir kasa, \u00e7arp\u0131c\u0131 do\u011fal beyaz damarlar\u0131 ile ger\u00e7ekten e\u015fsizdir. <strong data-start=\"637\" data-end=\"663\">m\u00fckemmellik i\u00e7in parlat\u0131lm\u0131\u015f<\/strong> zamans\u0131z, l\u00fcks bir g\u00f6r\u00fcn\u00fcm i\u00e7in. \u00dczerine in\u015fa edilmi\u015f <strong data-start=\"710\" data-end=\"736\">dayan\u0131kl\u0131 TPU temel<\/strong>, Bu k\u0131l\u0131f, ince ve \u015f\u0131k profilini korurken g\u00fcnl\u00fck a\u015f\u0131nmaya kar\u015f\u0131 sa\u011flam bir koruma sa\u011flar. Bu k\u0131l\u0131f <strong data-start=\"839\" data-end=\"873\">y\u00fckseltilmi\u015f kamera ve ekran kenarlar\u0131<\/strong> zarafetten \u00f6d\u00fcn vermeden ekstra g\u00fcvenlik sa\u011flar. Gururla <strong data-start=\"938\" data-end=\"957\">Almanya'da \u00fcretilmi\u015ftir<\/strong>, Nero Marquina iPhone 17 K\u0131l\u0131f\u0131 korumadan \u00e7ok daha fazlas\u0131d\u0131r - bu bir <strong data-start=\"1030\" data-end=\"1064\">ger\u00e7ek mermerden ifade par\u00e7as\u0131<\/strong>, benzersiz sofistikeli\u011fi modern i\u015flevsellikle harmanl\u0131yor.<\/p>","protected":false},"featured_media":12780,"template":"","meta":{"inline_featured_image":false},"product_brand":[],"product_cat":[66],"product_tag":[153,152],"class_list":{"0":"post-745","1":"product","2":"type-product","3":"status-publish","4":"has-post-thumbnail","6":"product_cat-iphone-cases","7":"product_tag-iphone-marble-case","8":"product_tag-nero-marquina","10":"first","11":"instock","12":"featured","13":"taxable","14":"shipping-taxable","15":"purchasable","16":"product-type-variable","17":"has-default-attributes"},"exclude_global_add_ons":false,"addons":[{"name":"\u00d6zel Terzilik","type":"checkbox","position":0,"required":false,"title_format":"label","default":"","description_enable":false,"description":"","placeholder_enable":false,"placeholder":"","display":"select","restrictions_type":"any_text","adjust_price":false,"price":"","price_type":"flat_fee","restrictions":false,"min":"0","max":"0","options":[{"label":"Upgrade your case with a super-strong N52 grade 1.55 mm MagSafe magnet for seamless attachment and faster, more stable wireless charging","price":"10","price_type":"flat_fee","image":0,"visibility":true},{"label":"Opt for a design featuring darker tones and minimal white veins for a sleek, uniform appearance.","price":"","price_type":"flat_fee","image":0,"visibility":true},{"label":"Opt for a design that emphasizes rich white veins for a touch of natural sophistication.","price":"15","price_type":"flat_fee","image":0,"visibility":true},{"label":"Reveal the iconic Apple logo with a precise cut-out on the stone surface, unveiling a sleek black satin-matte underside for a striking contrast and personal touch.","price":"15","price_type":"flat_fee","image":0,"visibility":true},{"label":"Enhance your device with a white engraved Apple logo, crafted over two days for elegance and sophistication.","price":"20","price_type":"flat_fee","image":0,"visibility":true},{"label":"Premium Liquid Care with dust-repellent, antistatic protection and a lasting matte effect. Specially designed to preserve and protect your case.","price":"5","price_type":"flat_fee","image":0,"visibility":false},{"label":"A premium marble liquid polish that enhances and protects the natural beauty of your marble surfaces, providing a lasting, brilliant shine.","price":"5","price_type":"flat_fee","image":0,"visibility":true},{"label":"Microfiber Polishing Cloth: A soft, high-quality microfiber cloth designed for polishing marble surfaces. It delivers a streak-free, brilliant shine without scratching, perfect for maintaining your marble's natural beauty.","price":"5","price_type":"flat_fee","image":0,"visibility":false}],"id":1757681666}],"_links":{"self":[{"href":"https:\/\/roxxlyn.com\/tr\/wp-json\/wp\/v2\/product\/745","targetHints":{"allow":["GET"]}}],"collection":[{"href":"https:\/\/roxxlyn.com\/tr\/wp-json\/wp\/v2\/product"}],"about":[{"href":"https:\/\/roxxlyn.com\/tr\/wp-json\/wp\/v2\/types\/product"}],"version-history":[{"count":0,"href":"https:\/\/roxxlyn.com\/tr\/wp-json\/wp\/v2\/product\/745\/revisions"}],"wp:featuredmedia":[{"embeddable":true,"href":"https:\/\/roxxlyn.com\/tr\/wp-json\/wp\/v2\/media\/12780"}],"wp:attachment":[{"href":"https:\/\/roxxlyn.com\/tr\/wp-json\/wp\/v2\/media?parent=745"}],"wp:term":[{"taxonomy":"product_brand","embeddable":true,"href":"https:\/\/roxxlyn.com\/tr\/wp-json\/wp\/v2\/product_brand?post=745"},{"taxonomy":"product_cat","embeddable":true,"href":"https:\/\/roxxlyn.com\/tr\/wp-json\/wp\/v2\/product_cat?post=745"},{"taxonomy":"product_tag","embeddable":true,"href":"https:\/\/roxxlyn.com\/tr\/wp-json\/wp\/v2\/product_tag?post=745"}],"curies":[{"name":"wp","href":"https:\/\/api.w.org\/{rel}","templated":true}]}}