{"id":66,"date":"2020-08-12T11:49:00","date_gmt":"2020-08-12T11:49:00","guid":{"rendered":"https:\/\/roxxlyn.com\/?post_type=product&#038;p=66"},"modified":"2026-03-04T16:12:55","modified_gmt":"2026-03-04T16:12:55","slug":"the-macbook-slate-skin-black-rock","status":"publish","type":"product","link":"https:\/\/roxxlyn.com\/tr\/shop\/the-macbook-slate-skin-black-rock\/","title":{"rendered":"MacBook Slate Skin Siyah Kaya"},"content":{"rendered":"<div data-elementor-type=\"wp-post\" data-elementor-id=\"66\" class=\"elementor elementor-66\" data-elementor-post-type=\"product\">\n\t\t\t\t\t\t<section class=\"elementor-section elementor-top-section elementor-element elementor-element-415b4ae elementor-section-boxed elementor-section-height-default elementor-section-height-default\" data-id=\"415b4ae\" data-element_type=\"section\" data-e-type=\"section\" data-settings=\"{&quot;background_background&quot;:&quot;classic&quot;}\">\n\t\t\t\t\t\t<div class=\"elementor-container elementor-column-gap-default\">\n\t\t\t\t\t<div class=\"elementor-column elementor-col-100 elementor-top-column elementor-element elementor-element-597b156\" data-id=\"597b156\" data-element_type=\"column\" data-e-type=\"column\">\n\t\t\t<div class=\"elementor-widget-wrap elementor-element-populated\">\n\t\t\t\t\t\t<div class=\"elementor-element elementor-element-7be3c16 elementor-widget elementor-widget-video\" data-id=\"7be3c16\" data-element_type=\"widget\" data-e-type=\"widget\" data-settings=\"{&quot;video_type&quot;:&quot;vimeo&quot;,&quot;autoplay&quot;:&quot;yes&quot;,&quot;play_on_mobile&quot;:&quot;yes&quot;,&quot;mute&quot;:&quot;yes&quot;,&quot;loop&quot;:&quot;yes&quot;}\" data-widget_type=\"video.default\">\n\t\t\t\t<div class=\"elementor-widget-container\">\n\t\t\t\t\t\t\t<div class=\"elementor-wrapper elementor-open-inline\">\n\t\t\t<iframe class=\"elementor-video-iframe\" allowfullscreen allow=\"autoplay\" title=\"vimeo p\u0159ehr\u00e1va\u010d videa\" src=\"https:\/\/player.vimeo.com\/video\/1017613452?autoplay=1&amp;playsinline=1&amp;color&amp;autopause=0&amp;loop=1&amp;muted=1&amp;title=1&amp;portrait=1&amp;byline=1#t=\" data-no-translation-title=\"\"><\/iframe>\t\t<\/div>\n\t\t\t\t\t\t<\/div>\n\t\t\t\t<\/div>\n\t\t\t\t<section class=\"elementor-section elementor-inner-section elementor-element elementor-element-d71c1e6 elementor-section-boxed elementor-section-height-default elementor-section-height-default\" data-id=\"d71c1e6\" data-element_type=\"section\" data-e-type=\"section\">\n\t\t\t\t\t\t<div class=\"elementor-container elementor-column-gap-default\">\n\t\t\t\t\t<div class=\"elementor-column elementor-col-100 elementor-inner-column elementor-element elementor-element-500ee0d\" data-id=\"500ee0d\" data-element_type=\"column\" data-e-type=\"column\">\n\t\t\t<div class=\"elementor-widget-wrap elementor-element-populated\">\n\t\t\t\t\t\t<div class=\"elementor-element elementor-element-9e0e074 elementor-widget elementor-widget-text-editor\" data-id=\"9e0e074\" data-element_type=\"widget\" data-e-type=\"widget\" data-widget_type=\"text-editor.default\">\n\t\t\t\t<div class=\"elementor-widget-container\">\n\t\t\t\t\t\t\t\t\t<p>MacBook'unuzu \u015fu \u00fcr\u00fcnle y\u00fckseltin <strong>Kayrak Derisi Siyah Kaya<\/strong>cihaz\u0131n\u0131za ikinci bir cilt gibi uyacak \u015fekilde tasarlanm\u0131\u015f, el yap\u0131m\u0131, ger\u00e7ek bir ta\u015f \u015faheseridir. Her bir kaplaman\u0131n do\u011fal siyah-gri tonu ve t\u00fcr\u00fcn\u00fcn tek \u00f6rne\u011fi ta\u015f dokusu, MacBook'unuzu ger\u00e7ekten benzersiz k\u0131lar. T\u00fcy kadar hafif ve 0,03 in\u00e7 (1 mm) kadar ince olan bu ultra ince kaplama, cihaz\u0131n\u0131z\u0131n \u015f\u0131k hatlar\u0131n\u0131 korurken \u00e7izilmelere ve kire kar\u015f\u0131 uzun s\u00fcreli koruma sa\u011flar.<\/p><p>Almanya'da \u00f6zel olarak geli\u015ftirilen \u00e7ift tarafl\u0131 yap\u0131\u015fkan band\u0131m\u0131z sayesinde, kaplamay\u0131 herhangi bir yap\u0131\u015fkan kal\u0131nt\u0131 b\u0131rakmadan zahmetsizce uygulayabilir ve \u00e7\u0131karabilirsiniz. Sadece 35 gram a\u011f\u0131rl\u0131\u011f\u0131yla fark\u0131 neredeyse hi\u00e7 hissetmeyeceksiniz, ancak MacBook'unuz her \u015fekilde \u00f6ne \u00e7\u0131kacak. Bu, korumadan daha fazlas\u0131d\u0131r; cihaz\u0131n\u0131za do\u011fal g\u00fczellik ve e\u015fsiz i\u015f\u00e7ilik getiren sanatsal bir y\u00fckseltmedir.<\/p><p><span style=\"text-decoration: underline;\"><strong>Neden Slate Skin Black Rock'\u0131 Se\u00e7melisiniz?<\/strong><\/span><\/p><ul><li><strong>Ger\u00e7ek Ta\u015f, Ger\u00e7ek Etki<\/strong>: Hakiki kayrak ta\u015f\u0131ndan el i\u015f\u00e7ili\u011fiyle \u00fcretilen her bir deri, sizin kadar benzersiz olan do\u011fal bir damar ve dokuya sahiptir.<\/li><li><strong>T\u00fcy Kadar Hafif ve Ultra \u0130nce<\/strong>: Sadece 35 gram a\u011f\u0131rl\u0131\u011f\u0131nda ve 1 mm kal\u0131nl\u0131\u011f\u0131nda olan deri, hacimsiz koruma sa\u011flar.<\/li><li><strong>Kolay Uygulama, Kal\u0131nt\u0131 B\u0131rakmaz<\/strong>: Almanya'da \u00fcretilen \u00f6zel bir \u00e7ift tarafl\u0131 yap\u0131\u015fkan bant i\u00e7eren bu \u00fcr\u00fcn, geride yap\u0131\u015fkan bir da\u011f\u0131n\u0131kl\u0131k b\u0131rakmadan kolayca uygulanabilir ve \u00e7\u0131kar\u0131labilir.<\/li><li><strong>Berlin'de el yap\u0131m\u0131<\/strong>: Her bir deri Berlin'de \u00f6zenle ve hassasiyetle \u00fcretilerek y\u00fcksek kaliteli i\u015f\u00e7ilik sa\u011flan\u0131r.<\/li><\/ul><p>Bu arduvaz kaplama sadece bir k\u0131l\u0131f de\u011fil, bir stil, bireysellik ve zarafet ifadesidir. MacBook'unuzu korurken onu ger\u00e7ek bir ba\u015f d\u00f6nd\u00fcr\u00fcc\u00fcye d\u00f6n\u00fc\u015ft\u00fcr\u00fcn. <em>L\u00fctfen dikkat: Ben bir vaka de\u011filim!<\/em><\/p>\t\t\t\t\t\t\t\t<\/div>\n\t\t\t\t<\/div>\n\t\t\t\t<div class=\"elementor-element elementor-element-9a45c83 elementor-widget elementor-widget-text-editor\" data-id=\"9a45c83\" data-element_type=\"widget\" data-e-type=\"widget\" data-widget_type=\"text-editor.default\">\n\t\t\t\t<div class=\"elementor-widget-container\">\n\t\t\t\t\t\t\t\t\t<p><blockquote class=\"wp-embedded-content\" data-secret=\"YXrDvgatY1\"><a href=\"https:\/\/roxxlyn.com\/tr\/instructions\/\">Talimatlar<\/a><\/blockquote><iframe class=\"wp-embedded-content\" sandbox=\"allow-scripts\" security=\"restricted\" style=\"position: absolute; visibility: hidden;\" title=\"&quot;Talimatlar&quot; - ROXXLYN\" src=\"https:\/\/roxxlyn.com\/instructions\/embed\/#?secret=qe5rNxBNvu#?secret=YXrDvgatY1\" data-secret=\"YXrDvgatY1\" width=\"600\" height=\"338\" frameborder=\"0\" marginwidth=\"0\" marginheight=\"0\" scrolling=\"no\"><\/iframe><\/p>\t\t\t\t\t\t\t\t<\/div>\n\t\t\t\t<\/div>\n\t\t\t\t\t<\/div>\n\t\t<\/div>\n\t\t\t\t\t<\/div>\n\t\t<\/section>\n\t\t\t\t<div class=\"elementor-element elementor-element-396757a elementor-widget elementor-widget-video\" data-id=\"396757a\" data-element_type=\"widget\" data-e-type=\"widget\" data-settings=\"{&quot;video_type&quot;:&quot;vimeo&quot;}\" data-widget_type=\"video.default\">\n\t\t\t\t<div class=\"elementor-widget-container\">\n\t\t\t\t\t\t\t<div class=\"elementor-wrapper elementor-open-inline\">\n\t\t\t<iframe class=\"elementor-video-iframe\" allowfullscreen allow=\"clipboard-write\" title=\"vimeo p\u0159ehr\u00e1va\u010d videa\" src=\"https:\/\/player.vimeo.com\/video\/135730659?color&amp;autopause=0&amp;loop=0&amp;muted=0&amp;title=1&amp;portrait=1&amp;byline=1#t=\" data-no-translation-title=\"\"><\/iframe>\t\t<\/div>\n\t\t\t\t\t\t<\/div>\n\t\t\t\t<\/div>\n\t\t\t\t<div class=\"elementor-element elementor-element-61b67c9 elementor-widget elementor-widget-video\" data-id=\"61b67c9\" data-element_type=\"widget\" data-e-type=\"widget\" data-settings=\"{&quot;video_type&quot;:&quot;vimeo&quot;}\" data-widget_type=\"video.default\">\n\t\t\t\t<div class=\"elementor-widget-container\">\n\t\t\t\t\t\t\t<div class=\"elementor-wrapper elementor-open-inline\">\n\t\t\t<iframe class=\"elementor-video-iframe\" allowfullscreen allow=\"clipboard-write\" title=\"vimeo p\u0159ehr\u00e1va\u010d videa\" src=\"https:\/\/player.vimeo.com\/video\/290503829?color&amp;autopause=0&amp;loop=0&amp;muted=0&amp;title=1&amp;portrait=1&amp;byline=1#t=\" data-no-translation-title=\"\"><\/iframe>\t\t<\/div>\n\t\t\t\t\t\t<\/div>\n\t\t\t\t<\/div>\n\t\t\t\t\t<\/div>\n\t\t<\/div>\n\t\t\t\t\t<\/div>\n\t\t<\/section>\n\t\t\t\t<\/div>","protected":false},"excerpt":{"rendered":"<p>ile MacBook'unuzu d\u00f6n\u00fc\u015ft\u00fcr\u00fcn <strong>Kayrak Derisi Siyah Kaya<\/strong>-Ger\u00e7ek ta\u015ftan yap\u0131lm\u0131\u015f, el yap\u0131m\u0131, ultra ince (1mm), hafif (35g) bir cilt. Benzersiz siyah-gri ta\u015f dokusu ve Alman m\u00fchendisli\u011fi \u00fcr\u00fcn\u00fc yap\u0131\u015fkan\u0131yla, kal\u0131nt\u0131 b\u0131rakmadan kolay uygulama, koruma ve stil sunar. <em>Bu bir \u00e7anta de\u011fil, saf i\u015f\u00e7ilik.<\/em><\/p>","protected":false},"featured_media":10382,"template":"","meta":{"inline_featured_image":false},"product_brand":[],"product_cat":[48],"product_tag":[],"class_list":{"0":"post-66","1":"product","2":"type-product","3":"status-publish","4":"has-post-thumbnail","6":"product_cat-macbook","8":"first","9":"instock","10":"featured","11":"taxable","12":"shipping-taxable","13":"purchasable","14":"product-type-variable","15":"has-default-attributes"},"exclude_global_add_ons":false,"addons":[{"name":"\u00d6zel Terzilik","type":"checkbox","position":0,"required":false,"title_format":"heading","default":"","description_enable":false,"description":"","placeholder_enable":false,"placeholder":"","display":"radiobutton","restrictions_type":"any_text","adjust_price":false,"price":"","price_type":"flat_fee","restrictions":false,"min":"0","max":"0","options":[{"label":"Bottom Skin - you like to get a more 360 look and have an additional Slate Skin for the bottom of your device","price":"22","price_type":"flat_fee","image":1296,"visibility":true},{"label":"No Apple Logo","price":"","price_type":"flat_fee","image":0,"visibility":true},{"label":"Heavy Texture - You want thicker pieces of stone with extra tactile feedback, this is the one for you.","price":"20","price_type":"flat_fee","image":0,"visibility":true},{"label":"Stone surface as dark as possible","price":"","price_type":"flat_fee","image":0,"visibility":true},{"label":"Apple Logo Guard Film - Highly transparent glossy polyurethane film with outstanding UV-resistance, excellent tear strength, and self-healing surface. That means light scratches on the surface (e.g. originating from squeegees, cleaning brushes) can be removed easily by applying heat (e.g. solar radiation, heat gun)","price":"5","price_type":"flat_fee","image":0,"visibility":true},{"label":"100% Easy Removal Layer, we developed an additional layer for an even more convenient removal anytime you decide to remove your slate skin in the future. Zero adhesive residues","price":"5","price_type":"flat_fee","image":0,"visibility":true}],"id":1687279607}],"_links":{"self":[{"href":"https:\/\/roxxlyn.com\/tr\/wp-json\/wp\/v2\/product\/66","targetHints":{"allow":["GET"]}}],"collection":[{"href":"https:\/\/roxxlyn.com\/tr\/wp-json\/wp\/v2\/product"}],"about":[{"href":"https:\/\/roxxlyn.com\/tr\/wp-json\/wp\/v2\/types\/product"}],"version-history":[{"count":1,"href":"https:\/\/roxxlyn.com\/tr\/wp-json\/wp\/v2\/product\/66\/revisions"}],"predecessor-version":[{"id":14894,"href":"https:\/\/roxxlyn.com\/tr\/wp-json\/wp\/v2\/product\/66\/revisions\/14894"}],"wp:featuredmedia":[{"embeddable":true,"href":"https:\/\/roxxlyn.com\/tr\/wp-json\/wp\/v2\/media\/10382"}],"wp:attachment":[{"href":"https:\/\/roxxlyn.com\/tr\/wp-json\/wp\/v2\/media?parent=66"}],"wp:term":[{"taxonomy":"product_brand","embeddable":true,"href":"https:\/\/roxxlyn.com\/tr\/wp-json\/wp\/v2\/product_brand?post=66"},{"taxonomy":"product_cat","embeddable":true,"href":"https:\/\/roxxlyn.com\/tr\/wp-json\/wp\/v2\/product_cat?post=66"},{"taxonomy":"product_tag","embeddable":true,"href":"https:\/\/roxxlyn.com\/tr\/wp-json\/wp\/v2\/product_tag?post=66"}],"curies":[{"name":"wp","href":"https:\/\/api.w.org\/{rel}","templated":true}]}}