{"id":6408,"date":"2022-09-07T12:02:39","date_gmt":"2022-09-07T12:02:39","guid":{"rendered":"https:\/\/roxxlyn.com\/?post_type=product&#038;p=6408"},"modified":"2025-09-24T07:08:23","modified_gmt":"2025-09-24T07:08:23","slug":"the-iphone-slate-case-transocean","status":"publish","type":"product","link":"https:\/\/roxxlyn.com\/tr\/shop\/the-iphone-slate-case-transocean\/","title":{"rendered":"iPhone Slate K\u0131l\u0131f Transocean"},"content":{"rendered":"<div data-elementor-type=\"wp-post\" data-elementor-id=\"6408\" class=\"elementor elementor-6408\" data-elementor-post-type=\"product\">\n\t\t\t\t\t\t<section class=\"elementor-section elementor-top-section elementor-element elementor-element-85c5581 elementor-section-boxed elementor-section-height-default elementor-section-height-default\" data-id=\"85c5581\" data-element_type=\"section\" data-e-type=\"section\">\n\t\t\t\t\t\t<div class=\"elementor-container elementor-column-gap-default\">\n\t\t\t\t\t<div class=\"elementor-column elementor-col-100 elementor-top-column elementor-element elementor-element-28fc111\" data-id=\"28fc111\" data-element_type=\"column\" data-e-type=\"column\">\n\t\t\t<div class=\"elementor-widget-wrap\">\n\t\t\t\t\t\t\t<\/div>\n\t\t<\/div>\n\t\t\t\t\t<\/div>\n\t\t<\/section>\n\t\t\t\t<section class=\"elementor-section elementor-top-section elementor-element elementor-element-f0f24e1 elementor-section-boxed elementor-section-height-default elementor-section-height-default\" data-id=\"f0f24e1\" data-element_type=\"section\" data-e-type=\"section\" data-settings=\"{&quot;background_background&quot;:&quot;classic&quot;}\">\n\t\t\t\t\t\t<div class=\"elementor-container elementor-column-gap-default\">\n\t\t\t\t\t<div class=\"elementor-column elementor-col-100 elementor-top-column elementor-element elementor-element-611b1ee\" data-id=\"611b1ee\" data-element_type=\"column\" data-e-type=\"column\">\n\t\t\t<div class=\"elementor-widget-wrap elementor-element-populated\">\n\t\t\t\t\t\t<div class=\"elementor-element elementor-element-3b15875 elementor-widget elementor-widget-video\" data-id=\"3b15875\" data-element_type=\"widget\" data-e-type=\"widget\" data-settings=\"{&quot;video_type&quot;:&quot;hosted&quot;,&quot;controls&quot;:&quot;yes&quot;}\" data-widget_type=\"video.default\">\n\t\t\t\t<div class=\"elementor-widget-container\">\n\t\t\t\t\t\t\t<div class=\"e-hosted-video elementor-wrapper elementor-open-inline\">\n\t\t\t\t\t<video class=\"elementor-video\" src=\"https:\/\/roxxlyn.com\/wp-content\/uploads\/2020\/11\/iPhone-Skin-inkl-Zubehor.66.mp4\" controls=\"\" preload=\"metadata\" controlslist=\"nodownload\"><\/video>\n\t\t\t\t<\/div>\n\t\t\t\t\t\t<\/div>\n\t\t\t\t<\/div>\n\t\t\t\t<section class=\"elementor-section elementor-inner-section elementor-element elementor-element-64c9f28 elementor-section-boxed elementor-section-height-default elementor-section-height-default\" data-id=\"64c9f28\" data-element_type=\"section\" data-e-type=\"section\">\n\t\t\t\t\t\t<div class=\"elementor-container elementor-column-gap-default\">\n\t\t\t\t\t<div class=\"elementor-column elementor-col-100 elementor-inner-column elementor-element elementor-element-53f4098\" data-id=\"53f4098\" data-element_type=\"column\" data-e-type=\"column\">\n\t\t\t<div class=\"elementor-widget-wrap elementor-element-populated\">\n\t\t\t\t\t\t<div class=\"elementor-element elementor-element-063f3cb elementor-widget elementor-widget-text-editor\" data-id=\"063f3cb\" data-element_type=\"widget\" data-e-type=\"widget\" data-widget_type=\"text-editor.default\">\n\t\t\t\t<div class=\"elementor-widget-container\">\n\t\t\t\t\t\t\t\t\tGer\u00e7ek Slate Case Siyah Darbeli K\u0131l\u0131f klasik ve dikkat \u00e7ekmez. Berlin'de ger\u00e7ek kayrak ta\u015f\u0131ndan el yap\u0131m\u0131 olarak \u00fcretilen ve en iyi Alcantara ile kaplanan bu k\u0131l\u0131f, g\u00fcnl\u00fck seyahatleriniz s\u0131ras\u0131nda iPhone'unuza optimum koruma sa\u011flar. Y\u00fcksek kaliteli bir \u00e7er\u00e7eve ile birle\u015ftirilen bu \u015faheser sadece 35 gram a\u011f\u0131rl\u0131\u011f\u0131ndad\u0131r. Zengin gri siyah dokusu, canl\u0131 ve s\u0131ra d\u0131\u015f\u0131 olan de\u011fi\u015fken ta\u015f yap\u0131s\u0131 nedeniyle sansasyonel bir y\u00fczeye sahiptir ve her bir \u00fcr\u00fcn\u00fc ger\u00e7ekten benzersiz k\u0131lar.\n\t\t\t\t\t\t\t\t<\/div>\n\t\t\t\t<\/div>\n\t\t\t\t<div class=\"elementor-element elementor-element-f4a6dab elementor-widget elementor-widget-text-editor\" data-id=\"f4a6dab\" data-element_type=\"widget\" data-e-type=\"widget\" data-widget_type=\"text-editor.default\">\n\t\t\t\t<div class=\"elementor-widget-container\">\n\t\t\t\t\t\t\t\t\t<p>Di\u011fer frekanslar gibi kablosuz \u015farj da hi\u00e7bir \u00f6d\u00fcn vermeden tam olarak desteklenir.<\/p>\t\t\t\t\t\t\t\t<\/div>\n\t\t\t\t<\/div>\n\t\t\t\t<div class=\"elementor-element elementor-element-8c52388 elementor-widget elementor-widget-text-editor\" data-id=\"8c52388\" data-element_type=\"widget\" data-e-type=\"widget\" data-widget_type=\"text-editor.default\">\n\t\t\t\t<div class=\"elementor-widget-container\">\n\t\t\t\t\t\t\t\t\t<p>K\u0131l\u0131f\u0131n kendisi Termoplastik poli\u00fcretan ve Polikarbonattan yap\u0131lm\u0131\u015ft\u0131r ve farkl\u0131 y\u00fczey ve renklerde mevcuttur. Toplam \u00fcr\u00fcn a\u011f\u0131rl\u0131\u011f\u0131, k\u0131l\u0131f\u0131n boyutuna ba\u011fl\u0131 olarak sadece 35 ila 45 gramd\u0131r. T\u00fcm \u00fcr\u00fcnlerimizde oldu\u011fu gibi, bu k\u0131l\u0131f da benzersiz kaya yap\u0131s\u0131 ve renklendirmesiyle farkl\u0131l\u0131k g\u00f6steren e\u015fsiz bir par\u00e7ad\u0131r, her biri do\u011fan\u0131n e\u015fsiz bir par\u00e7as\u0131d\u0131r. \u00a0<\/p>\t\t\t\t\t\t\t\t<\/div>\n\t\t\t\t<\/div>\n\t\t\t\t\t<\/div>\n\t\t<\/div>\n\t\t\t\t\t<\/div>\n\t\t<\/section>\n\t\t\t\t<div class=\"elementor-element elementor-element-956b714 elementor-widget elementor-widget-video\" data-id=\"956b714\" data-element_type=\"widget\" data-e-type=\"widget\" data-settings=\"{&quot;video_type&quot;:&quot;vimeo&quot;}\" data-widget_type=\"video.default\">\n\t\t\t\t<div class=\"elementor-widget-container\">\n\t\t\t\t\t\t\t<div class=\"elementor-wrapper elementor-open-inline\">\n\t\t\t<iframe class=\"elementor-video-iframe\" allowfullscreen allow=\"clipboard-write\" title=\"vimeo Video Oynat\u0131c\u0131\" src=\"https:\/\/player.vimeo.com\/video\/290503829?color&amp;autopause=0&amp;loop=0&amp;muted=0&amp;title=1&amp;portrait=1&amp;byline=1#t=\" data-no-translation-title=\"\"><\/iframe>\t\t<\/div>\n\t\t\t\t\t\t<\/div>\n\t\t\t\t<\/div>\n\t\t\t\t\t<\/div>\n\t\t<\/div>\n\t\t\t\t\t<\/div>\n\t\t<\/section>\n\t\t\t\t<\/div>","protected":false},"excerpt":{"rendered":"<p data-start=\"325\" data-end=\"739\">Yeni \u00fcr\u00fcn\u00fcn\u00fcz\u00fc y\u00fckseltin <strong data-start=\"342\" data-end=\"407\">iPhone 17, iPhone 17 Pro, iPhone 17 Pro Max veya iPhone 17 Air<\/strong> e\u015fsiz g\u00fczelli\u011fi ve dayan\u0131kl\u0131l\u0131\u011f\u0131 ile <strong data-start=\"456\" data-end=\"482\">Real Slate iPhone K\u0131l\u0131f\u0131<\/strong>. Almanya'da hassasiyetle el yap\u0131m\u0131 olarak \u00fcretilen bu \u00e7anta, otantik <strong data-start=\"556\" data-end=\"576\">Transocean kayrak ta\u015f\u0131<\/strong>, Sar\u0131, turuncu ve alt\u0131n\u0131n do\u011fal vurgular\u0131yla b\u00fcy\u00fcleyici mavi-gri tonlar\u0131 sergiliyor. Her bir kasa, do\u011fal ta\u015f\u0131n ger\u00e7ek cazibesini yans\u0131tan t\u00fcr\u00fcn\u00fcn tek \u00f6rne\u011fidir. Bu <strong data-start=\"745\" data-end=\"765\">sa\u011flam TPU \u00e7er\u00e7eve<\/strong> d\u00fc\u015fmelere ve \u00e7izilmelere kar\u015f\u0131 g\u00fcvenilir koruma sa\u011flarken <strong data-start=\"833\" data-end=\"858\">yumu\u015fak Alcantara astar<\/strong> l\u00fcks bir his ve ilave \u015fok emilimi sa\u011flar. \u0130nce, hafif ve tamamen <strong data-start=\"942\" data-end=\"991\">MagSafe ve kablosuz \u015farj ile uyumlu<\/strong>, hem modern i\u015flevsellik hem de zamans\u0131z bir \u015f\u0131kl\u0131k sunar. Gururla <strong data-start=\"1063\" data-end=\"1082\">Almanya'da \u00fcretilmi\u015ftir<\/strong>, Real Slate iPhone 17 K\u0131l\u0131f\u0131 kaliteyi, stili ve ayr\u0131cal\u0131\u011f\u0131 temsil eder - orijinal malzemelere ve \u00fcst\u00fcn i\u015f\u00e7ili\u011fe de\u011fer verenler i\u00e7in m\u00fckemmeldir.<\/p>","protected":false},"featured_media":13053,"template":"","meta":{"inline_featured_image":false},"product_brand":[],"product_cat":[66],"product_tag":[90,89,91],"class_list":{"0":"post-6408","1":"product","2":"type-product","3":"status-publish","4":"has-post-thumbnail","6":"product_cat-iphone-cases","7":"product_tag-iphone-real-slate-case","8":"product_tag-slate-case","9":"product_tag-slate-case-by-roxxlyn","11":"first","12":"instock","13":"featured","14":"taxable","15":"shipping-taxable","16":"purchasable","17":"product-type-variable","18":"has-default-attributes"},"exclude_global_add_ons":true,"addons":[{"name":"\u00d6zel Terzilik","type":"checkbox","position":0,"required":false,"title_format":"label","default":"","description_enable":false,"description":"","placeholder_enable":false,"placeholder":"","display":"select","restrictions_type":"any_text","adjust_price":false,"price":"","price_type":"flat_fee","restrictions":false,"min":"0","max":"0","options":[{"label":"Upgrade your case with a super-strong N52 grade 1.55 mm MagSafe magnet for seamless attachment and faster, more stable wireless charging","price":"10","price_type":"flat_fee","image":0,"visibility":true},{"label":"Opt for the most radiant and lively slate colors we have in stock, ensuring your case shines with unparalleled vibrancy.","price":"","price_type":"flat_fee","image":0,"visibility":true},{"label":"Embrace the raw beauty of nature with a heavy stone texture, adding a bold, tactile feel to your case.","price":"15","price_type":"flat_fee","image":0,"visibility":true},{"label":"Opt for a finer, smoother stone texture for a sleek touch and elegant appearance.","price":"","price_type":"flat_fee","image":0,"visibility":true},{"label":"Feature the iconic Apple logo with a precise cut-out on the stone surface, revealing the case's sleek, black satin-matte underside for a striking contrast and personalized touch.","price":"10","price_type":"flat_fee","image":0,"visibility":true},{"label":"Upgrade with a matching slate skin for the lens, cut from the same slate for perfect uniformity and enhanced protection.","price":"10","price_type":"flat_fee","image":0,"visibility":true},{"label":"Premium Liquid Care with dust-repellent, antistatic protection and a lasting matte effect. Specially designed to preserve and protect your case.","price":"5","price_type":"flat_fee","image":0,"visibility":true},{"label":"Premium Stone Cleaner & Care with antibacterial protection. Gently cleans and preserves the natural beauty of real slate for lasting elegance","price":"5","price_type":"flat_fee","image":0,"visibility":true}],"id":1757681370}],"_links":{"self":[{"href":"https:\/\/roxxlyn.com\/tr\/wp-json\/wp\/v2\/product\/6408","targetHints":{"allow":["GET"]}}],"collection":[{"href":"https:\/\/roxxlyn.com\/tr\/wp-json\/wp\/v2\/product"}],"about":[{"href":"https:\/\/roxxlyn.com\/tr\/wp-json\/wp\/v2\/types\/product"}],"version-history":[{"count":0,"href":"https:\/\/roxxlyn.com\/tr\/wp-json\/wp\/v2\/product\/6408\/revisions"}],"wp:featuredmedia":[{"embeddable":true,"href":"https:\/\/roxxlyn.com\/tr\/wp-json\/wp\/v2\/media\/13053"}],"wp:attachment":[{"href":"https:\/\/roxxlyn.com\/tr\/wp-json\/wp\/v2\/media?parent=6408"}],"wp:term":[{"taxonomy":"product_brand","embeddable":true,"href":"https:\/\/roxxlyn.com\/tr\/wp-json\/wp\/v2\/product_brand?post=6408"},{"taxonomy":"product_cat","embeddable":true,"href":"https:\/\/roxxlyn.com\/tr\/wp-json\/wp\/v2\/product_cat?post=6408"},{"taxonomy":"product_tag","embeddable":true,"href":"https:\/\/roxxlyn.com\/tr\/wp-json\/wp\/v2\/product_tag?post=6408"}],"curies":[{"name":"wp","href":"https:\/\/api.w.org\/{rel}","templated":true}]}}