{"id":3541,"date":"2021-05-21T13:02:50","date_gmt":"2021-05-21T13:02:50","guid":{"rendered":"https:\/\/roxxlyn.com\/?post_type=product&#038;p=3541"},"modified":"2025-09-24T07:08:30","modified_gmt":"2025-09-24T07:08:30","slug":"the-iphone-slate-case-black-rock","status":"publish","type":"product","link":"https:\/\/roxxlyn.com\/tr\/shop\/the-iphone-slate-case-black-rock\/","title":{"rendered":"iPhone Slate K\u0131l\u0131f\u0131 Black Rock"},"content":{"rendered":"<div data-elementor-type=\"wp-post\" data-elementor-id=\"3541\" class=\"elementor elementor-3541\" data-elementor-post-type=\"product\">\n\t\t\t\t\t\t<section class=\"elementor-section elementor-top-section elementor-element elementor-element-85c5581 elementor-section-boxed elementor-section-height-default elementor-section-height-default\" data-id=\"85c5581\" data-element_type=\"section\" data-e-type=\"section\">\n\t\t\t\t\t\t<div class=\"elementor-container elementor-column-gap-default\">\n\t\t\t\t\t<div class=\"elementor-column elementor-col-100 elementor-top-column elementor-element elementor-element-28fc111\" data-id=\"28fc111\" data-element_type=\"column\" data-e-type=\"column\">\n\t\t\t<div class=\"elementor-widget-wrap\">\n\t\t\t\t\t\t\t<\/div>\n\t\t<\/div>\n\t\t\t\t\t<\/div>\n\t\t<\/section>\n\t\t\t\t<section class=\"elementor-section elementor-top-section elementor-element elementor-element-f0f24e1 elementor-section-boxed elementor-section-height-default elementor-section-height-default\" data-id=\"f0f24e1\" data-element_type=\"section\" data-e-type=\"section\" data-settings=\"{&quot;background_background&quot;:&quot;classic&quot;}\">\n\t\t\t\t\t\t<div class=\"elementor-container elementor-column-gap-default\">\n\t\t\t\t\t<div class=\"elementor-column elementor-col-100 elementor-top-column elementor-element elementor-element-611b1ee\" data-id=\"611b1ee\" data-element_type=\"column\" data-e-type=\"column\">\n\t\t\t<div class=\"elementor-widget-wrap elementor-element-populated\">\n\t\t\t\t\t\t<div class=\"elementor-element elementor-element-3b15875 elementor-widget elementor-widget-video\" data-id=\"3b15875\" data-element_type=\"widget\" data-e-type=\"widget\" data-settings=\"{&quot;video_type&quot;:&quot;hosted&quot;,&quot;controls&quot;:&quot;yes&quot;}\" data-widget_type=\"video.default\">\n\t\t\t\t<div class=\"elementor-widget-container\">\n\t\t\t\t\t\t\t<div class=\"e-hosted-video elementor-wrapper elementor-open-inline\">\n\t\t\t\t\t<video class=\"elementor-video\" src=\"https:\/\/roxxlyn.com\/wp-content\/uploads\/2020\/11\/iPhone-Skin-inkl-Zubehor.66.mp4\" controls=\"\" preload=\"metadata\" controlslist=\"nodownload\"><\/video>\n\t\t\t\t<\/div>\n\t\t\t\t\t\t<\/div>\n\t\t\t\t<\/div>\n\t\t\t\t<section class=\"elementor-section elementor-inner-section elementor-element elementor-element-64c9f28 elementor-section-boxed elementor-section-height-default elementor-section-height-default\" data-id=\"64c9f28\" data-element_type=\"section\" data-e-type=\"section\">\n\t\t\t\t\t\t<div class=\"elementor-container elementor-column-gap-default\">\n\t\t\t\t\t<div class=\"elementor-column elementor-col-100 elementor-inner-column elementor-element elementor-element-53f4098\" data-id=\"53f4098\" data-element_type=\"column\" data-e-type=\"column\">\n\t\t\t<div class=\"elementor-widget-wrap elementor-element-populated\">\n\t\t\t\t\t\t<div class=\"elementor-element elementor-element-063f3cb elementor-widget elementor-widget-text-editor\" data-id=\"063f3cb\" data-element_type=\"widget\" data-e-type=\"widget\" data-widget_type=\"text-editor.default\">\n\t\t\t\t<div class=\"elementor-widget-container\">\n\t\t\t\t\t\t\t\t\t<p>Ger\u00e7ek Arduvaz K\u0131l\u0131f Black Rock K\u0131l\u0131f klasik ve ihtiyatl\u0131d\u0131r. Berlin'de ger\u00e7ek kayrak ta\u015f\u0131ndan el yap\u0131m\u0131 olarak \u00fcretilmi\u015ftir ve en iyi Alcantara ile kaplanm\u0131\u015ft\u0131r, bu da iPhone'unuza g\u00fcnl\u00fck seyahatleriniz s\u0131ras\u0131nda optimum koruma sa\u011flar. Y\u00fcksek kaliteli bir \u00e7er\u00e7eve ile birle\u015ftirilen bu \u015faheser sadece 35 gram a\u011f\u0131rl\u0131\u011f\u0131ndad\u0131r. Zengin gri siyah dokusu, canl\u0131 ve s\u0131ra d\u0131\u015f\u0131 olan de\u011fi\u015fken ta\u015f yap\u0131s\u0131 nedeniyle sansasyonel bir y\u00fczeye sahiptir ve her bir \u00fcr\u00fcn\u00fc ger\u00e7ekten benzersiz k\u0131lar.<\/p>\t\t\t\t\t\t\t\t<\/div>\n\t\t\t\t<\/div>\n\t\t\t\t<div class=\"elementor-element elementor-element-f4a6dab elementor-widget elementor-widget-text-editor\" data-id=\"f4a6dab\" data-element_type=\"widget\" data-e-type=\"widget\" data-widget_type=\"text-editor.default\">\n\t\t\t\t<div class=\"elementor-widget-container\">\n\t\t\t\t\t\t\t\t\t<p>Di\u011fer frekanslar gibi kablosuz \u015farj da hi\u00e7bir \u00f6d\u00fcn vermeden tam olarak desteklenir.<\/p>\t\t\t\t\t\t\t\t<\/div>\n\t\t\t\t<\/div>\n\t\t\t\t<div class=\"elementor-element elementor-element-8c52388 elementor-widget elementor-widget-text-editor\" data-id=\"8c52388\" data-element_type=\"widget\" data-e-type=\"widget\" data-widget_type=\"text-editor.default\">\n\t\t\t\t<div class=\"elementor-widget-container\">\n\t\t\t\t\t\t\t\t\t<p>K\u0131l\u0131f\u0131n kendisi Termoplastik poli\u00fcretan ve Polikarbonattan yap\u0131lm\u0131\u015ft\u0131r ve farkl\u0131 y\u00fczey ve renklerde mevcuttur. Toplam \u00fcr\u00fcn a\u011f\u0131rl\u0131\u011f\u0131, k\u0131l\u0131f\u0131n boyutuna ba\u011fl\u0131 olarak sadece 35 ila 45 gramd\u0131r. T\u00fcm \u00fcr\u00fcnlerimizde oldu\u011fu gibi, bu k\u0131l\u0131f da benzersiz kaya yap\u0131s\u0131 ve renklendirmesiyle farkl\u0131l\u0131k g\u00f6steren e\u015fsiz bir par\u00e7ad\u0131r, her biri do\u011fan\u0131n e\u015fsiz bir par\u00e7as\u0131d\u0131r. \u00a0<\/p>\t\t\t\t\t\t\t\t<\/div>\n\t\t\t\t<\/div>\n\t\t\t\t\t<\/div>\n\t\t<\/div>\n\t\t\t\t\t<\/div>\n\t\t<\/section>\n\t\t\t\t<div class=\"elementor-element elementor-element-956b714 elementor-widget elementor-widget-video\" data-id=\"956b714\" data-element_type=\"widget\" data-e-type=\"widget\" data-settings=\"{&quot;video_type&quot;:&quot;vimeo&quot;}\" data-widget_type=\"video.default\">\n\t\t\t\t<div class=\"elementor-widget-container\">\n\t\t\t\t\t\t\t<div class=\"elementor-wrapper elementor-open-inline\">\n\t\t\t<iframe class=\"elementor-video-iframe\" allowfullscreen allow=\"clipboard-write\" title=\"vimeo Video Oynat\u0131c\u0131\" src=\"https:\/\/player.vimeo.com\/video\/290503829?color&amp;autopause=0&amp;loop=0&amp;muted=0&amp;title=1&amp;portrait=1&amp;byline=1#t=\"><\/iframe>\t\t<\/div>\n\t\t\t\t\t\t<\/div>\n\t\t\t\t<\/div>\n\t\t\t\t\t<\/div>\n\t\t<\/div>\n\t\t\t\t\t<\/div>\n\t\t<\/section>\n\t\t\t\t<\/div>","protected":false},"excerpt":{"rendered":"<p data-start=\"380\" data-end=\"738\">Yeni i\u00e7in en \u00fcst d\u00fczey korumay\u0131 ke\u015ffedin <strong data-start=\"425\" data-end=\"491\">iPhone 17, iPhone 17 Pro, iPhone 17 Pro Max ve iPhone 17 Air<\/strong> bizim <strong data-start=\"501\" data-end=\"535\">Premium Ger\u00e7ek Arduvaz iPhone K\u0131l\u0131f\u0131<\/strong> - do\u011fal ta\u015f ve modern m\u00fchendisli\u011fin bir ba\u015fyap\u0131t\u0131. Her bir kasa, tarihi Alman ta\u015f ocaklar\u0131ndan temin edilen hakiki kayrak ta\u015f\u0131ndan el i\u015f\u00e7ili\u011fiyle \u00fcretilmi\u015ftir; bu da her bir par\u00e7ay\u0131 doku a\u00e7\u0131s\u0131ndan benzersiz ve tasar\u0131m a\u00e7\u0131s\u0131ndan zamans\u0131z k\u0131lmaktad\u0131r. \u0130le in\u015fa edilmi\u015ftir <strong data-start=\"751\" data-end=\"794\">Bayer Almanya'dan y\u00fcksek performansl\u0131 TPU<\/strong>, k\u0131l\u0131f, ince ve zarif profilini korurken d\u00fc\u015fmelere, \u00e7izilmelere ve g\u00fcnl\u00fck a\u015f\u0131nmaya kar\u015f\u0131 sa\u011flam bir savunma sa\u011flar. K\u0131l\u0131f\u0131n i\u00e7i l\u00fcks bir dokunu\u015f, daha iyi kavrama ve daha fazla koruma i\u00e7in yumu\u015fak Alcantara ile kaplanm\u0131\u015ft\u0131r. \u0130le <strong data-start=\"1034\" data-end=\"1079\">ekran ve kamera etraf\u0131nda y\u00fckseltilmi\u015f kenarlar<\/strong>, iPhone 17 serisi cihaz\u0131n\u0131z\u0131 stilinizden \u00f6d\u00fcn vermeden korur. \u0130ster g\u00fcnl\u00fck kullan\u0131mda ister hareket halindeyken, bu ta\u015f iPhone k\u0131l\u0131f\u0131 <strong data-start=\"1222\" data-end=\"1263\">do\u011fa, zanaatkarl\u0131k ve teknoloji<\/strong> cihaz\u0131n\u0131z\u0131 g\u00fcvenli, \u015f\u0131k ve emniyetli tutmak i\u00e7in. Gururla <strong data-start=\"1319\" data-end=\"1338\">Almanya'da \u00fcretilmi\u015ftir<\/strong>.<\/p>","protected":false},"featured_media":12895,"template":"","meta":{"inline_featured_image":false},"product_brand":[],"product_cat":[66],"product_tag":[90,89,91],"class_list":{"0":"post-3541","1":"product","2":"type-product","3":"status-publish","4":"has-post-thumbnail","6":"product_cat-iphone-cases","7":"product_tag-iphone-real-slate-case","8":"product_tag-slate-case","9":"product_tag-slate-case-by-roxxlyn","11":"first","12":"instock","13":"featured","14":"taxable","15":"shipping-taxable","16":"purchasable","17":"product-type-variable","18":"has-default-attributes"},"exclude_global_add_ons":false,"addons":[{"name":"\u00d6zel Terzilik","type":"checkbox","position":0,"required":false,"title_format":"label","default":"","description_enable":false,"description":"","placeholder_enable":false,"placeholder":"","display":"select","restrictions_type":"any_text","adjust_price":false,"price":"","price_type":"flat_fee","restrictions":false,"min":"0","max":"0","options":[{"label":"Upgrade your case with a super-strong N52 grade 1.55 mm MagSafe magnet for seamless attachment and faster, more stable wireless charging","price":"10","price_type":"flat_fee","image":0,"visibility":true},{"label":"Achieve the darkest (possible) hue on your stone surface for a sleek, sophisticated look.","price":"","price_type":"flat_fee","image":0,"visibility":true},{"label":"Embrace the raw beauty of nature with a heavy stone texture, adding a bold, tactile feel to your case.","price":"15","price_type":"flat_fee","image":0,"visibility":true},{"label":"Opt for a finer, smoother stone texture for a sleek touch and elegant appearance.","price":"","price_type":"flat_fee","image":0,"visibility":true},{"label":"Feature the iconic Apple logo with a precise cut-out on the stone surface, revealing the case's sleek, black satin-matte underside for a striking contrast and personalized touch.","price":"10","price_type":"flat_fee","image":0,"visibility":true},{"label":"Upgrade with a matching slate skin for the lens, cut from the same slate for perfect uniformity and enhanced protection.","price":"10","price_type":"flat_fee","image":0,"visibility":true},{"label":"Premium Liquid Care with dust-repellent, antistatic protection and a lasting matte effect. Specially designed to preserve and protect your case.","price":"5","price_type":"flat_fee","image":0,"visibility":true},{"label":"Premium Stone Cleaner & Care with antibacterial protection. Gently cleans and preserves the natural beauty of real slate for lasting elegance","price":"5","price_type":"flat_fee","image":0,"visibility":true}],"id":1709884294}],"_links":{"self":[{"href":"https:\/\/roxxlyn.com\/tr\/wp-json\/wp\/v2\/product\/3541","targetHints":{"allow":["GET"]}}],"collection":[{"href":"https:\/\/roxxlyn.com\/tr\/wp-json\/wp\/v2\/product"}],"about":[{"href":"https:\/\/roxxlyn.com\/tr\/wp-json\/wp\/v2\/types\/product"}],"version-history":[{"count":0,"href":"https:\/\/roxxlyn.com\/tr\/wp-json\/wp\/v2\/product\/3541\/revisions"}],"wp:featuredmedia":[{"embeddable":true,"href":"https:\/\/roxxlyn.com\/tr\/wp-json\/wp\/v2\/media\/12895"}],"wp:attachment":[{"href":"https:\/\/roxxlyn.com\/tr\/wp-json\/wp\/v2\/media?parent=3541"}],"wp:term":[{"taxonomy":"product_brand","embeddable":true,"href":"https:\/\/roxxlyn.com\/tr\/wp-json\/wp\/v2\/product_brand?post=3541"},{"taxonomy":"product_cat","embeddable":true,"href":"https:\/\/roxxlyn.com\/tr\/wp-json\/wp\/v2\/product_cat?post=3541"},{"taxonomy":"product_tag","embeddable":true,"href":"https:\/\/roxxlyn.com\/tr\/wp-json\/wp\/v2\/product_tag?post=3541"}],"curies":[{"name":"wp","href":"https:\/\/api.w.org\/{rel}","templated":true}]}}