{"id":3039,"date":"2021-01-13T16:49:21","date_gmt":"2021-01-13T16:49:21","guid":{"rendered":"https:\/\/roxxlyn.com\/?post_type=product&#038;p=3039"},"modified":"2026-03-04T16:09:48","modified_gmt":"2026-03-04T16:09:48","slug":"the-iphone-slate-skin-black-rock","status":"publish","type":"product","link":"https:\/\/roxxlyn.com\/tr\/shop\/the-iphone-slate-skin-black-rock\/","title":{"rendered":"iPhone Slate Skin Siyah Kaya"},"content":{"rendered":"<div data-elementor-type=\"wp-post\" data-elementor-id=\"3039\" class=\"elementor elementor-3039\" data-elementor-post-type=\"product\">\n\t\t\t\t\t\t<section class=\"elementor-section elementor-top-section elementor-element elementor-element-00f9663 elementor-section-boxed elementor-section-height-default elementor-section-height-default\" data-id=\"00f9663\" data-element_type=\"section\" data-e-type=\"section\">\n\t\t\t\t\t\t<div class=\"elementor-container elementor-column-gap-default\">\n\t\t\t\t\t<div class=\"elementor-column elementor-col-33 elementor-top-column elementor-element elementor-element-9dfa94f\" data-id=\"9dfa94f\" data-element_type=\"column\" data-e-type=\"column\">\n\t\t\t<div class=\"elementor-widget-wrap elementor-element-populated\">\n\t\t\t\t\t\t<div class=\"elementor-element elementor-element-ed5fd35 elementor-widget elementor-widget-heading\" data-id=\"ed5fd35\" data-element_type=\"widget\" data-e-type=\"widget\" data-widget_type=\"heading.default\">\n\t\t\t\t<div class=\"elementor-widget-container\">\n\t\t\t\t\t<h2 class=\"elementor-heading-title elementor-size-default\">iPhone Slate Skin Siyah Kaya<\/h2>\t\t\t\t<\/div>\n\t\t\t\t<\/div>\n\t\t\t\t\t<\/div>\n\t\t<\/div>\n\t\t\t\t<div class=\"elementor-column elementor-col-33 elementor-top-column elementor-element elementor-element-f699efe\" data-id=\"f699efe\" data-element_type=\"column\" data-e-type=\"column\">\n\t\t\t<div class=\"elementor-widget-wrap elementor-element-populated\">\n\t\t\t\t\t\t<div class=\"elementor-element elementor-element-46d3387 elementor-widget elementor-widget-text-editor\" data-id=\"46d3387\" data-element_type=\"widget\" data-e-type=\"widget\" data-widget_type=\"text-editor.default\">\n\t\t\t\t<div class=\"elementor-widget-container\">\n\t\t\t\t\t\t\t\t\t<p>Real Slate Skin Black Rock ile iPhone'unuza benzersiz, zamans\u0131z bir y\u00fckseltme yap\u0131n.<\/p><p>Almanya'da \u00f6zenle \u00fcretilen bu ultra ince, hakiki arduvaz kaplama, \u015f\u0131kl\u0131\u011f\u0131 ve dayan\u0131kl\u0131l\u0131\u011f\u0131 bir araya getirerek koyu gri tonlar\u0131 ve do\u011fal ta\u015f dokusuyla cihaz\u0131n\u0131z\u0131 di\u011ferlerinden ay\u0131r\u0131r.<\/p><p>Hantal k\u0131l\u0131flar\u0131n aksine bu kaplama, iPhone'unuzun cam arka y\u00fcz\u00fcn\u00fc \u00e7izilmelere ve kire kar\u015f\u0131 korurken orijinal profilini de koruyan \u015f\u0131k ve minimalist bir tasar\u0131m sunar.<\/p><p>Real Slate Skin Black Rock \u00fcr\u00fcn\u00fcm\u00fcz t\u00fcm iPhone modellerine kusursuz bir \u015fekilde uyacak \u015fekilde tasarlanm\u0131\u015ft\u0131r ve iPhone 16 Pro ve 16 Pro Max i\u00e7in daha dar olan sol lens alan\u0131na uyum sa\u011flayacak yeni bir \u00f6zel kesim i\u00e7erir ve hem stil hem de sa\u011flaml\u0131k sa\u011flar.<\/p><p>\u00a0<\/p>\t\t\t\t\t\t\t\t<\/div>\n\t\t\t\t<\/div>\n\t\t\t\t\t<\/div>\n\t\t<\/div>\n\t\t\t\t<div class=\"elementor-column elementor-col-33 elementor-top-column elementor-element elementor-element-602b0ef\" data-id=\"602b0ef\" data-element_type=\"column\" data-e-type=\"column\">\n\t\t\t<div class=\"elementor-widget-wrap elementor-element-populated\">\n\t\t\t\t\t\t<div class=\"elementor-element elementor-element-bce3332 elementor-widget elementor-widget-text-editor\" data-id=\"bce3332\" data-element_type=\"widget\" data-e-type=\"widget\" data-widget_type=\"text-editor.default\">\n\t\t\t\t<div class=\"elementor-widget-container\">\n\t\t\t\t\t\t\t\t\t<p><span style=\"background-color: transparent; font-size: 1rem;\">Tam oturmas\u0131 i\u00e7in sipari\u015f \u00fczerine \u00fcretilen bu derinin uygulanmas\u0131 kolayd\u0131r ve \u00e7\u0131kar\u0131ld\u0131\u011f\u0131nda yap\u0131\u015fkan bir kal\u0131nt\u0131 b\u0131rakmaz. Her par\u00e7a Jaipur, Hindistan'dan temin edilen hakiki \"Black Rock\" kayrak ta\u015f\u0131ndan \u00fcretilmi\u015ftir ve her bir deriye t\u00fcr\u00fcn\u00fcn tek \u00f6rne\u011fi bir g\u00f6r\u00fcn\u00fcm kazand\u0131r\u0131r.<\/span><\/p><p><span style=\"background-color: transparent; font-size: 1rem;\">Kendimizi kaliteye adad\u0131k, birinci s\u0131n\u0131f malzemeler kullan\u0131yoruz ve sadece en iyi ta\u015f levhalar\u0131 se\u00e7erek sizin kadar benzersiz bir g\u00f6r\u00fcn\u00fcm yarat\u0131yoruz. Yaln\u0131zca 8 graml\u0131k hafifli\u011fiyle Real Slate Skin Black Rock, a\u011f\u0131rl\u0131k katmadan sofistike ama do\u011fal bir dokunu\u015f katar. AB d\u0131\u015f\u0131ndaki uluslararas\u0131 m\u00fc\u015fteriler i\u00e7in yerel vergi ve g\u00fcmr\u00fck \u00fccretlerinin uygulanabilece\u011fini l\u00fctfen unutmay\u0131n.<\/span><\/p><p>Real Slate Skin Black Rock ile ger\u00e7ek \u015f\u0131kl\u0131\u011f\u0131 ya\u015fay\u0131n - koruma, stil ve sadece ger\u00e7ek ta\u015f\u0131n sa\u011flayabilece\u011fi farkl\u0131 bir g\u00f6r\u00fcn\u00fcm.<\/p>\t\t\t\t\t\t\t\t<\/div>\n\t\t\t\t<\/div>\n\t\t\t\t\t<\/div>\n\t\t<\/div>\n\t\t\t\t\t<\/div>\n\t\t<\/section>\n\t\t\t\t<section class=\"elementor-section elementor-top-section elementor-element elementor-element-eee3027 elementor-section-boxed elementor-section-height-default elementor-section-height-default\" data-id=\"eee3027\" data-element_type=\"section\" data-e-type=\"section\" data-settings=\"{&quot;background_background&quot;:&quot;classic&quot;}\">\n\t\t\t\t\t\t<div class=\"elementor-container elementor-column-gap-default\">\n\t\t\t\t\t<div class=\"elementor-column elementor-col-100 elementor-top-column elementor-element elementor-element-833149b\" data-id=\"833149b\" data-element_type=\"column\" data-e-type=\"column\">\n\t\t\t<div class=\"elementor-widget-wrap elementor-element-populated\">\n\t\t\t\t\t\t<div class=\"elementor-element elementor-element-f8693f2 elementor-widget elementor-widget-video\" data-id=\"f8693f2\" data-element_type=\"widget\" data-e-type=\"widget\" data-settings=\"{&quot;video_type&quot;:&quot;hosted&quot;,&quot;play_on_mobile&quot;:&quot;yes&quot;,&quot;autoplay&quot;:&quot;yes&quot;,&quot;mute&quot;:&quot;yes&quot;,&quot;loop&quot;:&quot;yes&quot;}\" data-widget_type=\"video.default\">\n\t\t\t\t<div class=\"elementor-widget-container\">\n\t\t\t\t\t\t\t<div class=\"e-hosted-video elementor-wrapper elementor-open-inline\">\n\t\t\t\t\t<video class=\"elementor-video\" src=\"https:\/\/roxxlyn.com\/wp-content\/uploads\/2024\/11\/16-pro-max-skin.553.mp4\" autoplay=\"\" loop=\"\" muted=\"muted\" playsinline=\"\" controlslist=\"nodownload\"><\/video>\n\t\t\t\t<\/div>\n\t\t\t\t\t\t<\/div>\n\t\t\t\t<\/div>\n\t\t\t\t\t<\/div>\n\t\t<\/div>\n\t\t\t\t\t<\/div>\n\t\t<\/section>\n\t\t\t\t<section class=\"elementor-section elementor-top-section elementor-element elementor-element-f0f24e1 elementor-section-boxed elementor-section-height-default elementor-section-height-default\" data-id=\"f0f24e1\" data-element_type=\"section\" data-e-type=\"section\" data-settings=\"{&quot;background_background&quot;:&quot;classic&quot;}\">\n\t\t\t\t\t\t<div class=\"elementor-container elementor-column-gap-default\">\n\t\t\t\t\t<div class=\"elementor-column elementor-col-100 elementor-top-column elementor-element elementor-element-611b1ee\" data-id=\"611b1ee\" data-element_type=\"column\" data-e-type=\"column\">\n\t\t\t<div class=\"elementor-widget-wrap elementor-element-populated\">\n\t\t\t\t\t\t<div class=\"elementor-element elementor-element-956b714 elementor-widget elementor-widget-video\" data-id=\"956b714\" data-element_type=\"widget\" data-e-type=\"widget\" data-settings=\"{&quot;video_type&quot;:&quot;vimeo&quot;}\" data-widget_type=\"video.default\">\n\t\t\t\t<div class=\"elementor-widget-container\">\n\t\t\t\t\t\t\t<div class=\"elementor-wrapper elementor-open-inline\">\n\t\t\t<iframe class=\"elementor-video-iframe\" allowfullscreen allow=\"clipboard-write\" title=\"vimeo Video Oynat\u0131c\u0131\" src=\"https:\/\/player.vimeo.com\/video\/290503829?color&amp;autopause=0&amp;loop=0&amp;muted=0&amp;title=1&amp;portrait=1&amp;byline=1#t=\"><\/iframe>\t\t<\/div>\n\t\t\t\t\t\t<\/div>\n\t\t\t\t<\/div>\n\t\t\t\t\t<\/div>\n\t\t<\/div>\n\t\t\t\t\t<\/div>\n\t\t<\/section>\n\t\t\t\t<section class=\"elementor-section elementor-top-section elementor-element elementor-element-116d343 elementor-section-boxed elementor-section-height-default elementor-section-height-default\" data-id=\"116d343\" data-element_type=\"section\" data-e-type=\"section\">\n\t\t\t\t\t\t<div class=\"elementor-container elementor-column-gap-default\">\n\t\t\t\t\t<div class=\"elementor-column elementor-col-100 elementor-top-column elementor-element elementor-element-58aea76\" data-id=\"58aea76\" data-element_type=\"column\" data-e-type=\"column\">\n\t\t\t<div class=\"elementor-widget-wrap\">\n\t\t\t\t\t\t\t<\/div>\n\t\t<\/div>\n\t\t\t\t\t<\/div>\n\t\t<\/section>\n\t\t\t\t<\/div>","protected":false},"excerpt":{"rendered":"<p data-start=\"147\" data-end=\"200\"><strong data-start=\"147\" data-end=\"198\">iPhone 17 Serisi i\u00e7in Real Slate Skin Black Rock<\/strong><\/p>\n<p data-start=\"202\" data-end=\"459\">Real Slate Skin Black Rock ile iPhone 17, iPhone 17 Pro, iPhone 17 Pro Max veya iPhone 17 Air cihaz\u0131n\u0131za zamans\u0131z ve do\u011fal bir g\u00f6r\u00fcn\u00fcm kazand\u0131r\u0131n. Almanya'da el i\u015f\u00e7ili\u011fiyle \u00fcretilen bu ultra ince ta\u015f kaplama, benzersiz bir g\u00f6r\u00fcn\u00fcm i\u00e7in minimalist tasar\u0131m\u0131 otantik arduvaz ile birle\u015ftiriyor.<\/p>\n<ul data-start=\"461\" data-end=\"783\">\n<li data-start=\"461\" data-end=\"537\">\n<p data-start=\"463\" data-end=\"537\">iPhone 17, 17 Pro, 17 Pro Max, 17 Air ve \u00f6nceki modellerle uyumludur<\/p>\n<\/li>\n<li data-start=\"461\" data-end=\"537\">\n<p data-start=\"463\" data-end=\"537\">Hakiki Black Rock kayrak ta\u015f\u0131ndan el yap\u0131m\u0131<\/p>\n<\/li>\n<li data-start=\"584\" data-end=\"626\">\n<p data-start=\"586\" data-end=\"626\">Ultra ince: yakla\u015f\u0131k 1 mm ve sadece 8 gram<\/p>\n<\/li>\n<li data-start=\"627\" data-end=\"682\">\n<p data-start=\"629\" data-end=\"682\">Birinci s\u0131n\u0131f yap\u0131\u015fkan, g\u00fcvenli tutu\u015f, kal\u0131nt\u0131s\u0131z \u00e7\u0131karma<\/p>\n<\/li>\n<li data-start=\"683\" data-end=\"734\">\n<p data-start=\"685\" data-end=\"734\">Cam arka y\u00fczeyi \u00e7izilmelere ve kire kar\u015f\u0131 korur<\/p>\n<\/li>\n<li data-start=\"735\" data-end=\"783\">\n<p data-start=\"737\" data-end=\"783\">Her cilt benzersiz bir do\u011fal ta\u015f dokusuna sahiptir<\/p>\n<\/li>\n<\/ul>\n<p data-start=\"785\" data-end=\"903\">Hafif, \u00e7izilmeye kar\u015f\u0131 dayan\u0131kl\u0131 ve t\u00fcr\u00fcn\u00fcn tek \u00f6rne\u011fi olan Black Rock Slate Skin, iPhone'unuza do\u011fal bir \u015f\u0131kl\u0131k katar.<\/p>","protected":false},"featured_media":12860,"template":"","meta":{"inline_featured_image":false},"product_brand":[],"product_cat":[66],"product_tag":[],"class_list":{"0":"post-3039","1":"product","2":"type-product","3":"status-publish","4":"has-post-thumbnail","6":"product_cat-iphone-cases","8":"first","9":"instock","10":"taxable","11":"shipping-taxable","12":"purchasable","13":"product-type-variable","14":"has-default-attributes"},"exclude_global_add_ons":true,"addons":[{"name":"\u00f6zel","type":"checkbox","position":0,"required":false,"title_format":"heading","default":"","description_enable":false,"description":"","placeholder_enable":false,"placeholder":"","display":"radiobutton","restrictions_type":"any_text","adjust_price":false,"price":"","price_type":"flat_fee","restrictions":false,"min":"0","max":"0","options":[{"label":"Centered Apple Logo \u2013 We realign the logo to sit exactly in the middle of your iPhone. Comes with a matching vinyl insert. Only for iP17 Pro and 17Pro Max","price":"","price_type":"flat_fee","image":0,"visibility":true},{"label":"Original Apple Logo (2\/3 Position \u2013 iPhone 17 Pro & 17 Pro Max)","price":"","price_type":"flat_fee","image":0,"visibility":true},{"label":"No Apple Logo Cutout \u2013 A seamless full-stone back without any logo opening","price":"","price_type":"flat_fee","image":0,"visibility":true},{"label":"Dark Stone Finish \u2013 Enhanced for the deepest possible tone","price":"","price_type":"flat_fee","image":0,"visibility":true},{"label":"Apple Logo Guard Film \u2013 Highly transparent glossy polyurethane film with outstanding UV-resistance, excellent tear strength, and self-healing surface. That means light scratches on the surface (e.g. originating from squeegees, cleaning brushes) can be removed easily by applying heat (e.g. solar radiation, heat gun)","price":"5","price_type":"flat_fee","image":0,"visibility":true},{"label":"Stone Texture Smooth \u2013 A flatter, more even stone surface with reduced depth and texture.","price":"","price_type":"flat_fee","image":0,"visibility":true},{"label":"Heavy Stone Texture \u2013 Enhanced natural highs and lows, offering a more rugged, tactile stone finish","price":"15","price_type":"flat_fee","image":0,"visibility":true}],"id":1702754809}],"_links":{"self":[{"href":"https:\/\/roxxlyn.com\/tr\/wp-json\/wp\/v2\/product\/3039","targetHints":{"allow":["GET"]}}],"collection":[{"href":"https:\/\/roxxlyn.com\/tr\/wp-json\/wp\/v2\/product"}],"about":[{"href":"https:\/\/roxxlyn.com\/tr\/wp-json\/wp\/v2\/types\/product"}],"version-history":[{"count":1,"href":"https:\/\/roxxlyn.com\/tr\/wp-json\/wp\/v2\/product\/3039\/revisions"}],"predecessor-version":[{"id":14837,"href":"https:\/\/roxxlyn.com\/tr\/wp-json\/wp\/v2\/product\/3039\/revisions\/14837"}],"wp:featuredmedia":[{"embeddable":true,"href":"https:\/\/roxxlyn.com\/tr\/wp-json\/wp\/v2\/media\/12860"}],"wp:attachment":[{"href":"https:\/\/roxxlyn.com\/tr\/wp-json\/wp\/v2\/media?parent=3039"}],"wp:term":[{"taxonomy":"product_brand","embeddable":true,"href":"https:\/\/roxxlyn.com\/tr\/wp-json\/wp\/v2\/product_brand?post=3039"},{"taxonomy":"product_cat","embeddable":true,"href":"https:\/\/roxxlyn.com\/tr\/wp-json\/wp\/v2\/product_cat?post=3039"},{"taxonomy":"product_tag","embeddable":true,"href":"https:\/\/roxxlyn.com\/tr\/wp-json\/wp\/v2\/product_tag?post=3039"}],"curies":[{"name":"wp","href":"https:\/\/api.w.org\/{rel}","templated":true}]}}