{"id":2984,"date":"2021-01-13T16:09:51","date_gmt":"2021-01-13T16:09:51","guid":{"rendered":"https:\/\/roxxlyn.com\/?post_type=product&#038;p=2984"},"modified":"2025-09-23T13:22:08","modified_gmt":"2025-09-23T13:22:08","slug":"the-iphone-granite-case-lapis-lazuli","status":"publish","type":"product","link":"https:\/\/roxxlyn.com\/tr\/shop\/the-iphone-granite-case-lapis-lazuli\/","title":{"rendered":"iPhone Granit K\u0131l\u0131f Lapis Lazuli"},"content":{"rendered":"<div data-elementor-type=\"wp-post\" data-elementor-id=\"2984\" class=\"elementor elementor-2984\" data-elementor-post-type=\"product\">\n\t\t\t\t\t\t<section class=\"elementor-section elementor-top-section elementor-element elementor-element-4fad3d1 elementor-section-boxed elementor-section-height-default elementor-section-height-default\" data-id=\"4fad3d1\" data-element_type=\"section\" data-e-type=\"section\" data-settings=\"{&quot;background_background&quot;:&quot;classic&quot;}\">\n\t\t\t\t\t\t<div class=\"elementor-container elementor-column-gap-default\">\n\t\t\t\t\t<div class=\"elementor-column elementor-col-100 elementor-top-column elementor-element elementor-element-e551091\" data-id=\"e551091\" data-element_type=\"column\" data-e-type=\"column\">\n\t\t\t<div class=\"elementor-widget-wrap elementor-element-populated\">\n\t\t\t\t\t\t<div class=\"elementor-element elementor-element-56bab67 elementor-widget elementor-widget-video\" data-id=\"56bab67\" data-element_type=\"widget\" data-e-type=\"widget\" data-settings=\"{&quot;video_type&quot;:&quot;vimeo&quot;,&quot;autoplay&quot;:&quot;yes&quot;,&quot;play_on_mobile&quot;:&quot;yes&quot;,&quot;mute&quot;:&quot;yes&quot;}\" data-widget_type=\"video.default\">\n\t\t\t\t<div class=\"elementor-widget-container\">\n\t\t\t\t\t\t\t<div class=\"elementor-wrapper elementor-open-inline\">\n\t\t\t<iframe class=\"elementor-video-iframe\" allowfullscreen allow=\"autoplay\" title=\"vimeo Video Oynat\u0131c\u0131\" src=\"https:\/\/player.vimeo.com\/video\/486704204?autoplay=1&amp;playsinline=1&amp;color&amp;autopause=0&amp;loop=0&amp;muted=1&amp;title=1&amp;portrait=1&amp;byline=1#t=\" data-no-translation-title=\"\"><\/iframe>\t\t<\/div>\n\t\t\t\t\t\t<\/div>\n\t\t\t\t<\/div>\n\t\t\t\t<section class=\"elementor-section elementor-inner-section elementor-element elementor-element-c18f3bd elementor-section-boxed elementor-section-height-default elementor-section-height-default\" data-id=\"c18f3bd\" data-element_type=\"section\" data-e-type=\"section\">\n\t\t\t\t\t\t<div class=\"elementor-container elementor-column-gap-default\">\n\t\t\t\t\t<div class=\"elementor-column elementor-col-50 elementor-inner-column elementor-element elementor-element-d3dd10c\" data-id=\"d3dd10c\" data-element_type=\"column\" data-e-type=\"column\">\n\t\t\t<div class=\"elementor-widget-wrap elementor-element-populated\">\n\t\t\t\t\t\t<div class=\"elementor-element elementor-element-c4dfc94 elementor-widget elementor-widget-text-editor\" data-id=\"c4dfc94\" data-element_type=\"widget\" data-e-type=\"widget\" data-widget_type=\"text-editor.default\">\n\t\t\t\t<div class=\"elementor-widget-container\">\n\t\t\t\t\t\t\t\t\t<p>Di\u011fer frekanslar gibi kablosuz \u015farj da hi\u00e7bir \u00f6d\u00fcn vermeden tam olarak desteklenir.<\/p>\t\t\t\t\t\t\t\t<\/div>\n\t\t\t\t<\/div>\n\t\t\t\t<div class=\"elementor-element elementor-element-e8328cd elementor-widget elementor-widget-text-editor\" data-id=\"e8328cd\" data-element_type=\"widget\" data-e-type=\"widget\" data-widget_type=\"text-editor.default\">\n\t\t\t\t<div class=\"elementor-widget-container\">\n\t\t\t\t\t\t\t\t\t<p>K\u0131l\u0131f\u0131n kendisi Termoplastik poli\u00fcretan ve Polikarbonattan yap\u0131lm\u0131\u015ft\u0131r ve farkl\u0131 y\u00fczey ve renklerde mevcuttur. Toplam \u00fcr\u00fcn a\u011f\u0131rl\u0131\u011f\u0131, k\u0131l\u0131f\u0131n boyutuna ba\u011fl\u0131 olarak sadece 35 ila 45 gramd\u0131r. T\u00fcm \u00fcr\u00fcnlerimizde oldu\u011fu gibi, bu k\u0131l\u0131f da benzersiz kaya yap\u0131s\u0131 ve renklendirmesiyle farkl\u0131l\u0131k g\u00f6steren e\u015fsiz bir par\u00e7ad\u0131r, her biri do\u011fan\u0131n e\u015fsiz bir par\u00e7as\u0131d\u0131r. \u00a0<\/p>\t\t\t\t\t\t\t\t<\/div>\n\t\t\t\t<\/div>\n\t\t\t\t\t<\/div>\n\t\t<\/div>\n\t\t\t\t<div class=\"elementor-column elementor-col-50 elementor-inner-column elementor-element elementor-element-7c0f8d7\" data-id=\"7c0f8d7\" data-element_type=\"column\" data-e-type=\"column\">\n\t\t\t<div class=\"elementor-widget-wrap elementor-element-populated\">\n\t\t\t\t\t\t<div class=\"elementor-element elementor-element-ca943b6 elementor-widget elementor-widget-text-editor\" data-id=\"ca943b6\" data-element_type=\"widget\" data-e-type=\"widget\" data-widget_type=\"text-editor.default\">\n\t\t\t\t<div class=\"elementor-widget-container\">\n\t\t\t\t\t\t\t\t\tMagsafe m\u0131knat\u0131slar mevcuttur ve Orijinal Apple kablosuz \u015farj cihazlar\u0131n\u0131 ve Roxxlyn \u015farj cihazlar\u0131n\u0131 eklenti se\u00e7ene\u011fi olarak tam desteklemek i\u00e7in m\u00fckemmel \u015fekilde entegre edilmi\u015ftir.\u00a0\t\t\t\t\t\t\t\t<\/div>\n\t\t\t\t<\/div>\n\t\t\t\t<div class=\"elementor-element elementor-element-6793b6c elementor-widget elementor-widget-text-editor\" data-id=\"6793b6c\" data-element_type=\"widget\" data-e-type=\"widget\" data-widget_type=\"text-editor.default\">\n\t\t\t\t<div class=\"elementor-widget-container\">\n\t\t\t\t\t\t\t\t\t<p>Kendi \u00f6zel geli\u015ftirmemiz sayesinde, k\u0131l\u0131f\u0131n i\u00e7 k\u0131sm\u0131 en iyi s\u00fcet \/ vejetaryen deri ile donat\u0131lm\u0131\u015ft\u0131r ve \u015fok emici ve kablosuz \u015farj\u0131 hi\u00e7bir \u00f6d\u00fcn vermeden m\u00fckemmel bir \u015fekilde sa\u011flayan benzersiz bir polimer teknolojisi sunar.\u00a0<\/p>\t\t\t\t\t\t\t\t<\/div>\n\t\t\t\t<\/div>\n\t\t\t\t<div class=\"elementor-element elementor-element-91f1315 elementor-widget elementor-widget-video\" data-id=\"91f1315\" data-element_type=\"widget\" data-e-type=\"widget\" data-settings=\"{&quot;video_type&quot;:&quot;hosted&quot;,&quot;controls&quot;:&quot;yes&quot;}\" data-widget_type=\"video.default\">\n\t\t\t\t<div class=\"elementor-widget-container\">\n\t\t\t\t\t\t\t<div class=\"e-hosted-video elementor-wrapper elementor-open-inline\">\n\t\t\t\t\t<video class=\"elementor-video\" src=\"https:\/\/roxxlyn.com\/wp-content\/uploads\/2020\/11\/iPhone-Skin-inkl-Zubehor.66.mp4\" controls=\"\" preload=\"metadata\" controlslist=\"nodownload\"><\/video>\n\t\t\t\t<\/div>\n\t\t\t\t\t\t<\/div>\n\t\t\t\t<\/div>\n\t\t\t\t\t<\/div>\n\t\t<\/div>\n\t\t\t\t\t<\/div>\n\t\t<\/section>\n\t\t\t\t<div class=\"elementor-element elementor-element-e7512c5 elementor-widget elementor-widget-video\" data-id=\"e7512c5\" data-element_type=\"widget\" data-e-type=\"widget\" data-settings=\"{&quot;video_type&quot;:&quot;vimeo&quot;}\" data-widget_type=\"video.default\">\n\t\t\t\t<div class=\"elementor-widget-container\">\n\t\t\t\t\t\t\t<div class=\"elementor-wrapper elementor-open-inline\">\n\t\t\t<iframe class=\"elementor-video-iframe\" allowfullscreen allow=\"clipboard-write\" title=\"vimeo Video Oynat\u0131c\u0131\" src=\"https:\/\/player.vimeo.com\/video\/290503829?color&amp;autopause=0&amp;loop=0&amp;muted=0&amp;title=1&amp;portrait=1&amp;byline=1#t=\" data-no-translation-title=\"\"><\/iframe>\t\t<\/div>\n\t\t\t\t\t\t<\/div>\n\t\t\t\t<\/div>\n\t\t\t\t\t<\/div>\n\t\t<\/div>\n\t\t\t\t\t<\/div>\n\t\t<\/section>\n\t\t\t\t<\/div>","protected":false},"excerpt":{"rendered":"<p data-start=\"328\" data-end=\"404\"><strong data-start=\"328\" data-end=\"402\">Lapis Lazuli Mermer iPhone K\u0131l\u0131f\u0131 - iPhone 17 Serisi i\u00e7in El Yap\u0131m\u0131 L\u00fcks<\/strong><\/p>\n<p data-start=\"406\" data-end=\"681\">Lapis Lazuli Marble iPhone K\u0131l\u0131f\u0131n\u0131n zamans\u0131z zarafetiyle iPhone 17, iPhone 17 Pro, iPhone 17 Pro Max veya iPhone 17 Air'inizi y\u00fckseltin. Bu ba\u015fyap\u0131t, do\u011fan\u0131n sanat\u0131n\u0131 hassas Alman i\u015f\u00e7ili\u011fiyle harmanlayarak rafine oldu\u011fu kadar nadir bulunan bir aksesuar yarat\u0131yor.<\/p>\n<p data-start=\"683\" data-end=\"999\">Afganistan'\u0131n Badakhshan da\u011flar\u0131ndaki efsanevi Sar-e-Sang vadisinden temin edilen hakiki Lapis Lazuli mermerinden el yap\u0131m\u0131 olarak \u00fcretilen her bir kasa benzersizdir. Ta\u015f, \u0130talya'n\u0131n Verona kentinde bulunan ve do\u011fal ta\u015f i\u015fleme alan\u0131ndaki uzmanl\u0131\u011f\u0131yla tan\u0131nan Antolini tesislerinde cilal\u0131 plakalara d\u00f6n\u00fc\u015ft\u00fcr\u00fclmektedir.<\/p>\n<p data-start=\"1001\" data-end=\"1326\">Y\u0131ld\u0131zl\u0131 bir gece g\u00f6ky\u00fcz\u00fcn\u00fc and\u0131ran alt\u0131n beneklerle vurgulanan Lapis Lazuli'nin derin g\u00f6k mavisi, bu k\u0131l\u0131fa kusursuz karakterini verir. Mermer, iPhone'unuz i\u00e7in hem sofistike bir stil hem de g\u00fcvenilir g\u00fcnl\u00fck koruma sa\u011flayan ultra hafif ama son derece dayan\u0131kl\u0131 cilal\u0131 katmanlar halinde Almanya'da i\u015flenmi\u015ftir.<\/p>\n<p data-start=\"1707\" data-end=\"1975\">Lapis Lazuli Mermer iPhone K\u0131l\u0131f\u0131 bir aksesuardan \u00e7ok daha fazlas\u0131d\u0131r - l\u00fcks\u00fcn ve bireyselli\u011fin ifadesidir. M\u00fckemmelli\u011fi, nadirli\u011fi ve i\u015f\u00e7ili\u011fi takdir edenler i\u00e7in tasarlanan bu k\u0131l\u0131f, iPhone'unuzu hem tarihi hem de yenili\u011fi yans\u0131tan bir sanat eserine d\u00f6n\u00fc\u015ft\u00fcr\u00fcr.<\/p>","protected":false},"featured_media":13049,"template":"","meta":{"inline_featured_image":false},"product_brand":[],"product_cat":[66],"product_tag":[147,146],"class_list":{"0":"post-2984","1":"product","2":"type-product","3":"status-publish","4":"has-post-thumbnail","6":"product_cat-iphone-cases","7":"product_tag-granite","8":"product_tag-iphone-case","10":"first","11":"instock","12":"taxable","13":"shipping-taxable","14":"purchasable","15":"product-type-variable","16":"has-default-attributes"},"exclude_global_add_ons":true,"addons":[{"name":"\u00d6zel Terzilik","type":"checkbox","position":0,"required":false,"title_format":"label","default":"","description_enable":false,"description":"","placeholder_enable":false,"placeholder":"","display":"select","restrictions_type":"any_text","adjust_price":false,"price":"","price_type":"flat_fee","restrictions":false,"min":"0","max":"0","options":[{"label":"Upgrade your case with a super-strong N52 grade 1.55 mm MagSafe magnet for seamless attachment and faster, more stable wireless charging","price":"10","price_type":"flat_fee","image":0,"visibility":true},{"label":"Opt for a design featuring darker tones and minimal white veins for a sleek, uniform appearance.","price":"","price_type":"flat_fee","image":0,"visibility":true},{"label":"Opt for a design that emphasizes rich white veins for a touch of natural sophistication.","price":"15","price_type":"flat_fee","image":0,"visibility":true},{"label":"Reveal the iconic Apple logo with a precise cut-out on the stone surface, unveiling a sleek black satin-matte underside for a striking contrast and personal touch.","price":"15","price_type":"flat_fee","image":0,"visibility":true},{"label":"Enhance your device with a white engraved Apple logo, crafted over two days for elegance and sophistication.","price":"20","price_type":"flat_fee","image":0,"visibility":true},{"label":"Premium Liquid Care with dust-repellent, antistatic protection and a lasting matte effect. Specially designed to preserve and protect your case.","price":"5","price_type":"flat_fee","image":0,"visibility":false},{"label":"A premium marble liquid polish that enhances and protects the natural beauty of your marble surfaces, providing a lasting, brilliant shine.","price":"5","price_type":"flat_fee","image":0,"visibility":true},{"label":"Microfiber Polishing Cloth: A soft, high-quality microfiber cloth designed for polishing marble surfaces. It delivers a streak-free, brilliant shine without scratching, perfect for maintaining your marble's natural beauty.","price":"5","price_type":"flat_fee","image":0,"visibility":false}],"id":1758632800}],"_links":{"self":[{"href":"https:\/\/roxxlyn.com\/tr\/wp-json\/wp\/v2\/product\/2984","targetHints":{"allow":["GET"]}}],"collection":[{"href":"https:\/\/roxxlyn.com\/tr\/wp-json\/wp\/v2\/product"}],"about":[{"href":"https:\/\/roxxlyn.com\/tr\/wp-json\/wp\/v2\/types\/product"}],"version-history":[{"count":0,"href":"https:\/\/roxxlyn.com\/tr\/wp-json\/wp\/v2\/product\/2984\/revisions"}],"wp:featuredmedia":[{"embeddable":true,"href":"https:\/\/roxxlyn.com\/tr\/wp-json\/wp\/v2\/media\/13049"}],"wp:attachment":[{"href":"https:\/\/roxxlyn.com\/tr\/wp-json\/wp\/v2\/media?parent=2984"}],"wp:term":[{"taxonomy":"product_brand","embeddable":true,"href":"https:\/\/roxxlyn.com\/tr\/wp-json\/wp\/v2\/product_brand?post=2984"},{"taxonomy":"product_cat","embeddable":true,"href":"https:\/\/roxxlyn.com\/tr\/wp-json\/wp\/v2\/product_cat?post=2984"},{"taxonomy":"product_tag","embeddable":true,"href":"https:\/\/roxxlyn.com\/tr\/wp-json\/wp\/v2\/product_tag?post=2984"}],"curies":[{"name":"wp","href":"https:\/\/api.w.org\/{rel}","templated":true}]}}