{"id":1721,"date":"2020-11-12T15:39:53","date_gmt":"2020-11-12T15:39:53","guid":{"rendered":"https:\/\/roxxlyn.com\/?post_type=product&#038;p=1721"},"modified":"2025-09-23T13:26:22","modified_gmt":"2025-09-23T13:26:22","slug":"the-iphone-marble-case-rosso-levanto","status":"publish","type":"product","link":"https:\/\/roxxlyn.com\/tr\/shop\/the-iphone-marble-case-rosso-levanto\/","title":{"rendered":"iPhone Mermer K\u0131l\u0131f Rosso Levanto"},"content":{"rendered":"<div data-elementor-type=\"wp-post\" data-elementor-id=\"1721\" class=\"elementor elementor-1721\" data-elementor-post-type=\"product\">\n\t\t\t\t\t\t<section class=\"elementor-section elementor-top-section elementor-element elementor-element-174fe74 elementor-section-boxed elementor-section-height-default elementor-section-height-default\" data-id=\"174fe74\" data-element_type=\"section\" data-e-type=\"section\" data-settings=\"{&quot;background_background&quot;:&quot;classic&quot;}\">\n\t\t\t\t\t\t<div class=\"elementor-container elementor-column-gap-default\">\n\t\t\t\t\t<div class=\"elementor-column elementor-col-100 elementor-top-column elementor-element elementor-element-9557f36\" data-id=\"9557f36\" data-element_type=\"column\" data-e-type=\"column\">\n\t\t\t<div class=\"elementor-widget-wrap elementor-element-populated\">\n\t\t\t\t\t\t<div class=\"elementor-element elementor-element-4e541a3 elementor-widget elementor-widget-text-editor\" data-id=\"4e541a3\" data-element_type=\"widget\" data-e-type=\"widget\" data-widget_type=\"text-editor.default\">\n\t\t\t\t<div class=\"elementor-widget-container\">\n\t\t\t\t\t\t\t\t\t<p>\u0130talyan mermerinin l\u00fcks\u00fcn\u00fcn Alman i\u015f\u00e7ili\u011fiyle bulu\u015ftu\u011fu Rosso Levanto Mermer iPhone K\u0131l\u0131f\u0131m\u0131zla benzersiz zarafeti ke\u015ffedin.<\/p><p>\u0130talya&#039;n\u0131n Liguria kentindeki pitoresk Bonassola b\u00f6lgesinden elde edilen Rosso Levanto mermeri, canl\u0131 k\u0131rm\u0131z\u0131 tonlar\u0131 ve karma\u015f\u0131k damarlar\u0131yla \u00fcnl\u00fcd\u00fcr ve her bir \u00f6rne\u011fi do\u011fal g\u00fczelli\u011fin ba\u015fyap\u0131t\u0131 haline getirir. Almanya&#039;da ayr\u0131nt\u0131lara titizlikle dikkat edilerek el i\u015f\u00e7ili\u011fiyle \u00fcretilen bu \u00e7anta, hassasiyet ve stil sanat\u0131n\u0131n bir kan\u0131t\u0131d\u0131r.<\/p><p><strong>Ana \u00d6zellikler:<\/strong><br \/>Bonassola&#039;dan Otantik Rosso Levanto Mermeri: Orijinal Rosso Levanto mermeri i\u00e7eren her kasa, Bonassola, Liguria&#039;dan temin edilen ta\u015f\u0131n benzersiz g\u00fczelli\u011fini ve dayan\u0131kl\u0131l\u0131\u011f\u0131n\u0131 sergiliyor.<br \/>Almanya&#039;da Ustal\u0131kla El Yap\u0131m\u0131: \u00c7antalar\u0131m\u0131z Almanya&#039;da el yap\u0131m\u0131 olup, hassas m\u00fchendislik ve ola\u011fan\u00fcst\u00fc kalitenin \u00f6z\u00fcn\u00fc bir araya getirerek m\u00fckemmel uyum ve biti\u015f sa\u011flar.<\/p><p><strong>TPU Muhafaza ve Alcantara Astar: <\/strong><\/p><p>K\u0131l\u0131f, darbeleri emen koruyucu TPU muhafaza ve \u00e7izilmeleri \u00f6nleyen l\u00fcks Alcantara astarla tasarlanm\u0131\u015f olup \u015f\u0131kl\u0131ktan \u00f6d\u00fcn vermeden \u00fcst\u00fcn koruma sunar.<\/p><p><strong>Sadece 35g A\u011f\u0131rl\u0131\u011f\u0131nda T\u00fcy I\u015f\u0131\u011f\u0131nda Zarafet<\/strong><\/p><p>L\u00fcks oldu\u011fu kadar hafif de olacak \u015fekilde tasarlanan k\u0131l\u0131f, cihaz\u0131n\u0131za yaln\u0131zca 35 gram a\u011f\u0131rl\u0131k ekleyerek iPhone&#039;un \u015f\u0131k profilini korurken sa\u011flam bir koruma ve ince bir dokunu\u015f sa\u011flar.<\/p><p><strong>\u0130talyan Zarafetiyle Alman M\u00fchendisli\u011finin Birle\u015fimi<\/strong><\/p><p>Bu \u00e7anta, \u0130talyan zarafetiyle Alman m\u00fchendisli\u011finin benzersiz bir kar\u0131\u015f\u0131m\u0131n\u0131 temsil ediyor ve koruyucu oldu\u011fu kadar zarif bir aksesuar sunuyor. Liguria&#039;daki \u00fcnl\u00fc Bonassola ta\u015f ocaklar\u0131ndan elde edilen ve Almanya&#039;da m\u00fckemmel bir \u015fekilde el i\u015f\u00e7ili\u011fiyle \u00fcretilen bu \u00fcr\u00fcn, iPhone&#039;unuzu etkileyici bir sanat ve i\u015f\u00e7ilik eserine d\u00f6n\u00fc\u015ft\u00fcr\u00fcyor.<\/p><p><strong>Kaliteli Malzeme ve \u0130\u015f\u00e7ilik Merakl\u0131lar\u0131 i\u00e7in \u0130deal<\/strong><\/p><p>Rosso Levanto Mermer iPhone K\u0131l\u0131f\u0131m\u0131z, do\u011fal ta\u015f\u0131n nadirli\u011fi ve g\u00fczelli\u011fi ile el yap\u0131m\u0131 \u00fcr\u00fcnlerin benzersiz i\u015f\u00e7ili\u011fine de\u011fer verenler i\u00e7in m\u00fckemmeldir. \u0130talyan mermerinin l\u00fcks\u00fcn\u00fc ve Alman i\u015f\u00e7ili\u011finin hassasiyetini benimseyin ve bir yandan iPhone&#039;unuzu \u015f\u0131k bir \u015fekilde koruyun.<\/p>\t\t\t\t\t\t\t\t<\/div>\n\t\t\t\t<\/div>\n\t\t\t\t<section class=\"elementor-section elementor-inner-section elementor-element elementor-element-68d8ebf elementor-section-boxed elementor-section-height-default elementor-section-height-default\" data-id=\"68d8ebf\" data-element_type=\"section\" data-e-type=\"section\">\n\t\t\t\t\t\t<div class=\"elementor-container elementor-column-gap-default\">\n\t\t\t\t\t<div class=\"elementor-column elementor-col-50 elementor-inner-column elementor-element elementor-element-b3f3d66\" data-id=\"b3f3d66\" data-element_type=\"column\" data-e-type=\"column\">\n\t\t\t<div class=\"elementor-widget-wrap elementor-element-populated\">\n\t\t\t\t\t\t<div class=\"elementor-element elementor-element-48163bc elementor-widget elementor-widget-text-editor\" data-id=\"48163bc\" data-element_type=\"widget\" data-e-type=\"widget\" data-widget_type=\"text-editor.default\">\n\t\t\t\t<div class=\"elementor-widget-container\">\n\t\t\t\t\t\t\t\t\tMermer: Rosso Levanto \t\t\t\t\t\t\t\t<\/div>\n\t\t\t\t<\/div>\n\t\t\t\t<div class=\"elementor-element elementor-element-8b2598f elementor-widget elementor-widget-text-editor\" data-id=\"8b2598f\" data-element_type=\"widget\" data-e-type=\"widget\" data-widget_type=\"text-editor.default\">\n\t\t\t\t<div class=\"elementor-widget-container\">\n\t\t\t\t\t\t\t\t\tRosso Levanto tarihsel olarak \u00f6nemli bir do\u011fal ta\u015fa aittir. K\u00f6keni yakla\u015f\u0131k 160 milyon y\u0131l \u00f6nce Jura'da yatmaktad\u0131r. Rosso Levanto, Orta \u00c7a\u011f'da Akdeniz'deki ruhani ve dini yap\u0131larda kullan\u0131lmaktayd\u0131. Bu binalar\u0131n i\u00e7inde s\u00fctunlar, \u015f\u00f6mineler, duvar kaplamalar\u0131, korkuluklar ve basamaklar bu ta\u015fla tasarlanm\u0131\u015ft\u0131r. Ta\u015f ayn\u0131 zamanda el sanatlar\u0131 ve heykelt\u0131ra\u015fl\u0131kta da pop\u00fclerlik kazanm\u0131\u015f ve vazo, kase ve di\u011fer tasarlanm\u0131\u015f mutfak e\u015fyalar\u0131 olarak kullan\u0131lm\u0131\u015ft\u0131r.  \t\t\t\t\t\t\t\t<\/div>\n\t\t\t\t<\/div>\n\t\t\t\t\t<\/div>\n\t\t<\/div>\n\t\t\t\t<div class=\"elementor-column elementor-col-50 elementor-inner-column elementor-element elementor-element-546300b\" data-id=\"546300b\" data-element_type=\"column\" data-e-type=\"column\">\n\t\t\t<div class=\"elementor-widget-wrap elementor-element-populated\">\n\t\t\t\t\t\t<div class=\"elementor-element elementor-element-4e14ac2 elementor-widget elementor-widget-text-editor\" data-id=\"4e14ac2\" data-element_type=\"widget\" data-e-type=\"widget\" data-widget_type=\"text-editor.default\">\n\t\t\t\t<div class=\"elementor-widget-container\">\n\t\t\t\t\t\t\t\t\tRosso Levanto, \u0130talya'n\u0131n Ligurya b\u00f6lgesindeki Bonassola'da \u00e7\u0131kar\u0131lan bir mermerdir. Ta\u015f oca\u011f\u0131 La Spezia'ya yakla\u015f\u0131k 10 km uzakl\u0131ktad\u0131r ve ad\u0131n\u0131 Bonassola'n\u0131n hemen yan\u0131nda bulunan Cinque Terre'nin be\u015f k\u00f6y\u00fcnden sonuncusu olan Levanto'dan alm\u0131\u015ft\u0131r. Rosso Levanto, k\u0131rm\u0131z\u0131ms\u0131 ve gri-ye\u015fil zemin k\u00fctlesinde \u00e7ok say\u0131da beyaz ve beyaz-gri kalsit \u00e7izgileriyle yap\u0131land\u0131r\u0131lm\u0131\u015ft\u0131r. Rosso Levanto'nun rengi mordan kan k\u0131rm\u0131z\u0131s\u0131na ve ye\u015filimsi renkten gri-ye\u015file kadar de\u011fi\u015fmektedir. Aksi takdirde ye\u015fil renkli olan nadir k\u0131rm\u0131z\u0131 serpantinitlerden birine aittir. K\u0131rm\u0131z\u0131 renk, orijinal kayan\u0131n i\u00e7erdi\u011fi demirin oksitlenerek hematite d\u00f6n\u00fc\u015fmesinden kaynaklanmaktad\u0131r.\t\t\t\t\t\t\t\t<\/div>\n\t\t\t\t<\/div>\n\t\t\t\t\t<\/div>\n\t\t<\/div>\n\t\t\t\t\t<\/div>\n\t\t<\/section>\n\t\t\t\t<div class=\"elementor-element elementor-element-548d757 elementor-widget elementor-widget-video\" data-id=\"548d757\" data-element_type=\"widget\" data-e-type=\"widget\" data-settings=\"{&quot;video_type&quot;:&quot;vimeo&quot;}\" data-widget_type=\"video.default\">\n\t\t\t\t<div class=\"elementor-widget-container\">\n\t\t\t\t\t\t\t<div class=\"elementor-wrapper elementor-open-inline\">\n\t\t\t<iframe class=\"elementor-video-iframe\" allowfullscreen allow=\"clipboard-write\" title=\"vimeo Video Oynat\u0131c\u0131\" src=\"https:\/\/player.vimeo.com\/video\/290503829?color&amp;autopause=0&amp;loop=0&amp;muted=0&amp;title=1&amp;portrait=1&amp;byline=1#t=\"><\/iframe>\t\t<\/div>\n\t\t\t\t\t\t<\/div>\n\t\t\t\t<\/div>\n\t\t\t\t\t<\/div>\n\t\t<\/div>\n\t\t\t\t\t<\/div>\n\t\t<\/section>\n\t\t\t\t<\/div>","protected":false},"excerpt":{"rendered":"<p data-start=\"440\" data-end=\"791\">\u015e\u0131kl\u0131\u011f\u0131n \u00f6z\u00fcn\u00fc ke\u015ffedin <strong data-start=\"482\" data-end=\"518\">Rosso Levanto Mermer iPhone K\u0131l\u0131f\u0131<\/strong>, Ligurya mermerinin zengin miras\u0131n\u0131n Alman m\u00fchendisli\u011finin hassasiyetiyle bulu\u015ftu\u011fu yer. \u0130talya'n\u0131n pitoresk k\u0131y\u0131lar\u0131ndan <strong data-start=\"645\" data-end=\"675\">Bonassola, Liguria (\u0130talya)<\/strong>, Bu otantik mermer, canl\u0131 k\u0131rm\u0131z\u0131 tonlar\u0131 ve dramatik do\u011fal damarlar\u0131yla her k\u0131l\u0131f\u0131 t\u00fcr\u00fcn\u00fcn tek \u00f6rne\u011fi haline getiriyor. Detaylara g\u00f6sterilen titizlikle Almanya'da el i\u015f\u00e7ili\u011fiyle \u00fcretilen Rosso Levanto iPhone K\u0131l\u0131f\u0131, a\u015fa\u011f\u0131daki \u00f6zelliklerin kusursuz bir kar\u0131\u015f\u0131m\u0131n\u0131 sunar <strong data-start=\"910\" data-end=\"935\">l\u00fcks ve koruma<\/strong>. Yaln\u0131zca 35 gram a\u011f\u0131rl\u0131\u011f\u0131yla iPhone'unuzun ince profilini korurken cesur bir stil ifadesi katar. iPhone i\u00e7in tasarland\u0131 <strong data-start=\"1061\" data-end=\"1127\">iPhone 17, iPhone 17 Pro, iPhone 17 Pro Max ve iPhone 17 Air<\/strong>, Bu ger\u00e7ek mermer \u00e7anta bir aksesuardan \u00e7ok daha fazlas\u0131d\u0131r. <strong data-start=\"1186\" data-end=\"1205\">ifade par\u00e7as\u0131<\/strong> \u0130talyan zarafetini Alman i\u015f\u00e7ili\u011fiyle birle\u015ftirerek cihaz\u0131n\u0131z\u0131 ger\u00e7ek bir l\u00fcks i\u00e7inde korur.<\/p>","protected":false},"featured_media":13051,"template":"","meta":{"inline_featured_image":false},"product_brand":[],"product_cat":[66],"product_tag":[],"class_list":{"0":"post-1721","1":"product","2":"type-product","3":"status-publish","4":"has-post-thumbnail","6":"product_cat-iphone-cases","8":"first","9":"instock","10":"featured","11":"taxable","12":"shipping-taxable","13":"purchasable","14":"product-type-variable","15":"has-default-attributes"},"exclude_global_add_ons":true,"addons":[{"name":"\u00d6zel Terzilik","type":"checkbox","position":0,"required":false,"title_format":"label","default":"","description_enable":false,"description":"","placeholder_enable":false,"placeholder":"","display":"select","restrictions_type":"any_text","adjust_price":false,"price":"","price_type":"flat_fee","restrictions":false,"min":"0","max":"0","options":[{"label":"Upgrade your case with a super-strong N52 grade 1.55 mm MagSafe magnet for seamless attachment and faster, more stable wireless charging","price":"10","price_type":"flat_fee","image":0,"visibility":true},{"label":"Select a design maximizing white veins for the most opulent appearance possible.","price":"","price_type":"flat_fee","image":0,"visibility":true},{"label":"Choose a design that reduces white veins for a sleek and refined appearance.","price":"","price_type":"flat_fee","image":0,"visibility":true},{"label":"Reveal the iconic Apple logo with a precise cut-out on the stone surface, unveiling a sleek black satin-matte underside for a striking contrast and personal touch.","price":"15","price_type":"flat_fee","image":0,"visibility":true},{"label":"Reveal the iconic Apple logo with a precise cut-out in the stone surface, unveiling a 24K gold satin-matte underside for a striking contrast and a truly luxurious personal touch.","price":"50","price_type":"flat_fee","image":0,"visibility":true},{"label":"Enhance your device with a white engraved Apple logo, crafted over two days for elegance and sophistication.","price":"20","price_type":"flat_fee","image":0,"visibility":true},{"label":"Premium Liquid Care with dust-repellent, antistatic protection and a lasting matte effect. Specially designed to preserve and protect your case.","price":"5","price_type":"flat_fee","image":0,"visibility":true},{"label":"A premium marble liquid polish that enhances and protects the natural beauty of your marble surfaces, providing a lasting, brilliant shine.","price":"5","price_type":"flat_fee","image":0,"visibility":true},{"label":"Microfiber Polishing Cloth: A soft, high-quality microfiber cloth designed for polishing marble surfaces. It delivers a streak-free, brilliant shine without scratching, perfect for maintaining your marble's natural beauty.","price":"5","price_type":"flat_fee","image":0,"visibility":false}],"id":1757683872}],"_links":{"self":[{"href":"https:\/\/roxxlyn.com\/tr\/wp-json\/wp\/v2\/product\/1721","targetHints":{"allow":["GET"]}}],"collection":[{"href":"https:\/\/roxxlyn.com\/tr\/wp-json\/wp\/v2\/product"}],"about":[{"href":"https:\/\/roxxlyn.com\/tr\/wp-json\/wp\/v2\/types\/product"}],"version-history":[{"count":0,"href":"https:\/\/roxxlyn.com\/tr\/wp-json\/wp\/v2\/product\/1721\/revisions"}],"wp:featuredmedia":[{"embeddable":true,"href":"https:\/\/roxxlyn.com\/tr\/wp-json\/wp\/v2\/media\/13051"}],"wp:attachment":[{"href":"https:\/\/roxxlyn.com\/tr\/wp-json\/wp\/v2\/media?parent=1721"}],"wp:term":[{"taxonomy":"product_brand","embeddable":true,"href":"https:\/\/roxxlyn.com\/tr\/wp-json\/wp\/v2\/product_brand?post=1721"},{"taxonomy":"product_cat","embeddable":true,"href":"https:\/\/roxxlyn.com\/tr\/wp-json\/wp\/v2\/product_cat?post=1721"},{"taxonomy":"product_tag","embeddable":true,"href":"https:\/\/roxxlyn.com\/tr\/wp-json\/wp\/v2\/product_tag?post=1721"}],"curies":[{"name":"wp","href":"https:\/\/api.w.org\/{rel}","templated":true}]}}