{"id":1711,"date":"2020-11-12T15:14:37","date_gmt":"2020-11-12T15:14:37","guid":{"rendered":"https:\/\/roxxlyn.com\/?post_type=product&#038;p=1711"},"modified":"2025-09-23T13:29:31","modified_gmt":"2025-09-23T13:29:31","slug":"the-iphone-marble-case-arabescato-orobico-grigio","status":"publish","type":"product","link":"https:\/\/roxxlyn.com\/tr\/shop\/the-iphone-marble-case-arabescato-orobico-grigio\/","title":{"rendered":"iPhone Mermer K\u0131l\u0131f Arabescato Orobico Grigio"},"content":{"rendered":"<div data-elementor-type=\"wp-post\" data-elementor-id=\"1711\" class=\"elementor elementor-1711\" data-elementor-post-type=\"product\">\n\t\t\t\t\t\t<section class=\"elementor-section elementor-top-section elementor-element elementor-element-7ebeb51 elementor-section-boxed elementor-section-height-default elementor-section-height-default\" data-id=\"7ebeb51\" data-element_type=\"section\" data-e-type=\"section\" data-settings=\"{&quot;background_background&quot;:&quot;classic&quot;}\">\n\t\t\t\t\t\t<div class=\"elementor-container elementor-column-gap-default\">\n\t\t\t\t\t<div class=\"elementor-column elementor-col-100 elementor-top-column elementor-element elementor-element-7e7ea85\" data-id=\"7e7ea85\" data-element_type=\"column\" data-e-type=\"column\">\n\t\t\t<div class=\"elementor-widget-wrap elementor-element-populated\">\n\t\t\t\t\t\t<div class=\"elementor-element elementor-element-0322000 elementor-widget elementor-widget-video\" data-id=\"0322000\" data-element_type=\"widget\" data-e-type=\"widget\" data-settings=\"{&quot;video_type&quot;:&quot;hosted&quot;,&quot;autoplay&quot;:&quot;yes&quot;,&quot;play_on_mobile&quot;:&quot;yes&quot;,&quot;loop&quot;:&quot;yes&quot;}\" data-widget_type=\"video.default\">\n\t\t\t\t<div class=\"elementor-widget-container\">\n\t\t\t\t\t\t\t<div class=\"e-hosted-video elementor-wrapper elementor-open-inline\">\n\t\t\t\t\t<video class=\"elementor-video\" src=\"https:\/\/roxxlyn.com\/wp-content\/uploads\/2020\/12\/iPhone_12_Pro_Max_Marble_Case_Roxxlyn_Arabescato_Grigio.mov\" autoplay=\"\" loop=\"\" playsinline=\"\" controlslist=\"nodownload\"><\/video>\n\t\t\t\t<\/div>\n\t\t\t\t\t\t<\/div>\n\t\t\t\t<\/div>\n\t\t\t\t<section class=\"elementor-section elementor-inner-section elementor-element elementor-element-e08b472 elementor-section-boxed elementor-section-height-default elementor-section-height-default\" data-id=\"e08b472\" data-element_type=\"section\" data-e-type=\"section\">\n\t\t\t\t\t\t<div class=\"elementor-container elementor-column-gap-default\">\n\t\t\t\t\t<div class=\"elementor-column elementor-col-50 elementor-inner-column elementor-element elementor-element-d8c3fec\" data-id=\"d8c3fec\" data-element_type=\"column\" data-e-type=\"column\">\n\t\t\t<div class=\"elementor-widget-wrap elementor-element-populated\">\n\t\t\t\t\t\t<div class=\"elementor-element elementor-element-1ff2ca4 elementor-widget elementor-widget-text-editor\" data-id=\"1ff2ca4\" data-element_type=\"widget\" data-e-type=\"widget\" data-widget_type=\"text-editor.default\">\n\t\t\t\t<div class=\"elementor-widget-container\">\n\t\t\t\t\t\t\t\t\tEkstra s\u0131n\u0131f bir mermerdir. \u0130talya'n\u0131n Camerato Cornell k\u00f6y\u00fcndeki Cornalita oca\u011f\u0131ndan \u00e7\u0131kar\u0131l\u0131r. \u0130nsanl\u0131\u011f\u0131n en eski malzemelerinden biri ve ayn\u0131 zamanda en asillerinden biri olan g\u00f6rkemli bir \u0130talyan mermeridir.  Ultra hafif bir kasa ile birle\u015fti\u011finde, sadece 35 graml\u0131k e\u015fsiz bir ba\u015fyap\u0131tt\u0131r. Cilal\u0131 y\u00fczeyi ile ayr\u0131cal\u0131kl\u0131 bir atmosfer yarat\u0131r ve l\u00fcks yayar.\t\t\t\t\t\t\t\t<\/div>\n\t\t\t\t<\/div>\n\t\t\t\t<div class=\"elementor-element elementor-element-ed50165 elementor-widget elementor-widget-text-editor\" data-id=\"ed50165\" data-element_type=\"widget\" data-e-type=\"widget\" data-widget_type=\"text-editor.default\">\n\t\t\t\t<div class=\"elementor-widget-container\">\n\t\t\t\t\t\t\t\t\t<p>Di\u011fer frekanslar gibi kablosuz \u015farj da hi\u00e7bir \u00f6d\u00fcn vermeden tam olarak desteklenir.<\/p>\t\t\t\t\t\t\t\t<\/div>\n\t\t\t\t<\/div>\n\t\t\t\t<div class=\"elementor-element elementor-element-ae1d268 elementor-widget elementor-widget-text-editor\" data-id=\"ae1d268\" data-element_type=\"widget\" data-e-type=\"widget\" data-widget_type=\"text-editor.default\">\n\t\t\t\t<div class=\"elementor-widget-container\">\n\t\t\t\t\t\t\t\t\t<p>K\u0131l\u0131f\u0131n kendisi Termoplastik poli\u00fcretan ve Polikarbonattan yap\u0131lm\u0131\u015ft\u0131r ve farkl\u0131 y\u00fczey ve renklerde mevcuttur. Toplam \u00fcr\u00fcn a\u011f\u0131rl\u0131\u011f\u0131, k\u0131l\u0131f\u0131n boyutuna ba\u011fl\u0131 olarak sadece 35 ila 45 gramd\u0131r. T\u00fcm \u00fcr\u00fcnlerimizde oldu\u011fu gibi, bu k\u0131l\u0131f da benzersiz kaya yap\u0131s\u0131 ve renklendirmesiyle farkl\u0131l\u0131k g\u00f6steren e\u015fsiz bir par\u00e7ad\u0131r, her biri do\u011fan\u0131n e\u015fsiz bir par\u00e7as\u0131d\u0131r. \u00a0<\/p>\t\t\t\t\t\t\t\t<\/div>\n\t\t\t\t<\/div>\n\t\t\t\t\t<\/div>\n\t\t<\/div>\n\t\t\t\t<div class=\"elementor-column elementor-col-50 elementor-inner-column elementor-element elementor-element-87769ac\" data-id=\"87769ac\" data-element_type=\"column\" data-e-type=\"column\">\n\t\t\t<div class=\"elementor-widget-wrap elementor-element-populated\">\n\t\t\t\t\t\t<div class=\"elementor-element elementor-element-a7c682a elementor-widget elementor-widget-text-editor\" data-id=\"a7c682a\" data-element_type=\"widget\" data-e-type=\"widget\" data-widget_type=\"text-editor.default\">\n\t\t\t\t<div class=\"elementor-widget-container\">\n\t\t\t\t\t\t\t\t\tMagsafe m\u0131knat\u0131slar mevcuttur ve Orijinal Apple kablosuz \u015farj cihazlar\u0131n\u0131 ve Roxxlyn \u015farj cihazlar\u0131n\u0131 eklenti se\u00e7ene\u011fi olarak tam desteklemek i\u00e7in m\u00fckemmel \u015fekilde entegre edilmi\u015ftir.\u00a0\t\t\t\t\t\t\t\t<\/div>\n\t\t\t\t<\/div>\n\t\t\t\t<div class=\"elementor-element elementor-element-8a72333 elementor-widget elementor-widget-text-editor\" data-id=\"8a72333\" data-element_type=\"widget\" data-e-type=\"widget\" data-widget_type=\"text-editor.default\">\n\t\t\t\t<div class=\"elementor-widget-container\">\n\t\t\t\t\t\t\t\t\t<p>Kendi \u00f6zel geli\u015ftirmemiz sayesinde, k\u0131l\u0131f\u0131n i\u00e7 k\u0131sm\u0131 en iyi s\u00fcet \/ vejetaryen deri ile donat\u0131lm\u0131\u015ft\u0131r ve \u015fok emici ve kablosuz \u015farj\u0131 hi\u00e7bir \u00f6d\u00fcn vermeden m\u00fckemmel bir \u015fekilde sa\u011flayan benzersiz bir polimer teknolojisi sunar.\u00a0<\/p>\t\t\t\t\t\t\t\t<\/div>\n\t\t\t\t<\/div>\n\t\t\t\t<div class=\"elementor-element elementor-element-91e517f elementor-widget elementor-widget-video\" data-id=\"91e517f\" data-element_type=\"widget\" data-e-type=\"widget\" data-settings=\"{&quot;video_type&quot;:&quot;hosted&quot;,&quot;controls&quot;:&quot;yes&quot;}\" data-widget_type=\"video.default\">\n\t\t\t\t<div class=\"elementor-widget-container\">\n\t\t\t\t\t\t\t<div class=\"e-hosted-video elementor-wrapper elementor-open-inline\">\n\t\t\t\t\t<video class=\"elementor-video\" src=\"https:\/\/roxxlyn.com\/wp-content\/uploads\/2020\/11\/iPhone-Skin-inkl-Zubehor.61.mp4\" controls=\"\" preload=\"metadata\" controlslist=\"nodownload\"><\/video>\n\t\t\t\t<\/div>\n\t\t\t\t\t\t<\/div>\n\t\t\t\t<\/div>\n\t\t\t\t\t<\/div>\n\t\t<\/div>\n\t\t\t\t\t<\/div>\n\t\t<\/section>\n\t\t\t\t<section class=\"elementor-section elementor-inner-section elementor-element elementor-element-e18afba elementor-section-boxed elementor-section-height-default elementor-section-height-default\" data-id=\"e18afba\" data-element_type=\"section\" data-e-type=\"section\">\n\t\t\t\t\t\t<div class=\"elementor-container elementor-column-gap-default\">\n\t\t\t\t\t<div class=\"elementor-column elementor-col-50 elementor-inner-column elementor-element elementor-element-4cf3622\" data-id=\"4cf3622\" data-element_type=\"column\" data-e-type=\"column\">\n\t\t\t<div class=\"elementor-widget-wrap elementor-element-populated\">\n\t\t\t\t\t\t<div class=\"elementor-element elementor-element-1aebfff elementor-widget elementor-widget-text-editor\" data-id=\"1aebfff\" data-element_type=\"widget\" data-e-type=\"widget\" data-widget_type=\"text-editor.default\">\n\t\t\t\t<div class=\"elementor-widget-container\">\n\t\t\t\t\t\t\t\t\tMermer ile tan\u0131\u015f\u0131n: Arabescato Grigio\t\t\t\t\t\t\t\t<\/div>\n\t\t\t\t<\/div>\n\t\t\t\t<div class=\"elementor-element elementor-element-7e2c260 elementor-widget elementor-widget-text-editor\" data-id=\"7e2c260\" data-element_type=\"widget\" data-e-type=\"widget\" data-widget_type=\"text-editor.default\">\n\t\t\t\t<div class=\"elementor-widget-container\">\n\t\t\t\t\t\t\t\t\tEkstra s\u0131n\u0131f bir mermerdir. \u0130talya'n\u0131n Camerato Cornell k\u00f6y\u00fcndeki Cornalita oca\u011f\u0131ndan \u00e7\u0131kar\u0131l\u0131r. \u0130nsanl\u0131\u011f\u0131n en eski malzemelerinden biri ve ayn\u0131 zamanda en asillerinden biri olan muhte\u015fem bir \u0130talyan mermeridir. Arabescato, bir ustan\u0131n elinden \u00e7\u0131km\u0131\u015f ger\u00e7ek bir soyut tabloya benziyor. Renk paleti, koyu ve a\u00e7\u0131k gri tonlar\u0131n\u0131 beyaz ve alt\u0131n damarlarla uyumlu bir \u015fekilde harmanl\u0131yor, bu \u00f6zel renk \u00e7e\u015fitlili\u011fi onu benzersiz ve g\u00f6rkemli k\u0131l\u0131yor. \t\t\t\t\t\t\t\t<\/div>\n\t\t\t\t<\/div>\n\t\t\t\t\t<\/div>\n\t\t<\/div>\n\t\t\t\t<div class=\"elementor-column elementor-col-50 elementor-inner-column elementor-element elementor-element-c8b26b1\" data-id=\"c8b26b1\" data-element_type=\"column\" data-e-type=\"column\">\n\t\t\t<div class=\"elementor-widget-wrap elementor-element-populated\">\n\t\t\t\t\t\t<div class=\"elementor-element elementor-element-1c38061 elementor-widget elementor-widget-text-editor\" data-id=\"1c38061\" data-element_type=\"widget\" data-e-type=\"widget\" data-widget_type=\"text-editor.default\">\n\t\t\t\t<div class=\"elementor-widget-container\">\n\t\t\t\t\t\t\t\t\tAsil ve \u00fcst\u00fcn bir zarafete sahip olan Arabescato Mermeri, uzun bir ge\u00e7mi\u015fe sahiptir. Sa\u011flam \u00f6zellikleri nedeniyle bu ta\u015f, Ta\u015f Devri'nde \u00c7akmakta\u015f\u0131 yerine kullan\u0131lmaktayd\u0131. Orta \u00c7a\u011f'da bile bu mermer alet \u00fcretiminde kullan\u0131lm\u0131\u015ft\u0131r. M\u0131s\u0131r'\u0131n mimari ve sanat tarihi ge\u00e7mi\u015finde tabutlar ve di\u011fer sanat eserleri mermerden oyulmu\u015ftur ve Amenophis III tap\u0131na\u011f\u0131ndaki Memnon Colossi'nin yan\u0131 s\u0131ra Tutankamon ve Hatshepsut'un tabutlar\u0131 bug\u00fcn hala buna tan\u0131kl\u0131k etmektedir\t\t\t\t\t\t\t\t<\/div>\n\t\t\t\t<\/div>\n\t\t\t\t\t<\/div>\n\t\t<\/div>\n\t\t\t\t\t<\/div>\n\t\t<\/section>\n\t\t\t\t<div class=\"elementor-element elementor-element-ca3d1f4 elementor-widget elementor-widget-video\" data-id=\"ca3d1f4\" data-element_type=\"widget\" data-e-type=\"widget\" data-settings=\"{&quot;video_type&quot;:&quot;vimeo&quot;}\" data-widget_type=\"video.default\">\n\t\t\t\t<div class=\"elementor-widget-container\">\n\t\t\t\t\t\t\t<div class=\"elementor-wrapper elementor-open-inline\">\n\t\t\t<iframe class=\"elementor-video-iframe\" allowfullscreen allow=\"clipboard-write\" title=\"vimeo \u0645\u0634\u063a\u0644 \u0641\u064a\u062f\u064a\u0648\" src=\"https:\/\/player.vimeo.com\/video\/290503829?color&amp;autopause=0&amp;loop=0&amp;muted=0&amp;title=1&amp;portrait=1&amp;byline=1#t=\" data-no-translation-title=\"\"><\/iframe>\t\t<\/div>\n\t\t\t\t\t\t<\/div>\n\t\t\t\t<\/div>\n\t\t\t\t\t<\/div>\n\t\t<\/div>\n\t\t\t\t\t<\/div>\n\t\t<\/section>\n\t\t\t\t<\/div>","protected":false},"excerpt":{"rendered":"<p data-start=\"417\" data-end=\"842\"><strong data-start=\"417\" data-end=\"527\">Kar\u015f\u0131n\u0131zda iPhone 17, iPhone 17 Pro ve iPhone 17 Pro Max i\u00e7in Roxxlyn Arabescato Grigio Mermer K\u0131l\u0131f.<\/strong><br data-start=\"527\" data-end=\"530\" \/>Hakiki \u0130talyan Arabescato Grigio mermerinden Berlin'de el i\u015f\u00e7ili\u011fiyle \u00fcretilen bu k\u0131l\u0131f, rafine zevkin ve zanaatkar m\u00fckemmelli\u011finin ger\u00e7ek bir ifadesidir. Yumu\u015fak gri tonlar ve alt\u0131n damarlar\u0131n l\u00fcks etkile\u015fimiyle tan\u0131nan mermerin her bir par\u00e7as\u0131 do\u011fal olarak benzersizdir ve her Roxxlyn k\u0131l\u0131f\u0131n\u0131 t\u00fcr\u00fcn\u00fcn tek \u00f6rne\u011fi bir ba\u015fyap\u0131t haline getirir.<\/p>\n<p data-start=\"844\" data-end=\"1094\">Ultra ince ama esnek Arabescato Grigio k\u0131l\u0131f, zamans\u0131z \u0130talyan ta\u015f\u0131n\u0131 Alman hassas m\u00fchendisli\u011fiyle birle\u015ftiriyor. Sonu\u00e7, iPhone'unuzu y\u00fckseltirken ince sil\u00fcetini koruyan hafif, koruyucu ve sofistike bir k\u0131l\u0131ft\u0131r.<\/p>\n<p data-start=\"1096\" data-end=\"1303\">Bu bir aksesuardan daha fazlas\u0131d\u0131r; g\u00fcnl\u00fck ihtiya\u00e7lar\u0131nda zarafet, bireysellik ve \u00f6d\u00fcns\u00fcz kalite talep edenler i\u00e7in tasarlanm\u0131\u015f do\u011fal l\u00fcks ve titiz i\u015f\u00e7ili\u011fin bir birle\u015fimidir.<\/p>","protected":false},"featured_media":13052,"template":"","meta":{"inline_featured_image":false},"product_brand":[],"product_cat":[66],"product_tag":[],"class_list":{"0":"post-1711","1":"product","2":"type-product","3":"status-publish","4":"has-post-thumbnail","6":"product_cat-iphone-cases","8":"first","9":"instock","10":"featured","11":"taxable","12":"shipping-taxable","13":"purchasable","14":"product-type-variable","15":"has-default-attributes"},"exclude_global_add_ons":false,"addons":[{"name":"\u00d6zel Terzilik","type":"checkbox","position":0,"required":false,"title_format":"label","default":"","description_enable":false,"description":"","placeholder_enable":false,"placeholder":"","display":"select","restrictions_type":"any_text","adjust_price":false,"price":"","price_type":"flat_fee","restrictions":false,"min":"0","max":"0","options":[{"label":"Upgrade your case with a super-strong N52 grade 1.55 mm MagSafe magnet for seamless attachment and faster, more stable wireless charging","price":"10","price_type":"flat_fee","image":0,"visibility":true},{"label":"Opt for a design with deeper grey tones and minimal white veining for a sleek, uniform, and understated marble appearance.","price":"","price_type":"flat_fee","image":0,"visibility":true},{"label":"Reveal the iconic Apple logo with a precise cut-out on the stone surface, unveiling a sleek black satin-matte underside for a striking contrast and personal touch.","price":"15","price_type":"flat_fee","image":0,"visibility":false},{"label":"Enhance your device with a white engraved Apple logo, crafted over two days for elegance and sophistication.","price":"20","price_type":"flat_fee","image":0,"visibility":true},{"label":"Premium Liquid Care with dust-repellent, antistatic protection and a lasting matte effect. Specially designed to preserve and protect your case.","price":"5","price_type":"flat_fee","image":0,"visibility":true},{"label":"A premium marble liquid polish that enhances and protects the natural beauty of your marble surfaces, providing a lasting, brilliant shine.","price":"5","price_type":"flat_fee","image":0,"visibility":true},{"label":"Microfiber Polishing Cloth: A soft, high-quality microfiber cloth designed for polishing marble surfaces. It delivers a streak-free, brilliant shine without scratching, perfect for maintaining your marble's natural beauty.","price":"5","price_type":"flat_fee","image":0,"visibility":true}],"id":1758631671}],"_links":{"self":[{"href":"https:\/\/roxxlyn.com\/tr\/wp-json\/wp\/v2\/product\/1711","targetHints":{"allow":["GET"]}}],"collection":[{"href":"https:\/\/roxxlyn.com\/tr\/wp-json\/wp\/v2\/product"}],"about":[{"href":"https:\/\/roxxlyn.com\/tr\/wp-json\/wp\/v2\/types\/product"}],"version-history":[{"count":0,"href":"https:\/\/roxxlyn.com\/tr\/wp-json\/wp\/v2\/product\/1711\/revisions"}],"wp:featuredmedia":[{"embeddable":true,"href":"https:\/\/roxxlyn.com\/tr\/wp-json\/wp\/v2\/media\/13052"}],"wp:attachment":[{"href":"https:\/\/roxxlyn.com\/tr\/wp-json\/wp\/v2\/media?parent=1711"}],"wp:term":[{"taxonomy":"product_brand","embeddable":true,"href":"https:\/\/roxxlyn.com\/tr\/wp-json\/wp\/v2\/product_brand?post=1711"},{"taxonomy":"product_cat","embeddable":true,"href":"https:\/\/roxxlyn.com\/tr\/wp-json\/wp\/v2\/product_cat?post=1711"},{"taxonomy":"product_tag","embeddable":true,"href":"https:\/\/roxxlyn.com\/tr\/wp-json\/wp\/v2\/product_tag?post=1711"}],"curies":[{"name":"wp","href":"https:\/\/api.w.org\/{rel}","templated":true}]}}