{"id":10963,"date":"2024-11-16T17:09:09","date_gmt":"2024-11-16T17:09:09","guid":{"rendered":"https:\/\/roxxlyn.com\/?post_type=product&#038;p=10963"},"modified":"2025-09-14T13:32:54","modified_gmt":"2025-09-14T13:32:54","slug":"marble-fusion-stand-nero-marquina-for-macbook-and-ipad","status":"publish","type":"product","link":"https:\/\/roxxlyn.com\/tr\/shop\/marble-fusion-stand-nero-marquina-for-macbook-and-ipad\/","title":{"rendered":"MacBook, iPad ve daha fazlas\u0131 i\u00e7in Marble Fusion Stand Nero Marquina"},"content":{"rendered":"<div data-elementor-type=\"product-post\" data-elementor-id=\"10963\" class=\"elementor elementor-10963\" data-elementor-post-type=\"product\">\n\t\t\t\t\t\t<section class=\"elementor-section elementor-top-section elementor-element elementor-element-3db95bb elementor-section-full_width elementor-section-height-default elementor-section-height-default\" data-id=\"3db95bb\" data-element_type=\"section\" data-e-type=\"section\">\n\t\t\t\t\t\t<div class=\"elementor-container elementor-column-gap-default\">\n\t\t\t\t\t<div class=\"elementor-column elementor-col-100 elementor-top-column elementor-element elementor-element-9c55be0\" data-id=\"9c55be0\" data-element_type=\"column\" data-e-type=\"column\">\n\t\t\t<div class=\"elementor-widget-wrap elementor-element-populated\">\n\t\t\t\t\t\t<div class=\"elementor-element elementor-element-582d414 elementor-widget elementor-widget-video\" data-id=\"582d414\" data-element_type=\"widget\" data-e-type=\"widget\" data-settings=\"{&quot;video_type&quot;:&quot;vimeo&quot;}\" data-widget_type=\"video.default\">\n\t\t\t\t<div class=\"elementor-widget-container\">\n\t\t\t\t\t\t\t<div class=\"elementor-wrapper elementor-open-inline\">\n\t\t\t<iframe class=\"elementor-video-iframe\" allowfullscreen allow=\"clipboard-write\" title=\"vimeo Video Oynat\u0131c\u0131\" src=\"https:\/\/player.vimeo.com\/video\/1031558714?color&amp;autopause=0&amp;loop=0&amp;muted=0&amp;title=1&amp;portrait=1&amp;byline=1#t=\" data-no-translation-title=\"\"><\/iframe>\t\t<\/div>\n\t\t\t\t\t\t<\/div>\n\t\t\t\t<\/div>\n\t\t\t\t<section class=\"elementor-section elementor-inner-section elementor-element elementor-element-278e2d0 elementor-section-boxed elementor-section-height-default elementor-section-height-default\" data-id=\"278e2d0\" data-element_type=\"section\" data-e-type=\"section\">\n\t\t\t\t\t\t<div class=\"elementor-container elementor-column-gap-default\">\n\t\t\t\t\t<div class=\"elementor-column elementor-col-50 elementor-inner-column elementor-element elementor-element-514ef0f\" data-id=\"514ef0f\" data-element_type=\"column\" data-e-type=\"column\">\n\t\t\t<div class=\"elementor-widget-wrap elementor-element-populated\">\n\t\t\t\t\t\t<div class=\"elementor-element elementor-element-b611409 elementor-widget elementor-widget-heading\" data-id=\"b611409\" data-element_type=\"widget\" data-e-type=\"widget\" data-widget_type=\"heading.default\">\n\t\t\t\t<div class=\"elementor-widget-container\">\n\t\t\t\t\t<h2 class=\"elementor-heading-title elementor-size-default\">MacBook ve iPad i\u00e7in Marble Fusion Stand Nero Marquina<\/h2>\t\t\t\t<\/div>\n\t\t\t\t<\/div>\n\t\t\t\t<div class=\"elementor-element elementor-element-24dd7a9 elementor-widget elementor-widget-text-editor\" data-id=\"24dd7a9\" data-element_type=\"widget\" data-e-type=\"widget\" data-widget_type=\"text-editor.default\">\n\t\t\t\t<div class=\"elementor-widget-container\">\n\t\t\t\t\t\t\t\t\t<p>Marble Fusion Stand, Almanya'da gururla \u00fcretilen bir tasar\u0131m ve i\u015flevsellik \u015faheseridir. Birinci s\u0131n\u0131f eloksall\u0131 siyah al\u00fcminyumdan \u00fcretilen stand, sa\u011flam dayan\u0131kl\u0131l\u0131\u011f\u0131 modern \u015f\u0131kl\u0131kla birle\u015ftiriyor. Bu mod\u00fcler stand, \u00fc\u00e7 adede kadar cihaz\u0131 g\u00fcvenli bir \u015fekilde tutacak \u015fekilde tasarlanm\u0131\u015ft\u0131r ve \u00e7e\u015fitli boyutlardaki t\u00fcm diz\u00fcst\u00fc bilgisayarlar\u0131, tabletleri ve ayg\u0131tlar\u0131 bar\u0131nd\u0131rarak hem profesyoneller hem de teknoloji merakl\u0131lar\u0131 i\u00e7in ideal bir \u00e7\u00f6z\u00fcm haline getirir.<\/p><p>Marble Fusion Stand'\u0131n g\u00f6ze \u00e7arpan \u00f6zelli\u011fi, iki dikey Nero Marquina mermer eleman\u0131n\u0131 i\u00e7ermesidir. Derin siyah tonu ve dramatik beyaz damarlar\u0131yla bilinen bu l\u00fcks do\u011fal ta\u015f, \u015f\u0131k al\u00fcminyumla \u00e7arp\u0131c\u0131 bir kontrast olu\u015fturuyor. Her bir mermer par\u00e7as\u0131 ayr\u0131 ayr\u0131 se\u00e7ilip el i\u015f\u00e7ili\u011fiyle \u00fcretildi\u011finden her bir stand benzersiz bir sanat eseridir.<\/p><p>Taban konfig\u00fcrasyonu iki d\u0131\u015f duvar, bir orta duvar ve SIM kartlar, adapt\u00f6rler veya ata\u00e7lar gibi aksesuarlar\u0131 d\u00fczenlemek i\u00e7in pratik bir tepsi i\u00e7erir. Daha fazla l\u00fcks arayanlar i\u00e7in stand, daha fazla cihaz i\u00e7in ek duvarlar veya kesintisiz, \u00fcst d\u00fczey bir y\u00fczey olu\u015fturmak i\u00e7in tepsiyi ekstra bir mermer elemanla de\u011fi\u015ftirmek gibi \u00f6zelle\u015ftirme se\u00e7enekleri sunar.<\/p>\t\t\t\t\t\t\t\t<\/div>\n\t\t\t\t<\/div>\n\t\t\t\t<div class=\"elementor-element elementor-element-ae8b890 elementor-widget elementor-widget-image\" data-id=\"ae8b890\" data-element_type=\"widget\" data-e-type=\"widget\" data-widget_type=\"image.default\">\n\t\t\t\t<div class=\"elementor-widget-container\">\n\t\t\t\t\t\t\t\t\t\t\t\t\t\t\t<img fetchpriority=\"high\" decoding=\"async\" width=\"1024\" height=\"1024\" src=\"https:\/\/roxxlyn.com\/wp-content\/uploads\/2024\/11\/Marble-Fusion-Stand-for-MacBook.520-1024x1024.jpg\" class=\"attachment-large size-large wp-image-10980\" alt=\"\" srcset=\"https:\/\/roxxlyn.com\/wp-content\/uploads\/2024\/11\/Marble-Fusion-Stand-for-MacBook.520-1024x1024.jpg 1024w, https:\/\/roxxlyn.com\/wp-content\/uploads\/2024\/11\/Marble-Fusion-Stand-for-MacBook.520-1800x1800.jpg 1800w, https:\/\/roxxlyn.com\/wp-content\/uploads\/2024\/11\/Marble-Fusion-Stand-for-MacBook.520-300x300.jpg 300w, https:\/\/roxxlyn.com\/wp-content\/uploads\/2024\/11\/Marble-Fusion-Stand-for-MacBook.520-150x150.jpg 150w, https:\/\/roxxlyn.com\/wp-content\/uploads\/2024\/11\/Marble-Fusion-Stand-for-MacBook.520-768x768.jpg 768w, https:\/\/roxxlyn.com\/wp-content\/uploads\/2024\/11\/Marble-Fusion-Stand-for-MacBook.520-1536x1536.jpg 1536w, https:\/\/roxxlyn.com\/wp-content\/uploads\/2024\/11\/Marble-Fusion-Stand-for-MacBook.520-2048x2048.jpg 2048w, https:\/\/roxxlyn.com\/wp-content\/uploads\/2024\/11\/Marble-Fusion-Stand-for-MacBook.520-12x12.jpg 12w, https:\/\/roxxlyn.com\/wp-content\/uploads\/2024\/11\/Marble-Fusion-Stand-for-MacBook.520-660x660.jpg 660w\" sizes=\"(max-width: 1024px) 100vw, 1024px\" \/>\t\t\t\t\t\t\t\t\t\t\t\t\t\t\t<\/div>\n\t\t\t\t<\/div>\n\t\t\t\t\t<\/div>\n\t\t<\/div>\n\t\t\t\t<div class=\"elementor-column elementor-col-50 elementor-inner-column elementor-element elementor-element-716b2cb\" data-id=\"716b2cb\" data-element_type=\"column\" data-e-type=\"column\">\n\t\t\t<div class=\"elementor-widget-wrap elementor-element-populated\">\n\t\t\t\t\t\t<div class=\"elementor-element elementor-element-e9d43d9 elementor-widget elementor-widget-image\" data-id=\"e9d43d9\" data-element_type=\"widget\" data-e-type=\"widget\" data-widget_type=\"image.default\">\n\t\t\t\t<div class=\"elementor-widget-container\">\n\t\t\t\t\t\t\t\t\t\t\t\t\t\t\t<img decoding=\"async\" width=\"1024\" height=\"1024\" src=\"https:\/\/roxxlyn.com\/wp-content\/uploads\/2024\/11\/Marble-Fusion-Stand-for-MacBook.524-1024x1024.jpg\" class=\"attachment-large size-large wp-image-10984\" alt=\"\" srcset=\"https:\/\/roxxlyn.com\/wp-content\/uploads\/2024\/11\/Marble-Fusion-Stand-for-MacBook.524-1024x1024.jpg 1024w, https:\/\/roxxlyn.com\/wp-content\/uploads\/2024\/11\/Marble-Fusion-Stand-for-MacBook.524-1800x1800.jpg 1800w, https:\/\/roxxlyn.com\/wp-content\/uploads\/2024\/11\/Marble-Fusion-Stand-for-MacBook.524-300x300.jpg 300w, https:\/\/roxxlyn.com\/wp-content\/uploads\/2024\/11\/Marble-Fusion-Stand-for-MacBook.524-150x150.jpg 150w, https:\/\/roxxlyn.com\/wp-content\/uploads\/2024\/11\/Marble-Fusion-Stand-for-MacBook.524-768x768.jpg 768w, https:\/\/roxxlyn.com\/wp-content\/uploads\/2024\/11\/Marble-Fusion-Stand-for-MacBook.524-1536x1536.jpg 1536w, https:\/\/roxxlyn.com\/wp-content\/uploads\/2024\/11\/Marble-Fusion-Stand-for-MacBook.524-2048x2048.jpg 2048w, https:\/\/roxxlyn.com\/wp-content\/uploads\/2024\/11\/Marble-Fusion-Stand-for-MacBook.524-12x12.jpg 12w, https:\/\/roxxlyn.com\/wp-content\/uploads\/2024\/11\/Marble-Fusion-Stand-for-MacBook.524-660x660.jpg 660w\" sizes=\"(max-width: 1024px) 100vw, 1024px\" \/>\t\t\t\t\t\t\t\t\t\t\t\t\t\t\t<\/div>\n\t\t\t\t<\/div>\n\t\t\t\t<div class=\"elementor-element elementor-element-a297b31 elementor-widget elementor-widget-text-editor\" data-id=\"a297b31\" data-element_type=\"widget\" data-e-type=\"widget\" data-widget_type=\"text-editor.default\">\n\t\t\t\t<div class=\"elementor-widget-container\">\n\t\t\t\t\t\t\t\t\t<p>Kullan\u0131c\u0131 rahatl\u0131\u011f\u0131 d\u00fc\u015f\u00fcn\u00fclerek tasarlanan mod\u00fcler duvarlar ayarlanabilir ve stand\u0131 cihazlar\u0131n\u0131za m\u00fckemmel \u015fekilde uyacak \u015fekilde uyarlaman\u0131za olanak tan\u0131r. Yumu\u015fak silikon dolgu her bir yuvay\u0131 kaplayarak cihazlar\u0131n\u0131z\u0131 \u00e7izilmelere kar\u015f\u0131 korurken g\u00fcvenli bir \u015fekilde yerinde kalmalar\u0131n\u0131 sa\u011flar.<\/p><p>Marble Fusion Stand sadece \u00e7al\u0131\u015fma alan\u0131n\u0131z\u0131 optimize etmekle kalmaz, onu d\u00f6n\u00fc\u015ft\u00fcr\u00fcr. Rafine esteti\u011fi ve ola\u011fan\u00fcst\u00fc i\u015f\u00e7ili\u011fi, onu i\u015flevsel bir ara\u00e7tan daha fazlas\u0131 haline getirir; bir stil ve bireysellik ifadesidir.<\/p><p><strong>\u00d6n sat\u0131\u015flar a\u00e7\u0131ld\u0131<\/strong>ilk gelene ilk hizmet esas\u0131na g\u00f6re temin edilebilir. Sevkiyat 17 Aral\u0131k 2024 tarihinde ba\u015flayacakt\u0131r, bu nedenle Marble Fusion Stand\u0131n\u0131z\u0131 bug\u00fcn al\u0131n ve \u00e7al\u0131\u015fma alan\u0131n\u0131z\u0131 bu benzersiz l\u00fcks ve yenilik kombinasyonuyla yeniden tan\u0131mlay\u0131n.<\/p>\t\t\t\t\t\t\t\t<\/div>\n\t\t\t\t<\/div>\n\t\t\t\t\t<\/div>\n\t\t<\/div>\n\t\t\t\t\t<\/div>\n\t\t<\/section>\n\t\t\t\t\t<\/div>\n\t\t<\/div>\n\t\t\t\t\t<\/div>\n\t\t<\/section>\n\t\t\t\t<\/div>","protected":false},"excerpt":{"rendered":"<p>Marble Fusion Stand, iki dikey Nero Marquina mermer elemana sahip anodize siyah al\u00fcminyumdan \u00fcretilmi\u015f, Alman m\u00fchendisli\u011fi \u00fcr\u00fcn\u00fc mod\u00fcler bir standd\u0131r. En fazla 3 x cihaz alabilir ve \u00f6zelle\u015ftirme se\u00e7enekleriyle birlikte bir aksesuar tepsisine sahiptir.<\/p>\n<p>&nbsp;<\/p>","protected":false},"featured_media":11097,"template":"","meta":{"inline_featured_image":false},"product_brand":[],"product_cat":[195],"product_tag":[197,198,196,199],"class_list":{"0":"post-10963","1":"product","2":"type-product","3":"status-publish","4":"has-post-thumbnail","6":"product_cat-marble-fusion-stand","7":"product_tag-ipad-stand","8":"product_tag-laptop-stand","9":"product_tag-macbook-stand","10":"product_tag-tablet-stand","12":"first","13":"instock","14":"taxable","15":"shipping-taxable","16":"purchasable","17":"product-type-simple"},"exclude_global_add_ons":false,"addons":[{"name":"\u00f6zel","type":"heading","position":0,"required":false,"title_format":"label","default":"","description_enable":false,"description":"","placeholder_enable":false,"placeholder":"","display":"select","restrictions_type":"any_text","adjust_price":false,"price":"","price_type":"flat_fee","restrictions":false,"min":"0","max":"0","options":[],"id":1731845299},{"name":"Mermer ile Geli\u015ftirilmi\u015f Tasar\u0131m","type":"checkbox","position":1,"required":false,"title_format":"label","default":"","description_enable":false,"description":"","placeholder_enable":false,"placeholder":"","display":"select","restrictions_type":"any_text","adjust_price":false,"price":"","price_type":"flat_fee","restrictions":false,"min":"0","max":"0","options":[{"label":"Instead of the tray, this version is enhanced with marble for a touch of elegance","price":"35","price_type":"flat_fee","image":0,"visibility":true}],"id":1731845630},{"name":"Apple Varl\u0131\u011f\u0131n\u0131z\u0131 Y\u00fckseltin:","type":"checkbox","position":2,"required":false,"title_format":"label","default":"","description_enable":false,"description":"","placeholder_enable":false,"placeholder":"","display":"select","restrictions_type":"any_text","adjust_price":false,"price":"","price_type":"flat_fee","restrictions":false,"min":"0","max":"0","options":[{"label":"Reveal the iconic Apple logo with a precise cut-out on the stone surface, unveiling a sleek black satin-matte underside for a striking contrast and personal touch.","price":"25","price_type":"flat_fee","image":0,"visibility":true},{"label":"Enhance your device with a white engraved Apple logo, crafted over two days for elegance and sophistication.","price":"25","price_type":"flat_fee","image":0,"visibility":true}],"id":1731845302},{"name":"Roxxlyn Mermer Bak\u0131m Esaslar\u0131","type":"checkbox","position":3,"required":false,"title_format":"label","default":"","description_enable":false,"description":"","placeholder_enable":false,"placeholder":"","display":"select","restrictions_type":"any_text","adjust_price":false,"price":"","price_type":"flat_fee","restrictions":false,"min":"0","max":"0","options":[{"label":"A premium marble liquid polish that enhances and protects the natural beauty of your marble surfaces, providing a lasting, brilliant shine.","price":"10","price_type":"flat_fee","image":0,"visibility":true},{"label":"Microfiber Polishing Cloth: A soft, high-quality microfiber cloth designed for polishing marble surfaces. It delivers a streak-free, brilliant shine without scratching, perfect for maintaining your marble's natural beauty.","price":"5","price_type":"flat_fee","image":0,"visibility":true}],"id":1731845301}],"_links":{"self":[{"href":"https:\/\/roxxlyn.com\/tr\/wp-json\/wp\/v2\/product\/10963","targetHints":{"allow":["GET"]}}],"collection":[{"href":"https:\/\/roxxlyn.com\/tr\/wp-json\/wp\/v2\/product"}],"about":[{"href":"https:\/\/roxxlyn.com\/tr\/wp-json\/wp\/v2\/types\/product"}],"version-history":[{"count":0,"href":"https:\/\/roxxlyn.com\/tr\/wp-json\/wp\/v2\/product\/10963\/revisions"}],"wp:featuredmedia":[{"embeddable":true,"href":"https:\/\/roxxlyn.com\/tr\/wp-json\/wp\/v2\/media\/11097"}],"wp:attachment":[{"href":"https:\/\/roxxlyn.com\/tr\/wp-json\/wp\/v2\/media?parent=10963"}],"wp:term":[{"taxonomy":"product_brand","embeddable":true,"href":"https:\/\/roxxlyn.com\/tr\/wp-json\/wp\/v2\/product_brand?post=10963"},{"taxonomy":"product_cat","embeddable":true,"href":"https:\/\/roxxlyn.com\/tr\/wp-json\/wp\/v2\/product_cat?post=10963"},{"taxonomy":"product_tag","embeddable":true,"href":"https:\/\/roxxlyn.com\/tr\/wp-json\/wp\/v2\/product_tag?post=10963"}],"curies":[{"name":"wp","href":"https:\/\/api.w.org\/{rel}","templated":true}]}}