{"id":10473,"date":"2024-10-16T11:21:56","date_gmt":"2024-10-16T11:21:56","guid":{"rendered":"https:\/\/roxxlyn.com\/?post_type=product&#038;p=10473"},"modified":"2026-03-04T16:11:25","modified_gmt":"2026-03-04T16:11:25","slug":"the-ipad-slate-skin-black-rock","status":"publish","type":"product","link":"https:\/\/roxxlyn.com\/tr\/shop\/the-ipad-slate-skin-black-rock\/","title":{"rendered":"iPad Slate Skin - Black Rock"},"content":{"rendered":"<div data-elementor-type=\"wp-post\" data-elementor-id=\"10473\" class=\"elementor elementor-10473\" data-elementor-post-type=\"product\">\n\t\t\t\t\t\t<section class=\"elementor-section elementor-top-section elementor-element elementor-element-415b4ae elementor-section-boxed elementor-section-height-default elementor-section-height-default\" data-id=\"415b4ae\" data-element_type=\"section\" data-e-type=\"section\" data-settings=\"{&quot;background_background&quot;:&quot;classic&quot;}\">\n\t\t\t\t\t\t<div class=\"elementor-container elementor-column-gap-default\">\n\t\t\t\t\t<div class=\"elementor-column elementor-col-100 elementor-top-column elementor-element elementor-element-597b156\" data-id=\"597b156\" data-element_type=\"column\" data-e-type=\"column\">\n\t\t\t<div class=\"elementor-widget-wrap elementor-element-populated\">\n\t\t\t\t\t\t<div class=\"elementor-element elementor-element-7be3c16 elementor-widget elementor-widget-video\" data-id=\"7be3c16\" data-element_type=\"widget\" data-e-type=\"widget\" data-settings=\"{&quot;video_type&quot;:&quot;vimeo&quot;,&quot;autoplay&quot;:&quot;yes&quot;,&quot;show_image_overlay&quot;:&quot;yes&quot;,&quot;image_overlay&quot;:{&quot;url&quot;:&quot;https:\\\/\\\/roxxlyn.com\\\/wp-content\\\/uploads\\\/2020\\\/08\\\/Black-Rock-Slate-Skin.508-1.jpg&quot;,&quot;id&quot;:10391,&quot;size&quot;:&quot;&quot;,&quot;alt&quot;:&quot;&quot;,&quot;source&quot;:&quot;library&quot;},&quot;lightbox&quot;:&quot;yes&quot;}\" data-widget_type=\"video.default\">\n\t\t\t\t<div class=\"elementor-widget-container\">\n\t\t\t\t\t\t\t<div class=\"elementor-wrapper elementor-open-lightbox\">\n\t\t\t\t\t\t\t<div class=\"elementor-custom-embed-image-overlay\" data-elementor-open-lightbox=\"yes\" data-elementor-lightbox=\"{&quot;type&quot;:&quot;video&quot;,&quot;videoType&quot;:&quot;vimeo&quot;,&quot;url&quot;:&quot;https:\\\/\\\/player.vimeo.com\\\/video\\\/1017613452?color&amp;autopause=0&amp;loop=0&amp;muted=0&amp;title=1&amp;portrait=1&amp;byline=1#t=&quot;,&quot;autoplay&quot;:&quot;yes&quot;,&quot;modalOptions&quot;:{&quot;id&quot;:&quot;elementor-lightbox-7be3c16&quot;,&quot;entranceAnimation&quot;:&quot;&quot;,&quot;entranceAnimation_tablet&quot;:&quot;&quot;,&quot;entranceAnimation_mobile&quot;:&quot;&quot;,&quot;videoAspectRatio&quot;:&quot;11&quot;}}\" data-e-action-hash=\"#elementor-action%3Aaction%3Dlightbox%26settings%3DeyJ0eXBlIjoidmlkZW8iLCJ2aWRlb1R5cGUiOiJ2aW1lbyIsInVybCI6Imh0dHBzOlwvXC9wbGF5ZXIudmltZW8uY29tXC92aWRlb1wvMTAxNzYxMzQ1Mj9jb2xvciZhdXRvcGF1c2U9MCZsb29wPTAmbXV0ZWQ9MCZ0aXRsZT0xJnBvcnRyYWl0PTEmYnlsaW5lPTEjdD0iLCJhdXRvcGxheSI6InllcyIsIm1vZGFsT3B0aW9ucyI6eyJpZCI6ImVsZW1lbnRvci1saWdodGJveC03YmUzYzE2IiwiZW50cmFuY2VBbmltYXRpb24iOiIiLCJlbnRyYW5jZUFuaW1hdGlvbl90YWJsZXQiOiIiLCJlbnRyYW5jZUFuaW1hdGlvbl9tb2JpbGUiOiIiLCJ2aWRlb0FzcGVjdFJhdGlvIjoiMTEifX0%3D\">\n\t\t\t\t\t\t\t\t\t\t\t<img fetchpriority=\"high\" decoding=\"async\" width=\"2560\" height=\"2560\" src=\"https:\/\/roxxlyn.com\/wp-content\/uploads\/2020\/08\/Black-Rock-Slate-Skin.508-1.jpg\" class=\"attachment-full size-full wp-image-10391\" alt=\"\" srcset=\"https:\/\/roxxlyn.com\/wp-content\/uploads\/2020\/08\/Black-Rock-Slate-Skin.508-1.jpg 2560w, https:\/\/roxxlyn.com\/wp-content\/uploads\/2020\/08\/Black-Rock-Slate-Skin.508-1-1800x1800.jpg 1800w, https:\/\/roxxlyn.com\/wp-content\/uploads\/2020\/08\/Black-Rock-Slate-Skin.508-1-300x300.jpg 300w, https:\/\/roxxlyn.com\/wp-content\/uploads\/2020\/08\/Black-Rock-Slate-Skin.508-1-1024x1024.jpg 1024w, https:\/\/roxxlyn.com\/wp-content\/uploads\/2020\/08\/Black-Rock-Slate-Skin.508-1-150x150.jpg 150w, https:\/\/roxxlyn.com\/wp-content\/uploads\/2020\/08\/Black-Rock-Slate-Skin.508-1-768x768.jpg 768w, https:\/\/roxxlyn.com\/wp-content\/uploads\/2020\/08\/Black-Rock-Slate-Skin.508-1-1536x1536.jpg 1536w, https:\/\/roxxlyn.com\/wp-content\/uploads\/2020\/08\/Black-Rock-Slate-Skin.508-1-2048x2048.jpg 2048w, https:\/\/roxxlyn.com\/wp-content\/uploads\/2020\/08\/Black-Rock-Slate-Skin.508-1-12x12.jpg 12w, https:\/\/roxxlyn.com\/wp-content\/uploads\/2020\/08\/Black-Rock-Slate-Skin.508-1-660x660.jpg 660w\" sizes=\"(max-width: 2560px) 100vw, 2560px\" \/>\t\t\t\t\t\t\t\t\t\t\t\t\t\t\t\t<div class=\"elementor-custom-embed-play\" role=\"button\" aria-label=\"\u64ad\u653e\u89c6\u9891\" tabindex=\"0\" data-no-translation-aria-label=\"\">\n\t\t\t\t\t\t\t<i aria-hidden=\"true\" class=\"eicon-play\"><\/i>\t\t\t\t\t\t<\/div>\n\t\t\t\t\t\t\t\t\t<\/div>\n\t\t\t\t\t<\/div>\n\t\t\t\t\t\t<\/div>\n\t\t\t\t<\/div>\n\t\t\t\t<section class=\"elementor-section elementor-inner-section elementor-element elementor-element-d71c1e6 elementor-section-boxed elementor-section-height-default elementor-section-height-default\" data-id=\"d71c1e6\" data-element_type=\"section\" data-e-type=\"section\">\n\t\t\t\t\t\t<div class=\"elementor-container elementor-column-gap-default\">\n\t\t\t\t\t<div class=\"elementor-column elementor-col-100 elementor-inner-column elementor-element elementor-element-500ee0d\" data-id=\"500ee0d\" data-element_type=\"column\" data-e-type=\"column\">\n\t\t\t<div class=\"elementor-widget-wrap elementor-element-populated\">\n\t\t\t\t\t\t<div class=\"elementor-element elementor-element-9e0e074 elementor-widget elementor-widget-text-editor\" data-id=\"9e0e074\" data-element_type=\"widget\" data-e-type=\"widget\" data-widget_type=\"text-editor.default\">\n\t\t\t\t<div class=\"elementor-widget-container\">\n\t\t\t\t\t\t\t\t\t<p>Ayg\u0131t\u0131n\u0131za ikinci bir deri gibi oturan, el yap\u0131m\u0131, ger\u00e7ek ta\u015ftan bir ba\u015fyap\u0131t olan Roxxlyn Real Slate Skin Black Rock ile iPad'inizi y\u00fcceltin. Zengin siyah-gri tonu ve do\u011fal ta\u015f dokusuyla her bir kaplama ger\u00e7ekten t\u00fcr\u00fcn\u00fcn tek \u00f6rne\u011fi ve iPad'inize farkl\u0131 ve zarif bir g\u00f6r\u00fcn\u00fcm kazand\u0131r\u0131yor. Yaln\u0131zca 1 mm inceli\u011finde ve yakla\u015f\u0131k 45 gram a\u011f\u0131rl\u0131\u011f\u0131ndaki bu ultra ince kaplama, iPad'inizin \u015f\u0131k profilini korurken \u00e7izilmelere ve g\u00fcnl\u00fck a\u015f\u0131nmaya kar\u015f\u0131 kal\u0131c\u0131 koruma sa\u011fl\u0131yor.<\/p><p>Ger\u00e7ek kayrak ta\u015f\u0131ndan \u00fcretilen Black Rock kaplama, do\u011fan\u0131n g\u00fczelli\u011fini modern tasar\u0131m\u0131n hassasiyetiyle birle\u015ftiriyor. Kaplaman\u0131n ger\u00e7ek ta\u015ftan elde edilen dokusu, cihaz\u0131n\u0131z\u0131n p\u00fcr\u00fczs\u00fczl\u00fc\u011f\u00fcyle tezat olu\u015fturan benzersiz bir dokunma deneyimi sunarak onu i\u015flevsel oldu\u011fu kadar g\u00f6rsel olarak da \u00e7arp\u0131c\u0131 hale getirir. Do\u011fal ta\u015ftan yap\u0131lm\u0131\u015f olmas\u0131na ra\u011fmen, kaplama inan\u0131lmaz derecede esnektir ve Alman m\u00fchendisli\u011fi \u00fcr\u00fcn\u00fc yap\u0131\u015fkan\u0131m\u0131z sayesinde kolayl\u0131kla uygulanabilir veya \u00e7\u0131kar\u0131labilir, geride hi\u00e7bir kal\u0131nt\u0131 b\u0131rakmaz.<\/p><h3>iPad'iniz i\u00e7in Neden Slate Skin Black Rock'\u0131 Se\u00e7melisiniz?<\/h3><ul><li><p><strong>Hakiki Kayrak Ta\u015f\u0131, Ger\u00e7ek \u0130\u015f\u00e7ilik<\/strong>: Her bir kaplama ger\u00e7ek kayrak ta\u015f\u0131ndan \u00fcretilmi\u015ftir ve her iPad'i benzersiz k\u0131lan do\u011fal bir damar ve doku sa\u011flar. \u0130ki kaplama birbirine benzemez, bu nedenle iPad'iniz ger\u00e7ekten \u00f6ne \u00e7\u0131kacakt\u0131r.<\/p><\/li><li><p><strong>T\u00fcy Kadar Hafif ve Ultra \u0130nce<\/strong>: Sadece 45 gram a\u011f\u0131rl\u0131\u011f\u0131 ve 1 mm kal\u0131nl\u0131\u011f\u0131 ile Slate Skin, iPad'inizin \u015f\u0131k form fakt\u00f6r\u00fcnden \u00f6d\u00fcn vermeden koruma sa\u011flar. Minimalist ama cesur bir ifade.<\/p><\/li><li><p><strong>Zahmetsiz Uygulama, Kal\u0131nt\u0131s\u0131z Temizleme<\/strong>: Almanya'da titizlikle geli\u015ftirilen \u00f6zel bir 3M yap\u0131\u015fkan film i\u00e7eren kaplama, cihaz\u0131n\u0131z\u0131n bozulmam\u0131\u015f y\u00fczeyini koruyarak sorunsuz bir \u015fekilde uygulanabilir ve herhangi bir yap\u0131\u015fkan kal\u0131nt\u0131 olmadan temiz bir \u015fekilde \u00e7\u0131kar\u0131labilir.<\/p><\/li><li><p><strong>\u00d6zelle\u015ftirilebilir Kesim Se\u00e7enekleri<\/strong>: Daha fazla \u015f\u0131kl\u0131k i\u00e7in hassas Apple logosu kesimli bir kaplamay\u0131 tercih edin veya kesintisiz, kesintisiz bir ta\u015f y\u00fczey i\u00e7in tam kaplamal\u0131 bir tasar\u0131m se\u00e7in.<\/p><\/li><li><p><strong>\u0130ste\u011fe Ba\u011fl\u0131 Entegre Adapt\u00f6r Pimleri<\/strong>: Hem bi\u00e7im hem de i\u015flev arayanlar i\u00e7in, Apple Magic Keyboard gibi aksesuarlarla uyumluluk sa\u011flayan \u00fc\u00e7 entegre adapt\u00f6r pimine sahip bir se\u00e7enek sunuyoruz, b\u00f6ylece i\u015flevsellikten \u00f6d\u00fcn vermeden iPad'inizi \u015f\u0131k tutabilirsiniz.<\/p><\/li><li><p><strong>Almanya'da el yap\u0131m\u0131<\/strong>: Her bir Slate Skin, Almanya'da \u00f6zenle ve ayr\u0131nt\u0131lara dikkat edilerek \u00fcretilir, \u00fcst\u00fcn kalite ve cihaz\u0131n\u0131za m\u00fckemmel uyum sa\u011flar.<\/p><\/li><\/ul><h3>Estetik ve Fonksiyonel Koruma<\/h3><p>Roxxlyn Real Slate Skin Black Rock, yaln\u0131zca g\u00fcnl\u00fck s\u00fcrt\u00fcnmelere ve \u00e7izilmelere kar\u015f\u0131 koruyucu bir katman sa\u011flamakla kalmaz, ayn\u0131 zamanda iPad'inizi bir sanat eserine d\u00f6n\u00fc\u015ft\u00fcr\u00fcr. Rustik cazibeyi modern zarafetle birle\u015ftiren bu \u00fcr\u00fcn, bi\u00e7im ve i\u015flevin m\u00fckemmel bir kar\u0131\u015f\u0131m\u0131d\u0131r ve ayg\u0131t\u0131n\u0131za dokunsal ve g\u00f6rsel bir y\u00fckseltme sa\u011flar.<\/p><p>Bu sadece bir kaplama de\u011fil; bireyselli\u011fin, i\u015f\u00e7ili\u011fin ve zamans\u0131z stilin bir ifadesi. iPad'inizi en iyi do\u011fal malzemelerle koruyun ve gitti\u011finiz her yerde dikkatleri \u00fczerinize \u00e7ekin.<\/p><h3>\u00d6nemli notlar:<\/h3><p>Slate Skin, sert kabuklu bir k\u0131l\u0131f de\u011fil, yap\u0131\u015fkanl\u0131 bir kaplama olarak tasarlanm\u0131\u015ft\u0131r ve hacim eklemeden hafif koruma sunar.<\/p>\t\t\t\t\t\t\t\t<\/div>\n\t\t\t\t<\/div>\n\t\t\t\t<div class=\"elementor-element elementor-element-9a45c83 elementor-widget elementor-widget-text-editor\" data-id=\"9a45c83\" data-element_type=\"widget\" data-e-type=\"widget\" data-widget_type=\"text-editor.default\">\n\t\t\t\t<div class=\"elementor-widget-container\">\n\t\t\t\t\t\t\t\t\t<p><blockquote class=\"wp-embedded-content\" data-secret=\"8fLA6tCWCk\"><a href=\"https:\/\/roxxlyn.com\/tr\/instructions\/\">Talimatlar<\/a><\/blockquote><iframe class=\"wp-embedded-content\" sandbox=\"allow-scripts\" security=\"restricted\" style=\"position: absolute; visibility: hidden;\" title=\"&quot;Talimatlar&quot; - ROXXLYN\" src=\"https:\/\/roxxlyn.com\/instructions\/embed\/#?secret=apHpz3BNei#?secret=8fLA6tCWCk\" data-secret=\"8fLA6tCWCk\" width=\"600\" height=\"338\" frameborder=\"0\" marginwidth=\"0\" marginheight=\"0\" scrolling=\"no\"><\/iframe><\/p>\t\t\t\t\t\t\t\t<\/div>\n\t\t\t\t<\/div>\n\t\t\t\t\t<\/div>\n\t\t<\/div>\n\t\t\t\t\t<\/div>\n\t\t<\/section>\n\t\t\t\t<div class=\"elementor-element elementor-element-396757a elementor-widget elementor-widget-video\" data-id=\"396757a\" data-element_type=\"widget\" data-e-type=\"widget\" data-settings=\"{&quot;video_type&quot;:&quot;vimeo&quot;}\" data-widget_type=\"video.default\">\n\t\t\t\t<div class=\"elementor-widget-container\">\n\t\t\t\t\t\t\t<div class=\"elementor-wrapper elementor-open-inline\">\n\t\t\t<iframe class=\"elementor-video-iframe\" allowfullscreen allow=\"clipboard-write\" title=\"vimeo \u89c6\u9891\u64ad\u653e\u5668\" src=\"https:\/\/player.vimeo.com\/video\/135730659?color&amp;autopause=0&amp;loop=0&amp;muted=0&amp;title=1&amp;portrait=1&amp;byline=1#t=\" data-no-translation-title=\"\"><\/iframe>\t\t<\/div>\n\t\t\t\t\t\t<\/div>\n\t\t\t\t<\/div>\n\t\t\t\t<div class=\"elementor-element elementor-element-61b67c9 elementor-widget elementor-widget-video\" data-id=\"61b67c9\" data-element_type=\"widget\" data-e-type=\"widget\" data-settings=\"{&quot;video_type&quot;:&quot;vimeo&quot;}\" data-widget_type=\"video.default\">\n\t\t\t\t<div class=\"elementor-widget-container\">\n\t\t\t\t\t\t\t<div class=\"elementor-wrapper elementor-open-inline\">\n\t\t\t<iframe class=\"elementor-video-iframe\" allowfullscreen allow=\"clipboard-write\" title=\"vimeo \u89c6\u9891\u64ad\u653e\u5668\" src=\"https:\/\/player.vimeo.com\/video\/290503829?color&amp;autopause=0&amp;loop=0&amp;muted=0&amp;title=1&amp;portrait=1&amp;byline=1#t=\" data-no-translation-title=\"\"><\/iframe>\t\t<\/div>\n\t\t\t\t\t\t<\/div>\n\t\t\t\t<\/div>\n\t\t\t\t\t<\/div>\n\t\t<\/div>\n\t\t\t\t\t<\/div>\n\t\t<\/section>\n\t\t\t\t<\/div>","protected":false},"excerpt":{"rendered":"<p>Slate Skin Black Rock ile iPad'inize benzersiz bir g\u00f6r\u00fcn\u00fcm kazand\u0131r\u0131n. Ger\u00e7ek ta\u015ftan yap\u0131lan bu el yap\u0131m\u0131, ultra ince (1 mm), hafif (35 g) kaplama, kendine \u00f6zg\u00fc siyah-gri ta\u015f dokusuna ve kolay uygulama, \u015f\u0131k koruma ve kal\u0131nt\u0131s\u0131z \u00e7\u0131karma i\u00e7in Alman m\u00fchendisli\u011fi \u00fcr\u00fcn\u00fc bir yap\u0131\u015fkana sahiptir. K\u0131l\u0131f de\u011fil - bu ger\u00e7ek bir i\u015f\u00e7ilik.<\/p>","protected":false},"featured_media":10532,"template":"","meta":{"inline_featured_image":false},"product_brand":[],"product_cat":[163],"product_tag":[],"class_list":{"0":"post-10473","1":"product","2":"type-product","3":"status-publish","4":"has-post-thumbnail","6":"product_cat-ipad-skin","8":"first","9":"instock","10":"featured","11":"taxable","12":"shipping-taxable","13":"purchasable","14":"product-type-variable","15":"has-default-attributes"},"exclude_global_add_ons":[],"addons":[],"_links":{"self":[{"href":"https:\/\/roxxlyn.com\/tr\/wp-json\/wp\/v2\/product\/10473","targetHints":{"allow":["GET"]}}],"collection":[{"href":"https:\/\/roxxlyn.com\/tr\/wp-json\/wp\/v2\/product"}],"about":[{"href":"https:\/\/roxxlyn.com\/tr\/wp-json\/wp\/v2\/types\/product"}],"version-history":[{"count":1,"href":"https:\/\/roxxlyn.com\/tr\/wp-json\/wp\/v2\/product\/10473\/revisions"}],"predecessor-version":[{"id":14875,"href":"https:\/\/roxxlyn.com\/tr\/wp-json\/wp\/v2\/product\/10473\/revisions\/14875"}],"wp:featuredmedia":[{"embeddable":true,"href":"https:\/\/roxxlyn.com\/tr\/wp-json\/wp\/v2\/media\/10532"}],"wp:attachment":[{"href":"https:\/\/roxxlyn.com\/tr\/wp-json\/wp\/v2\/media?parent=10473"}],"wp:term":[{"taxonomy":"product_brand","embeddable":true,"href":"https:\/\/roxxlyn.com\/tr\/wp-json\/wp\/v2\/product_brand?post=10473"},{"taxonomy":"product_cat","embeddable":true,"href":"https:\/\/roxxlyn.com\/tr\/wp-json\/wp\/v2\/product_cat?post=10473"},{"taxonomy":"product_tag","embeddable":true,"href":"https:\/\/roxxlyn.com\/tr\/wp-json\/wp\/v2\/product_tag?post=10473"}],"curies":[{"name":"wp","href":"https:\/\/api.w.org\/{rel}","templated":true}]}}