{"id":10017,"date":"2024-08-14T11:34:35","date_gmt":"2024-08-14T11:34:35","guid":{"rendered":"https:\/\/roxxlyn.com\/?post_type=product&#038;p=10017"},"modified":"2025-09-14T13:35:44","modified_gmt":"2025-09-14T13:35:44","slug":"artisan-marble-elegance-cnc-aluminum-airtag-masterpiece-lapis-lazuli","status":"publish","type":"product","link":"https:\/\/roxxlyn.com\/tr\/shop\/artisan-marble-elegance-cnc-aluminum-airtag-masterpiece-lapis-lazuli\/","title":{"rendered":"Artisan Mermer Zarafeti: CNC Al\u00fcminyum AirTag Ba\u015fyap\u0131t\u0131 - Lapis Lazuli"},"content":{"rendered":"<div data-elementor-type=\"wp-post\" data-elementor-id=\"10017\" class=\"elementor elementor-10017\" data-elementor-post-type=\"product\">\n\t\t\t\t\t\t<section class=\"elementor-section elementor-top-section elementor-element elementor-element-1761437 elementor-section-boxed elementor-section-height-default elementor-section-height-default\" data-id=\"1761437\" data-element_type=\"section\" data-e-type=\"section\" data-settings=\"{&quot;background_background&quot;:&quot;classic&quot;}\">\n\t\t\t\t\t\t<div class=\"elementor-container elementor-column-gap-default\">\n\t\t\t\t\t<div class=\"elementor-column elementor-col-100 elementor-top-column elementor-element elementor-element-686c732\" data-id=\"686c732\" data-element_type=\"column\" data-e-type=\"column\">\n\t\t\t<div class=\"elementor-widget-wrap elementor-element-populated\">\n\t\t\t\t\t\t<div class=\"elementor-element elementor-element-18411c7 elementor-widget elementor-widget-video\" data-id=\"18411c7\" data-element_type=\"widget\" data-e-type=\"widget\" data-settings=\"{&quot;video_type&quot;:&quot;hosted&quot;,&quot;autoplay&quot;:&quot;yes&quot;,&quot;loop&quot;:&quot;yes&quot;,&quot;play_on_mobile&quot;:&quot;yes&quot;,&quot;mute&quot;:&quot;yes&quot;,&quot;controls&quot;:&quot;yes&quot;}\" data-widget_type=\"video.default\">\n\t\t\t\t<div class=\"elementor-widget-container\">\n\t\t\t\t\t\t\t<div class=\"e-hosted-video elementor-wrapper elementor-open-inline\">\n\t\t\t\t\t<video class=\"elementor-video\" src=\"https:\/\/roxxlyn.com\/wp-content\/uploads\/2022\/08\/airtag-metal-roxxlyn.mp4\" autoplay=\"\" loop=\"\" controls=\"\" muted=\"muted\" playsinline=\"\" controlslist=\"nodownload\"><\/video>\n\t\t\t\t<\/div>\n\t\t\t\t\t\t<\/div>\n\t\t\t\t<\/div>\n\t\t\t\t<div class=\"elementor-element elementor-element-7a894e0 elementor-widget elementor-widget-text-editor\" data-id=\"7a894e0\" data-element_type=\"widget\" data-e-type=\"widget\" data-widget_type=\"text-editor.default\">\n\t\t\t\t<div class=\"elementor-widget-container\">\n\t\t\t\t\t\t\t\t\t<h2><span style=\"color: #ffffff;\">Kutunun i\u00e7inde ne var?<\/span><\/h2><p>1 x Apple AirTags i\u00e7in manyetik kapakl\u0131 siyah anodize al\u00fcminyum k\u0131l\u0131f<br \/>1 x Gri \u00e7inko ala\u015f\u0131ml\u0131 karabina<br \/>1 x Hakiki Lapis Lazuli Granit kapak<br \/>1 x Ekstra stil i\u00e7in vegan deri \u00e7\u0131kartma (se\u00e7ti\u011finiz logolu veya logosuz)<br \/>6 x Ekstra koruma ve kontrast i\u00e7in y\u00fcksek kaliteli ORAFOL mat siyah \u00e7\u0131kartmalar<br \/>1 x Takip etmesi kolay kurulum k\u0131lavuzumuza bir ba\u011flant\u0131 i\u00e7eren te\u015fekk\u00fcr kart\u0131<br \/>1x siyah k\u0131l\u0131f<\/p><p>L\u00fctfen unutmay\u0131n:<br \/>Her kasa ger\u00e7ek Nero Marquina mermerinden \u00fcretilmi\u015ftir ve her biri benzersizdir. Mermer kaplama g\u00f6rsellerden biraz farkl\u0131 olabilir, bu da sat\u0131n ald\u0131\u011f\u0131n\u0131z \u00fcr\u00fcn\u00fcn bireyselli\u011fine katk\u0131da bulunur.<\/p><p><blockquote class=\"wp-embedded-content\" data-secret=\"lZpEPVjbOK\"><a href=\"https:\/\/roxxlyn.com\/tr\/instructions\/\">Talimatlar<\/a><\/blockquote><iframe class=\"wp-embedded-content\" sandbox=\"allow-scripts\" security=\"restricted\" style=\"position: absolute; visibility: hidden;\" title=\"&quot;Talimatlar&quot; - ROXXLYN\" src=\"https:\/\/roxxlyn.com\/instructions\/embed\/#?secret=nKcrhTtLGQ#?secret=lZpEPVjbOK\" data-secret=\"lZpEPVjbOK\" width=\"600\" height=\"338\" frameborder=\"0\" marginwidth=\"0\" marginheight=\"0\" scrolling=\"no\"><\/iframe><\/p><p>\u00dcr\u00fcn Almanya'dan g\u00f6nderilir.<\/p>\t\t\t\t\t\t\t\t<\/div>\n\t\t\t\t<\/div>\n\t\t\t\t\t<\/div>\n\t\t<\/div>\n\t\t\t\t\t<\/div>\n\t\t<\/section>\n\t\t\t\t<section class=\"elementor-section elementor-top-section elementor-element elementor-element-4fad3d1 elementor-section-boxed elementor-section-height-default elementor-section-height-default\" data-id=\"4fad3d1\" data-element_type=\"section\" data-e-type=\"section\" data-settings=\"{&quot;background_background&quot;:&quot;classic&quot;}\">\n\t\t\t\t\t\t<div class=\"elementor-container elementor-column-gap-default\">\n\t\t\t\t\t<div class=\"elementor-column elementor-col-100 elementor-top-column elementor-element elementor-element-e551091\" data-id=\"e551091\" data-element_type=\"column\" data-e-type=\"column\">\n\t\t\t<div class=\"elementor-widget-wrap elementor-element-populated\">\n\t\t\t\t\t\t<div class=\"elementor-element elementor-element-e7512c5 elementor-widget elementor-widget-video\" data-id=\"e7512c5\" data-element_type=\"widget\" data-e-type=\"widget\" data-settings=\"{&quot;video_type&quot;:&quot;vimeo&quot;}\" data-widget_type=\"video.default\">\n\t\t\t\t<div class=\"elementor-widget-container\">\n\t\t\t\t\t\t\t<div class=\"elementor-wrapper elementor-open-inline\">\n\t\t\t<iframe class=\"elementor-video-iframe\" allowfullscreen allow=\"clipboard-write\" title=\"vimeo Video Oynat\u0131c\u0131\" src=\"https:\/\/player.vimeo.com\/video\/290503829?color&amp;autopause=0&amp;loop=0&amp;muted=0&amp;title=1&amp;portrait=1&amp;byline=1#t=\"><\/iframe>\t\t<\/div>\n\t\t\t\t\t\t<\/div>\n\t\t\t\t<\/div>\n\t\t\t\t\t<\/div>\n\t\t<\/div>\n\t\t\t\t\t<\/div>\n\t\t<\/section>\n\t\t\t\t<\/div>","protected":false},"excerpt":{"rendered":"<p>AirTag'inizi, modern teknolojinin Lapis Lazuli Granitinin zamans\u0131z g\u00fczelli\u011fiyle bulu\u015ftu\u011fu CNC ile i\u015flenmi\u015f k\u0131l\u0131f\u0131m\u0131zla geli\u015ftirin.<\/p>\n<p>Hassasiyetle \u00fcretilen mat siyah anodize al\u00fcminyum ve l\u00fcks vegan deri, \u015f\u0131k ve dayan\u0131kl\u0131 bir tasar\u0131m olu\u015fturur. Derin mavi tonlar\u0131 ve do\u011fal alt\u0131n benekleriyle \u00fcnl\u00fc Hakiki Lapis Lazuli Granit, benzersiz bir \u015f\u0131kl\u0131k katar. Mat gri \u00e7inko karabina g\u00fcvenli ve \u015f\u0131k bir ba\u011flant\u0131 sunar.<\/p>\n<p>Entegre m\u0131knat\u0131slar kusursuz bir uyum sa\u011flar ve bu k\u0131l\u0131f\u0131 sofistike ve i\u015flevselli\u011fin m\u00fckemmel bir kar\u0131\u015f\u0131m\u0131, ger\u00e7ek bir sanat eseri haline getirir. Almanya'da \u00fcretilmi\u015ftir.<\/p>","protected":false},"featured_media":10246,"template":"","meta":{"inline_featured_image":false},"product_brand":[],"product_cat":[92],"product_tag":[],"class_list":{"0":"post-10017","1":"product","2":"type-product","3":"status-publish","4":"has-post-thumbnail","6":"product_cat-airtag","8":"first","9":"instock","10":"taxable","11":"shipping-taxable","12":"purchasable","13":"product-type-variable"},"exclude_global_add_ons":[],"addons":[],"_links":{"self":[{"href":"https:\/\/roxxlyn.com\/tr\/wp-json\/wp\/v2\/product\/10017","targetHints":{"allow":["GET"]}}],"collection":[{"href":"https:\/\/roxxlyn.com\/tr\/wp-json\/wp\/v2\/product"}],"about":[{"href":"https:\/\/roxxlyn.com\/tr\/wp-json\/wp\/v2\/types\/product"}],"version-history":[{"count":0,"href":"https:\/\/roxxlyn.com\/tr\/wp-json\/wp\/v2\/product\/10017\/revisions"}],"wp:featuredmedia":[{"embeddable":true,"href":"https:\/\/roxxlyn.com\/tr\/wp-json\/wp\/v2\/media\/10246"}],"wp:attachment":[{"href":"https:\/\/roxxlyn.com\/tr\/wp-json\/wp\/v2\/media?parent=10017"}],"wp:term":[{"taxonomy":"product_brand","embeddable":true,"href":"https:\/\/roxxlyn.com\/tr\/wp-json\/wp\/v2\/product_brand?post=10017"},{"taxonomy":"product_cat","embeddable":true,"href":"https:\/\/roxxlyn.com\/tr\/wp-json\/wp\/v2\/product_cat?post=10017"},{"taxonomy":"product_tag","embeddable":true,"href":"https:\/\/roxxlyn.com\/tr\/wp-json\/wp\/v2\/product_tag?post=10017"}],"curies":[{"name":"wp","href":"https:\/\/api.w.org\/{rel}","templated":true}]}}