{"id":8648,"date":"2024-01-18T14:48:55","date_gmt":"2024-01-18T14:48:55","guid":{"rendered":"https:\/\/roxxlyn.com\/?page_id=8648"},"modified":"2024-01-18T15:12:06","modified_gmt":"2024-01-18T15:12:06","slug":"made","status":"publish","type":"page","link":"https:\/\/roxxlyn.com\/tr\/made\/","title":{"rendered":"Yap\u0131lm\u0131\u015f"},"content":{"rendered":"<div data-elementor-type=\"wp-page\" data-elementor-id=\"8648\" class=\"elementor elementor-8648\" data-elementor-post-type=\"page\">\n\t\t\t\t\t\t<section class=\"elementor-section elementor-top-section elementor-element elementor-element-87b5fa2 elementor-section-full_width elementor-section-height-default elementor-section-height-default\" data-id=\"87b5fa2\" data-element_type=\"section\" data-e-type=\"section\">\n\t\t\t\t\t\t<div class=\"elementor-container elementor-column-gap-default\">\n\t\t\t\t\t<div class=\"elementor-column elementor-col-100 elementor-top-column elementor-element elementor-element-3bd6c4c\" data-id=\"3bd6c4c\" data-element_type=\"column\" data-e-type=\"column\">\n\t\t\t<div class=\"elementor-widget-wrap elementor-element-populated\">\n\t\t\t\t\t\t<div class=\"elementor-element elementor-element-08b67f6 elementor-widget elementor-widget-text-editor\" data-id=\"08b67f6\" data-element_type=\"widget\" data-e-type=\"widget\" data-widget_type=\"text-editor.default\">\n\t\t\t\t<div class=\"elementor-widget-container\">\n\t\t\t\t\t\t\t\t\t<p>&nbsp;Bu teknolojide ustala\u015fmak neredeyse iki y\u0131ll\u0131k bir anlay\u0131\u015f ve geli\u015ftirme s\u00fcreci ald\u0131. Bir milyar y\u0131ll\u0131k do\u011fal ta\u015ftan ince, ultra hafif ve benzersiz ta\u015f kaplamalar olu\u015fturmay\u0131 m\u00fcmk\u00fcn k\u0131lan bir s\u00fcre\u00e7 \u2192<\/p>\t\t\t\t\t\t\t\t<\/div>\n\t\t\t\t<\/div>\n\t\t\t\t<div class=\"elementor-element elementor-element-18dd901 elementor-widget elementor-widget-video\" data-id=\"18dd901\" data-element_type=\"widget\" data-e-type=\"widget\" data-settings=\"{&quot;video_type&quot;:&quot;vimeo&quot;,&quot;autoplay&quot;:&quot;yes&quot;,&quot;loop&quot;:&quot;yes&quot;,&quot;play_on_mobile&quot;:&quot;yes&quot;,&quot;mute&quot;:&quot;yes&quot;}\" data-widget_type=\"video.default\">\n\t\t\t\t<div class=\"elementor-widget-container\">\n\t\t\t\t\t\t\t<div class=\"elementor-wrapper elementor-open-inline\">\n\t\t\t<iframe class=\"elementor-video-iframe\" allowfullscreen allow=\"autoplay\" title=\"vimeo \u52d5\u753b\u30d7\u30ec\u30fc\u30e4\u30fc\" src=\"https:\/\/player.vimeo.com\/video\/290503829?autoplay=1&amp;playsinline=1&amp;color=FFFFFF&amp;autopause=0&amp;loop=1&amp;muted=1&amp;title=0&amp;portrait=1&amp;byline=0#t=\" data-no-translation-title=\"\"><\/iframe>\t\t<\/div>\n\t\t\t\t\t\t<\/div>\n\t\t\t\t<\/div>\n\t\t\t\t\t<\/div>\n\t\t<\/div>\n\t\t\t\t\t<\/div>\n\t\t<\/section>\n\t\t\t\t<section class=\"elementor-section elementor-top-section elementor-element elementor-element-7b44f3a elementor-section-boxed elementor-section-height-default elementor-section-height-default\" data-id=\"7b44f3a\" data-element_type=\"section\" data-e-type=\"section\">\n\t\t\t\t\t\t<div class=\"elementor-container elementor-column-gap-default\">\n\t\t\t\t\t<div class=\"elementor-column elementor-col-100 elementor-top-column elementor-element elementor-element-d21da6b\" data-id=\"d21da6b\" data-element_type=\"column\" data-e-type=\"column\">\n\t\t\t<div class=\"elementor-widget-wrap elementor-element-populated\">\n\t\t\t\t\t\t<div class=\"elementor-element elementor-element-de41964 elementor-widget elementor-widget-text-editor\" data-id=\"de41964\" data-element_type=\"widget\" data-e-type=\"widget\" data-widget_type=\"text-editor.default\">\n\t\t\t\t<div class=\"elementor-widget-container\">\n\t\t\t\t\t\t\t\t\t<p>Ola\u011fan\u00fcst\u00fc ta\u015f \u00fcr\u00fcnleri ve aksesuarlar\u0131n\u0131n i\u015flenmesinde sanat\u0131n yenilikle bulu\u015ftu\u011fu Roxxlyn d\u00fcnyas\u0131na ho\u015f geldiniz. \u0130\u015fte &#039;Made&#039;, en son bulu\u015fumuz ve ta\u015f i\u015f\u00e7ili\u011finde m\u00fckemmelli\u011fi yeniden tan\u0131mlama konusundaki sars\u0131lmaz kararl\u0131l\u0131\u011f\u0131m\u0131z\u0131n bir kan\u0131t\u0131. &#039;Made&#039;i tan\u0131tt\u0131\u011f\u0131m\u0131zda, Roxxlyn&#039;in benzersiz yakla\u015f\u0131m\u0131n\u0131 tan\u0131mlayan eskimeyen gelenek ile en son teknolojinin kusursuz birle\u015fimine kendinizi kapt\u0131r\u0131n. &#039;Yap\u0131lm\u0131\u015f&#039; bir yarat\u0131mdan daha fazlas\u0131d\u0131r; tutkuyla, hassasiyetle ve ta\u015ftan yap\u0131lm\u0131\u015f e\u015fsiz sanatla \u00f6r\u00fclm\u00fc\u015f bir anlat\u0131. Ta\u015f aksesuarlar\u0131 alan\u0131nda l\u00fcks ve tasar\u0131mda yeni standartlar belirlemeye olan ba\u011fl\u0131l\u0131\u011f\u0131m\u0131z\u0131n sembol\u00fc olan &#039;Made&#039;i gururla sunarken bu yolculukta bize kat\u0131l\u0131n.<\/p>\t\t\t\t\t\t\t\t<\/div>\n\t\t\t\t<\/div>\n\t\t\t\t\t<\/div>\n\t\t<\/div>\n\t\t\t\t\t<\/div>\n\t\t<\/section>\n\t\t\t\t<\/div>","protected":false},"excerpt":{"rendered":"<p>&nbsp;Bu teknolojide ustala\u015fmak i\u00e7in neredeyse iki y\u0131ll\u0131k bir kavrama ve geli\u015ftirme s\u00fcreci gerekti. Bir milyar ta\u015ftan ince, ultra hafif ve benzersiz ta\u015f kaplamalar olu\u015fturmay\u0131 m\u00fcmk\u00fcn k\u0131lan bir s\u00fcre\u00e7...<\/p>","protected":false},"author":2904,"featured_media":0,"parent":0,"menu_order":0,"comment_status":"closed","ping_status":"closed","template":"","meta":{"inline_featured_image":false,"footnotes":""},"class_list":["post-8648","page","type-page","status-publish","hentry"],"_links":{"self":[{"href":"https:\/\/roxxlyn.com\/tr\/wp-json\/wp\/v2\/pages\/8648","targetHints":{"allow":["GET"]}}],"collection":[{"href":"https:\/\/roxxlyn.com\/tr\/wp-json\/wp\/v2\/pages"}],"about":[{"href":"https:\/\/roxxlyn.com\/tr\/wp-json\/wp\/v2\/types\/page"}],"author":[{"embeddable":true,"href":"https:\/\/roxxlyn.com\/tr\/wp-json\/wp\/v2\/users\/2904"}],"replies":[{"embeddable":true,"href":"https:\/\/roxxlyn.com\/tr\/wp-json\/wp\/v2\/comments?post=8648"}],"version-history":[{"count":0,"href":"https:\/\/roxxlyn.com\/tr\/wp-json\/wp\/v2\/pages\/8648\/revisions"}],"wp:attachment":[{"href":"https:\/\/roxxlyn.com\/tr\/wp-json\/wp\/v2\/media?parent=8648"}],"curies":[{"name":"wp","href":"https:\/\/api.w.org\/{rel}","templated":true}]}}