{"id":679,"date":"2020-10-05T16:13:19","date_gmt":"2020-10-05T16:13:19","guid":{"rendered":"https:\/\/roxxlyn.com\/?page_id=679"},"modified":"2025-09-21T17:59:35","modified_gmt":"2025-09-21T17:59:35","slug":"studio","status":"publish","type":"page","link":"https:\/\/roxxlyn.com\/tr\/studio\/","title":{"rendered":"St\u00fcdyo"},"content":{"rendered":"<div data-elementor-type=\"wp-page\" data-elementor-id=\"679\" class=\"elementor elementor-679\" data-elementor-post-type=\"page\">\n\t\t\t\t\t\t<section class=\"elementor-section elementor-top-section elementor-element elementor-element-f1b80b9 elementor-section-boxed elementor-section-height-default elementor-section-height-default\" data-id=\"f1b80b9\" data-element_type=\"section\" data-e-type=\"section\">\n\t\t\t\t\t\t<div class=\"elementor-container elementor-column-gap-default\">\n\t\t\t\t\t<div class=\"elementor-column elementor-col-100 elementor-top-column elementor-element elementor-element-2b6a05e\" data-id=\"2b6a05e\" data-element_type=\"column\" data-e-type=\"column\">\n\t\t\t<div class=\"elementor-widget-wrap elementor-element-populated\">\n\t\t\t\t\t\t<div class=\"elementor-element elementor-element-7651fd4 elementor-widget elementor-widget-text-editor\" data-id=\"7651fd4\" data-element_type=\"widget\" data-e-type=\"widget\" data-widget_type=\"text-editor.default\">\n\t\t\t\t<div class=\"elementor-widget-container\">\n\t\t\t\t\t\t\t\t\t<p>St\u00fcdyo<\/p>\t\t\t\t\t\t\t\t<\/div>\n\t\t\t\t<\/div>\n\t\t\t\t\t<\/div>\n\t\t<\/div>\n\t\t\t\t\t<\/div>\n\t\t<\/section>\n\t\t\t\t<section class=\"elementor-section elementor-top-section elementor-element elementor-element-63cd26d elementor-section-boxed elementor-section-height-default elementor-section-height-default\" data-id=\"63cd26d\" data-element_type=\"section\" data-e-type=\"section\">\n\t\t\t\t\t\t<div class=\"elementor-container elementor-column-gap-default\">\n\t\t\t\t\t<div class=\"elementor-column elementor-col-100 elementor-top-column elementor-element elementor-element-6c18f1f\" data-id=\"6c18f1f\" data-element_type=\"column\" data-e-type=\"column\">\n\t\t\t<div class=\"elementor-widget-wrap elementor-element-populated\">\n\t\t\t\t\t\t<div class=\"elementor-element elementor-element-8783bb4 elementor-widget elementor-widget-text-editor\" data-id=\"8783bb4\" data-element_type=\"widget\" data-e-type=\"widget\" data-widget_type=\"text-editor.default\">\n\t\t\t\t<div class=\"elementor-widget-container\">\n\t\t\t\t\t\t\t\t\t<p>Berlin Mitte'deki st\u00fcdyomuzun tasar\u0131m\u0131 ve i\u00e7 dizayn\u0131 bir ekip \u00e7al\u0131\u015fmas\u0131n\u0131n sonucudur. Her bir Roxxlyn ekip \u00fcyesinin fikirleri ve istekleri en k\u00fc\u00e7\u00fck ayr\u0131nt\u0131s\u0131na kadar dahil edilmi\u015ftir. Ta\u015f, mobilyalar\u0131n temelini olu\u015fturur ve bir\u00e7ok unsurda bulunabilir. Pirin\u00e7 gibi asil malzemeler bu kontrast\u0131 geli\u015ftiriyor ve \u00f6\u011feler aras\u0131nda benzersiz bir b\u00fct\u00fcnl\u00fck yarat\u0131yor. Berlin\u00a0<\/p>\t\t\t\t\t\t\t\t<\/div>\n\t\t\t\t<\/div>\n\t\t\t\t\t<\/div>\n\t\t<\/div>\n\t\t\t\t\t<\/div>\n\t\t<\/section>\n\t\t\t\t<section class=\"elementor-section elementor-top-section elementor-element elementor-element-2f8b739 elementor-section-full_width elementor-section-stretched elementor-section-height-default elementor-section-height-default\" data-id=\"2f8b739\" data-element_type=\"section\" data-e-type=\"section\" data-settings=\"{&quot;stretch_section&quot;:&quot;section-stretched&quot;}\">\n\t\t\t\t\t\t<div class=\"elementor-container elementor-column-gap-default\">\n\t\t\t\t\t<div class=\"elementor-column elementor-col-100 elementor-top-column elementor-element elementor-element-cb10e57\" data-id=\"cb10e57\" data-element_type=\"column\" data-e-type=\"column\">\n\t\t\t<div class=\"elementor-widget-wrap elementor-element-populated\">\n\t\t\t\t\t\t<div class=\"elementor-element elementor-element-e261489 elementor-widget elementor-widget-image\" data-id=\"e261489\" data-element_type=\"widget\" data-e-type=\"widget\" data-widget_type=\"image.default\">\n\t\t\t\t<div class=\"elementor-widget-container\">\n\t\t\t\t\t\t\t\t\t\t\t\t\t\t\t<img fetchpriority=\"high\" decoding=\"async\" width=\"1024\" height=\"683\" src=\"https:\/\/roxxlyn.com\/wp-content\/uploads\/2020\/10\/Shop-2-new-1024x683.jpg\" class=\"attachment-large size-large wp-image-683\" alt=\"\" srcset=\"https:\/\/roxxlyn.com\/wp-content\/uploads\/2020\/10\/Shop-2-new-1024x683.jpg 1024w, https:\/\/roxxlyn.com\/wp-content\/uploads\/2020\/10\/Shop-2-new-1800x1200.jpg 1800w, https:\/\/roxxlyn.com\/wp-content\/uploads\/2020\/10\/Shop-2-new-300x200.jpg 300w, https:\/\/roxxlyn.com\/wp-content\/uploads\/2020\/10\/Shop-2-new-768x512.jpg 768w, https:\/\/roxxlyn.com\/wp-content\/uploads\/2020\/10\/Shop-2-new-1536x1024.jpg 1536w, https:\/\/roxxlyn.com\/wp-content\/uploads\/2020\/10\/Shop-2-new-2048x1366.jpg 2048w, https:\/\/roxxlyn.com\/wp-content\/uploads\/2020\/10\/Shop-2-new-100x68.jpg 100w, https:\/\/roxxlyn.com\/wp-content\/uploads\/2020\/10\/Shop-2-new-450x300.jpg 450w, https:\/\/roxxlyn.com\/wp-content\/uploads\/2020\/10\/Shop-2-new-660x440.jpg 660w\" sizes=\"(max-width: 1024px) 100vw, 1024px\" \/>\t\t\t\t\t\t\t\t\t\t\t\t\t\t\t<\/div>\n\t\t\t\t<\/div>\n\t\t\t\t\t<\/div>\n\t\t<\/div>\n\t\t\t\t\t<\/div>\n\t\t<\/section>\n\t\t\t\t<section class=\"elementor-section elementor-top-section elementor-element elementor-element-fa8d4c2 elementor-section-boxed elementor-section-height-default elementor-section-height-default\" data-id=\"fa8d4c2\" data-element_type=\"section\" data-e-type=\"section\">\n\t\t\t\t\t\t<div class=\"elementor-container elementor-column-gap-default\">\n\t\t\t\t\t<div class=\"elementor-column elementor-col-100 elementor-top-column elementor-element elementor-element-2c2cab5\" data-id=\"2c2cab5\" data-element_type=\"column\" data-e-type=\"column\">\n\t\t\t<div class=\"elementor-widget-wrap elementor-element-populated\">\n\t\t\t\t\t\t<div class=\"elementor-element elementor-element-1334eb8 elementor-widget elementor-widget-text-editor\" data-id=\"1334eb8\" data-element_type=\"widget\" data-e-type=\"widget\" data-widget_type=\"text-editor.default\">\n\t\t\t\t<div class=\"elementor-widget-container\">\n\t\t\t\t\t\t\t\t\t<p>\u0130\u00e7 mekandaki minimalist tarz, Roxxlyn \u00fcr\u00fcnlerinin tasar\u0131m\u0131n\u0131 yans\u0131t\u0131r ve st\u00fcdyoya net \u00e7izgiler sa\u011flar.&nbsp;<span style=\"letter-spacing: var( --e-global-typography-text-letter-spacing ); text-transform: var( --e-global-typography-text-text-transform ); text-decoration: var( --e-global-typography-text-text-decoration );\">Simetri ve homojen renkler, \u00fcr\u00fcnlere odaklanarak ziyaret\u00e7ilerin ilgisini \u00e7ekiyor.&nbsp;<\/span><span style=\"letter-spacing: var( --e-global-typography-text-letter-spacing ); text-transform: var( --e-global-typography-text-text-transform ); text-decoration: var( --e-global-typography-text-text-decoration );\">St\u00fcdyomuz s\u0131radan bir ma\u011fazadan \u00e7ok daha fazlas\u0131d\u0131r, bulu\u015fma ve etkile\u015fim yeridir. Ana \u00f6n te\u015fhir alan\u0131n\u0131n yan\u0131 s\u0131ra bir ofis \u00e7al\u0131\u015fma alan\u0131, bir prototipleme ve geli\u015ftirme alan\u0131 da i\u00e7eriyor.<\/span><\/p>\t\t\t\t\t\t\t\t<\/div>\n\t\t\t\t<\/div>\n\t\t\t\t\t<\/div>\n\t\t<\/div>\n\t\t\t\t\t<\/div>\n\t\t<\/section>\n\t\t\t\t<section class=\"elementor-section elementor-top-section elementor-element elementor-element-cbc856e elementor-section-full_width elementor-section-stretched elementor-section-height-default elementor-section-height-default\" data-id=\"cbc856e\" data-element_type=\"section\" data-e-type=\"section\" data-settings=\"{&quot;stretch_section&quot;:&quot;section-stretched&quot;}\">\n\t\t\t\t\t\t<div class=\"elementor-container elementor-column-gap-default\">\n\t\t\t\t\t<div class=\"elementor-column elementor-col-100 elementor-top-column elementor-element elementor-element-4d3d373\" data-id=\"4d3d373\" data-element_type=\"column\" data-e-type=\"column\">\n\t\t\t<div class=\"elementor-widget-wrap elementor-element-populated\">\n\t\t\t\t\t\t<div class=\"elementor-element elementor-element-a87432f elementor-widget elementor-widget-image\" data-id=\"a87432f\" data-element_type=\"widget\" data-e-type=\"widget\" data-widget_type=\"image.default\">\n\t\t\t\t<div class=\"elementor-widget-container\">\n\t\t\t\t\t\t\t\t\t\t\t\t\t\t\t<img decoding=\"async\" width=\"1024\" height=\"683\" src=\"https:\/\/roxxlyn.com\/wp-content\/uploads\/2020\/10\/Shop-1-low-new-1024x683.jpg\" class=\"attachment-large size-large wp-image-690\" alt=\"\" srcset=\"https:\/\/roxxlyn.com\/wp-content\/uploads\/2020\/10\/Shop-1-low-new-1024x683.jpg 1024w, https:\/\/roxxlyn.com\/wp-content\/uploads\/2020\/10\/Shop-1-low-new-1800x1201.jpg 1800w, https:\/\/roxxlyn.com\/wp-content\/uploads\/2020\/10\/Shop-1-low-new-300x200.jpg 300w, https:\/\/roxxlyn.com\/wp-content\/uploads\/2020\/10\/Shop-1-low-new-768x512.jpg 768w, https:\/\/roxxlyn.com\/wp-content\/uploads\/2020\/10\/Shop-1-low-new-1536x1025.jpg 1536w, https:\/\/roxxlyn.com\/wp-content\/uploads\/2020\/10\/Shop-1-low-new-100x68.jpg 100w, https:\/\/roxxlyn.com\/wp-content\/uploads\/2020\/10\/Shop-1-low-new-450x300.jpg 450w, https:\/\/roxxlyn.com\/wp-content\/uploads\/2020\/10\/Shop-1-low-new-660x440.jpg 660w, https:\/\/roxxlyn.com\/wp-content\/uploads\/2020\/10\/Shop-1-low-new.jpg 2000w\" sizes=\"(max-width: 1024px) 100vw, 1024px\" \/>\t\t\t\t\t\t\t\t\t\t\t\t\t\t\t<\/div>\n\t\t\t\t<\/div>\n\t\t\t\t\t<\/div>\n\t\t<\/div>\n\t\t\t\t\t<\/div>\n\t\t<\/section>\n\t\t\t\t<\/div>","protected":false},"excerpt":{"rendered":"<p>St\u00fcdyo Berlin Mitte'deki st\u00fcdyomuzun tasar\u0131m\u0131 ve i\u00e7 dizayn\u0131 bir ekip \u00e7al\u0131\u015fmas\u0131n\u0131n sonucudur. Roxxlyn ekibinin her bir \u00fcyesinin fikirleri ve istekleri en ince ayr\u0131nt\u0131s\u0131na kadar...<\/p>","protected":false},"author":2904,"featured_media":0,"parent":0,"menu_order":0,"comment_status":"closed","ping_status":"closed","template":"","meta":{"inline_featured_image":false,"footnotes":""},"class_list":["post-679","page","type-page","status-publish","hentry"],"_links":{"self":[{"href":"https:\/\/roxxlyn.com\/tr\/wp-json\/wp\/v2\/pages\/679","targetHints":{"allow":["GET"]}}],"collection":[{"href":"https:\/\/roxxlyn.com\/tr\/wp-json\/wp\/v2\/pages"}],"about":[{"href":"https:\/\/roxxlyn.com\/tr\/wp-json\/wp\/v2\/types\/page"}],"author":[{"embeddable":true,"href":"https:\/\/roxxlyn.com\/tr\/wp-json\/wp\/v2\/users\/2904"}],"replies":[{"embeddable":true,"href":"https:\/\/roxxlyn.com\/tr\/wp-json\/wp\/v2\/comments?post=679"}],"version-history":[{"count":0,"href":"https:\/\/roxxlyn.com\/tr\/wp-json\/wp\/v2\/pages\/679\/revisions"}],"wp:attachment":[{"href":"https:\/\/roxxlyn.com\/tr\/wp-json\/wp\/v2\/media?parent=679"}],"curies":[{"name":"wp","href":"https:\/\/api.w.org\/{rel}","templated":true}]}}