{"id":38,"date":"2020-08-11T16:12:35","date_gmt":"2020-08-11T16:12:35","guid":{"rendered":"https:\/\/roxxlyn.com\/?page_id=38"},"modified":"2025-11-20T13:24:17","modified_gmt":"2025-11-20T13:24:17","slug":"contact","status":"publish","type":"page","link":"https:\/\/roxxlyn.com\/tr\/contact\/","title":{"rendered":"\u0130leti\u015fim"},"content":{"rendered":"<div data-elementor-type=\"wp-page\" data-elementor-id=\"38\" class=\"elementor elementor-38\" data-elementor-post-type=\"page\">\n\t\t\t\t\t\t<section class=\"elementor-section elementor-top-section elementor-element elementor-element-262116b elementor-section-boxed elementor-section-height-default elementor-section-height-default\" data-id=\"262116b\" data-element_type=\"section\" data-e-type=\"section\">\n\t\t\t\t\t\t<div class=\"elementor-container elementor-column-gap-default\">\n\t\t\t\t\t<div class=\"elementor-column elementor-col-100 elementor-top-column elementor-element elementor-element-e4fe19d\" data-id=\"e4fe19d\" data-element_type=\"column\" data-e-type=\"column\">\n\t\t\t<div class=\"elementor-widget-wrap elementor-element-populated\">\n\t\t\t\t\t\t<div class=\"elementor-element elementor-element-35974ad elementor-widget elementor-widget-text-editor\" data-id=\"35974ad\" data-element_type=\"widget\" data-e-type=\"widget\" data-widget_type=\"text-editor.default\">\n\t\t\t\t<div class=\"elementor-widget-container\">\n\t\t\t\t\t\t\t\t\t<p>Sizden haber almak isteriz. \u0130ster ta\u015f par\u00e7alar\u0131m\u0131z hakk\u0131nda bir sorunuz olsun, ister bir sipari\u015fle ilgili yard\u0131ma ihtiyac\u0131n\u0131z olsun ya da sadece merhaba demek isteyin - bize ula\u015fman\u0131z yeterli.<\/p>\n\n<p><strong>Genel sorular<\/strong><br>\n<a href=\"mailto:info@roxxlyn.com?subject=Roxxlyn.com%20Request\">info@roxxlyn.com<\/a>\n<\/p>\n\n<p><strong>Sat\u0131\u015f<\/strong><br>\n<a href=\"mailto:sales@roxxlyn.com?subject=Sales%20Inquiry%20via%20Roxxlyn.com\">sales@roxxlyn.com<\/a>\n<\/p>\n\n<p><strong>Bas\u0131n ve medya<\/strong><br>\n<a href=\"mailto:press@roxxlyn.com?subject=Press%20Inquiry%20via%20Roxxlyn.com\">press@roxxlyn.com<\/a>\n<\/p>\n\n<p><strong>Telefon<\/strong><br>\nAvrupa: +49 (0)30 2016 9208<br>\nAMERIKA BIRLE\u015eIK DEVLETLERI: +1 (850) 660-8365\n<\/p>\n\n<p><strong>Canl\u0131 sohbet<\/strong><br>\n\u00c7evrimi\u00e7i oldu\u011fumuzda bizimle ger\u00e7ek zamanl\u0131 olarak konu\u015fmak i\u00e7in sa\u011f alt k\u00f6\u015fedeki sohbet simgesine t\u0131klay\u0131n.\n<\/p>\n\t\t\t\t\t\t\t\t<\/div>\n\t\t\t\t<\/div>\n\t\t\t\t\t<\/div>\n\t\t<\/div>\n\t\t\t\t\t<\/div>\n\t\t<\/section>\n\t\t\t\t<\/div>","protected":false},"excerpt":{"rendered":"<p>Sizden haber almak isteriz. Ta\u015f par\u00e7alar\u0131m\u0131z hakk\u0131nda bir sorunuz varsa, bir sipari\u015fle ilgili yard\u0131ma ihtiyac\u0131n\u0131z varsa veya sadece merhaba demek istiyorsan\u0131z - sadece ula\u015f\u0131n....<\/p>","protected":false},"author":2904,"featured_media":0,"parent":0,"menu_order":0,"comment_status":"closed","ping_status":"closed","template":"","meta":{"inline_featured_image":false,"footnotes":""},"class_list":["post-38","page","type-page","status-publish","hentry"],"_links":{"self":[{"href":"https:\/\/roxxlyn.com\/tr\/wp-json\/wp\/v2\/pages\/38","targetHints":{"allow":["GET"]}}],"collection":[{"href":"https:\/\/roxxlyn.com\/tr\/wp-json\/wp\/v2\/pages"}],"about":[{"href":"https:\/\/roxxlyn.com\/tr\/wp-json\/wp\/v2\/types\/page"}],"author":[{"embeddable":true,"href":"https:\/\/roxxlyn.com\/tr\/wp-json\/wp\/v2\/users\/2904"}],"replies":[{"embeddable":true,"href":"https:\/\/roxxlyn.com\/tr\/wp-json\/wp\/v2\/comments?post=38"}],"version-history":[{"count":0,"href":"https:\/\/roxxlyn.com\/tr\/wp-json\/wp\/v2\/pages\/38\/revisions"}],"wp:attachment":[{"href":"https:\/\/roxxlyn.com\/tr\/wp-json\/wp\/v2\/media?parent=38"}],"curies":[{"name":"wp","href":"https:\/\/api.w.org\/{rel}","templated":true}]}}