{"id":35,"date":"2020-08-11T16:11:57","date_gmt":"2020-08-11T16:11:57","guid":{"rendered":"https:\/\/roxxlyn.com\/?page_id=35"},"modified":"2022-09-15T17:55:39","modified_gmt":"2022-09-15T17:55:39","slug":"custom","status":"publish","type":"page","link":"https:\/\/roxxlyn.com\/tr\/custom\/","title":{"rendered":"\u00f6zel"},"content":{"rendered":"<div data-elementor-type=\"wp-page\" data-elementor-id=\"35\" class=\"elementor elementor-35\" data-elementor-post-type=\"page\">\n\t\t\t\t\t\t<section class=\"elementor-section elementor-top-section elementor-element elementor-element-67f9157 elementor-section-boxed elementor-section-height-default elementor-section-height-default\" data-id=\"67f9157\" data-element_type=\"section\" data-e-type=\"section\" tester2=\"\">\n\t\t\t\t\t\t<div class=\"elementor-container elementor-column-gap-default\">\n\t\t\t\t\t<div class=\"elementor-column elementor-col-100 elementor-top-column elementor-element elementor-element-2efb169\" data-id=\"2efb169\" data-element_type=\"column\" data-e-type=\"column\">\n\t\t\t<div class=\"elementor-widget-wrap elementor-element-populated\">\n\t\t\t\t\t\t<div class=\"elementor-element elementor-element-a8e8938 elementor-widget elementor-widget-text-editor\" data-id=\"a8e8938\" data-element_type=\"widget\" data-e-type=\"widget\" data-widget_type=\"text-editor.default\">\n\t\t\t\t<div class=\"elementor-widget-container\">\n\t\t\t\t\t\t\t\t\t<p>Herhangi bir Ta\u015f. Herhangi bir renk. Herhangi bir logo. \u0130stedi\u011finiz herhangi bir stil.<\/p>\t\t\t\t\t\t\t\t<\/div>\n\t\t\t\t<\/div>\n\t\t\t\t\t<\/div>\n\t\t<\/div>\n\t\t\t\t\t<\/div>\n\t\t<\/section>\n\t\t\t\t<section class=\"elementor-section elementor-top-section elementor-element elementor-element-c5e28cd elementor-section-boxed elementor-section-height-default elementor-section-height-default\" data-id=\"c5e28cd\" data-element_type=\"section\" data-e-type=\"section\">\n\t\t\t\t\t\t<div class=\"elementor-container elementor-column-gap-default\">\n\t\t\t\t\t<div class=\"elementor-column elementor-col-100 elementor-top-column elementor-element elementor-element-b271ed6\" data-id=\"b271ed6\" data-element_type=\"column\" data-e-type=\"column\">\n\t\t\t<div class=\"elementor-widget-wrap elementor-element-populated\">\n\t\t\t\t\t\t<div class=\"elementor-element elementor-element-dc63f35 elementor-widget elementor-widget-text-editor\" data-id=\"dc63f35\" data-element_type=\"widget\" data-e-type=\"widget\" data-widget_type=\"text-editor.default\">\n\t\t\t\t<div class=\"elementor-widget-container\">\n\t\t\t\t\t\t\t\t\t<p><strong>Niyet ve eylem gelece\u011fi \u015fekillendirir. Bug\u00fcn \u00f6nemli olan yar\u0131n\u0131 \u015fekillendirir. Bu bir organizasyon oldu\u011fu kadar birey i\u00e7in de ge\u00e7erlidir.<\/strong><\/p>\t\t\t\t\t\t\t\t<\/div>\n\t\t\t\t<\/div>\n\t\t\t\t\t<\/div>\n\t\t<\/div>\n\t\t\t\t\t<\/div>\n\t\t<\/section>\n\t\t\t\t<section class=\"elementor-section elementor-top-section elementor-element elementor-element-a8522ad elementor-section-boxed elementor-section-height-default elementor-section-height-default\" data-id=\"a8522ad\" data-element_type=\"section\" data-e-type=\"section\">\n\t\t\t\t\t\t<div class=\"elementor-container elementor-column-gap-default\">\n\t\t\t\t\t<div class=\"elementor-column elementor-col-100 elementor-top-column elementor-element elementor-element-ed5181f\" data-id=\"ed5181f\" data-element_type=\"column\" data-e-type=\"column\">\n\t\t\t<div class=\"elementor-widget-wrap elementor-element-populated\">\n\t\t\t\t\t\t<div class=\"elementor-element elementor-element-6bf8e05 elementor-widget elementor-widget-text-editor\" data-id=\"6bf8e05\" data-element_type=\"widget\" data-e-type=\"widget\" data-widget_type=\"text-editor.default\">\n\t\t\t\t<div class=\"elementor-widget-container\">\n\t\t\t\t\t\t\t\t\t<p>\u00d6zelle\u015ftirilebilir bireysel ve kurumsal \u00fcr\u00fcnlerimiz, yar\u0131n\u0131n ilham kayna\u011f\u0131 olacak d\u00fc\u015f\u00fcnceleri, fikirleri ve i\u00e7g\u00f6r\u00fcleri ve bug\u00fcn\u00fc \u015fekillendirecek g\u00f6revleri ve yap\u0131lacaklar\u0131 yakalamak i\u00e7in tasarlanm\u0131\u015ft\u0131r.<\/p><p>Yeni bir \u00fcr\u00fcn\u00fcn lansman\u0131n\u0131 kutlamak, etkinlikler ve e\u011fitimler i\u00e7in parti hediyeleri veya ortaklar\u0131n\u0131z ve m\u00fc\u015fterileriniz i\u00e7in y\u0131l sonu hediyeleri sa\u011flamak istiyorsan\u0131z, \u00f6zel ve markal\u0131 \u00fcr\u00fcnler markan\u0131z\u0131n kimli\u011fini g\u00fc\u00e7lendirmenin m\u00fckemmel bir yoludur.<\/p><p>\u0130\u015fletmenizin karbon ayak izini azalt\u0131n ve ekiplerinizi, kendinizi ve m\u00fc\u015fterilerinizi Roxxlyn taraf\u0131ndan el yap\u0131m\u0131 \u00f6zel markal\u0131 ta\u015f \u00fcr\u00fcnlerle \u00f6d\u00fcllendirin. Bizimle ileti\u015fime ge\u00e7in ve fikriniz ne olursa olsun size bir fiyat teklifi alal\u0131m.\u00a0<\/p>\t\t\t\t\t\t\t\t<\/div>\n\t\t\t\t<\/div>\n\t\t\t\t\t<\/div>\n\t\t<\/div>\n\t\t\t\t\t<\/div>\n\t\t<\/section>\n\t\t\t\t<\/div>","protected":false},"excerpt":{"rendered":"<p>Herhangi bir ta\u015f. Herhangi bir renk. Herhangi bir logo. \u0130stedi\u011finiz tarz. Niyet ve eylem gelece\u011fi \u015fekillendirir. Bug\u00fcn \u00f6nemli olan, yar\u0131n\u0131 \u015fekillendirir. Bu, bireyler i\u00e7in oldu\u011fu kadar...<\/p>","protected":false},"author":2904,"featured_media":0,"parent":0,"menu_order":0,"comment_status":"closed","ping_status":"closed","template":"","meta":{"inline_featured_image":false,"footnotes":""},"class_list":["post-35","page","type-page","status-publish","hentry"],"_links":{"self":[{"href":"https:\/\/roxxlyn.com\/tr\/wp-json\/wp\/v2\/pages\/35","targetHints":{"allow":["GET"]}}],"collection":[{"href":"https:\/\/roxxlyn.com\/tr\/wp-json\/wp\/v2\/pages"}],"about":[{"href":"https:\/\/roxxlyn.com\/tr\/wp-json\/wp\/v2\/types\/page"}],"author":[{"embeddable":true,"href":"https:\/\/roxxlyn.com\/tr\/wp-json\/wp\/v2\/users\/2904"}],"replies":[{"embeddable":true,"href":"https:\/\/roxxlyn.com\/tr\/wp-json\/wp\/v2\/comments?post=35"}],"version-history":[{"count":0,"href":"https:\/\/roxxlyn.com\/tr\/wp-json\/wp\/v2\/pages\/35\/revisions"}],"wp:attachment":[{"href":"https:\/\/roxxlyn.com\/tr\/wp-json\/wp\/v2\/media?parent=35"}],"curies":[{"name":"wp","href":"https:\/\/api.w.org\/{rel}","templated":true}]}}