{"id":29,"date":"2020-08-11T15:57:32","date_gmt":"2020-08-11T15:57:32","guid":{"rendered":"https:\/\/roxxlyn.com\/?page_id=29"},"modified":"2025-06-13T18:01:48","modified_gmt":"2025-06-13T18:01:48","slug":"terms-and-conditions","status":"publish","type":"page","link":"https:\/\/roxxlyn.com\/tr\/terms-and-conditions\/","title":{"rendered":"\u015eartlar"},"content":{"rendered":"<div data-elementor-type=\"wp-page\" data-elementor-id=\"29\" class=\"elementor elementor-29\" data-elementor-post-type=\"page\">\n\t\t\t\t\t\t<section class=\"elementor-section elementor-top-section elementor-element elementor-element-52234b8 elementor-section-boxed elementor-section-height-default elementor-section-height-default\" data-id=\"52234b8\" data-element_type=\"section\" data-e-type=\"section\">\n\t\t\t\t\t\t<div class=\"elementor-container elementor-column-gap-default\">\n\t\t\t\t\t<div class=\"elementor-column elementor-col-100 elementor-top-column elementor-element elementor-element-5e9da69\" data-id=\"5e9da69\" data-element_type=\"column\" data-e-type=\"column\">\n\t\t\t<div class=\"elementor-widget-wrap elementor-element-populated\">\n\t\t\t\t\t\t<div class=\"elementor-element elementor-element-3e27be6 elementor-widget elementor-widget-text-editor\" data-id=\"3e27be6\" data-element_type=\"widget\" data-e-type=\"widget\" data-widget_type=\"text-editor.default\">\n\t\t\t\t<div class=\"elementor-widget-container\">\n\t\t\t\t\t\t\t\t\t<p><strong>Genel H\u00fck\u00fcm ve Ko\u015fullar (GTC)<\/strong><strong><br \/><\/strong>Roxxlyn Design GmbH<br \/>\u015eu andan itibaren ge\u00e7erlidir: 13 Haziran 2025 (V012025)<\/p><p>\u00a0<\/p><h2>1. Tan\u0131mlar ve Uygulama Kapsam\u0131<\/h2><h3>1.1. Tan\u0131mlar<\/h3><ol><li>Sat\u0131c\u0131: Roxxlyn Design GmbH, Len\u00dfenstra\u00dfe 35, 41239 M\u00f6nchengladbach, Almanya; Tel. +49 (0)30 20169208; E-Mail: info@roxxlyn.com.<\/li><li>M\u00fc\u015fteri: Sipari\u015f veren herhangi bir ger\u00e7ek veya t\u00fczel ki\u015fi. T\u00fcketici, ticari veya ba\u011f\u0131ms\u0131z mesleki faaliyetine atfedilemeyecek ama\u00e7larla yasal bir i\u015flem yapan ger\u00e7ek ki\u015fidir (\u00a7 13 BGB).<\/li><li>\"\u00d6zel Terzilik\": M\u00fc\u015fterinin spesifikasyonlar\u0131na g\u00f6re bireysel olarak \u00fcretilen veya ayarlanan t\u00fcm \u00fcr\u00fcnler (\u00f6rne\u011fin, \u0131smarlama \u00fcr\u00fcnler, renk tercihleri, ki\u015fiselle\u015ftirmeler, grav\u00fcrler, MagSafe, kesikler).<\/li><\/ol><h3>1.2. Uygulama Kapsam\u0131<\/h3><ol start=\"4\"><li>Bu Genel H\u00fck\u00fcm ve Ko\u015fullar (G\u015eK), Roxxlyn Design GmbH (bundan b\u00f6yle \"Sat\u0131c\u0131\" olarak an\u0131lacakt\u0131r) ile M\u00fc\u015fteri aras\u0131ndaki t\u00fcm s\u00f6zle\u015fmeler i\u00e7in ge\u00e7erlidir - hem standart \u00fcr\u00fcnler hem de \u00f6zel yap\u0131m \u00fcr\u00fcnler i\u00e7in. M\u00fc\u015fterinin farkl\u0131 ko\u015fullar\u0131, ancak Sat\u0131c\u0131 bunlar\u0131 yaz\u0131l\u0131 olarak a\u00e7\u0131k\u00e7a onaylarsa ge\u00e7erli olacakt\u0131r.<\/li><\/ol><h2>2. \u00d6zel Terzilik - Cayma Hakk\u0131n\u0131n Hari\u00e7 Tutulmas\u0131<\/h2><h3>2.1. Ma\u011fazada A\u00e7\u0131k Etiketleme<\/h3><ol start=\"5\"><li>Online ma\u011fazada yaln\u0131zca bir \"\u00d6zel Terzilik\" kategorisi vard\u0131r. M\u00fc\u015fteri bu kategoriden bir \u00fcr\u00fcn se\u00e7ti\u011finde a\u015fa\u011f\u0131dakiler uygulan\u0131r:<\/li><\/ol><h3>2.2. Cayma Hakk\u0131n\u0131n Hari\u00e7 Tutulmas\u0131<\/h3><ol start=\"6\"><li>Ismarlama \u00fcr\u00fcnler, AB T\u00fcketici Haklar\u0131 Direktifi Madde 16 (2) b bendi uyar\u0131nca cayma hakk\u0131ndan a\u00e7\u0131k\u00e7a hari\u00e7 tutulmu\u015ftur. AB T\u00fcketici Haklar\u0131 Direktifinin 16 (2) b bendi (\u00a7 312g (3) c\u00fcmle 1 no. 1 BGB). Bu \u015fu anlama gelir:<\/li><li>Ismarlama \u00fcr\u00fcn ma\u011fazada t\u0131kland\u0131\u011f\u0131nda ve sipari\u015f s\u00fcreci tamamland\u0131\u011f\u0131nda, t\u00fcketicinin yasal cayma hakk\u0131 sona erer.<\/li><li>M\u00fc\u015fteri, \u0131smarlama bir \u00fcr\u00fcn i\u00e7in sipari\u015f vererek, Sat\u0131c\u0131 \u00fcretime ba\u015flad\u0131\u011f\u0131nda cayma hakk\u0131ndan feragat etti\u011fini beyan eder.<\/li><\/ol><h3>2.3. A\u00e7\u0131k Bildirim<\/h3><ol start=\"9\"><li>\u0130lgili t\u00fcm \u00fcr\u00fcn sayfalar\u0131nda ve \u0131smarlama olarak etiketlenmi\u015f \u00fcr\u00fcnler i\u00e7in sipari\u015f s\u00fcrecinde a\u015fa\u011f\u0131daki bildirim g\u00f6r\u00fcnt\u00fclenecektir:<\/li><li>\"Dikkat: Bu \u00fcr\u00fcn spesifikasyonlar\u0131n\u0131za g\u00f6re \u00f6zel olarak \u00fcretilmektedir (\u00d6zel Terzilik). \u00dcretim ba\u015flad\u0131ktan sonra cayma hakk\u0131 yoktur.\"<\/li><\/ol><h2>3. Teklifler ve \u00dcr\u00fcn A\u00e7\u0131klamalar\u0131<\/h2><ol start=\"11\"><li>1. Online ma\u011fazadaki \u00fcr\u00fcn sunumlar\u0131 ba\u011flay\u0131c\u0131 teklifler te\u015fkil etmez, ancak sipari\u015f vermek i\u00e7in ba\u011flay\u0131c\u0131 olmayan davetlerdir. Teknik ve renk sapmalar\u0131n\u0131n yan\u0131 s\u0131ra k\u00fc\u00e7\u00fck boyut sapmalar\u0131 kusur te\u015fkil etmez.<\/li><li>2. Cayma hakk\u0131 (\u00a7 312g BGB) her durumda standart \u00fcr\u00fcnler i\u00e7in ge\u00e7erlidir. \"\u00d6zel Terzilik\" kategorisinde se\u00e7ilen \u00fcr\u00fcnler i\u00e7in bu G\u015eK'nin 2. B\u00f6l\u00fcm\u00fcnde yer alan h\u00fck\u00fcmler ge\u00e7erlidir.<\/li><\/ol><h2>4. Sipari\u015f S\u00fcreci ve S\u00f6zle\u015fmenin \u0130mzalanmas\u0131<\/h2><ol start=\"13\"><li>1. M\u00fc\u015fteri istedi\u011fi \u00fcr\u00fcnleri (standart \u00fcr\u00fcnler veya \u00f6zel yap\u0131m) se\u00e7er ve \"Sepete Ekle \"ye t\u0131klayarak sanal al\u0131\u015fveri\u015f sepetine yerle\u015ftirir.<\/li><li>2. M\u00fc\u015fteri, al\u0131\u015fveri\u015f sepeti i\u00e7eri\u011fini inceledikten sonra \"\u00d6deme\" butonuna t\u0131klar, gerekli t\u00fcm bilgileri kontrol eder ve varsa giri\u015f hatalar\u0131n\u0131 d\u00fczeltir.<\/li><li>3. M\u00fc\u015fteri \"Sat\u0131n Al \"a t\u0131klayarak bir sat\u0131n alma s\u00f6zle\u015fmesi yapmak i\u00e7in ba\u011flay\u0131c\u0131 bir teklif sunar. Ismarlama \u00fcr\u00fcnler i\u00e7in teklif, m\u00fc\u015fteri taraf\u0131ndan girilen kesin \u00f6zellikleri i\u00e7erir.<\/li><li>4. Sat\u0131c\u0131, m\u00fc\u015fteriye e-posta yoluyla otomatik bir al\u0131nd\u0131 onay\u0131 g\u00f6nderir (\"Sipari\u015f Onay\u0131\"). Bu sadece sipari\u015fin al\u0131nd\u0131\u011f\u0131n\u0131 teyit eder, teklifin kabul edildi\u011fini de\u011fil. Bir s\u00f6zle\u015fme ancak Sat\u0131c\u0131 a\u015fa\u011f\u0131daki hallerden birini ger\u00e7ekle\u015ftirdi\u011finde akdedilmi\u015f olur<\/li><li>- Kabul etti\u011fini ayr\u0131 bir e-posta ile bildirir;<\/li><li>- Mallar\u0131 g\u00f6nderir (standart \u00fcr\u00fcnler i\u00e7in); veya<\/li><li>- \u00dcretime ba\u015flar (\u0131smarlama \u00fcr\u00fcnler i\u00e7in), ancak en ge\u00e7 iki i\u015f g\u00fcn\u00fc i\u00e7inde.<\/li><li>5. \"\u00d6n \u00f6deme\" \u00f6deme y\u00f6ntemi se\u00e7ilirse, Sat\u0131c\u0131 \u00f6deme ayr\u0131nt\u0131lar\u0131n\u0131 m\u00fc\u015fteriye ilettikten sonra s\u00f6zle\u015fme imzalan\u0131r. M\u00fc\u015fteri bir hat\u0131rlatmaya ra\u011fmen on takvim g\u00fcn\u00fc i\u00e7inde \u00f6deme yapmazsa, Sat\u0131c\u0131 s\u00f6zle\u015fmeyi feshedebilir; bu durumda sipari\u015f iptal edilir. \u00d6n \u00f6demeli sipari\u015flerde, \u00fcr\u00fcn en fazla on g\u00fcn s\u00fcreyle rezerve edilir ve \u00f6deme al\u0131nmazsa otomatik olarak serbest b\u0131rak\u0131l\u0131r.<\/li><\/ol><h2>5. Fiyatlar ve Nakliye Maliyetleri<\/h2><ol start=\"21\"><li>1. Almanya ve AB'deki m\u00fc\u015fteriler i\u00e7in online ma\u011fazada g\u00f6sterilen t\u00fcm fiyatlara yasal KDV dahildir. AB d\u0131\u015f\u0131ndaki m\u00fc\u015fteriler i\u00e7in fiyatlar KDV hari\u00e7 olarak g\u00f6sterilir; herhangi bir ithalat vergisi, g\u00fcmr\u00fck vergisi veya di\u011fer \u00fccretler m\u00fc\u015fteri taraf\u0131ndan kar\u015f\u0131lanacakt\u0131r.<\/li><li>2. Belirtilen \u00fcr\u00fcn fiyatlar\u0131na ek olarak, nakliye masraflar\u0131 m\u00fc\u015fteriye aittir. Kesin nakliye masraflar\u0131 ayr\u0131 bir sayfada (Nakliye Masraflar\u0131na Genel Bak\u0131\u015f) listelenir ve sipari\u015f s\u00fcrecinde a\u00e7\u0131k\u00e7a belirtilir.<\/li><li>3. Ismarlama \u00fcr\u00fcnler i\u00e7in Sat\u0131c\u0131, \u00fcretim ba\u015flamadan \u00f6nce toplam fiyat\u0131n 50%'sine kadar bir depozito talep edebilir. Kalan tutar \u00fcretim ba\u015flad\u0131\u011f\u0131nda \u00f6denecektir.<\/li><\/ol><h2>6. Teslimat ve Kullan\u0131labilirlik<\/h2><ol start=\"24\"><li>1. Standart \u00dcr\u00fcnler: Bir \u00fcr\u00fcn stokta mevcutsa, ortalama teslimat s\u00fcresi 1-4 i\u015f g\u00fcn\u00fcd\u00fcr. Bir \u00fcr\u00fcn stokta yoksa, m\u00fc\u015fteri \u00fcr\u00fcn sayfas\u0131nda bilgilendirilecektir. Teslimat\u0131n 14 g\u00fcnden fazla gecikmesi durumunda m\u00fc\u015fteri s\u00f6zle\u015fmeden cayabilir.<\/li><li>2. \u00d6zel \u00dcretim \u00dcr\u00fcnler: \u00dcretim s\u00fcresi, \u00f6zelle\u015ftirmenin kapsam\u0131na ba\u011fl\u0131 olarak genellikle 2-6 haftad\u0131r (ilgili \u00fcr\u00fcn sayfas\u0131na bak\u0131n). Sat\u0131c\u0131, tahmini teslimat tarihini m\u00fc\u015fteriye bildirir.<\/li><li>3. Ismarlama bir \u00fcr\u00fcn\u00fcn teslimat\u0131, tahmini teslim s\u00fcresinden sonra 14 g\u00fcnden fazla gecikirse (gecikmeden m\u00fc\u015fteri sorumlu de\u011filse), m\u00fc\u015fteri s\u00f6zle\u015fmeden \u00e7ekilebilir. Yap\u0131lan t\u00fcm \u00f6demeler derhal iade edilecektir.<\/li><\/ol><h2>7. \u00d6deme Ko\u015fullar\u0131<\/h2><ol start=\"27\"><li>1. M\u00fc\u015fteri sipari\u015f i\u015flemi s\u0131ras\u0131nda sunulan \u00f6deme y\u00f6ntemlerinden birini se\u00e7er: \u00f6n \u00f6deme, PayPal, kredi kart\u0131 veya hesaptan sat\u0131n alma (varsa).<\/li><li>2. \u00d6zel Yap\u0131m \u00dcr\u00fcnler: Tam \u00f6deme (veya kararla\u015ft\u0131r\u0131lan depozito) s\u00f6zle\u015fmenin imzalanmas\u0131ndan hemen sonra yap\u0131lmal\u0131d\u0131r. \u00dcretim ancak Sat\u0131c\u0131 \u00f6demenin al\u0131nd\u0131\u011f\u0131n\u0131 teyit ettikten sonra ba\u015flar.<\/li><li>3. M\u00fc\u015fteri vadesi gelen bir \u00f6demeyi ihlal ederse, Sat\u0131c\u0131 \u00fcretimi veya teslimat\u0131 ask\u0131ya alma veya s\u00f6zle\u015fmeden \u00e7ekilme hakk\u0131na sahiptir. Bu durumda, \u00f6denen herhangi bir depozito, idari ve \u00fcretim maliyetleri i\u00e7in tazminat olarak kaybedilecektir.<\/li><li>4. M\u00fc\u015fteri yaln\u0131zca tart\u0131\u015fmas\u0131z veya yasal olarak belirlenmi\u015f kar\u015f\u0131 taleplerle mahsupla\u015fabilir ve yaln\u0131zca talepleri ayn\u0131 s\u00f6zle\u015fme ili\u015fkisinden kaynakland\u0131\u011f\u0131 s\u00fcrece al\u0131koyma hakk\u0131n\u0131 kullanabilir.<\/li><\/ol><h2>8. Unvan\u0131n Elde Tutulmas\u0131<\/h2><ol start=\"31\"><li>Tam \u00f6deme yap\u0131lana kadar, teslim edilen mallar (\u00f6zel \u00fcretim sipari\u015finden kaynaklanan t\u00fcm talepler dahil) Sat\u0131c\u0131n\u0131n m\u00fclkiyetinde kal\u0131r.<\/li><\/ol><h2>9. Garanti ve Teminat<\/h2><ol start=\"32\"><li>1. Standart \u00dcr\u00fcnler: Sat\u0131c\u0131, malzeme kusurlar\u0131 i\u00e7in 12 ayl\u0131k g\u00f6n\u00fcll\u00fc bir garanti s\u00fcresi vermektedir. Buna ek olarak, yasal garanti talepleri mevcuttur.<\/li><li>2. \u00d6zel Yap\u0131m \u00dcr\u00fcnler: Bireysel olmalar\u0131 nedeniyle, Sat\u0131c\u0131 sadece \u00fcretim ve malzeme kusurlar\u0131 i\u00e7in 6 ayl\u0131k azalt\u0131lm\u0131\u015f bir garanti s\u00fcresi verir. Yanl\u0131\u015f kullan\u0131mdan veya m\u00fc\u015fteri taraf\u0131ndan sonradan yap\u0131lan de\u011fi\u015fikliklerden kaynaklanan hasarlar garanti kapsam\u0131 d\u0131\u015f\u0131ndad\u0131r.<\/li><li>3. Ba\u015fka herhangi bir garanti ancak Sat\u0131c\u0131 taraf\u0131ndan yaz\u0131l\u0131 olarak a\u00e7\u0131k\u00e7a verildi\u011fi takdirde ge\u00e7erlidir.<\/li><\/ol><h2>10. Sorumluluk<\/h2><ol start=\"35\"><li>1. Sat\u0131c\u0131, kas\u0131t ve a\u011f\u0131r ihmalden herhangi bir s\u0131n\u0131rlama olmaks\u0131z\u0131n sorumlu olacakt\u0131r.<\/li><li>2. Hafif ihmal durumunda, Sat\u0131c\u0131 yaln\u0131zca tipik, \u00f6ng\u00f6r\u00fclebilir zararla s\u0131n\u0131rl\u0131 olmak \u00fczere, s\u00f6zle\u015fmeden do\u011fan temel y\u00fck\u00fcml\u00fcl\u00fcklerin (temel y\u00fck\u00fcml\u00fcl\u00fckler) ihlalinden sorumlu olacakt\u0131r. Kardinal y\u00fck\u00fcml\u00fcl\u00fckler, yerine getirilmesi ilk etapta s\u00f6zle\u015fmenin d\u00fczg\u00fcn bir \u015fekilde y\u00fcr\u00fct\u00fclmesini sa\u011flayan ve m\u00fc\u015fterinin d\u00fczenli olarak g\u00fcvendi\u011fi y\u00fck\u00fcml\u00fcl\u00fcklerdir.<\/li><li>3. Yukar\u0131daki sorumluluk s\u0131n\u0131rlamalar\u0131 a\u015fa\u011f\u0131dakiler i\u00e7in ge\u00e7erli olmayacakt\u0131r:<\/li><li>- Ya\u015fam, v\u00fccut veya sa\u011fl\u0131\u011f\u0131n zarar g\u00f6rmesinden kaynaklanan hasar;<\/li><li>- \u00dcr\u00fcn\u00fcn kalitesi i\u00e7in bir garanti veya g\u00fcvence varsay\u0131m\u0131; veya<\/li><li>- Kusurlar\u0131n hileli bir \u015fekilde gizlenmesi.<\/li><li>4. \u00dcr\u00fcn Sorumlulu\u011fu Yasas\u0131 kapsam\u0131ndaki sorumluluk bundan etkilenmez.<\/li><li>5. Sat\u0131c\u0131n\u0131n sorumlulu\u011fu hari\u00e7 tutulmu\u015f veya s\u0131n\u0131rland\u0131r\u0131lm\u0131\u015fsa, bu ayn\u0131 zamanda \u00e7al\u0131\u015fanlar\u0131n\u0131n, temsilcilerinin ve vekillerinin ki\u015fisel sorumlulu\u011fu i\u00e7in de ge\u00e7erlidir.<\/li><\/ol><h2>11. Cayma Hakk\u0131 (Sadece T\u00fcketiciler)<\/h2><ol start=\"43\"><li>1. Standart \u00dcr\u00fcnler i\u00e7in Cayma Hakk\u0131: T\u00fcketiciler, standart \u00fcr\u00fcnlerin teslimat\u0131 i\u00e7in 14 g\u00fcn i\u00e7inde herhangi bir neden g\u00f6stermeksizin s\u00f6zle\u015fmeden cayma hakk\u0131na sahiptir (Madde 312g BGB ile ba\u011flant\u0131l\u0131 olarak Art. 16 (2) lit. b AB T\u00fcketici Haklar\u0131 Direktifi). Cayma s\u00fcresi, t\u00fcketicinin mallar\u0131 teslim ald\u0131\u011f\u0131 g\u00fcn ba\u015flar.<\/li><li>2. \u00d6zel \u00dcretim \u00dcr\u00fcnler i\u00e7in \u0130stisna: \"\u00d6zel Terzilik\" kategorisindeki t\u00fcm \u00fcr\u00fcnler i\u00e7in cayma hakk\u0131 yoktur (\u00a7 312g (3) c\u00fcmle 1 no. 1 BGB). \u00dcretim ba\u015flad\u0131ktan sonra sipari\u015f geri al\u0131namaz.<\/li><li>\u00d6nemli: Ki\u015fiselle\u015ftirilmi\u015f \u00fcr\u00fcnler i\u00e7in, \u00fcretim ba\u015flad\u0131ktan sonra cayma hakk\u0131 sona erer. L\u00fctfen sipari\u015fi g\u00f6ndermeden \u00f6nce bilgilerinizi dikkatlice kontrol edin.<\/li><li>3. Standart \u00dcr\u00fcnler i\u00e7in Cayma Talimat\u0131: Cayma hakk\u0131n\u0131z\u0131 kullanmak i\u00e7in, Roxxlyn Design GmbH, Len\u00dfenstra\u00dfe 35, 41239 M\u00f6nchengladbach, Almanya, E-Mail: info@roxxlyn.com, Tel: +49 (0)30 20169208 bu s\u00f6zle\u015fmeden \u00e7ekilme karar\u0131n\u0131z\u0131 a\u00e7\u0131k bir beyanla (\u00f6rne\u011fin, mektup, faks veya e-posta) bildirmeniz gerekir.<\/li><li>4. Cayman\u0131n Sonu\u00e7lar\u0131 (Standart \u00dcr\u00fcnler): Teslimat masraflar\u0131 da dahil olmak \u00fczere sizden al\u0131nan t\u00fcm \u00f6demeleri (standart teslimat\u0131m\u0131z d\u0131\u015f\u0131nda bir teslimat y\u00f6ntemi se\u00e7menizden kaynaklanan ek masraflar hari\u00e7), cayma bildiriminizi ald\u0131ktan sonraki 14 g\u00fcn i\u00e7inde iade edece\u011fiz. Para iadesi, aksi kararla\u015ft\u0131r\u0131lmad\u0131k\u00e7a, orijinal i\u015flemde kullan\u0131lan ayn\u0131 \u00f6deme y\u00f6ntemi kullan\u0131larak yap\u0131lacakt\u0131r. Herhangi bir \u00fccret talep edilmeyecektir. Mallar bize ula\u015fana kadar veya siz mallar\u0131 geri g\u00f6nderdi\u011finize dair kan\u0131t sunana kadar (hangisi daha \u00f6nceyse) para iadesini al\u0131koyabiliriz. Mallar\u0131 gereksiz gecikme olmaks\u0131z\u0131n, bize cayma bildiriminde bulundu\u011funuz tarihten itibaren en ge\u00e7 14 g\u00fcn i\u00e7inde iade etmelisiniz. Mallar\u0131 14 g\u00fcnl\u00fck s\u00fcre dolmadan \u00f6nce g\u00f6nderirseniz son teslim tarihine uymu\u015f olursunuz. Mallar\u0131 iade etmenin do\u011frudan masraflar\u0131 size aittir. Mallar\u0131n de\u011feri, mallar\u0131n do\u011fas\u0131n\u0131, \u00f6zelliklerini ve i\u015fleyi\u015fini belirlemek i\u00e7in gerekli olan\u0131n \u00f6tesinde kullan\u0131m nedeniyle azalm\u0131\u015fsa, azalan de\u011fer i\u00e7in bize tazminat \u00f6demelisiniz.<\/li><\/ol><h2>12. \u0130ade<\/h2><ol start=\"48\"><li>1. Para \u00e7ekme i\u015fleminden ba\u011f\u0131ms\u0131z olarak, m\u00fc\u015fteri iade etmeden \u00f6nce support@roxxlyn.com adresine e-posta g\u00f6ndererek bir iade yetkisi (\"\u0130ade Yetkisi\") talep etmelidir. Bu, h\u0131zl\u0131 i\u015flem yap\u0131lmas\u0131n\u0131 sa\u011flar.<\/li><li>2. \u0130adeler izlenebilir, sigortal\u0131 bir g\u00f6nderi ile yap\u0131lmal\u0131d\u0131r; Roxxlyn ticari faturas\u0131 paketin d\u0131\u015f\u0131nda a\u00e7\u0131k\u00e7a g\u00f6r\u00fclebilir olmal\u0131d\u0131r. AB \u00fcyesi olmayan \u00fclkelerden gelen g\u00f6nderiler: G\u00fcmr\u00fck i\u015flemlerinin sorunsuz bir \u015fekilde yap\u0131lmas\u0131n\u0131 sa\u011flamak i\u00e7in ticari faturan\u0131n d\u0131\u015f\u0131na \"G\u00f6ndericiye \u0130ade\" yaz\u0131n. Orijinal fatura mevcut de\u011filse, support@roxxlyn.com ile ileti\u015fime ge\u00e7in. Hatal\u0131 veya eksik iadelerin masraflar\u0131 m\u00fc\u015fteriye aittir.<\/li><li>3. \u0130ade edilen \u00fcr\u00fcnler (t\u00fcm aksesuarlar dahil) uygun \u015fekilde paketlenmelidir. Orijinal ambalaj mevcut de\u011filse, nakliye s\u0131ras\u0131nda hasar g\u00f6rmesini \u00f6nlemek i\u00e7in uygun alternatif ambalaj kullan\u0131n.<\/li><li>4. Ismarlama \u00fcr\u00fcnler, \u00fcretim ba\u015flad\u0131ktan sonra iade kapsam\u0131 d\u0131\u015f\u0131ndad\u0131r.<\/li><\/ol><h2>13. S\u00f6zle\u015fme Metninin Saklanmas\u0131<\/h2><ol start=\"52\"><li>1. Sat\u0131c\u0131 s\u00f6zle\u015fme metninin tamam\u0131n\u0131 saklar. Bu G\u015eK \u00e7evrimi\u00e7i olarak sunulur ve sipari\u015f vermeden \u00f6nce taray\u0131c\u0131n\u0131n yazd\u0131rma i\u015flevi kullan\u0131larak yazd\u0131r\u0131labilir.<\/li><li>2. Sat\u0131c\u0131, s\u00f6zle\u015fmenin imzalanmas\u0131ndan sonra m\u00fc\u015fteriye e-posta yoluyla temel s\u00f6zle\u015fme verilerini ve bu G\u015eK'yi i\u00e7eren bir sipari\u015f onay\u0131 g\u00f6nderir.<\/li><\/ol><h2>14. Veri Koruma<\/h2><ol start=\"54\"><li>1. Roxxlyn Design GmbH, ki\u015fisel verileri yaln\u0131zca belirli, a\u00e7\u0131k ve me\u015fru ama\u00e7lar i\u00e7in ve ge\u00e7erli veri koruma yasalar\u0131na (\u00f6zellikle GDPR) uygun olarak i\u015fler.<\/li><li>2. Sipari\u015f s\u0131ras\u0131nda toplanan ki\u015fisel veriler (\u00f6rn. isim, e-posta, teslimat adresi, \u00f6deme verileri) yaln\u0131zca s\u00f6zle\u015fmenin yerine getirilmesi i\u00e7in kullan\u0131l\u0131r. Veriler \u00fc\u00e7\u00fcnc\u00fc taraflarla yaln\u0131zca sevkiyat veya \u00f6deme i\u015flemleri i\u00e7in gerekli oldu\u011fu \u00f6l\u00e7\u00fcde payla\u015f\u0131l\u0131r.<\/li><li>3. M\u00fc\u015fteri, yasal saklama y\u00fck\u00fcml\u00fcl\u00fcklerine tabi olarak, saklanan ki\u015fisel verilerine eri\u015fme, bunlar\u0131 d\u00fczeltme, engelleme veya silme hakk\u0131na sahiptir.<\/li><li>4. Veri toplama, i\u015fleme ve kullan\u0131m\u0131n\u0131n niteli\u011fi, kapsam\u0131, yeri ve amac\u0131 hakk\u0131nda ayr\u0131nt\u0131l\u0131 bilgi gizlilik politikam\u0131zda bulunabilir: <a href=\"https:\/\/roxxlyn.com\/tr\/privacy-policy\/\">https:\/\/roxxlyn.com\/privacy-policy\/<\/a><\/li><\/ol><h2>15. Yarg\u0131 Yetkisi, Uygulanacak Hukuk, S\u00f6zle\u015fme Dili<\/h2><ol start=\"58\"><li>1. M\u00fc\u015fteri bir t\u00fcccar, kamu hukukuna tabi t\u00fczel ki\u015fi veya kamu hukukuna tabi \u00f6zel fon ise, bu s\u00f6zle\u015fmeden kaynaklanan t\u00fcm anla\u015fmazl\u0131klar i\u00e7in m\u00fcnhas\u0131r yarg\u0131 yeri M\u00f6nchengladbach, Almanya'd\u0131r.<\/li><li>2. M\u00fc\u015fterinin \u00fclkesinin zorunlu t\u00fcketici koruma yasalar\u0131 \u00f6ncelikli olmad\u0131\u011f\u0131 s\u00fcrece, BM Uluslararas\u0131 Mal Sat\u0131m\u0131na \u0130li\u015fkin S\u00f6zle\u015fmeler Antla\u015fmas\u0131 (CISG) hari\u00e7 olmak \u00fczere Alman yasalar\u0131 ge\u00e7erlidir.<\/li><li>3. S\u00f6zle\u015fme dili Almanca'd\u0131r.<\/li><\/ol><h2>16. B\u00f6l\u00fcnebilirlik Maddesi<\/h2><ol start=\"61\"><li>Bu G\u015eK'nin herhangi bir h\u00fckm\u00fcn\u00fcn tamamen veya k\u0131smen ge\u00e7ersiz olmas\u0131 veya ge\u00e7ersiz hale gelmesi durumunda, kalan h\u00fck\u00fcmlerin ge\u00e7erlili\u011fi etkilenmeyecektir. Ge\u00e7ersiz bir h\u00fck\u00fcm, ge\u00e7ersiz h\u00fckm\u00fcn ekonomik amac\u0131n\u0131 en yak\u0131n \u015fekilde yans\u0131tan bir h\u00fck\u00fcmle de\u011fi\u015ftirilecektir.<\/li><\/ol><h2>17. GTC'nin De\u011fi\u015ftirilmesi<\/h2><ol start=\"62\"><li>Sat\u0131c\u0131, bu G\u015eK'yi istedi\u011fi zaman de\u011fi\u015ftirme hakk\u0131n\u0131 sakl\u0131 tutar. De\u011fi\u015fiklikler web sitesinde yay\u0131nlan\u0131r. Mevcut s\u00f6zle\u015fmeler i\u00e7in, zorunlu yasal h\u00fck\u00fcmler taraf\u0131ndan de\u011fi\u015fiklik yap\u0131lmas\u0131 gerekmedik\u00e7e, s\u00f6zle\u015fmenin imzaland\u0131\u011f\u0131 tarihte ge\u00e7erli olan G\u015eK ge\u00e7erlidir.<\/li><\/ol><h2>18. M\u00fc\u015fteri Hizmetleri ve \u015eik\u00e2yet Y\u00f6netimi<\/h2><ol start=\"63\"><li>Sorular\u0131n\u0131z veya \u015fikayetleriniz i\u00e7in m\u00fc\u015fteri hizmetlerimize hafta i\u00e7i her g\u00fcn 10:00-17:00 CET saatleri aras\u0131nda +49 (0)30 20169208 numaral\u0131 telefondan veya info@roxxlyn.com e-posta adresinden ula\u015fabilirsiniz.<\/li><\/ol><h2>19. T\u00fcketici Uyu\u015fmazl\u0131klar\u0131n\u0131n \u00c7\u00f6z\u00fcm\u00fc \/ \u00c7evrimi\u00e7i Uyu\u015fmazl\u0131k \u00c7\u00f6z\u00fcm\u00fc<\/h2><ol start=\"64\"><li>AB Komisyonu, \u00e7evrimi\u00e7i uyu\u015fmazl\u0131k \u00e7\u00f6z\u00fcm\u00fc (ODR) i\u00e7in bir platform sunmaktad\u0131r: https:\/\/ec.europa.eu\/consumers\/odr. T\u00fcketiciler anla\u015fmazl\u0131klar\u0131n\u0131 \u00e7\u00f6zmek i\u00e7in bu platformu kullanma se\u00e7ene\u011fine sahiptir.<\/li><\/ol><h2>Ek: Model Geri \u00c7ekme Formu<\/h2><p>Cayma Formu (Bu formu yaln\u0131zca s\u00f6zle\u015fmeden caymak istiyorsan\u0131z doldurun ve iade edin)<\/p><p>- Kime?<\/p><p>Roxxlyn Design GmbH<\/p><p>Len\u00dfenstra\u00dfe 35<\/p><p>41239 M\u00f6nchengladbach<\/p><p>Almanya<\/p><p>E-posta: info@roxxlyn.com<\/p><p>- Ben\/Biz* a\u015fa\u011f\u0131daki mallar\u0131n sat\u0131\u015f\u0131na*\/a\u015fa\u011f\u0131daki hizmetin sa\u011flanmas\u0131na* ili\u015fkin s\u00f6zle\u015fmemden* \u00e7ekildi\u011fimizi bildiririz<\/p><p>Sipari\u015f numaras\u0131: ___________________________<\/p><p>Sipari\u015f\/sat\u0131n alma tarihi: ___________________<\/p><p>- T\u00fcketici(ler)in ad\u0131<\/p><p>__________________________________________<\/p><p>- T\u00fcketici(ler)in adresi<\/p><p>__________________________________________<\/p><p>- T\u00fcketici(ler)in imzas\u0131 (sadece bu form ka\u011f\u0131t \u00fczerinde bildirilmi\u015fse)<\/p><p>__________________________________________<\/p><p>- Tarih<\/p><p>__________________________________________<\/p><p>* Uygun \u015fekilde silin.<\/p>\t\t\t\t\t\t\t\t<\/div>\n\t\t\t\t<\/div>\n\t\t\t\t\t<\/div>\n\t\t<\/div>\n\t\t\t\t\t<\/div>\n\t\t<\/section>\n\t\t\t\t<\/div>","protected":false},"excerpt":{"rendered":"<p>Genel H\u00fck\u00fcm ve Ko\u015fullar (GTC)Roxxlyn Design GmbHGe\u00e7erlilik tarihi: 13 Haziran 2025 (V012025) 1. Tan\u0131mlar ve Uygulama Kapsam\u0131 Tan\u0131mlar ve Uygulama Kapsam\u0131 1.1. Tan\u0131mlar Tan\u0131mlar Sat\u0131c\u0131: Roxxlyn Design GmbH, Len\u00dfenstra\u00dfe 35, 41239 M\u00f6nchengladbach,...<\/p>","protected":false},"author":2904,"featured_media":0,"parent":0,"menu_order":0,"comment_status":"closed","ping_status":"closed","template":"","meta":{"inline_featured_image":false,"footnotes":""},"class_list":["post-29","page","type-page","status-publish","hentry"],"_links":{"self":[{"href":"https:\/\/roxxlyn.com\/tr\/wp-json\/wp\/v2\/pages\/29","targetHints":{"allow":["GET"]}}],"collection":[{"href":"https:\/\/roxxlyn.com\/tr\/wp-json\/wp\/v2\/pages"}],"about":[{"href":"https:\/\/roxxlyn.com\/tr\/wp-json\/wp\/v2\/types\/page"}],"author":[{"embeddable":true,"href":"https:\/\/roxxlyn.com\/tr\/wp-json\/wp\/v2\/users\/2904"}],"replies":[{"embeddable":true,"href":"https:\/\/roxxlyn.com\/tr\/wp-json\/wp\/v2\/comments?post=29"}],"version-history":[{"count":0,"href":"https:\/\/roxxlyn.com\/tr\/wp-json\/wp\/v2\/pages\/29\/revisions"}],"wp:attachment":[{"href":"https:\/\/roxxlyn.com\/tr\/wp-json\/wp\/v2\/media?parent=29"}],"curies":[{"name":"wp","href":"https:\/\/api.w.org\/{rel}","templated":true}]}}