{"id":129,"date":"2020-08-13T16:25:06","date_gmt":"2020-08-13T16:25:06","guid":{"rendered":"https:\/\/roxxlyn.com\/?page_id=129"},"modified":"2024-11-14T17:45:38","modified_gmt":"2024-11-14T17:45:38","slug":"faq","status":"publish","type":"page","link":"https:\/\/roxxlyn.com\/tr\/faq\/","title":{"rendered":"SSS"},"content":{"rendered":"<div data-elementor-type=\"wp-page\" data-elementor-id=\"129\" class=\"elementor elementor-129\" data-elementor-post-type=\"page\">\n\t\t\t\t\t\t<section class=\"elementor-section elementor-top-section elementor-element elementor-element-3564859 elementor-section-boxed elementor-section-height-default elementor-section-height-default\" data-id=\"3564859\" data-element_type=\"section\" data-e-type=\"section\">\n\t\t\t\t\t\t<div class=\"elementor-container elementor-column-gap-default\">\n\t\t\t\t\t<div class=\"elementor-column elementor-col-100 elementor-top-column elementor-element elementor-element-4998c23\" data-id=\"4998c23\" data-element_type=\"column\" data-e-type=\"column\">\n\t\t\t<div class=\"elementor-widget-wrap elementor-element-populated\">\n\t\t\t\t\t\t<div class=\"elementor-element elementor-element-07c9ff0 elementor-widget elementor-widget-text-editor\" data-id=\"07c9ff0\" data-element_type=\"widget\" data-e-type=\"widget\" data-widget_type=\"text-editor.default\">\n\t\t\t\t<div class=\"elementor-widget-container\">\n\t\t\t\t\t\t\t\t\t<p><strong>1. Roxxlyn \u00fcr\u00fcnleri ger\u00e7ekten ger\u00e7ek ta\u015ftan m\u0131 \u00fcretiliyor?<\/strong><br \/>Evet, Roxxlyn sadece mermer ve arduvaz gibi ger\u00e7ek do\u011fal ta\u015flar kullanmaktad\u0131r. Her bir ta\u015f, en y\u00fcksek kaliteyi sa\u011flamak ve sadece otantik ta\u015f\u0131n sunabilece\u011fi e\u015fsiz yap\u0131 ve g\u00fczelli\u011fi sergilemek i\u00e7in \u00f6zenle se\u00e7ilmi\u015ftir.<\/p><p><strong>2. Roxxlyn \u00fcr\u00fcnleri nerede \u00fcretiliyor?<\/strong><br \/>T\u00fcm \u00fcr\u00fcnlerimiz Almanya'da \u00fcretilmektedir. Yerel olarak \u00fcretim yaparak en y\u00fcksek tasar\u0131m, kalite ve s\u00fcrd\u00fcr\u00fclebilirlik standartlar\u0131n\u0131 koruyoruz. Her \u00fcr\u00fcn titizlikle ve ustal\u0131kla el i\u015f\u00e7ili\u011fiyle \u00fcretilmektedir.<\/p><p><strong>3. Kayrak ta\u015f\u0131n\u0131 bu kadar e\u015fsiz k\u0131lan nedir?<\/strong><br \/>Arduvaz, modern ve organik bir g\u00f6r\u00fcn\u00fcm veren, ince p\u00fcr\u00fczl\u00fc bir y\u00fczeye sahip, kendine \u00f6zg\u00fc katmanl\u0131 bir dokuya sahiptir. Arduvaz zamanla mat bir patine geli\u015ftirerek do\u011fal cazibesini art\u0131r\u0131r. Arduvaz \u00fcr\u00fcnlerimiz hafiftir, dayan\u0131kl\u0131d\u0131r ve ho\u015f bir dokunma ve kavrama hissi sunar.<\/p><p><strong>4. Mermerin \u00f6zellikleri nelerdir ve zaman i\u00e7inde nas\u0131l de\u011fi\u015fir?<\/strong><br \/>Mermer cilal\u0131, parlak bir y\u00fczeye ve karakteristik damarlara sahiptir. Zamanla a\u015f\u0131nma nedeniyle y\u00fczeyi bir miktar parlakl\u0131k kaybedebilir. Bununla birlikte, orijinal parlakl\u0131\u011f\u0131 basit bir cila ile kolayca geri kazan\u0131labilir. Mermer, l\u00fcks ve uzun \u00f6m\u00fcrl\u00fc bir esteti\u011fi takdir edenler i\u00e7in m\u00fckemmeldir.<\/p><p><strong>5. Mermer ve arduvaz\u0131n bak\u0131m\u0131n\u0131 nas\u0131l yapar\u0131m?<\/strong><\/p><p><strong>Mermer:<\/strong> Mermer y\u00fczeyi yumu\u015fak, nemli bir bezle temizlemeniz yeterlidir. Y\u00fczey matla\u015f\u0131rsa, parlakl\u0131\u011f\u0131n\u0131 geri kazanmak i\u00e7in bir cila kullanabilirsiniz. \"Talimatlar\" b\u00f6l\u00fcm\u00fcm\u00fczde cilalamay\u0131 ve bak\u0131m\u0131 kolayla\u015ft\u0131ran uyumlu bak\u0131m \u00fcr\u00fcnleri ve aksesuarlar sunuyoruz.<br \/><strong>Kayrak<\/strong>: Arduvaz i\u00e7in, y\u00fczeyi hafif\u00e7e silmek i\u00e7in biraz cam temizleyici ve yumu\u015fak bir bez kullan\u0131n. Bu basit bak\u0131m do\u011fal dokuyu korur ve zamanla arduvaz \u00e7ekici bir patine geli\u015ftirir.<\/p><p><strong>6. Arduvaz ve mermer \u00e7izilmeye kar\u015f\u0131 dayan\u0131kl\u0131 m\u0131d\u0131r?<\/strong><br \/>Arduvaz ve mermer gibi do\u011fal ta\u015flar \u00e7izilmeye kar\u015f\u0131 tamamen dayan\u0131kl\u0131 de\u011fildir, bu nedenle biraz dikkatli kullan\u0131lmas\u0131 tavsiye edilir. Arduvaz zamanla do\u011fal bir patina geli\u015ftirir ve bu da k\u00fc\u00e7\u00fck izleri kamufle etmeye yard\u0131mc\u0131 olur. Mermer, hafif \u00e7izikleri gidermek ve parlak y\u00fczeyini geri kazand\u0131rmak i\u00e7in gerekti\u011finde cilalanabilir.<\/p><p><strong>7. Arduvaz ve mermerin hissi nas\u0131ld\u0131r?<\/strong><br \/>Arduvaz do\u011fal dokulu, mat bir y\u00fczeye sahiptir ve rahat bir tutu\u015f ile modern, topraks\u0131 bir his sa\u011flar. Mermer ise p\u00fcr\u00fczs\u00fcz, so\u011fuk ve parlakt\u0131r - \u015f\u0131k ve cilal\u0131 bir g\u00f6r\u00fcn\u00fcm isteyenler i\u00e7in idealdir. Her iki malzeme de benzersiz bir dokunma deneyimi sunar.<\/p><p><strong>8. Ta\u015f\u0131n rengi zaman i\u00e7inde de\u011fi\u015fiyor mu?<\/strong><br \/>Do\u011fal ta\u015flar\u0131m\u0131z renklerini ve yap\u0131lar\u0131n\u0131 uzun y\u0131llar boyunca korur. Arduvaz g\u00fczel bir mat patine geli\u015ftirirken, mermerin parlakl\u0131\u011f\u0131 ara s\u0131ra cilalanarak korunabilir. Her iki malzeme de UV \u0131\u015f\u0131nlar\u0131na dayan\u0131kl\u0131d\u0131r ve d\u00fczenli olarak g\u00fcne\u015fe maruz kalsalar bile solmazlar.<\/p><p><strong>9. Slate telefon k\u0131l\u0131f\u0131 gibi aksesuarlar i\u00e7in uygun mu?<\/strong><br \/>Kesinlikle! Yenilik\u00e7i i\u015fleme teknikleri sayesinde, arduvaz\u0131m\u0131z ultra ince ancak g\u00fc\u00e7l\u00fcd\u00fcr ve telefon k\u0131l\u0131flar\u0131 gibi g\u00fcnl\u00fck kullan\u0131m aksesuarlar\u0131 i\u00e7in idealdir. Ta\u015f\u0131n benzersiz dokusu elde g\u00fcvenli ve ho\u015f bir his verir.<\/p><p><strong>10. Roxxlyn ta\u015flar\u0131n\u0131 nereden temin ediyor?<\/strong><br \/>Do\u011fal ta\u015flar\u0131m\u0131z\u0131 s\u00fcrd\u00fcr\u00fclebilir \u015fekilde y\u00f6netilen ta\u015f ocaklar\u0131ndan temin ediyor ve sorumlu malzeme tedarikine \u00f6ncelik veriyoruz. Her par\u00e7a, en y\u00fcksek standartlar\u0131m\u0131z\u0131 kar\u015f\u0131lamak i\u00e7in kapsaml\u0131 bir kalite kontrol\u00fcnden ge\u00e7erek ta\u015f\u0131n do\u011fal g\u00fczelli\u011finin parlamas\u0131n\u0131 sa\u011fl\u0131yor.<\/p>\t\t\t\t\t\t\t\t<\/div>\n\t\t\t\t<\/div>\n\t\t\t\t\t<\/div>\n\t\t<\/div>\n\t\t\t\t\t<\/div>\n\t\t<\/section>\n\t\t\t\t<\/div>","protected":false},"excerpt":{"rendered":"<p>1. Roxxlyn \u00fcr\u00fcnleri ger\u00e7ekten ger\u00e7ek ta\u015ftan m\u0131 yap\u0131lm\u0131\u015ft\u0131r? Evet, Roxxlyn sadece mermer ve arduvaz gibi ger\u00e7ek do\u011fal ta\u015flar kullan\u0131r. Her ta\u015f en y\u00fcksek kaliteyi sa\u011flamak i\u00e7in \u00f6zenle se\u00e7ilir...<\/p>","protected":false},"author":2904,"featured_media":0,"parent":0,"menu_order":0,"comment_status":"closed","ping_status":"closed","template":"","meta":{"inline_featured_image":false,"footnotes":""},"class_list":["post-129","page","type-page","status-publish","hentry"],"_links":{"self":[{"href":"https:\/\/roxxlyn.com\/tr\/wp-json\/wp\/v2\/pages\/129","targetHints":{"allow":["GET"]}}],"collection":[{"href":"https:\/\/roxxlyn.com\/tr\/wp-json\/wp\/v2\/pages"}],"about":[{"href":"https:\/\/roxxlyn.com\/tr\/wp-json\/wp\/v2\/types\/page"}],"author":[{"embeddable":true,"href":"https:\/\/roxxlyn.com\/tr\/wp-json\/wp\/v2\/users\/2904"}],"replies":[{"embeddable":true,"href":"https:\/\/roxxlyn.com\/tr\/wp-json\/wp\/v2\/comments?post=129"}],"version-history":[{"count":0,"href":"https:\/\/roxxlyn.com\/tr\/wp-json\/wp\/v2\/pages\/129\/revisions"}],"wp:attachment":[{"href":"https:\/\/roxxlyn.com\/tr\/wp-json\/wp\/v2\/media?parent=129"}],"curies":[{"name":"wp","href":"https:\/\/api.w.org\/{rel}","templated":true}]}}