{"id":12302,"date":"2025-09-05T14:17:02","date_gmt":"2025-09-05T14:17:02","guid":{"rendered":"https:\/\/roxxlyn.com\/?page_id=12302"},"modified":"2025-10-15T11:24:51","modified_gmt":"2025-10-15T11:24:51","slug":"shipping-and-duties","status":"publish","type":"page","link":"https:\/\/roxxlyn.com\/tr\/shipping-and-duties\/","title":{"rendered":"D\u00fcnya \u00c7ap\u0131nda \u00dccretsiz Kargo - Basit. \u015eeffaf. Roxxlyn."},"content":{"rendered":"<div data-elementor-type=\"wp-page\" data-elementor-id=\"12302\" class=\"elementor elementor-12302\" data-elementor-post-type=\"page\">\n\t\t\t\t\t\t<section class=\"elementor-section elementor-top-section elementor-element elementor-element-06a08f9 elementor-section-boxed elementor-section-height-default elementor-section-height-default\" data-id=\"06a08f9\" data-element_type=\"section\" data-e-type=\"section\">\n\t\t\t\t\t\t<div class=\"elementor-container elementor-column-gap-default\">\n\t\t\t\t\t<div class=\"elementor-column elementor-col-100 elementor-top-column elementor-element elementor-element-90e7b84\" data-id=\"90e7b84\" data-element_type=\"column\" data-e-type=\"column\">\n\t\t\t<div class=\"elementor-widget-wrap elementor-element-populated\">\n\t\t\t\t\t\t<div class=\"elementor-element elementor-element-3e1c834 elementor-widget elementor-widget-text-editor\" data-id=\"3e1c834\" data-element_type=\"widget\" data-e-type=\"widget\" data-widget_type=\"text-editor.default\">\n\t\t\t\t<div class=\"elementor-widget-container\">\n\t\t\t\t\t\t\t\t\t<p data-start=\"494\" data-end=\"580\">Roxxlyn'de sadeli\u011fe ve \u015feffafl\u0131\u011fa inan\u0131yoruz - s\u00fcrpriz yok, gizli maliyet yok.<\/p><p data-start=\"582\" data-end=\"758\">Her Roxxlyn par\u00e7as\u0131 Almanya'da el yap\u0131m\u0131 olarak \u00fcretilir ve g\u00f6nderilir <strong data-start=\"640\" data-end=\"668\">d\u00fcnya \u00e7ap\u0131nda \u00fccretsiz<\/strong>.<br data-start=\"669\" data-end=\"672\" \/>\u00d6deme s\u0131ras\u0131nda g\u00f6rd\u00fc\u011f\u00fcn\u00fcz t\u00fcm fiyatlar <strong data-start=\"707\" data-end=\"730\">nihai ve kapsay\u0131c\u0131<\/strong> - B\u00f6lgenize ba\u011fl\u0131 olarak:<\/p><ul data-start=\"760\" data-end=\"1272\"><li data-start=\"760\" data-end=\"877\"><p data-start=\"762\" data-end=\"877\"><strong data-start=\"762\" data-end=\"781\">Avrupa Birli\u011fi:<\/strong> T\u00fcm fiyatlara \u00fclkenizde ge\u00e7erli olan KDV dahildir. Ek vergi veya ithalat \u00fccreti yoktur.<\/p><\/li><li data-start=\"878\" data-end=\"1117\"><p data-start=\"880\" data-end=\"1117\"><strong data-start=\"880\" data-end=\"898\">Birle\u015fik Devletler:<\/strong> Her sipari\u015f g\u00f6nderilir <strong data-start=\"917\" data-end=\"948\">Teslim Edilen G\u00f6revler \u00d6denir (DDP)<\/strong>. Bu, t\u00fcm <strong data-start=\"965\" data-end=\"1019\">ithalat vergileri, g\u00fcmr\u00fck \u00fccretleri ve eyalet sat\u0131\u015f vergileri<\/strong> tamamen taraf\u0131m\u0131zdan kar\u015f\u0131lanmaktad\u0131r. Teslimatta ekstra hi\u00e7bir \u015fey \u00f6demezsiniz - evrak i\u015fi yok, gizli masraf yok.<\/p><\/li><li data-start=\"1118\" data-end=\"1272\"><p data-start=\"1120\" data-end=\"1272\"><strong data-start=\"1120\" data-end=\"1142\">D\u00fcnyan\u0131n geri kalan\u0131:<\/strong> \u00dccretsiz g\u00f6nderim sunuyoruz, ancak yerel g\u00fcmr\u00fck vergileri veya vergiler (varsa) ithalat s\u0131ras\u0131nda yerel makamlar\u0131n\u0131z taraf\u0131ndan tahsil edilebilir.<\/p><\/li><\/ul><p data-start=\"1274\" data-end=\"1392\">Amac\u0131m\u0131z, her Roxxlyn teslimat\u0131n\u0131 zahmetsiz, \u015feffaf ve birinci s\u0131n\u0131f hale getirmektir - t\u0131pk\u0131 i\u00e7indeki par\u00e7a kadar rafine.<\/p>\t\t\t\t\t\t\t\t<\/div>\n\t\t\t\t<\/div>\n\t\t\t\t\t<\/div>\n\t\t<\/div>\n\t\t\t\t\t<\/div>\n\t\t<\/section>\n\t\t\t\t<\/div>","protected":false},"excerpt":{"rendered":"<p>Roxxlyn'de sadeli\u011fe ve \u015feffafl\u0131\u011fa inan\u0131yoruz - s\u00fcrpriz yok, gizli maliyet yok. Her Roxxlyn par\u00e7as\u0131 Almanya'da el yap\u0131m\u0131d\u0131r ve d\u00fcnya \u00e7ap\u0131nda \u00fccretsiz olarak g\u00f6nderilir.<\/p>","protected":false},"author":2904,"featured_media":0,"parent":0,"menu_order":0,"comment_status":"closed","ping_status":"closed","template":"","meta":{"inline_featured_image":false,"footnotes":""},"class_list":["post-12302","page","type-page","status-publish","hentry"],"_links":{"self":[{"href":"https:\/\/roxxlyn.com\/tr\/wp-json\/wp\/v2\/pages\/12302","targetHints":{"allow":["GET"]}}],"collection":[{"href":"https:\/\/roxxlyn.com\/tr\/wp-json\/wp\/v2\/pages"}],"about":[{"href":"https:\/\/roxxlyn.com\/tr\/wp-json\/wp\/v2\/types\/page"}],"author":[{"embeddable":true,"href":"https:\/\/roxxlyn.com\/tr\/wp-json\/wp\/v2\/users\/2904"}],"replies":[{"embeddable":true,"href":"https:\/\/roxxlyn.com\/tr\/wp-json\/wp\/v2\/comments?post=12302"}],"version-history":[{"count":0,"href":"https:\/\/roxxlyn.com\/tr\/wp-json\/wp\/v2\/pages\/12302\/revisions"}],"wp:attachment":[{"href":"https:\/\/roxxlyn.com\/tr\/wp-json\/wp\/v2\/media?parent=12302"}],"curies":[{"name":"wp","href":"https:\/\/api.w.org\/{rel}","templated":true}]}}