{"id":9601,"date":"2024-03-13T16:13:14","date_gmt":"2024-03-13T16:13:14","guid":{"rendered":"https:\/\/roxxlyn.com\/?post_type=product&#038;p=9601"},"modified":"2025-08-30T18:00:05","modified_gmt":"2025-08-30T18:00:05","slug":"marble-watch-nero-marquina-silver-metal","status":"publish","type":"product","link":"https:\/\/roxxlyn.com\/sv\/shop\/marble-watch-nero-marquina-silver-metal\/","title":{"rendered":"Marble-klocka - Nero Marquina - Silvermetall"},"content":{"rendered":"","protected":false},"excerpt":{"rendered":"<p>Lyft ditt handledsspel med Marble Watch - d\u00e4r unik stil m\u00f6ter h\u00e5llbarhet. Den h\u00e4r unika klockan \u00e4r tillverkad i Tyskland och har en urtavla i \u00e4kta svart marmor fr\u00e5n den prestigefyllda Nero Marquina, vilket g\u00f6r varje klocka unikt din. De distinkta \u00e5dringarna g\u00f6r att ingen klocka \u00e4r den andra lik.<\/p>\n<p>Ut\u00f6ver sitt i\u00f6gonfallande utseende har The Marble Watch en robust boett i rostfritt st\u00e5l och safirglas som ger o\u00f6vertr\u00e4ffad motst\u00e5ndskraft mot st\u00f6tar och tuffa f\u00f6rh\u00e5llanden. Den drivs av ett tillf\u00f6rlitligt 762 Swiss Ronda-urverk med st\u00f6td\u00e4mpare och \u00e4r designad f\u00f6r livets \u00e4ventyr.<\/p>\n<p>Den eleganta och l\u00e4tta designen p\u00e5 bara 90 gram, med en diameter p\u00e5 40 mm och en tjocklek p\u00e5 8 mm, passar alla tillf\u00e4llen. Oavsett om det \u00e4r en utekv\u00e4ll eller en dag p\u00e5 kontoret \u00e4r det den perfekta accessoaren.<\/p>\n<p>V\u00e4lj The Stone Watch f\u00f6r en blandning av unik stil och h\u00e5llbar h\u00e5llbarhet. G\u00f6r den till ditt statement-plagg idag och lyft din stil utan anstr\u00e4ngning.<\/p>","protected":false},"featured_media":9602,"template":"","meta":{"inline_featured_image":false},"product_brand":[],"product_cat":[155,127],"product_tag":[],"class_list":{"0":"post-9601","1":"product","2":"type-product","3":"status-publish","4":"has-post-thumbnail","6":"product_cat-marble-watch","7":"product_cat-watch","9":"first","10":"instock","11":"taxable","12":"shipping-taxable","13":"purchasable","14":"product-type-simple"},"exclude_global_add_ons":[],"addons":[],"_links":{"self":[{"href":"https:\/\/roxxlyn.com\/sv\/wp-json\/wp\/v2\/product\/9601","targetHints":{"allow":["GET"]}}],"collection":[{"href":"https:\/\/roxxlyn.com\/sv\/wp-json\/wp\/v2\/product"}],"about":[{"href":"https:\/\/roxxlyn.com\/sv\/wp-json\/wp\/v2\/types\/product"}],"version-history":[{"count":0,"href":"https:\/\/roxxlyn.com\/sv\/wp-json\/wp\/v2\/product\/9601\/revisions"}],"wp:featuredmedia":[{"embeddable":true,"href":"https:\/\/roxxlyn.com\/sv\/wp-json\/wp\/v2\/media\/9602"}],"wp:attachment":[{"href":"https:\/\/roxxlyn.com\/sv\/wp-json\/wp\/v2\/media?parent=9601"}],"wp:term":[{"taxonomy":"product_brand","embeddable":true,"href":"https:\/\/roxxlyn.com\/sv\/wp-json\/wp\/v2\/product_brand?post=9601"},{"taxonomy":"product_cat","embeddable":true,"href":"https:\/\/roxxlyn.com\/sv\/wp-json\/wp\/v2\/product_cat?post=9601"},{"taxonomy":"product_tag","embeddable":true,"href":"https:\/\/roxxlyn.com\/sv\/wp-json\/wp\/v2\/product_tag?post=9601"}],"curies":[{"name":"wp","href":"https:\/\/api.w.org\/{rel}","templated":true}]}}