{"id":8585,"date":"2024-01-14T11:56:31","date_gmt":"2024-01-14T11:56:31","guid":{"rendered":"https:\/\/roxxlyn.com\/?post_type=product&#038;p=8585"},"modified":"2025-11-20T15:25:51","modified_gmt":"2025-11-20T15:25:51","slug":"artisan-marble-elegance-cnc-aluminum-airtag-masterpiece-nero-marquina","status":"publish","type":"product","link":"https:\/\/roxxlyn.com\/sv\/shop\/artisan-marble-elegance-cnc-aluminum-airtag-masterpiece-nero-marquina\/","title":{"rendered":"Hantverksm\u00e4ssig marmorelegans: AirTag-m\u00e4sterverk i CNC-aluminium - Nero Marquina"},"content":{"rendered":"<div data-elementor-type=\"wp-post\" data-elementor-id=\"8585\" class=\"elementor elementor-8585\" data-elementor-post-type=\"product\">\n\t\t\t\t\t\t<section class=\"elementor-section elementor-top-section elementor-element elementor-element-1761437 elementor-section-boxed elementor-section-height-default elementor-section-height-default\" data-id=\"1761437\" data-element_type=\"section\" data-e-type=\"section\" data-settings=\"{&quot;background_background&quot;:&quot;classic&quot;}\">\n\t\t\t\t\t\t<div class=\"elementor-container elementor-column-gap-default\">\n\t\t\t\t\t<div class=\"elementor-column elementor-col-100 elementor-top-column elementor-element elementor-element-686c732\" data-id=\"686c732\" data-element_type=\"column\" data-e-type=\"column\">\n\t\t\t<div class=\"elementor-widget-wrap elementor-element-populated\">\n\t\t\t\t\t\t<div class=\"elementor-element elementor-element-18411c7 elementor-widget elementor-widget-video\" data-id=\"18411c7\" data-element_type=\"widget\" data-e-type=\"widget\" data-settings=\"{&quot;video_type&quot;:&quot;hosted&quot;,&quot;autoplay&quot;:&quot;yes&quot;,&quot;loop&quot;:&quot;yes&quot;,&quot;play_on_mobile&quot;:&quot;yes&quot;,&quot;mute&quot;:&quot;yes&quot;,&quot;controls&quot;:&quot;yes&quot;}\" data-widget_type=\"video.default\">\n\t\t\t\t<div class=\"elementor-widget-container\">\n\t\t\t\t\t\t\t<div class=\"e-hosted-video elementor-wrapper elementor-open-inline\">\n\t\t\t\t\t<video class=\"elementor-video\" src=\"https:\/\/roxxlyn.com\/wp-content\/uploads\/2022\/08\/airtag-metal-roxxlyn.mp4\" autoplay=\"\" loop=\"\" controls=\"\" muted=\"muted\" playsinline=\"\" controlslist=\"nodownload\"><\/video>\n\t\t\t\t<\/div>\n\t\t\t\t\t\t<\/div>\n\t\t\t\t<\/div>\n\t\t\t\t<div class=\"elementor-element elementor-element-7a894e0 elementor-widget elementor-widget-text-editor\" data-id=\"7a894e0\" data-element_type=\"widget\" data-e-type=\"widget\" data-widget_type=\"text-editor.default\">\n\t\t\t\t<div class=\"elementor-widget-container\">\n\t\t\t\t\t\t\t\t\t<h2><span style=\"color: #ffffff;\">Vad finns i l\u00e5dan:<\/span><\/h2><p>1 x svart anodiserat aluminiumfodral med magnetisk f\u00f6rslutning f\u00f6r Apple AirTags<br \/>1 x Karbinhake i gr\u00e5 zinklegering<br \/>1 x t\u00e4cklock av \u00e4kta Nero Marquina-marmor<br \/>1 x klisterm\u00e4rke i vegansk l\u00e4der (med eller utan logotyp efter eget val) f\u00f6r extra stil<br \/>6 x ORAFOL mattsvarta klisterm\u00e4rken av h\u00f6g kvalitet f\u00f6r extra skydd och kontrast<br \/>1 x Tackkort med en l\u00e4nk till v\u00e5r l\u00e4ttbegripliga installationsguide<br \/>1x svart hylsa<\/p><p>V\u00e4nligen notera:<br \/>Varje fodral \u00e4r tillverkat av \u00e4kta Nero Marquina-marmor, vilket g\u00f6r varje fodral unikt. Marmorfan\u00e9ret kan skilja sig n\u00e5got fr\u00e5n bilderna, vilket g\u00f6r ditt k\u00f6p \u00e4nnu mer individuellt.<\/p><p><blockquote class=\"wp-embedded-content\" data-secret=\"lEBH5pV3si\"><a href=\"https:\/\/roxxlyn.com\/sv\/instructions\/\">Instruktioner<\/a><\/blockquote><iframe class=\"wp-embedded-content\" sandbox=\"allow-scripts\" security=\"restricted\" style=\"position: absolute; visibility: hidden;\" title=\"&quot;Instruktioner&quot; - ROXXLYN\" src=\"https:\/\/roxxlyn.com\/instructions\/embed\/#?secret=zkwaBHnlQC#?secret=lEBH5pV3si\" data-secret=\"lEBH5pV3si\" width=\"600\" height=\"338\" frameborder=\"0\" marginwidth=\"0\" marginheight=\"0\" scrolling=\"no\"><\/iframe><\/p><p>F\u00f6rem\u00e5let skickas fr\u00e5n Tyskland.<\/p>\t\t\t\t\t\t\t\t<\/div>\n\t\t\t\t<\/div>\n\t\t\t\t\t<\/div>\n\t\t<\/div>\n\t\t\t\t\t<\/div>\n\t\t<\/section>\n\t\t\t\t<section class=\"elementor-section elementor-top-section elementor-element elementor-element-4fad3d1 elementor-section-boxed elementor-section-height-default elementor-section-height-default\" data-id=\"4fad3d1\" data-element_type=\"section\" data-e-type=\"section\" data-settings=\"{&quot;background_background&quot;:&quot;classic&quot;}\">\n\t\t\t\t\t\t<div class=\"elementor-container elementor-column-gap-default\">\n\t\t\t\t\t<div class=\"elementor-column elementor-col-100 elementor-top-column elementor-element elementor-element-e551091\" data-id=\"e551091\" data-element_type=\"column\" data-e-type=\"column\">\n\t\t\t<div class=\"elementor-widget-wrap elementor-element-populated\">\n\t\t\t\t\t\t<div class=\"elementor-element elementor-element-e7512c5 elementor-widget elementor-widget-video\" data-id=\"e7512c5\" data-element_type=\"widget\" data-e-type=\"widget\" data-settings=\"{&quot;video_type&quot;:&quot;vimeo&quot;}\" data-widget_type=\"video.default\">\n\t\t\t\t<div class=\"elementor-widget-container\">\n\t\t\t\t\t\t\t<div class=\"elementor-wrapper elementor-open-inline\">\n\t\t\t<iframe class=\"elementor-video-iframe\" allowfullscreen allow=\"clipboard-write\" title=\"vimeo\u8996\u983b\u64ad\u653e\u5668\" src=\"https:\/\/player.vimeo.com\/video\/290503829?color&amp;autopause=0&amp;loop=0&amp;muted=0&amp;title=1&amp;portrait=1&amp;byline=1#t=\" data-no-translation-title=\"\"><\/iframe>\t\t<\/div>\n\t\t\t\t\t\t<\/div>\n\t\t\t\t<\/div>\n\t\t\t\t\t<\/div>\n\t\t<\/div>\n\t\t\t\t\t<\/div>\n\t\t<\/section>\n\t\t\t\t<\/div>","protected":false},"excerpt":{"rendered":"<p>Lyft din AirTag med v\u00e5rt CNC-bearbetade fodral, d\u00e4r modern teknik m\u00f6ter tidl\u00f6s Nero Marquina-marmor.<\/p>\n<p>Det mattsvart anodiserade aluminiumet och det lyxiga veganl\u00e4dret \u00e4r tillverkade med precision och skapar en elegant och h\u00e5llbar design. \u00c4kta Nero Marquina-marmor ger en o\u00f6vertr\u00e4ffad f\u00f6rfining, medan den mattgr\u00e5 karbinhaken i zink ger en s\u00e4ker och elegant fasts\u00e4ttning.<\/p>\n<p>Integrerade magneter s\u00e4kerst\u00e4ller en s\u00f6ml\u00f6s passform, vilket g\u00f6r detta fodral till en perfekt blandning av elegans och funktionalitet - ett verkligt konstverk - tillverkat i Tyskland.<\/p>","protected":false},"featured_media":10219,"template":"","meta":{"inline_featured_image":false},"product_brand":[],"product_cat":[92],"product_tag":[],"class_list":{"0":"post-8585","1":"product","2":"type-product","3":"status-publish","4":"has-post-thumbnail","6":"product_cat-airtag","8":"first","9":"instock","10":"taxable","11":"shipping-taxable","12":"purchasable","13":"product-type-variable"},"exclude_global_add_ons":[],"addons":[],"_links":{"self":[{"href":"https:\/\/roxxlyn.com\/sv\/wp-json\/wp\/v2\/product\/8585","targetHints":{"allow":["GET"]}}],"collection":[{"href":"https:\/\/roxxlyn.com\/sv\/wp-json\/wp\/v2\/product"}],"about":[{"href":"https:\/\/roxxlyn.com\/sv\/wp-json\/wp\/v2\/types\/product"}],"version-history":[{"count":0,"href":"https:\/\/roxxlyn.com\/sv\/wp-json\/wp\/v2\/product\/8585\/revisions"}],"wp:featuredmedia":[{"embeddable":true,"href":"https:\/\/roxxlyn.com\/sv\/wp-json\/wp\/v2\/media\/10219"}],"wp:attachment":[{"href":"https:\/\/roxxlyn.com\/sv\/wp-json\/wp\/v2\/media?parent=8585"}],"wp:term":[{"taxonomy":"product_brand","embeddable":true,"href":"https:\/\/roxxlyn.com\/sv\/wp-json\/wp\/v2\/product_brand?post=8585"},{"taxonomy":"product_cat","embeddable":true,"href":"https:\/\/roxxlyn.com\/sv\/wp-json\/wp\/v2\/product_cat?post=8585"},{"taxonomy":"product_tag","embeddable":true,"href":"https:\/\/roxxlyn.com\/sv\/wp-json\/wp\/v2\/product_tag?post=8585"}],"curies":[{"name":"wp","href":"https:\/\/api.w.org\/{rel}","templated":true}]}}