{"id":8557,"date":"2024-01-14T10:25:22","date_gmt":"2024-01-14T10:25:22","guid":{"rendered":"https:\/\/roxxlyn.com\/?post_type=product&#038;p=8557"},"modified":"2025-09-14T13:32:22","modified_gmt":"2025-09-14T13:32:22","slug":"the-marble-fusion-stand-for-apple-vision-pro","status":"publish","type":"product","link":"https:\/\/roxxlyn.com\/sv\/shop\/the-marble-fusion-stand-for-apple-vision-pro\/","title":{"rendered":"Marble Fusion-stativet f\u00f6r Apple Vision Pro"},"content":{"rendered":"<div data-elementor-type=\"product-post\" data-elementor-id=\"8557\" class=\"elementor elementor-8557\" data-elementor-post-type=\"product\">\n\t\t\t\t\t\t<section class=\"elementor-section elementor-top-section elementor-element elementor-element-0978755 elementor-section-boxed elementor-section-height-default elementor-section-height-default\" data-id=\"0978755\" data-element_type=\"section\" data-e-type=\"section\">\n\t\t\t\t\t\t<div class=\"elementor-container elementor-column-gap-default\">\n\t\t\t\t\t<div class=\"elementor-column elementor-col-100 elementor-top-column elementor-element elementor-element-912737f\" data-id=\"912737f\" data-element_type=\"column\" data-e-type=\"column\">\n\t\t\t<div class=\"elementor-widget-wrap elementor-element-populated\">\n\t\t\t\t\t\t<div class=\"elementor-element elementor-element-802a3af elementor-widget elementor-widget-video\" data-id=\"802a3af\" data-element_type=\"widget\" data-e-type=\"widget\" data-settings=\"{&quot;video_type&quot;:&quot;hosted&quot;,&quot;autoplay&quot;:&quot;yes&quot;,&quot;play_on_mobile&quot;:&quot;yes&quot;,&quot;mute&quot;:&quot;yes&quot;,&quot;loop&quot;:&quot;yes&quot;,&quot;controls&quot;:&quot;yes&quot;}\" data-widget_type=\"video.default\">\n\t\t\t\t<div class=\"elementor-widget-container\">\n\t\t\t\t\t\t\t<div class=\"e-hosted-video elementor-wrapper elementor-open-inline\">\n\t\t\t\t\t<video class=\"elementor-video\" src=\"https:\/\/roxxlyn.com\/wp-content\/uploads\/2024\/03\/The-Marble-Fusion-Stand-for-Apple-Vision-Pro-ROXXLYN.mp4\" autoplay=\"\" loop=\"\" controls=\"\" muted=\"muted\" playsinline=\"\" controlslist=\"nodownload\"><\/video>\n\t\t\t\t<\/div>\n\t\t\t\t\t\t<\/div>\n\t\t\t\t<\/div>\n\t\t\t\t<div class=\"elementor-element elementor-element-10094c7 elementor-widget elementor-widget-video\" data-id=\"10094c7\" data-element_type=\"widget\" data-e-type=\"widget\" data-settings=\"{&quot;video_type&quot;:&quot;hosted&quot;,&quot;autoplay&quot;:&quot;yes&quot;,&quot;play_on_mobile&quot;:&quot;yes&quot;,&quot;mute&quot;:&quot;yes&quot;,&quot;loop&quot;:&quot;yes&quot;,&quot;controls&quot;:&quot;yes&quot;}\" data-widget_type=\"video.default\">\n\t\t\t\t<div class=\"elementor-widget-container\">\n\t\t\t\t\t\t\t<div class=\"e-hosted-video elementor-wrapper elementor-open-inline\">\n\t\t\t\t\t<video class=\"elementor-video\" src=\"https:\/\/roxxlyn.com\/wp-content\/uploads\/2024\/03\/The-Black-Marble-Marble-Fusion-Stand-for-Apple-Vision-Pro-ROXXLYN.mp4\" autoplay=\"\" loop=\"\" controls=\"\" muted=\"muted\" playsinline=\"\" controlslist=\"nodownload\"><\/video>\n\t\t\t\t<\/div>\n\t\t\t\t\t\t<\/div>\n\t\t\t\t<\/div>\n\t\t\t\t\t<\/div>\n\t\t<\/div>\n\t\t\t\t\t<\/div>\n\t\t<\/section>\n\t\t\t\t<\/div>","protected":false},"excerpt":{"rendered":"<p>Introduktion av <strong>ROXXLYN Fusion-st\u00e4ll i \u00e4kta marmor<\/strong>\u00e4r ett tysktillverkat m\u00e4sterverk designat f\u00f6r Apple Vision Pro. Detta stativ blandar s\u00f6ml\u00f6st ultratunn marmorelegans med avancerad laddningsteknik. Med en solid grund av CNC-bearbetad aluminium och en elegant kromfinish utstr\u00e5lar stativet b\u00e5de funktionalitet och sofistikering.<\/p>\n<p>ROXXLYN-stativet \u00e4r utformat med Apple Vision Pro i \u00e5tanke och lyfter din enhet med den perfekta balansen mellan lyx och modern anv\u00e4ndbarhet. Oavsett om du anv\u00e4nder dess tr\u00e5dl\u00f6sa laddningsfunktioner eller de m\u00e5ngsidiga USB-portarna \u00e4r detta stativ mer \u00e4n en accessoar - det \u00e4r ett m\u00e5ste f\u00f6r dem som uppskattar oklanderlig design och effektivitet.<\/p>\n<p><strong>Nyckelfunktioner:<\/strong><\/p>\n<ul>\n<li>Precisionshantverk tillverkat i Tyskland<\/li>\n<li>Finaste Nero Marquina \u00e4kta marmor<\/li>\n<li>2 tr\u00e5dl\u00f6sa h\u00f6ghastighetsladdningsstationer med 2 x 2,0+0,5 MagSafe-magneter f\u00f6r automatisk positionering av MagSafe-iPhones och -fodral<\/li>\n<li>CNC-bearbetad aluminium med elegant kromfinish<\/li>\n<li>Perfekt utformad f\u00f6r Apple Vision Pro med integrerad Light Seal-h\u00e5llare, batterih\u00e5llare och kabelhantering<\/li>\n<li>2 USB-A-portar och 2 USB-C-adaptrar f\u00f6r maximal m\u00e5ngsidighet<\/li>\n<\/ul>","protected":false},"featured_media":8917,"template":"","meta":{"inline_featured_image":false},"product_brand":[],"product_cat":[151],"product_tag":[148,150,149],"class_list":{"0":"post-8557","1":"product","2":"type-product","3":"status-publish","4":"has-post-thumbnail","6":"product_cat-apple-vision-pro-stand","7":"product_tag-apple-vision-pro-stand","8":"product_tag-real-marble-stand","9":"product_tag-the-marble-fusion-stand-for-apple-vision-pro","11":"first","12":"instock","13":"taxable","14":"shipping-taxable","15":"purchasable","16":"product-type-simple"},"exclude_global_add_ons":[],"addons":[],"_links":{"self":[{"href":"https:\/\/roxxlyn.com\/sv\/wp-json\/wp\/v2\/product\/8557","targetHints":{"allow":["GET"]}}],"collection":[{"href":"https:\/\/roxxlyn.com\/sv\/wp-json\/wp\/v2\/product"}],"about":[{"href":"https:\/\/roxxlyn.com\/sv\/wp-json\/wp\/v2\/types\/product"}],"version-history":[{"count":0,"href":"https:\/\/roxxlyn.com\/sv\/wp-json\/wp\/v2\/product\/8557\/revisions"}],"wp:featuredmedia":[{"embeddable":true,"href":"https:\/\/roxxlyn.com\/sv\/wp-json\/wp\/v2\/media\/8917"}],"wp:attachment":[{"href":"https:\/\/roxxlyn.com\/sv\/wp-json\/wp\/v2\/media?parent=8557"}],"wp:term":[{"taxonomy":"product_brand","embeddable":true,"href":"https:\/\/roxxlyn.com\/sv\/wp-json\/wp\/v2\/product_brand?post=8557"},{"taxonomy":"product_cat","embeddable":true,"href":"https:\/\/roxxlyn.com\/sv\/wp-json\/wp\/v2\/product_cat?post=8557"},{"taxonomy":"product_tag","embeddable":true,"href":"https:\/\/roxxlyn.com\/sv\/wp-json\/wp\/v2\/product_tag?post=8557"}],"curies":[{"name":"wp","href":"https:\/\/api.w.org\/{rel}","templated":true}]}}