{"id":7552,"date":"2023-02-19T16:43:15","date_gmt":"2023-02-19T16:43:15","guid":{"rendered":"https:\/\/roxxlyn.com\/?post_type=product&#038;p=7552"},"modified":"2025-08-30T17:57:02","modified_gmt":"2025-08-30T17:57:02","slug":"marble-watch-nero-marquina-black-metal","status":"publish","type":"product","link":"https:\/\/roxxlyn.com\/sv\/shop\/marble-watch-nero-marquina-black-metal\/","title":{"rendered":"Marble-klocka - Nero Marquina - Svart metall"},"content":{"rendered":"","protected":false},"excerpt":{"rendered":"<p>Lyft din stil med The Real Marble Watch - Nero Marquina - en unik klocka som hyllar individualitet. Den \u00e4r handgjord i Tyskland och har en ultratunn, l\u00e4ttviktig urtavla i marmor fr\u00e5n den eftertraktade stenen Nero Marquina i Spanien, vilket g\u00f6r att ingen klocka \u00e4r den andra lik. De naturliga \u00e5dringarna g\u00f6r varje ur till en unik skatt.<\/p>\n<p>Stone Watch \u00e4r inte bara en modeaccessoar, den \u00e4r ocks\u00e5 byggd f\u00f6r att h\u00e5lla l\u00e4nge med boett i rostfritt st\u00e5l och safirglas f\u00f6r \u00f6verl\u00e4gsen t\u00e5lighet mot st\u00f6tar och extrema f\u00f6rh\u00e5llanden. Den drivs av ett exakt 762 Swiss Ronda-urverk med st\u00f6td\u00e4mpare, redo f\u00f6r alla \u00e4ventyr.<\/p>\n<p>Med en elegant diameter p\u00e5 40 mm, en tjocklek p\u00e5 8 mm och en vikt p\u00e5 endast 90 gram \u00e4r den minimalistiska designen perfekt f\u00f6r alla tillf\u00e4llen och sm\u00e4lter s\u00f6ml\u00f6st in i allt fr\u00e5n en utekv\u00e4ll till en dag p\u00e5 kontoret.<\/p>\n<p>Investera i en klocka som \u00e4r lika unik som du. Stone Watch kombinerar stil, h\u00e5llbarhet och funktionalitet. Skaffa din idag och uppgradera din look direkt.<\/p>","protected":false},"featured_media":9593,"template":"","meta":{"inline_featured_image":false},"product_brand":[],"product_cat":[155,127],"product_tag":[],"class_list":{"0":"post-7552","1":"product","2":"type-product","3":"status-publish","4":"has-post-thumbnail","6":"product_cat-marble-watch","7":"product_cat-watch","9":"first","10":"instock","11":"taxable","12":"shipping-taxable","13":"purchasable","14":"product-type-simple"},"exclude_global_add_ons":[],"addons":[],"_links":{"self":[{"href":"https:\/\/roxxlyn.com\/sv\/wp-json\/wp\/v2\/product\/7552","targetHints":{"allow":["GET"]}}],"collection":[{"href":"https:\/\/roxxlyn.com\/sv\/wp-json\/wp\/v2\/product"}],"about":[{"href":"https:\/\/roxxlyn.com\/sv\/wp-json\/wp\/v2\/types\/product"}],"version-history":[{"count":0,"href":"https:\/\/roxxlyn.com\/sv\/wp-json\/wp\/v2\/product\/7552\/revisions"}],"wp:featuredmedia":[{"embeddable":true,"href":"https:\/\/roxxlyn.com\/sv\/wp-json\/wp\/v2\/media\/9593"}],"wp:attachment":[{"href":"https:\/\/roxxlyn.com\/sv\/wp-json\/wp\/v2\/media?parent=7552"}],"wp:term":[{"taxonomy":"product_brand","embeddable":true,"href":"https:\/\/roxxlyn.com\/sv\/wp-json\/wp\/v2\/product_brand?post=7552"},{"taxonomy":"product_cat","embeddable":true,"href":"https:\/\/roxxlyn.com\/sv\/wp-json\/wp\/v2\/product_cat?post=7552"},{"taxonomy":"product_tag","embeddable":true,"href":"https:\/\/roxxlyn.com\/sv\/wp-json\/wp\/v2\/product_tag?post=7552"}],"curies":[{"name":"wp","href":"https:\/\/api.w.org\/{rel}","templated":true}]}}