{"id":745,"date":"2020-10-07T10:05:21","date_gmt":"2020-10-07T10:05:21","guid":{"rendered":"https:\/\/roxxlyn.com\/?post_type=product&#038;p=745"},"modified":"2025-09-25T15:12:06","modified_gmt":"2025-09-25T15:12:06","slug":"the-iphone-marble-case-nero-marquina","status":"publish","type":"product","link":"https:\/\/roxxlyn.com\/sv\/shop\/the-iphone-marble-case-nero-marquina\/","title":{"rendered":"iPhone Marble Case Nero Marquina"},"content":{"rendered":"<div data-elementor-type=\"wp-post\" data-elementor-id=\"745\" class=\"elementor elementor-745\" data-elementor-post-type=\"product\">\n\t\t\t\t\t\t<section class=\"elementor-section elementor-top-section elementor-element elementor-element-4fad3d1 elementor-section-boxed elementor-section-height-default elementor-section-height-default\" data-id=\"4fad3d1\" data-element_type=\"section\" data-e-type=\"section\" data-settings=\"{&quot;background_background&quot;:&quot;classic&quot;}\">\n\t\t\t\t\t\t<div class=\"elementor-container elementor-column-gap-default\">\n\t\t\t\t\t<div class=\"elementor-column elementor-col-100 elementor-top-column elementor-element elementor-element-e551091\" data-id=\"e551091\" data-element_type=\"column\" data-e-type=\"column\">\n\t\t\t<div class=\"elementor-widget-wrap elementor-element-populated\">\n\t\t\t\t\t\t<section class=\"elementor-section elementor-inner-section elementor-element elementor-element-c18f3bd elementor-section-boxed elementor-section-height-default elementor-section-height-default\" data-id=\"c18f3bd\" data-element_type=\"section\" data-e-type=\"section\">\n\t\t\t\t\t\t<div class=\"elementor-container elementor-column-gap-default\">\n\t\t\t\t\t<div class=\"elementor-column elementor-col-50 elementor-inner-column elementor-element elementor-element-d3dd10c\" data-id=\"d3dd10c\" data-element_type=\"column\" data-e-type=\"column\">\n\t\t\t<div class=\"elementor-widget-wrap elementor-element-populated\">\n\t\t\t\t\t\t<div class=\"elementor-element elementor-element-32a74fe elementor-widget elementor-widget-text-editor\" data-id=\"32a74fe\" data-element_type=\"widget\" data-e-type=\"widget\" data-widget_type=\"text-editor.default\">\n\t\t\t\t<div class=\"elementor-widget-container\">\n\t\t\t\t\t\t\t\t\t<p>Vi presenterar Nero Marquina Real Black Marble iPhone-fodral, en h\u00f6jdpunkt av lyx f\u00f6r dem som kr\u00e4ver b\u00e5de stil och inneh\u00e5ll. Tillverkad av \u00e4kta Nero Marquina-marmor som kommer fr\u00e5n de prestigefyllda stenbrotten i Marquina, Spanien, \u00e4r detta fodral inte bara ett skyddande tillbeh\u00f6r utan ett uttalande. Varje fodral \u00e4r unikt och visar upp den naturliga sk\u00f6nheten och intrikata \u00e5dring av svart marmor, polerad till perfektion f\u00f6r att f\u00f6rst\u00e4rka dess lyxiga k\u00e4nsla.<\/p>\n<p>Detta fodral \u00e4r tillverkat i Tyskland och kombinerar h\u00e5llbarheten hos en TPU-bas med elegansen av \u00e4kta marmor, vilket ger din iPhone ett o\u00f6vertr\u00e4ffat skydd utan att kompromissa med stilen. Trots sitt robusta skydd bibeh\u00e5ller fodralet en supertunn profil, som v\u00e4ger cirka 35 gram, vilket s\u00e4kerst\u00e4ller att din enhet f\u00f6rblir elegant och l\u00e4tt att hantera. Designen inkluderar ett upph\u00f6jt omr\u00e5de runt kameralinserna f\u00f6r att skydda dem fr\u00e5n repor och st\u00f6tar.<\/p>\n<p>Nero Marquina iPhone-fodral \u00e4r symbolen f\u00f6r sofistikering och f\u00f6rvandlar din enhet till ett lyxigt tillbeh\u00f6r som sticker ut. Upplev det ultimata inom elegans och skydd med detta uts\u00f6kta, tyska m\u00e4sterverk.<\/p>\t\t\t\t\t\t\t\t<\/div>\n\t\t\t\t<\/div>\n\t\t\t\t\t<\/div>\n\t\t<\/div>\n\t\t\t\t<div class=\"elementor-column elementor-col-50 elementor-inner-column elementor-element elementor-element-7c0f8d7\" data-id=\"7c0f8d7\" data-element_type=\"column\" data-e-type=\"column\">\n\t\t\t<div class=\"elementor-widget-wrap elementor-element-populated\">\n\t\t\t\t\t\t<div class=\"elementor-element elementor-element-91f1315 elementor-widget elementor-widget-video\" data-id=\"91f1315\" data-element_type=\"widget\" data-e-type=\"widget\" data-settings=\"{&quot;video_type&quot;:&quot;hosted&quot;,&quot;controls&quot;:&quot;yes&quot;}\" data-widget_type=\"video.default\">\n\t\t\t\t<div class=\"elementor-widget-container\">\n\t\t\t\t\t\t\t<div class=\"e-hosted-video elementor-wrapper elementor-open-inline\">\n\t\t\t\t\t<video class=\"elementor-video\" src=\"https:\/\/roxxlyn.com\/wp-content\/uploads\/2020\/11\/iPhone-Skin-inkl-Zubehor.66.mp4\" controls=\"\" preload=\"metadata\" controlslist=\"nodownload\"><\/video>\n\t\t\t\t<\/div>\n\t\t\t\t\t\t<\/div>\n\t\t\t\t<\/div>\n\t\t\t\t\t<\/div>\n\t\t<\/div>\n\t\t\t\t\t<\/div>\n\t\t<\/section>\n\t\t\t\t<div class=\"elementor-element elementor-element-56bab67 elementor-widget elementor-widget-video\" data-id=\"56bab67\" data-element_type=\"widget\" data-e-type=\"widget\" data-settings=\"{&quot;video_type&quot;:&quot;hosted&quot;,&quot;controls&quot;:&quot;yes&quot;}\" data-widget_type=\"video.default\">\n\t\t\t\t<div class=\"elementor-widget-container\">\n\t\t\t\t\t\t\t<div class=\"e-hosted-video elementor-wrapper elementor-open-inline\">\n\t\t\t\t\t<video class=\"elementor-video\" src=\"https:\/\/roxxlyn.com\/wp-content\/uploads\/2020\/11\/iPhone-Skin-inkl-Zubehor.61.mp4\" controls=\"\" preload=\"metadata\" controlslist=\"nodownload\"><\/video>\n\t\t\t\t<\/div>\n\t\t\t\t\t\t<\/div>\n\t\t\t\t<\/div>\n\t\t\t\t<section class=\"elementor-section elementor-inner-section elementor-element elementor-element-7afd2dd elementor-section-boxed elementor-section-height-default elementor-section-height-default\" data-id=\"7afd2dd\" data-element_type=\"section\" data-e-type=\"section\">\n\t\t\t\t\t\t<div class=\"elementor-container elementor-column-gap-default\">\n\t\t\t\t\t<div class=\"elementor-column elementor-col-50 elementor-inner-column elementor-element elementor-element-0465d3f\" data-id=\"0465d3f\" data-element_type=\"column\" data-e-type=\"column\">\n\t\t\t<div class=\"elementor-widget-wrap elementor-element-populated\">\n\t\t\t\t\t\t<div class=\"elementor-element elementor-element-217c79a elementor-widget elementor-widget-text-editor\" data-id=\"217c79a\" data-element_type=\"widget\" data-e-type=\"widget\" data-widget_type=\"text-editor.default\">\n\t\t\t\t<div class=\"elementor-widget-container\">\n\t\t\t\t\t\t\t\t\t<p>Introduktion av marmorn: Nero Marquina<\/p>\t\t\t\t\t\t\t\t<\/div>\n\t\t\t\t<\/div>\n\t\t\t\t<div class=\"elementor-element elementor-element-519a3f3 elementor-widget elementor-widget-text-editor\" data-id=\"519a3f3\" data-element_type=\"widget\" data-e-type=\"widget\" data-widget_type=\"text-editor.default\">\n\t\t\t\t<div class=\"elementor-widget-container\">\n\t\t\t\t\t\t\t\t\t<p>Nero Marquina \u00e4r en av de mest eftertraktade naturstenarna i Spanien. Ett material som b\u00e4r p\u00e5 \u00e5rhundraden av konst- och arkitekturhistoria och som tillfredsst\u00e4ller l\u00e4ngtan efter naturlighet och unikhet. Denna svarta marmor kan beundras i byggnader \u00f6ver hela v\u00e4rlden. Nero Marquina bryts i de spanska st\u00e4derna Aulestia och Marquina. Det eleganta utseendet hos Nero Marquina k\u00e4nnetecknas av dess fina str\u00e5k.<\/p>\t\t\t\t\t\t\t\t<\/div>\n\t\t\t\t<\/div>\n\t\t\t\t\t<\/div>\n\t\t<\/div>\n\t\t\t\t<div class=\"elementor-column elementor-col-50 elementor-inner-column elementor-element elementor-element-f3b5a6a\" data-id=\"f3b5a6a\" data-element_type=\"column\" data-e-type=\"column\">\n\t\t\t<div class=\"elementor-widget-wrap elementor-element-populated\">\n\t\t\t\t\t\t<div class=\"elementor-element elementor-element-589e589 elementor-widget elementor-widget-text-editor\" data-id=\"589e589\" data-element_type=\"widget\" data-e-type=\"widget\" data-widget_type=\"text-editor.default\">\n\t\t\t\t<div class=\"elementor-widget-container\">\n\t\t\t\t\t\t\t\t\tUnder tusentals \u00e5r har en kombination av kalciumkarbonat och kalciumhaltiga best\u00e5ndsdelar utvecklats till en h\u00e5rd natursten. Den speciella svarta f\u00e4rgen p\u00e5 Nero Marquina beror p\u00e5 den naturliga ansamlingen av bitumen. De vita kvarts\u00e5drorna har senare bildats i berget. Befintliga sprickor i berget \"l\u00e4ktes\" genom kvartskristallisering och Nero Marquina fick sitt nuvarande utseende.\t\t\t\t\t\t\t\t<\/div>\n\t\t\t\t<\/div>\n\t\t\t\t<div class=\"elementor-element elementor-element-5589e20 elementor-widget elementor-widget-text-editor\" data-id=\"5589e20\" data-element_type=\"widget\" data-e-type=\"widget\" data-widget_type=\"text-editor.default\">\n\t\t\t\t<div class=\"elementor-widget-container\">\n\t\t\t\t\t\t\t\t\tDe fina, vita \u00e5drorna i den annars svarta stenstrukturen g\u00f6r den h\u00e4r stenen s\u00e4rskilt attraktiv. Den utvecklar en exklusiv atmosf\u00e4r med en polerad eller slipad yta och utstr\u00e5lar lyx.\t\t\t\t\t\t\t\t<\/div>\n\t\t\t\t<\/div>\n\t\t\t\t\t<\/div>\n\t\t<\/div>\n\t\t\t\t\t<\/div>\n\t\t<\/section>\n\t\t\t\t<div class=\"elementor-element elementor-element-e7512c5 elementor-widget elementor-widget-video\" data-id=\"e7512c5\" data-element_type=\"widget\" data-e-type=\"widget\" data-settings=\"{&quot;video_type&quot;:&quot;vimeo&quot;}\" data-widget_type=\"video.default\">\n\t\t\t\t<div class=\"elementor-widget-container\">\n\t\t\t\t\t\t\t<div class=\"elementor-wrapper elementor-open-inline\">\n\t\t\t<iframe class=\"elementor-video-iframe\" allowfullscreen allow=\"clipboard-write\" title=\"vimeo Videospelare\" src=\"https:\/\/player.vimeo.com\/video\/290503829?color&amp;autopause=0&amp;loop=0&amp;muted=0&amp;title=1&amp;portrait=1&amp;byline=1#t=\"><\/iframe>\t\t<\/div>\n\t\t\t\t\t\t<\/div>\n\t\t\t\t<\/div>\n\t\t\t\t\t<\/div>\n\t\t<\/div>\n\t\t\t\t\t<\/div>\n\t\t<\/section>\n\t\t\t\t<\/div>","protected":false},"excerpt":{"rendered":"<p data-start=\"367\" data-end=\"697\">F\u00f6rh\u00f6j din nya <strong data-start=\"384\" data-end=\"449\">iPhone 17, iPhone 17 Pro, iPhone 17 Pro Max eller iPhone 17 Air<\/strong> med <strong data-start=\"459\" data-end=\"493\">Nero Marquina \u00e4kta marmorfodral<\/strong>, De \u00e4r tillverkade av \u00e4kta svart marmor fr\u00e5n Marquina i Spanien. Varje l\u00e5da \u00e4r helt unik, med sl\u00e5ende naturlig vit \u00e5dring <strong data-start=\"637\" data-end=\"663\">polerad till perfektion<\/strong> f\u00f6r en tidl\u00f6s och lyxig look. Byggd p\u00e5 en <strong data-start=\"710\" data-end=\"736\">t\u00e5lig TPU-grund<\/strong>, ger det h\u00e4r fodralet ett robust skydd mot dagligt slitage samtidigt som det har en tunn och elegant profil. Det <strong data-start=\"839\" data-end=\"873\">upph\u00f6jda kanter p\u00e5 kameran och sk\u00e4rmen<\/strong> ger extra s\u00e4kerhet utan att kompromissa med elegansen. Stolt \u00f6ver <strong data-start=\"938\" data-end=\"957\">Tillverkad i Tyskland<\/strong>, Nero Marquina iPhone 17 Case \u00e4r mer \u00e4n bara ett skydd - det \u00e4r en <strong data-start=\"1030\" data-end=\"1064\">statement-stycke av \u00e4kta marmor<\/strong>, som f\u00f6renar o\u00f6vertr\u00e4ffad sofistikering med modern funktionalitet.<\/p>","protected":false},"featured_media":12780,"template":"","meta":{"inline_featured_image":false},"product_brand":[],"product_cat":[66],"product_tag":[153,152],"class_list":{"0":"post-745","1":"product","2":"type-product","3":"status-publish","4":"has-post-thumbnail","6":"product_cat-iphone-cases","7":"product_tag-iphone-marble-case","8":"product_tag-nero-marquina","10":"first","11":"instock","12":"featured","13":"taxable","14":"shipping-taxable","15":"purchasable","16":"product-type-variable","17":"has-default-attributes"},"exclude_global_add_ons":false,"addons":[{"name":"Skr\u00e4ddarsydd skr\u00e4ddarsyning","type":"checkbox","position":0,"required":false,"title_format":"label","default":"","description_enable":false,"description":"","placeholder_enable":false,"placeholder":"","display":"select","restrictions_type":"any_text","adjust_price":false,"price":"","price_type":"flat_fee","restrictions":false,"min":"0","max":"0","options":[{"label":"Upgrade your case with a super-strong N52 grade 1.55 mm MagSafe magnet for seamless attachment and faster, more stable wireless charging","price":"10","price_type":"flat_fee","image":0,"visibility":true},{"label":"Opt for a design featuring darker tones and minimal white veins for a sleek, uniform appearance.","price":"","price_type":"flat_fee","image":0,"visibility":true},{"label":"Opt for a design that emphasizes rich white veins for a touch of natural sophistication.","price":"15","price_type":"flat_fee","image":0,"visibility":true},{"label":"Reveal the iconic Apple logo with a precise cut-out on the stone surface, unveiling a sleek black satin-matte underside for a striking contrast and personal touch.","price":"15","price_type":"flat_fee","image":0,"visibility":true},{"label":"Enhance your device with a white engraved Apple logo, crafted over two days for elegance and sophistication.","price":"20","price_type":"flat_fee","image":0,"visibility":true},{"label":"Premium Liquid Care with dust-repellent, antistatic protection and a lasting matte effect. Specially designed to preserve and protect your case.","price":"5","price_type":"flat_fee","image":0,"visibility":false},{"label":"A premium marble liquid polish that enhances and protects the natural beauty of your marble surfaces, providing a lasting, brilliant shine.","price":"5","price_type":"flat_fee","image":0,"visibility":true},{"label":"Microfiber Polishing Cloth: A soft, high-quality microfiber cloth designed for polishing marble surfaces. It delivers a streak-free, brilliant shine without scratching, perfect for maintaining your marble's natural beauty.","price":"5","price_type":"flat_fee","image":0,"visibility":false}],"id":1757681666}],"_links":{"self":[{"href":"https:\/\/roxxlyn.com\/sv\/wp-json\/wp\/v2\/product\/745","targetHints":{"allow":["GET"]}}],"collection":[{"href":"https:\/\/roxxlyn.com\/sv\/wp-json\/wp\/v2\/product"}],"about":[{"href":"https:\/\/roxxlyn.com\/sv\/wp-json\/wp\/v2\/types\/product"}],"version-history":[{"count":0,"href":"https:\/\/roxxlyn.com\/sv\/wp-json\/wp\/v2\/product\/745\/revisions"}],"wp:featuredmedia":[{"embeddable":true,"href":"https:\/\/roxxlyn.com\/sv\/wp-json\/wp\/v2\/media\/12780"}],"wp:attachment":[{"href":"https:\/\/roxxlyn.com\/sv\/wp-json\/wp\/v2\/media?parent=745"}],"wp:term":[{"taxonomy":"product_brand","embeddable":true,"href":"https:\/\/roxxlyn.com\/sv\/wp-json\/wp\/v2\/product_brand?post=745"},{"taxonomy":"product_cat","embeddable":true,"href":"https:\/\/roxxlyn.com\/sv\/wp-json\/wp\/v2\/product_cat?post=745"},{"taxonomy":"product_tag","embeddable":true,"href":"https:\/\/roxxlyn.com\/sv\/wp-json\/wp\/v2\/product_tag?post=745"}],"curies":[{"name":"wp","href":"https:\/\/api.w.org\/{rel}","templated":true}]}}