{"id":66,"date":"2020-08-12T11:49:00","date_gmt":"2020-08-12T11:49:00","guid":{"rendered":"https:\/\/roxxlyn.com\/?post_type=product&#038;p=66"},"modified":"2026-03-04T16:12:55","modified_gmt":"2026-03-04T16:12:55","slug":"the-macbook-slate-skin-black-rock","status":"publish","type":"product","link":"https:\/\/roxxlyn.com\/sv\/shop\/the-macbook-slate-skin-black-rock\/","title":{"rendered":"MacBook Slate Skin Black Rock"},"content":{"rendered":"<div data-elementor-type=\"wp-post\" data-elementor-id=\"66\" class=\"elementor elementor-66\" data-elementor-post-type=\"product\">\n\t\t\t\t\t\t<section class=\"elementor-section elementor-top-section elementor-element elementor-element-415b4ae elementor-section-boxed elementor-section-height-default elementor-section-height-default\" data-id=\"415b4ae\" data-element_type=\"section\" data-e-type=\"section\" data-settings=\"{&quot;background_background&quot;:&quot;classic&quot;}\">\n\t\t\t\t\t\t<div class=\"elementor-container elementor-column-gap-default\">\n\t\t\t\t\t<div class=\"elementor-column elementor-col-100 elementor-top-column elementor-element elementor-element-597b156\" data-id=\"597b156\" data-element_type=\"column\" data-e-type=\"column\">\n\t\t\t<div class=\"elementor-widget-wrap elementor-element-populated\">\n\t\t\t\t\t\t<div class=\"elementor-element elementor-element-7be3c16 elementor-widget elementor-widget-video\" data-id=\"7be3c16\" data-element_type=\"widget\" data-e-type=\"widget\" data-settings=\"{&quot;video_type&quot;:&quot;vimeo&quot;,&quot;autoplay&quot;:&quot;yes&quot;,&quot;play_on_mobile&quot;:&quot;yes&quot;,&quot;mute&quot;:&quot;yes&quot;,&quot;loop&quot;:&quot;yes&quot;}\" data-widget_type=\"video.default\">\n\t\t\t\t<div class=\"elementor-widget-container\">\n\t\t\t\t\t\t\t<div class=\"elementor-wrapper elementor-open-inline\">\n\t\t\t<iframe class=\"elementor-video-iframe\" allowfullscreen allow=\"autoplay\" title=\"vimeo \ub3d9\uc601\uc0c1 \ud50c\ub808\uc774\uc5b4\" src=\"https:\/\/player.vimeo.com\/video\/1017613452?autoplay=1&amp;playsinline=1&amp;color&amp;autopause=0&amp;loop=1&amp;muted=1&amp;title=1&amp;portrait=1&amp;byline=1#t=\" data-no-translation-title=\"\"><\/iframe>\t\t<\/div>\n\t\t\t\t\t\t<\/div>\n\t\t\t\t<\/div>\n\t\t\t\t<section class=\"elementor-section elementor-inner-section elementor-element elementor-element-d71c1e6 elementor-section-boxed elementor-section-height-default elementor-section-height-default\" data-id=\"d71c1e6\" data-element_type=\"section\" data-e-type=\"section\">\n\t\t\t\t\t\t<div class=\"elementor-container elementor-column-gap-default\">\n\t\t\t\t\t<div class=\"elementor-column elementor-col-100 elementor-inner-column elementor-element elementor-element-500ee0d\" data-id=\"500ee0d\" data-element_type=\"column\" data-e-type=\"column\">\n\t\t\t<div class=\"elementor-widget-wrap elementor-element-populated\">\n\t\t\t\t\t\t<div class=\"elementor-element elementor-element-9e0e074 elementor-widget elementor-widget-text-editor\" data-id=\"9e0e074\" data-element_type=\"widget\" data-e-type=\"widget\" data-widget_type=\"text-editor.default\">\n\t\t\t\t<div class=\"elementor-widget-container\">\n\t\t\t\t\t\t\t\t\t<p>F\u00f6rh\u00f6j din MacBook med en <strong>Skifferhud Svart sten<\/strong>\u00e4r ett handgjort m\u00e4sterverk i \u00e4kta sten som \u00e4r utformat f\u00f6r att passa din enhet som ett andra skinn. Varje skin har en naturlig svartgr\u00e5 nyans och en unik stenstruktur, vilket g\u00f6r din MacBook helt unik. L\u00e4tt som en fj\u00e4der och tunn som 0,03 tum (1 mm), bevarar detta ultratunna skal de eleganta linjerna p\u00e5 din enhet samtidigt som det ger ett l\u00e5ngvarigt skydd mot repor och smuts.<\/p><p>Tack vare v\u00e5r specialutvecklade dubbelsidiga tejp - tillverkad i Tyskland - kan du applicera och ta bort skinnet utan anstr\u00e4ngning, utan att l\u00e4mna n\u00e5gra klibbiga rester. Med en vikt p\u00e5 bara 35 gram kommer du knappt att k\u00e4nna skillnaden, men din MacBook kommer att sticka ut p\u00e5 alla s\u00e4tt. Det h\u00e4r \u00e4r mer \u00e4n ett skydd - det \u00e4r en konstn\u00e4rlig uppgradering som ger din enhet naturlig sk\u00f6nhet och o\u00f6vertr\u00e4ffat hantverk.<\/p><p><span style=\"text-decoration: underline;\"><strong>Varf\u00f6r v\u00e4lja Slate Skin Black Rock?<\/strong><\/span><\/p><ul><li><strong>Verklig sten, verklig p\u00e5verkan<\/strong>: Handgjord av \u00e4kta skiffersten, varje hud har en naturlig korn och struktur som \u00e4r lika unik som du \u00e4r.<\/li><li><strong>Fj\u00e4derl\u00e4tt och ultra-slimmad<\/strong>: Med en vikt p\u00e5 endast 35 gram och en tjocklek p\u00e5 1 mm erbjuder huden skydd utan att vara f\u00f6r stor.<\/li><li><strong>Enkel applicering, inga rester<\/strong>: Den dubbelh\u00e4ftande tejpen \u00e4r specialtillverkad i Tyskland och \u00e4r l\u00e4tt att applicera och ta bort utan att l\u00e4mna n\u00e5gon kladdig r\u00f6ra efter sig.<\/li><li><strong>Handgjord i Berlin<\/strong>: Varje hud tillverkas med omsorg och precision i Berlin, vilket garanterar ett h\u00f6gkvalitativt hantverk.<\/li><\/ul><p>Detta slate skin \u00e4r inte bara ett skal - det \u00e4r ett uttryck f\u00f6r stil, individualitet och elegans. Skydda din MacBook samtidigt som du g\u00f6r den till ett riktigt blickf\u00e5ng. <em>Observera: Jag \u00e4r inte ett fall!<\/em><\/p>\t\t\t\t\t\t\t\t<\/div>\n\t\t\t\t<\/div>\n\t\t\t\t<div class=\"elementor-element elementor-element-9a45c83 elementor-widget elementor-widget-text-editor\" data-id=\"9a45c83\" data-element_type=\"widget\" data-e-type=\"widget\" data-widget_type=\"text-editor.default\">\n\t\t\t\t<div class=\"elementor-widget-container\">\n\t\t\t\t\t\t\t\t\t<p><blockquote class=\"wp-embedded-content\" data-secret=\"YXrDvgatY1\"><a href=\"https:\/\/roxxlyn.com\/sv\/instructions\/\">Instruktioner<\/a><\/blockquote><iframe class=\"wp-embedded-content\" sandbox=\"allow-scripts\" security=\"restricted\" style=\"position: absolute; visibility: hidden;\" title=\"&quot;Instruktioner&quot; - ROXXLYN\" src=\"https:\/\/roxxlyn.com\/instructions\/embed\/#?secret=qe5rNxBNvu#?secret=YXrDvgatY1\" data-secret=\"YXrDvgatY1\" width=\"600\" height=\"338\" frameborder=\"0\" marginwidth=\"0\" marginheight=\"0\" scrolling=\"no\"><\/iframe><\/p>\t\t\t\t\t\t\t\t<\/div>\n\t\t\t\t<\/div>\n\t\t\t\t\t<\/div>\n\t\t<\/div>\n\t\t\t\t\t<\/div>\n\t\t<\/section>\n\t\t\t\t<div class=\"elementor-element elementor-element-396757a elementor-widget elementor-widget-video\" data-id=\"396757a\" data-element_type=\"widget\" data-e-type=\"widget\" data-settings=\"{&quot;video_type&quot;:&quot;vimeo&quot;}\" data-widget_type=\"video.default\">\n\t\t\t\t<div class=\"elementor-widget-container\">\n\t\t\t\t\t\t\t<div class=\"elementor-wrapper elementor-open-inline\">\n\t\t\t<iframe class=\"elementor-video-iframe\" allowfullscreen allow=\"clipboard-write\" title=\"vimeo \ub3d9\uc601\uc0c1 \ud50c\ub808\uc774\uc5b4\" src=\"https:\/\/player.vimeo.com\/video\/135730659?color&amp;autopause=0&amp;loop=0&amp;muted=0&amp;title=1&amp;portrait=1&amp;byline=1#t=\" data-no-translation-title=\"\"><\/iframe>\t\t<\/div>\n\t\t\t\t\t\t<\/div>\n\t\t\t\t<\/div>\n\t\t\t\t<div class=\"elementor-element elementor-element-61b67c9 elementor-widget elementor-widget-video\" data-id=\"61b67c9\" data-element_type=\"widget\" data-e-type=\"widget\" data-settings=\"{&quot;video_type&quot;:&quot;vimeo&quot;}\" data-widget_type=\"video.default\">\n\t\t\t\t<div class=\"elementor-widget-container\">\n\t\t\t\t\t\t\t<div class=\"elementor-wrapper elementor-open-inline\">\n\t\t\t<iframe class=\"elementor-video-iframe\" allowfullscreen allow=\"clipboard-write\" title=\"vimeo \ub3d9\uc601\uc0c1 \ud50c\ub808\uc774\uc5b4\" src=\"https:\/\/player.vimeo.com\/video\/290503829?color&amp;autopause=0&amp;loop=0&amp;muted=0&amp;title=1&amp;portrait=1&amp;byline=1#t=\" data-no-translation-title=\"\"><\/iframe>\t\t<\/div>\n\t\t\t\t\t\t<\/div>\n\t\t\t\t<\/div>\n\t\t\t\t\t<\/div>\n\t\t<\/div>\n\t\t\t\t\t<\/div>\n\t\t<\/section>\n\t\t\t\t<\/div>","protected":false},"excerpt":{"rendered":"<p>F\u00f6rvandla din MacBook med <strong>Skifferhud Svart sten<\/strong>-ett handgjort, ultratunt (1 mm) och l\u00e4tt (35 g) skin tillverkat av \u00e4kta sten. Med sin unika svartgr\u00e5 stenstruktur och tyskutvecklade lim erbjuder den enkel applicering, skydd och stil utan att l\u00e4mna n\u00e5gra rester. <em>Inte ett fodral - det h\u00e4r \u00e4r ren hantverkskunskap.<\/em><\/p>","protected":false},"featured_media":10382,"template":"","meta":{"inline_featured_image":false},"product_brand":[],"product_cat":[48],"product_tag":[],"class_list":{"0":"post-66","1":"product","2":"type-product","3":"status-publish","4":"has-post-thumbnail","6":"product_cat-macbook","8":"first","9":"instock","10":"featured","11":"taxable","12":"shipping-taxable","13":"purchasable","14":"product-type-variable","15":"has-default-attributes"},"exclude_global_add_ons":false,"addons":[{"name":"Skr\u00e4ddarsydd skr\u00e4ddarsyning","type":"checkbox","position":0,"required":false,"title_format":"heading","default":"","description_enable":false,"description":"","placeholder_enable":false,"placeholder":"","display":"radiobutton","restrictions_type":"any_text","adjust_price":false,"price":"","price_type":"flat_fee","restrictions":false,"min":"0","max":"0","options":[{"label":"Bottom Skin - you like to get a more 360 look and have an additional Slate Skin for the bottom of your device","price":"22","price_type":"flat_fee","image":1296,"visibility":true},{"label":"No Apple Logo","price":"","price_type":"flat_fee","image":0,"visibility":true},{"label":"Heavy Texture - You want thicker pieces of stone with extra tactile feedback, this is the one for you.","price":"20","price_type":"flat_fee","image":0,"visibility":true},{"label":"Stone surface as dark as possible","price":"","price_type":"flat_fee","image":0,"visibility":true},{"label":"Apple Logo Guard Film - Highly transparent glossy polyurethane film with outstanding UV-resistance, excellent tear strength, and self-healing surface. That means light scratches on the surface (e.g. originating from squeegees, cleaning brushes) can be removed easily by applying heat (e.g. solar radiation, heat gun)","price":"5","price_type":"flat_fee","image":0,"visibility":true},{"label":"100% Easy Removal Layer, we developed an additional layer for an even more convenient removal anytime you decide to remove your slate skin in the future. Zero adhesive residues","price":"5","price_type":"flat_fee","image":0,"visibility":true}],"id":1687279607}],"_links":{"self":[{"href":"https:\/\/roxxlyn.com\/sv\/wp-json\/wp\/v2\/product\/66","targetHints":{"allow":["GET"]}}],"collection":[{"href":"https:\/\/roxxlyn.com\/sv\/wp-json\/wp\/v2\/product"}],"about":[{"href":"https:\/\/roxxlyn.com\/sv\/wp-json\/wp\/v2\/types\/product"}],"version-history":[{"count":1,"href":"https:\/\/roxxlyn.com\/sv\/wp-json\/wp\/v2\/product\/66\/revisions"}],"predecessor-version":[{"id":14894,"href":"https:\/\/roxxlyn.com\/sv\/wp-json\/wp\/v2\/product\/66\/revisions\/14894"}],"wp:featuredmedia":[{"embeddable":true,"href":"https:\/\/roxxlyn.com\/sv\/wp-json\/wp\/v2\/media\/10382"}],"wp:attachment":[{"href":"https:\/\/roxxlyn.com\/sv\/wp-json\/wp\/v2\/media?parent=66"}],"wp:term":[{"taxonomy":"product_brand","embeddable":true,"href":"https:\/\/roxxlyn.com\/sv\/wp-json\/wp\/v2\/product_brand?post=66"},{"taxonomy":"product_cat","embeddable":true,"href":"https:\/\/roxxlyn.com\/sv\/wp-json\/wp\/v2\/product_cat?post=66"},{"taxonomy":"product_tag","embeddable":true,"href":"https:\/\/roxxlyn.com\/sv\/wp-json\/wp\/v2\/product_tag?post=66"}],"curies":[{"name":"wp","href":"https:\/\/api.w.org\/{rel}","templated":true}]}}