{"id":3541,"date":"2021-05-21T13:02:50","date_gmt":"2021-05-21T13:02:50","guid":{"rendered":"https:\/\/roxxlyn.com\/?post_type=product&#038;p=3541"},"modified":"2025-09-24T07:08:30","modified_gmt":"2025-09-24T07:08:30","slug":"the-iphone-slate-case-black-rock","status":"publish","type":"product","link":"https:\/\/roxxlyn.com\/sv\/shop\/the-iphone-slate-case-black-rock\/","title":{"rendered":"iPhone Slate Case Black Rock"},"content":{"rendered":"<div data-elementor-type=\"wp-post\" data-elementor-id=\"3541\" class=\"elementor elementor-3541\" data-elementor-post-type=\"product\">\n\t\t\t\t\t\t<section class=\"elementor-section elementor-top-section elementor-element elementor-element-85c5581 elementor-section-boxed elementor-section-height-default elementor-section-height-default\" data-id=\"85c5581\" data-element_type=\"section\" data-e-type=\"section\">\n\t\t\t\t\t\t<div class=\"elementor-container elementor-column-gap-default\">\n\t\t\t\t\t<div class=\"elementor-column elementor-col-100 elementor-top-column elementor-element elementor-element-28fc111\" data-id=\"28fc111\" data-element_type=\"column\" data-e-type=\"column\">\n\t\t\t<div class=\"elementor-widget-wrap\">\n\t\t\t\t\t\t\t<\/div>\n\t\t<\/div>\n\t\t\t\t\t<\/div>\n\t\t<\/section>\n\t\t\t\t<section class=\"elementor-section elementor-top-section elementor-element elementor-element-f0f24e1 elementor-section-boxed elementor-section-height-default elementor-section-height-default\" data-id=\"f0f24e1\" data-element_type=\"section\" data-e-type=\"section\" data-settings=\"{&quot;background_background&quot;:&quot;classic&quot;}\">\n\t\t\t\t\t\t<div class=\"elementor-container elementor-column-gap-default\">\n\t\t\t\t\t<div class=\"elementor-column elementor-col-100 elementor-top-column elementor-element elementor-element-611b1ee\" data-id=\"611b1ee\" data-element_type=\"column\" data-e-type=\"column\">\n\t\t\t<div class=\"elementor-widget-wrap elementor-element-populated\">\n\t\t\t\t\t\t<div class=\"elementor-element elementor-element-3b15875 elementor-widget elementor-widget-video\" data-id=\"3b15875\" data-element_type=\"widget\" data-e-type=\"widget\" data-settings=\"{&quot;video_type&quot;:&quot;hosted&quot;,&quot;controls&quot;:&quot;yes&quot;}\" data-widget_type=\"video.default\">\n\t\t\t\t<div class=\"elementor-widget-container\">\n\t\t\t\t\t\t\t<div class=\"e-hosted-video elementor-wrapper elementor-open-inline\">\n\t\t\t\t\t<video class=\"elementor-video\" src=\"https:\/\/roxxlyn.com\/wp-content\/uploads\/2020\/11\/iPhone-Skin-inkl-Zubehor.66.mp4\" controls=\"\" preload=\"metadata\" controlslist=\"nodownload\"><\/video>\n\t\t\t\t<\/div>\n\t\t\t\t\t\t<\/div>\n\t\t\t\t<\/div>\n\t\t\t\t<section class=\"elementor-section elementor-inner-section elementor-element elementor-element-64c9f28 elementor-section-boxed elementor-section-height-default elementor-section-height-default\" data-id=\"64c9f28\" data-element_type=\"section\" data-e-type=\"section\">\n\t\t\t\t\t\t<div class=\"elementor-container elementor-column-gap-default\">\n\t\t\t\t\t<div class=\"elementor-column elementor-col-100 elementor-inner-column elementor-element elementor-element-53f4098\" data-id=\"53f4098\" data-element_type=\"column\" data-e-type=\"column\">\n\t\t\t<div class=\"elementor-widget-wrap elementor-element-populated\">\n\t\t\t\t\t\t<div class=\"elementor-element elementor-element-063f3cb elementor-widget elementor-widget-text-editor\" data-id=\"063f3cb\" data-element_type=\"widget\" data-e-type=\"widget\" data-widget_type=\"text-editor.default\">\n\t\t\t\t<div class=\"elementor-widget-container\">\n\t\t\t\t\t\t\t\t\t<p>Det riktiga Slate Case Black Rock Case \u00e4r klassiskt och diskret. Det \u00e4r handgjort i Berlin av \u00e4kta skiffer och fodrat med det finaste Alcantara, vilket ger din iPhone optimalt skydd under dina dagliga resor. I kombination med en h\u00f6gkvalitativ ram v\u00e4ger det h\u00e4r m\u00e4sterverket bara 35 gram. Dess rika gr\u00e5svart textur har en sensationell yta p\u00e5 grund av den varierande stenstrukturen, som \u00e4r livlig och exceptionell, vilket g\u00f6r varje enskild produkt verkligt unik.<\/p>\t\t\t\t\t\t\t\t<\/div>\n\t\t\t\t<\/div>\n\t\t\t\t<div class=\"elementor-element elementor-element-f4a6dab elementor-widget elementor-widget-text-editor\" data-id=\"f4a6dab\" data-element_type=\"widget\" data-e-type=\"widget\" data-widget_type=\"text-editor.default\">\n\t\t\t\t<div class=\"elementor-widget-container\">\n\t\t\t\t\t\t\t\t\t<p>Tr\u00e5dl\u00f6s laddning och andra frekvenser st\u00f6ds fullt ut utan kompromisser.<\/p>\t\t\t\t\t\t\t\t<\/div>\n\t\t\t\t<\/div>\n\t\t\t\t<div class=\"elementor-element elementor-element-8c52388 elementor-widget elementor-widget-text-editor\" data-id=\"8c52388\" data-element_type=\"widget\" data-e-type=\"widget\" data-widget_type=\"text-editor.default\">\n\t\t\t\t<div class=\"elementor-widget-container\">\n\t\t\t\t\t\t\t\t\t<p>Sj\u00e4lva fodralet \u00e4r tillverkat av termoplastisk polyuretan och polykarbonat och finns i olika utf\u00f6randen och f\u00e4rger. Den totala produktvikten \u00e4r bara 35 upp till 45 gram beroende p\u00e5 fodralets storlek. Som med alla v\u00e5ra produkter \u00e4r det h\u00e4r fodralet ett unikt stycke som skiljer sig \u00e5t i sin unika stenstruktur och f\u00e4rgs\u00e4ttning, var och en \u00e4r ett unikt stycke natur. \u00a0<\/p>\t\t\t\t\t\t\t\t<\/div>\n\t\t\t\t<\/div>\n\t\t\t\t\t<\/div>\n\t\t<\/div>\n\t\t\t\t\t<\/div>\n\t\t<\/section>\n\t\t\t\t<div class=\"elementor-element elementor-element-956b714 elementor-widget elementor-widget-video\" data-id=\"956b714\" data-element_type=\"widget\" data-e-type=\"widget\" data-settings=\"{&quot;video_type&quot;:&quot;vimeo&quot;}\" data-widget_type=\"video.default\">\n\t\t\t\t<div class=\"elementor-widget-container\">\n\t\t\t\t\t\t\t<div class=\"elementor-wrapper elementor-open-inline\">\n\t\t\t<iframe class=\"elementor-video-iframe\" allowfullscreen allow=\"clipboard-write\" title=\"vimeo Video Oynat\u0131c\u0131\" src=\"https:\/\/player.vimeo.com\/video\/290503829?color&amp;autopause=0&amp;loop=0&amp;muted=0&amp;title=1&amp;portrait=1&amp;byline=1#t=\"><\/iframe>\t\t<\/div>\n\t\t\t\t\t\t<\/div>\n\t\t\t\t<\/div>\n\t\t\t\t\t<\/div>\n\t\t<\/div>\n\t\t\t\t\t<\/div>\n\t\t<\/section>\n\t\t\t\t<\/div>","protected":false},"excerpt":{"rendered":"<p data-start=\"380\" data-end=\"738\">Uppt\u00e4ck det ultimata skyddet f\u00f6r den nya <strong data-start=\"425\" data-end=\"491\">iPhone 17, iPhone 17 Pro, iPhone 17 Pro Max och iPhone 17 Air<\/strong> med v\u00e5ra <strong data-start=\"501\" data-end=\"535\">Premium iPhone-fodral i \u00e4kta skiffer<\/strong> - ett m\u00e4sterverk av natursten och modern teknik. Varje l\u00e5da \u00e4r handgjord av \u00e4kta skiffer fr\u00e5n historiska tyska stenbrott, vilket g\u00f6r varje del unik i textur och tidl\u00f6s i design. Byggd med <strong data-start=\"751\" data-end=\"794\">h\u00f6gpresterande TPU fr\u00e5n Bayer Tyskland<\/strong>, P\u00e5 insidan ger fodralet ett robust skydd mot fall, repor och vardagsslitage, samtidigt som det har en tunn och elegant profil. Inv\u00e4ndigt \u00e4r fodralet kl\u00e4tt med mjuk Alcantara f\u00f6r en lyxig touch, f\u00f6rb\u00e4ttrat grepp och extra skydd. Med <strong data-start=\"1034\" data-end=\"1079\">upph\u00f6jda kanter runt sk\u00e4rmen och kameran<\/strong>, Med detta fodral \u00e4r din iPhone 17-serie skyddad utan att kompromissa med stilen. Oavsett om du anv\u00e4nder den dagligen eller \u00e4r p\u00e5 resande fot, kombinerar detta iPhone-fodral i sten <strong data-start=\"1222\" data-end=\"1263\">natur, hantverk och teknik<\/strong> f\u00f6r att h\u00e5lla din enhet trygg, snygg och s\u00e4ker. Stolt \u00f6ver <strong data-start=\"1319\" data-end=\"1338\">Tillverkad i Tyskland<\/strong>.<\/p>","protected":false},"featured_media":12895,"template":"","meta":{"inline_featured_image":false},"product_brand":[],"product_cat":[66],"product_tag":[90,89,91],"class_list":{"0":"post-3541","1":"product","2":"type-product","3":"status-publish","4":"has-post-thumbnail","6":"product_cat-iphone-cases","7":"product_tag-iphone-real-slate-case","8":"product_tag-slate-case","9":"product_tag-slate-case-by-roxxlyn","11":"first","12":"instock","13":"featured","14":"taxable","15":"shipping-taxable","16":"purchasable","17":"product-type-variable","18":"has-default-attributes"},"exclude_global_add_ons":false,"addons":[{"name":"Skr\u00e4ddarsydd skr\u00e4ddarsyning","type":"checkbox","position":0,"required":false,"title_format":"label","default":"","description_enable":false,"description":"","placeholder_enable":false,"placeholder":"","display":"select","restrictions_type":"any_text","adjust_price":false,"price":"","price_type":"flat_fee","restrictions":false,"min":"0","max":"0","options":[{"label":"Upgrade your case with a super-strong N52 grade 1.55 mm MagSafe magnet for seamless attachment and faster, more stable wireless charging","price":"10","price_type":"flat_fee","image":0,"visibility":true},{"label":"Achieve the darkest (possible) hue on your stone surface for a sleek, sophisticated look.","price":"","price_type":"flat_fee","image":0,"visibility":true},{"label":"Embrace the raw beauty of nature with a heavy stone texture, adding a bold, tactile feel to your case.","price":"15","price_type":"flat_fee","image":0,"visibility":true},{"label":"Opt for a finer, smoother stone texture for a sleek touch and elegant appearance.","price":"","price_type":"flat_fee","image":0,"visibility":true},{"label":"Feature the iconic Apple logo with a precise cut-out on the stone surface, revealing the case's sleek, black satin-matte underside for a striking contrast and personalized touch.","price":"10","price_type":"flat_fee","image":0,"visibility":true},{"label":"Upgrade with a matching slate skin for the lens, cut from the same slate for perfect uniformity and enhanced protection.","price":"10","price_type":"flat_fee","image":0,"visibility":true},{"label":"Premium Liquid Care with dust-repellent, antistatic protection and a lasting matte effect. Specially designed to preserve and protect your case.","price":"5","price_type":"flat_fee","image":0,"visibility":true},{"label":"Premium Stone Cleaner & Care with antibacterial protection. Gently cleans and preserves the natural beauty of real slate for lasting elegance","price":"5","price_type":"flat_fee","image":0,"visibility":true}],"id":1709884294}],"_links":{"self":[{"href":"https:\/\/roxxlyn.com\/sv\/wp-json\/wp\/v2\/product\/3541","targetHints":{"allow":["GET"]}}],"collection":[{"href":"https:\/\/roxxlyn.com\/sv\/wp-json\/wp\/v2\/product"}],"about":[{"href":"https:\/\/roxxlyn.com\/sv\/wp-json\/wp\/v2\/types\/product"}],"version-history":[{"count":0,"href":"https:\/\/roxxlyn.com\/sv\/wp-json\/wp\/v2\/product\/3541\/revisions"}],"wp:featuredmedia":[{"embeddable":true,"href":"https:\/\/roxxlyn.com\/sv\/wp-json\/wp\/v2\/media\/12895"}],"wp:attachment":[{"href":"https:\/\/roxxlyn.com\/sv\/wp-json\/wp\/v2\/media?parent=3541"}],"wp:term":[{"taxonomy":"product_brand","embeddable":true,"href":"https:\/\/roxxlyn.com\/sv\/wp-json\/wp\/v2\/product_brand?post=3541"},{"taxonomy":"product_cat","embeddable":true,"href":"https:\/\/roxxlyn.com\/sv\/wp-json\/wp\/v2\/product_cat?post=3541"},{"taxonomy":"product_tag","embeddable":true,"href":"https:\/\/roxxlyn.com\/sv\/wp-json\/wp\/v2\/product_tag?post=3541"}],"curies":[{"name":"wp","href":"https:\/\/api.w.org\/{rel}","templated":true}]}}