{"id":1721,"date":"2020-11-12T15:39:53","date_gmt":"2020-11-12T15:39:53","guid":{"rendered":"https:\/\/roxxlyn.com\/?post_type=product&#038;p=1721"},"modified":"2025-09-23T13:26:22","modified_gmt":"2025-09-23T13:26:22","slug":"the-iphone-marble-case-rosso-levanto","status":"publish","type":"product","link":"https:\/\/roxxlyn.com\/sv\/shop\/the-iphone-marble-case-rosso-levanto\/","title":{"rendered":"iPhone Marble Case Rosso Levanto"},"content":{"rendered":"<div data-elementor-type=\"wp-post\" data-elementor-id=\"1721\" class=\"elementor elementor-1721\" data-elementor-post-type=\"product\">\n\t\t\t\t\t\t<section class=\"elementor-section elementor-top-section elementor-element elementor-element-174fe74 elementor-section-boxed elementor-section-height-default elementor-section-height-default\" data-id=\"174fe74\" data-element_type=\"section\" data-e-type=\"section\" data-settings=\"{&quot;background_background&quot;:&quot;classic&quot;}\">\n\t\t\t\t\t\t<div class=\"elementor-container elementor-column-gap-default\">\n\t\t\t\t\t<div class=\"elementor-column elementor-col-100 elementor-top-column elementor-element elementor-element-9557f36\" data-id=\"9557f36\" data-element_type=\"column\" data-e-type=\"column\">\n\t\t\t<div class=\"elementor-widget-wrap elementor-element-populated\">\n\t\t\t\t\t\t<div class=\"elementor-element elementor-element-4e541a3 elementor-widget elementor-widget-text-editor\" data-id=\"4e541a3\" data-element_type=\"widget\" data-e-type=\"widget\" data-widget_type=\"text-editor.default\">\n\t\t\t\t<div class=\"elementor-widget-container\">\n\t\t\t\t\t\t\t\t\t<p>Uppt\u00e4ck o\u00f6vertr\u00e4ffad elegans med v\u00e5rt Rosso Levanto Marble iPhone-fodral, d\u00e4r lyxen av italiensk marmor m\u00f6ter tyskt hantverk.<\/p><p>Rosso Levanto-marmorn kommer fr\u00e5n den pittoreska regionen Bonassola i Ligurien, Italien, och hyllas f\u00f6r sina livfulla r\u00f6da nyanser och intrikata \u00e5dror, vilket g\u00f6r varje fall till ett m\u00e4sterverk av naturlig sk\u00f6nhet. Handgjorda med noggrann uppm\u00e4rksamhet p\u00e5 detaljer i Tyskland, detta fodral \u00e4r ett bevis p\u00e5 konsten att precision och stil.<\/p><p><strong>Nyckelfunktioner:<\/strong><br \/>\u00c4kta Rosso Levanto-marmor fr\u00e5n Bonassola: Med \u00e4kta Rosso Levanto-marmor visar varje fodral den unika sk\u00f6nheten och h\u00e5llbarheten hos sten som kommer fr\u00e5n Bonassola, Ligurien.<br \/>Expertly handgjorda i Tyskland: V\u00e5ra fodral \u00e4r handgjorda i Tyskland, f\u00f6rkroppsligar essensen av precisionsteknik och exceptionell kvalitet, vilket s\u00e4kerst\u00e4ller en perfekt passform och finish.<\/p><p><strong>TPU-hus och Alcantara-foder: <\/strong><\/p><p>Fodralet \u00e4r designat med ett skyddande TPU-h\u00f6lje som absorberar st\u00f6tar och ett lyxigt Alcantara-foder som f\u00f6rhindrar repor, vilket ger \u00f6verl\u00e4gset skydd utan att kompromissa med elegansen.<\/p><p><strong>Featherlight Elegance p\u00e5 bara 35g<\/strong><\/p><p>Fodralet \u00e4r utformat f\u00f6r att vara lika l\u00e4tt som lyxigt och l\u00e4gger bara 35 gram till din enhet, och bibeh\u00e5ller iPhones eleganta profil samtidigt som det ger robust skydd och en touch av sofistikering.<\/p><p><strong>En blandning av italiensk elegans och tysk teknik<\/strong><\/p><p>Detta fodral representerar en unik blandning av italiensk elegans och tysk ingenj\u00f6rskonst, och erbjuder ett tillbeh\u00f6r som \u00e4r lika uts\u00f6kt som det \u00e4r skyddande. Den kommer fr\u00e5n de ber\u00f6mda stenbrotten i Bonassola i Ligurien och handgjorda till perfektion i Tyskland, och lyfter din iPhone till ett uttalande konstverk och hantverk.<\/p><p><strong>Idealisk f\u00f6r entusiaster av fina material och hantverk<\/strong><\/p><p>V\u00e5rt Rosso Levanto Marble iPhone-fodral \u00e4r perfekt f\u00f6r dem som v\u00e4rdes\u00e4tter naturstenens raritet och sk\u00f6nhet, kombinerat med det o\u00f6vertr\u00e4ffade hantverket hos handgjorda produkter. Omfamna lyxen av italiensk marmor och precisionen hos tyskt hantverk, samtidigt som du h\u00e5ller din iPhone skyddad med stil.<\/p>\t\t\t\t\t\t\t\t<\/div>\n\t\t\t\t<\/div>\n\t\t\t\t<section class=\"elementor-section elementor-inner-section elementor-element elementor-element-68d8ebf elementor-section-boxed elementor-section-height-default elementor-section-height-default\" data-id=\"68d8ebf\" data-element_type=\"section\" data-e-type=\"section\">\n\t\t\t\t\t\t<div class=\"elementor-container elementor-column-gap-default\">\n\t\t\t\t\t<div class=\"elementor-column elementor-col-50 elementor-inner-column elementor-element elementor-element-b3f3d66\" data-id=\"b3f3d66\" data-element_type=\"column\" data-e-type=\"column\">\n\t\t\t<div class=\"elementor-widget-wrap elementor-element-populated\">\n\t\t\t\t\t\t<div class=\"elementor-element elementor-element-48163bc elementor-widget elementor-widget-text-editor\" data-id=\"48163bc\" data-element_type=\"widget\" data-e-type=\"widget\" data-widget_type=\"text-editor.default\">\n\t\t\t\t<div class=\"elementor-widget-container\">\n\t\t\t\t\t\t\t\t\tMarmorn: Rosso Levanto \t\t\t\t\t\t\t\t<\/div>\n\t\t\t\t<\/div>\n\t\t\t\t<div class=\"elementor-element elementor-element-8b2598f elementor-widget elementor-widget-text-editor\" data-id=\"8b2598f\" data-element_type=\"widget\" data-e-type=\"widget\" data-widget_type=\"text-editor.default\">\n\t\t\t\t<div class=\"elementor-widget-container\">\n\t\t\t\t\t\t\t\t\tRosso Levanto tillh\u00f6r en historiskt betydelsefull natursten. Den har sitt ursprung i Jura f\u00f6r ca 160 miljoner \u00e5r sedan. Rosso Levanto anv\u00e4ndes redan under medeltiden i pr\u00e4sterliga och profana byggnader runt Medelhavet. I dessa byggnader anv\u00e4ndes den till pelare, eldst\u00e4der, v\u00e4ggbekl\u00e4dnader, balustrader och trappsteg. Stenen blev ocks\u00e5 popul\u00e4r inom hantverk och skulptur och anv\u00e4ndes som vas, sk\u00e5l och andra designade redskap.  \t\t\t\t\t\t\t\t<\/div>\n\t\t\t\t<\/div>\n\t\t\t\t\t<\/div>\n\t\t<\/div>\n\t\t\t\t<div class=\"elementor-column elementor-col-50 elementor-inner-column elementor-element elementor-element-546300b\" data-id=\"546300b\" data-element_type=\"column\" data-e-type=\"column\">\n\t\t\t<div class=\"elementor-widget-wrap elementor-element-populated\">\n\t\t\t\t\t\t<div class=\"elementor-element elementor-element-4e14ac2 elementor-widget elementor-widget-text-editor\" data-id=\"4e14ac2\" data-element_type=\"widget\" data-e-type=\"widget\" data-widget_type=\"text-editor.default\">\n\t\t\t\t<div class=\"elementor-widget-container\">\n\t\t\t\t\t\t\t\t\tRosso Levanto \u00e4r en marmor som bryts i Bonassola i Ligurien, Italien. Stenbrottet ligger ca 10 km fr\u00e5n La Spezia och har f\u00e5tt sitt namn efter Levanto, den sista av de fem byarna i Cinque Terre, som ligger alldeles intill Bonassola. Rosso Levanto \u00e4r strukturerad i sin r\u00f6daktiga och gr\u00e5gr\u00f6na grundmassa av m\u00e5nga vita och vitgr\u00e5 kalcitstrimmor. Rosso Levantos f\u00e4rg varierar fr\u00e5n lila till blodr\u00f6d och gr\u00f6naktig till gr\u00e5gr\u00f6n. Den tillh\u00f6r en av de s\u00e4llsynta r\u00f6da serpentiniterna, som annars \u00e4r gr\u00f6na till f\u00e4rgen. Den r\u00f6da f\u00e4rgen kommer fr\u00e5n det faktum att j\u00e4rnet i den ursprungliga berggrunden har oxiderats till hematit.\t\t\t\t\t\t\t\t<\/div>\n\t\t\t\t<\/div>\n\t\t\t\t\t<\/div>\n\t\t<\/div>\n\t\t\t\t\t<\/div>\n\t\t<\/section>\n\t\t\t\t<div class=\"elementor-element elementor-element-548d757 elementor-widget elementor-widget-video\" data-id=\"548d757\" data-element_type=\"widget\" data-e-type=\"widget\" data-settings=\"{&quot;video_type&quot;:&quot;vimeo&quot;}\" data-widget_type=\"video.default\">\n\t\t\t\t<div class=\"elementor-widget-container\">\n\t\t\t\t\t\t\t<div class=\"elementor-wrapper elementor-open-inline\">\n\t\t\t<iframe class=\"elementor-video-iframe\" allowfullscreen allow=\"clipboard-write\" title=\"vimeo videoafspiller\" src=\"https:\/\/player.vimeo.com\/video\/290503829?color&amp;autopause=0&amp;loop=0&amp;muted=0&amp;title=1&amp;portrait=1&amp;byline=1#t=\" data-no-translation-title=\"\"><\/iframe>\t\t<\/div>\n\t\t\t\t\t\t<\/div>\n\t\t\t\t<\/div>\n\t\t\t\t\t<\/div>\n\t\t<\/div>\n\t\t\t\t\t<\/div>\n\t\t<\/section>\n\t\t\t\t<\/div>","protected":false},"excerpt":{"rendered":"<p data-start=\"440\" data-end=\"791\">Uppt\u00e4ck elegansen i sin helhet med <strong data-start=\"482\" data-end=\"518\">Rosso Levanto Marmor iPhone-fodral<\/strong>, d\u00e4r det rika arvet fr\u00e5n ligurisk marmor m\u00f6ter precisionen fr\u00e5n tysk ingenj\u00f6rskonst. Fr\u00e5n de pittoreska str\u00e4nderna i <strong data-start=\"645\" data-end=\"675\">Bonassola, Ligurien (Italien)<\/strong>, Den \u00e4kta marmorn uppvisar livfulla r\u00f6da toner och dramatiska naturliga \u00e5dringar, vilket g\u00f6r varje fodral unikt. Rosso Levanto iPhone-fodralet \u00e4r handgjort i Tyskland med noggrann uppm\u00e4rksamhet p\u00e5 detaljer och erbjuder en felfri blandning av <strong data-start=\"910\" data-end=\"935\">lyx och skydd<\/strong>. Den v\u00e4ger bara 35 gram och bibeh\u00e5ller din iPhones slimmade profil samtidigt som den ger ett dj\u00e4rvt stiluttryck. Designad f\u00f6r <strong data-start=\"1061\" data-end=\"1127\">iPhone 17, iPhone 17 Pro, iPhone 17 Pro Max och iPhone 17 Air<\/strong>, \u00e4r detta fodral i \u00e4kta marmor mer \u00e4n ett tillbeh\u00f6r - det \u00e4r en <strong data-start=\"1186\" data-end=\"1205\">statement piece<\/strong> som f\u00f6renar italiensk elegans med tysk hantverksskicklighet f\u00f6r att skydda din enhet i sann lyx.<\/p>","protected":false},"featured_media":13051,"template":"","meta":{"inline_featured_image":false},"product_brand":[],"product_cat":[66],"product_tag":[],"class_list":{"0":"post-1721","1":"product","2":"type-product","3":"status-publish","4":"has-post-thumbnail","6":"product_cat-iphone-cases","8":"first","9":"instock","10":"featured","11":"taxable","12":"shipping-taxable","13":"purchasable","14":"product-type-variable","15":"has-default-attributes"},"exclude_global_add_ons":true,"addons":[{"name":"Skr\u00e4ddarsydd skr\u00e4ddarsyning","type":"checkbox","position":0,"required":false,"title_format":"label","default":"","description_enable":false,"description":"","placeholder_enable":false,"placeholder":"","display":"select","restrictions_type":"any_text","adjust_price":false,"price":"","price_type":"flat_fee","restrictions":false,"min":"0","max":"0","options":[{"label":"Upgrade your case with a super-strong N52 grade 1.55 mm MagSafe magnet for seamless attachment and faster, more stable wireless charging","price":"10","price_type":"flat_fee","image":0,"visibility":true},{"label":"Select a design maximizing white veins for the most opulent appearance possible.","price":"","price_type":"flat_fee","image":0,"visibility":true},{"label":"Choose a design that reduces white veins for a sleek and refined appearance.","price":"","price_type":"flat_fee","image":0,"visibility":true},{"label":"Reveal the iconic Apple logo with a precise cut-out on the stone surface, unveiling a sleek black satin-matte underside for a striking contrast and personal touch.","price":"15","price_type":"flat_fee","image":0,"visibility":true},{"label":"Reveal the iconic Apple logo with a precise cut-out in the stone surface, unveiling a 24K gold satin-matte underside for a striking contrast and a truly luxurious personal touch.","price":"50","price_type":"flat_fee","image":0,"visibility":true},{"label":"Enhance your device with a white engraved Apple logo, crafted over two days for elegance and sophistication.","price":"20","price_type":"flat_fee","image":0,"visibility":true},{"label":"Premium Liquid Care with dust-repellent, antistatic protection and a lasting matte effect. Specially designed to preserve and protect your case.","price":"5","price_type":"flat_fee","image":0,"visibility":true},{"label":"A premium marble liquid polish that enhances and protects the natural beauty of your marble surfaces, providing a lasting, brilliant shine.","price":"5","price_type":"flat_fee","image":0,"visibility":true},{"label":"Microfiber Polishing Cloth: A soft, high-quality microfiber cloth designed for polishing marble surfaces. It delivers a streak-free, brilliant shine without scratching, perfect for maintaining your marble's natural beauty.","price":"5","price_type":"flat_fee","image":0,"visibility":false}],"id":1757683872}],"_links":{"self":[{"href":"https:\/\/roxxlyn.com\/sv\/wp-json\/wp\/v2\/product\/1721","targetHints":{"allow":["GET"]}}],"collection":[{"href":"https:\/\/roxxlyn.com\/sv\/wp-json\/wp\/v2\/product"}],"about":[{"href":"https:\/\/roxxlyn.com\/sv\/wp-json\/wp\/v2\/types\/product"}],"version-history":[{"count":0,"href":"https:\/\/roxxlyn.com\/sv\/wp-json\/wp\/v2\/product\/1721\/revisions"}],"wp:featuredmedia":[{"embeddable":true,"href":"https:\/\/roxxlyn.com\/sv\/wp-json\/wp\/v2\/media\/13051"}],"wp:attachment":[{"href":"https:\/\/roxxlyn.com\/sv\/wp-json\/wp\/v2\/media?parent=1721"}],"wp:term":[{"taxonomy":"product_brand","embeddable":true,"href":"https:\/\/roxxlyn.com\/sv\/wp-json\/wp\/v2\/product_brand?post=1721"},{"taxonomy":"product_cat","embeddable":true,"href":"https:\/\/roxxlyn.com\/sv\/wp-json\/wp\/v2\/product_cat?post=1721"},{"taxonomy":"product_tag","embeddable":true,"href":"https:\/\/roxxlyn.com\/sv\/wp-json\/wp\/v2\/product_tag?post=1721"}],"curies":[{"name":"wp","href":"https:\/\/api.w.org\/{rel}","templated":true}]}}