{"id":10473,"date":"2024-10-16T11:21:56","date_gmt":"2024-10-16T11:21:56","guid":{"rendered":"https:\/\/roxxlyn.com\/?post_type=product&#038;p=10473"},"modified":"2026-03-04T16:11:25","modified_gmt":"2026-03-04T16:11:25","slug":"the-ipad-slate-skin-black-rock","status":"publish","type":"product","link":"https:\/\/roxxlyn.com\/sv\/shop\/the-ipad-slate-skin-black-rock\/","title":{"rendered":"iPad Slate Skin - Svart sten"},"content":{"rendered":"<div data-elementor-type=\"wp-post\" data-elementor-id=\"10473\" class=\"elementor elementor-10473\" data-elementor-post-type=\"product\">\n\t\t\t\t\t\t<section class=\"elementor-section elementor-top-section elementor-element elementor-element-415b4ae elementor-section-boxed elementor-section-height-default elementor-section-height-default\" data-id=\"415b4ae\" data-element_type=\"section\" data-e-type=\"section\" data-settings=\"{&quot;background_background&quot;:&quot;classic&quot;}\">\n\t\t\t\t\t\t<div class=\"elementor-container elementor-column-gap-default\">\n\t\t\t\t\t<div class=\"elementor-column elementor-col-100 elementor-top-column elementor-element elementor-element-597b156\" data-id=\"597b156\" data-element_type=\"column\" data-e-type=\"column\">\n\t\t\t<div class=\"elementor-widget-wrap elementor-element-populated\">\n\t\t\t\t\t\t<div class=\"elementor-element elementor-element-7be3c16 elementor-widget elementor-widget-video\" data-id=\"7be3c16\" data-element_type=\"widget\" data-e-type=\"widget\" data-settings=\"{&quot;video_type&quot;:&quot;vimeo&quot;,&quot;autoplay&quot;:&quot;yes&quot;,&quot;show_image_overlay&quot;:&quot;yes&quot;,&quot;image_overlay&quot;:{&quot;url&quot;:&quot;https:\\\/\\\/roxxlyn.com\\\/wp-content\\\/uploads\\\/2020\\\/08\\\/Black-Rock-Slate-Skin.508-1.jpg&quot;,&quot;id&quot;:10391,&quot;size&quot;:&quot;&quot;,&quot;alt&quot;:&quot;&quot;,&quot;source&quot;:&quot;library&quot;},&quot;lightbox&quot;:&quot;yes&quot;}\" data-widget_type=\"video.default\">\n\t\t\t\t<div class=\"elementor-widget-container\">\n\t\t\t\t\t\t\t<div class=\"elementor-wrapper elementor-open-lightbox\">\n\t\t\t\t\t\t\t<div class=\"elementor-custom-embed-image-overlay\" data-elementor-open-lightbox=\"yes\" data-elementor-lightbox=\"{&quot;type&quot;:&quot;video&quot;,&quot;videoType&quot;:&quot;vimeo&quot;,&quot;url&quot;:&quot;https:\\\/\\\/player.vimeo.com\\\/video\\\/1017613452?color&amp;autopause=0&amp;loop=0&amp;muted=0&amp;title=1&amp;portrait=1&amp;byline=1#t=&quot;,&quot;autoplay&quot;:&quot;yes&quot;,&quot;modalOptions&quot;:{&quot;id&quot;:&quot;elementor-lightbox-7be3c16&quot;,&quot;entranceAnimation&quot;:&quot;&quot;,&quot;entranceAnimation_tablet&quot;:&quot;&quot;,&quot;entranceAnimation_mobile&quot;:&quot;&quot;,&quot;videoAspectRatio&quot;:&quot;11&quot;}}\" data-e-action-hash=\"#elementor-action%3Aaction%3Dlightbox%26settings%3DeyJ0eXBlIjoidmlkZW8iLCJ2aWRlb1R5cGUiOiJ2aW1lbyIsInVybCI6Imh0dHBzOlwvXC9wbGF5ZXIudmltZW8uY29tXC92aWRlb1wvMTAxNzYxMzQ1Mj9jb2xvciZhdXRvcGF1c2U9MCZsb29wPTAmbXV0ZWQ9MCZ0aXRsZT0xJnBvcnRyYWl0PTEmYnlsaW5lPTEjdD0iLCJhdXRvcGxheSI6InllcyIsIm1vZGFsT3B0aW9ucyI6eyJpZCI6ImVsZW1lbnRvci1saWdodGJveC03YmUzYzE2IiwiZW50cmFuY2VBbmltYXRpb24iOiIiLCJlbnRyYW5jZUFuaW1hdGlvbl90YWJsZXQiOiIiLCJlbnRyYW5jZUFuaW1hdGlvbl9tb2JpbGUiOiIiLCJ2aWRlb0FzcGVjdFJhdGlvIjoiMTEifX0%3D\">\n\t\t\t\t\t\t\t\t\t\t\t<img fetchpriority=\"high\" decoding=\"async\" width=\"2560\" height=\"2560\" src=\"https:\/\/roxxlyn.com\/wp-content\/uploads\/2020\/08\/Black-Rock-Slate-Skin.508-1.jpg\" class=\"attachment-full size-full wp-image-10391\" alt=\"\" srcset=\"https:\/\/roxxlyn.com\/wp-content\/uploads\/2020\/08\/Black-Rock-Slate-Skin.508-1.jpg 2560w, https:\/\/roxxlyn.com\/wp-content\/uploads\/2020\/08\/Black-Rock-Slate-Skin.508-1-1800x1800.jpg 1800w, https:\/\/roxxlyn.com\/wp-content\/uploads\/2020\/08\/Black-Rock-Slate-Skin.508-1-300x300.jpg 300w, https:\/\/roxxlyn.com\/wp-content\/uploads\/2020\/08\/Black-Rock-Slate-Skin.508-1-1024x1024.jpg 1024w, https:\/\/roxxlyn.com\/wp-content\/uploads\/2020\/08\/Black-Rock-Slate-Skin.508-1-150x150.jpg 150w, https:\/\/roxxlyn.com\/wp-content\/uploads\/2020\/08\/Black-Rock-Slate-Skin.508-1-768x768.jpg 768w, https:\/\/roxxlyn.com\/wp-content\/uploads\/2020\/08\/Black-Rock-Slate-Skin.508-1-1536x1536.jpg 1536w, https:\/\/roxxlyn.com\/wp-content\/uploads\/2020\/08\/Black-Rock-Slate-Skin.508-1-2048x2048.jpg 2048w, https:\/\/roxxlyn.com\/wp-content\/uploads\/2020\/08\/Black-Rock-Slate-Skin.508-1-12x12.jpg 12w, https:\/\/roxxlyn.com\/wp-content\/uploads\/2020\/08\/Black-Rock-Slate-Skin.508-1-660x660.jpg 660w\" sizes=\"(max-width: 2560px) 100vw, 2560px\" \/>\t\t\t\t\t\t\t\t\t\t\t\t\t\t\t\t<div class=\"elementor-custom-embed-play\" role=\"button\" aria-label=\"Afspil video\" tabindex=\"0\" data-no-translation-aria-label=\"\">\n\t\t\t\t\t\t\t<i aria-hidden=\"true\" class=\"eicon-play\"><\/i>\t\t\t\t\t\t<\/div>\n\t\t\t\t\t\t\t\t\t<\/div>\n\t\t\t\t\t<\/div>\n\t\t\t\t\t\t<\/div>\n\t\t\t\t<\/div>\n\t\t\t\t<section class=\"elementor-section elementor-inner-section elementor-element elementor-element-d71c1e6 elementor-section-boxed elementor-section-height-default elementor-section-height-default\" data-id=\"d71c1e6\" data-element_type=\"section\" data-e-type=\"section\">\n\t\t\t\t\t\t<div class=\"elementor-container elementor-column-gap-default\">\n\t\t\t\t\t<div class=\"elementor-column elementor-col-100 elementor-inner-column elementor-element elementor-element-500ee0d\" data-id=\"500ee0d\" data-element_type=\"column\" data-e-type=\"column\">\n\t\t\t<div class=\"elementor-widget-wrap elementor-element-populated\">\n\t\t\t\t\t\t<div class=\"elementor-element elementor-element-9e0e074 elementor-widget elementor-widget-text-editor\" data-id=\"9e0e074\" data-element_type=\"widget\" data-e-type=\"widget\" data-widget_type=\"text-editor.default\">\n\t\t\t\t<div class=\"elementor-widget-container\">\n\t\t\t\t\t\t\t\t\t<p>Lyft din iPad med Roxxlyn Real Slate Skin Black Rock, ett handgjort m\u00e4sterverk i \u00e4kta sten som passar din enhet som en andra hud. Med en rik svartgr\u00e5 nyans och naturlig stenstruktur \u00e4r varje skin verkligen unikt och ger din iPad ett distinkt och raffinerat utseende. Med en tunnlek p\u00e5 bara 1 mm och en vikt p\u00e5 cirka 45 gram bevarar detta ultratunna skal den eleganta profilen p\u00e5 din iPad samtidigt som det ger ett varaktigt skydd mot repor och vardagsslitage.<\/p><p>Black Rock-skalet \u00e4r tillverkat av \u00e4kta skiffersten och f\u00f6renar naturens sk\u00f6nhet med precisionen i modern design. Skivans struktur, som h\u00e4rr\u00f6r fr\u00e5n \u00e4kta sten, ger en unik taktil upplevelse som st\u00e5r i kontrast till enhetens sl\u00e4thet, vilket g\u00f6r den lika visuellt sl\u00e5ende som funktionell. Trots att skinnet \u00e4r tillverkat av natursten \u00e4r det otroligt flexibelt och kan appliceras eller tas bort med l\u00e4tthet tack vare v\u00e5rt tyskutvecklade lim, som inte l\u00e4mnar n\u00e5gra rester efter sig.<\/p><h3>Varf\u00f6r v\u00e4lja Slate Skin Black Rock till din iPad?<\/h3><ul><li><p><strong>\u00c4kta skiffersten, \u00e4kta hantverksskicklighet<\/strong>: Varje skal \u00e4r tillverkat av \u00e4kta skiffersten, vilket ger en naturlig \u00e5dring och textur som g\u00f6r varje iPad unik. Inget skinn \u00e4r det andra likt, s\u00e5 din iPad kommer verkligen att sticka ut.<\/p><\/li><li><p><strong>Fj\u00e4derl\u00e4tt och ultra-slimmad<\/strong>: Med en vikt p\u00e5 bara 45 gram och en tjocklek p\u00e5 1 mm ger Slate Skin skydd utan att kompromissa med den eleganta formfaktorn hos din iPad. Det \u00e4r ett minimalistiskt men \u00e4nd\u00e5 dj\u00e4rvt uttalande.<\/p><\/li><li><p><strong>Smidig applicering, borttagning utan rester<\/strong>: Med en anpassad 3M sj\u00e4lvh\u00e4ftande film, noggrant utvecklad i Tyskland, kan huden appliceras smidigt och tas bort rent utan n\u00e5gra klibbiga rester, vilket bevarar den or\u00f6rda ytan p\u00e5 din enhet.<\/p><\/li><li><p><strong>Anpassningsbara utsk\u00e4rningsalternativ<\/strong>: V\u00e4lj en skin med en exakt utsk\u00e4rning av Apple-logotypen f\u00f6r extra k\u00e4nsla eller v\u00e4lj en full-slate-design f\u00f6r en s\u00f6ml\u00f6s, oavbruten stenyta.<\/p><\/li><li><p><strong>Valfria integrerade adapterstift<\/strong>: F\u00f6r dem som s\u00f6ker b\u00e5de form och funktion erbjuder vi ett alternativ med tre integrerade adapterstift, som ger kompatibilitet med tillbeh\u00f6r som Apple Magic Keyboard, s\u00e5 att du kan h\u00e5lla din iPad snygg utan att offra funktionaliteten.<\/p><\/li><li><p><strong>Handtillverkad i Tyskland<\/strong>: Varje Slate Skin tillverkas med omsorg och detaljrikedom i Tyskland, vilket garanterar premiumkvalitet och en perfekt passform f\u00f6r din enhet.<\/p><\/li><\/ul><h3>Estetiskt och funktionellt skydd<\/h3><p>Roxxlyn Real Slate Skin Black Rock ger inte bara ett skyddande lager mot dagliga st\u00f6tar och repor utan f\u00f6rvandlar ocks\u00e5 din iPad till ett konstverk. Genom att kombinera rustik charm med modern elegans \u00e4r det den ultimata blandningen av form och funktion, vilket ger en taktil och visuell uppgradering av din enhet.<\/p><p>Det h\u00e4r \u00e4r inte bara ett skal - det \u00e4r ett uttryck f\u00f6r individualitet, hantverkskunnande och tidl\u00f6s stil. Skydda din iPad med de finaste naturmaterialen och dra blickarna till dig vart du \u00e4n g\u00e5r.<\/p><h3>Viktiga anteckningar:<\/h3><p>Slate Skin \u00e4r utformad som ett sj\u00e4lvh\u00e4ftande skal och inte som ett h\u00e5rt skal, vilket ger ett l\u00e4ttviktigt skydd utan att \u00f6ka volymen.<\/p>\t\t\t\t\t\t\t\t<\/div>\n\t\t\t\t<\/div>\n\t\t\t\t<div class=\"elementor-element elementor-element-9a45c83 elementor-widget elementor-widget-text-editor\" data-id=\"9a45c83\" data-element_type=\"widget\" data-e-type=\"widget\" data-widget_type=\"text-editor.default\">\n\t\t\t\t<div class=\"elementor-widget-container\">\n\t\t\t\t\t\t\t\t\t<p><blockquote class=\"wp-embedded-content\" data-secret=\"8fLA6tCWCk\"><a href=\"https:\/\/roxxlyn.com\/sv\/instructions\/\">Instruktioner<\/a><\/blockquote><iframe class=\"wp-embedded-content\" sandbox=\"allow-scripts\" security=\"restricted\" style=\"position: absolute; visibility: hidden;\" title=\"&quot;Instruktioner&quot; - ROXXLYN\" src=\"https:\/\/roxxlyn.com\/instructions\/embed\/#?secret=apHpz3BNei#?secret=8fLA6tCWCk\" data-secret=\"8fLA6tCWCk\" width=\"600\" height=\"338\" frameborder=\"0\" marginwidth=\"0\" marginheight=\"0\" scrolling=\"no\"><\/iframe><\/p>\t\t\t\t\t\t\t\t<\/div>\n\t\t\t\t<\/div>\n\t\t\t\t\t<\/div>\n\t\t<\/div>\n\t\t\t\t\t<\/div>\n\t\t<\/section>\n\t\t\t\t<div class=\"elementor-element elementor-element-396757a elementor-widget elementor-widget-video\" data-id=\"396757a\" data-element_type=\"widget\" data-e-type=\"widget\" data-settings=\"{&quot;video_type&quot;:&quot;vimeo&quot;}\" data-widget_type=\"video.default\">\n\t\t\t\t<div class=\"elementor-widget-container\">\n\t\t\t\t\t\t\t<div class=\"elementor-wrapper elementor-open-inline\">\n\t\t\t<iframe class=\"elementor-video-iframe\" allowfullscreen allow=\"clipboard-write\" title=\"vimeo videoafspiller\" src=\"https:\/\/player.vimeo.com\/video\/135730659?color&amp;autopause=0&amp;loop=0&amp;muted=0&amp;title=1&amp;portrait=1&amp;byline=1#t=\" data-no-translation-title=\"\"><\/iframe>\t\t<\/div>\n\t\t\t\t\t\t<\/div>\n\t\t\t\t<\/div>\n\t\t\t\t<div class=\"elementor-element elementor-element-61b67c9 elementor-widget elementor-widget-video\" data-id=\"61b67c9\" data-element_type=\"widget\" data-e-type=\"widget\" data-settings=\"{&quot;video_type&quot;:&quot;vimeo&quot;}\" data-widget_type=\"video.default\">\n\t\t\t\t<div class=\"elementor-widget-container\">\n\t\t\t\t\t\t\t<div class=\"elementor-wrapper elementor-open-inline\">\n\t\t\t<iframe class=\"elementor-video-iframe\" allowfullscreen allow=\"clipboard-write\" title=\"vimeo videoafspiller\" src=\"https:\/\/player.vimeo.com\/video\/290503829?color&amp;autopause=0&amp;loop=0&amp;muted=0&amp;title=1&amp;portrait=1&amp;byline=1#t=\" data-no-translation-title=\"\"><\/iframe>\t\t<\/div>\n\t\t\t\t\t\t<\/div>\n\t\t\t\t<\/div>\n\t\t\t\t\t<\/div>\n\t\t<\/div>\n\t\t\t\t\t<\/div>\n\t\t<\/section>\n\t\t\t\t<\/div>","protected":false},"excerpt":{"rendered":"<p>Ge din iPad ett unikt utseende med Slate Skin Black Rock. Det h\u00e4r handgjorda, ultratunna (1 mm) och l\u00e4tta (35 g) skinnet \u00e4r tillverkat av \u00e4kta sten och har en distinkt svartgr\u00e5 stenstruktur och ett tyskutvecklat h\u00e4ft\u00e4mne f\u00f6r enkel applicering, snyggt skydd och restfri borttagning. Inte ett fodral - det h\u00e4r \u00e4r \u00e4kta hantverk.<\/p>","protected":false},"featured_media":10532,"template":"","meta":{"inline_featured_image":false},"product_brand":[],"product_cat":[163],"product_tag":[],"class_list":{"0":"post-10473","1":"product","2":"type-product","3":"status-publish","4":"has-post-thumbnail","6":"product_cat-ipad-skin","8":"first","9":"instock","10":"featured","11":"taxable","12":"shipping-taxable","13":"purchasable","14":"product-type-variable","15":"has-default-attributes"},"exclude_global_add_ons":[],"addons":[],"_links":{"self":[{"href":"https:\/\/roxxlyn.com\/sv\/wp-json\/wp\/v2\/product\/10473","targetHints":{"allow":["GET"]}}],"collection":[{"href":"https:\/\/roxxlyn.com\/sv\/wp-json\/wp\/v2\/product"}],"about":[{"href":"https:\/\/roxxlyn.com\/sv\/wp-json\/wp\/v2\/types\/product"}],"version-history":[{"count":1,"href":"https:\/\/roxxlyn.com\/sv\/wp-json\/wp\/v2\/product\/10473\/revisions"}],"predecessor-version":[{"id":14875,"href":"https:\/\/roxxlyn.com\/sv\/wp-json\/wp\/v2\/product\/10473\/revisions\/14875"}],"wp:featuredmedia":[{"embeddable":true,"href":"https:\/\/roxxlyn.com\/sv\/wp-json\/wp\/v2\/media\/10532"}],"wp:attachment":[{"href":"https:\/\/roxxlyn.com\/sv\/wp-json\/wp\/v2\/media?parent=10473"}],"wp:term":[{"taxonomy":"product_brand","embeddable":true,"href":"https:\/\/roxxlyn.com\/sv\/wp-json\/wp\/v2\/product_brand?post=10473"},{"taxonomy":"product_cat","embeddable":true,"href":"https:\/\/roxxlyn.com\/sv\/wp-json\/wp\/v2\/product_cat?post=10473"},{"taxonomy":"product_tag","embeddable":true,"href":"https:\/\/roxxlyn.com\/sv\/wp-json\/wp\/v2\/product_tag?post=10473"}],"curies":[{"name":"wp","href":"https:\/\/api.w.org\/{rel}","templated":true}]}}