{"id":8648,"date":"2024-01-18T14:48:55","date_gmt":"2024-01-18T14:48:55","guid":{"rendered":"https:\/\/roxxlyn.com\/?page_id=8648"},"modified":"2024-01-18T15:12:06","modified_gmt":"2024-01-18T15:12:06","slug":"made","status":"publish","type":"page","link":"https:\/\/roxxlyn.com\/sv\/made\/","title":{"rendered":"Gjord"},"content":{"rendered":"<div data-elementor-type=\"wp-page\" data-elementor-id=\"8648\" class=\"elementor elementor-8648\" data-elementor-post-type=\"page\">\n\t\t\t\t\t\t<section class=\"elementor-section elementor-top-section elementor-element elementor-element-87b5fa2 elementor-section-full_width elementor-section-height-default elementor-section-height-default\" data-id=\"87b5fa2\" data-element_type=\"section\" data-e-type=\"section\">\n\t\t\t\t\t\t<div class=\"elementor-container elementor-column-gap-default\">\n\t\t\t\t\t<div class=\"elementor-column elementor-col-100 elementor-top-column elementor-element elementor-element-3bd6c4c\" data-id=\"3bd6c4c\" data-element_type=\"column\" data-e-type=\"column\">\n\t\t\t<div class=\"elementor-widget-wrap elementor-element-populated\">\n\t\t\t\t\t\t<div class=\"elementor-element elementor-element-08b67f6 elementor-widget elementor-widget-text-editor\" data-id=\"08b67f6\" data-element_type=\"widget\" data-e-type=\"widget\" data-widget_type=\"text-editor.default\">\n\t\t\t\t<div class=\"elementor-widget-container\">\n\t\t\t\t\t\t\t\t\t<p>&nbsp;Det tog n\u00e4stan tv\u00e5 \u00e5r att utforma och utveckla den h\u00e4r tekniken. En process som g\u00f6r det m\u00f6jligt att skapa tunna, ultral\u00e4tta och unika stenfaner av en miljard \u00e5r gammal natursten \u2192<\/p>\t\t\t\t\t\t\t\t<\/div>\n\t\t\t\t<\/div>\n\t\t\t\t<div class=\"elementor-element elementor-element-18dd901 elementor-widget elementor-widget-video\" data-id=\"18dd901\" data-element_type=\"widget\" data-e-type=\"widget\" data-settings=\"{&quot;video_type&quot;:&quot;vimeo&quot;,&quot;autoplay&quot;:&quot;yes&quot;,&quot;loop&quot;:&quot;yes&quot;,&quot;play_on_mobile&quot;:&quot;yes&quot;,&quot;mute&quot;:&quot;yes&quot;}\" data-widget_type=\"video.default\">\n\t\t\t\t<div class=\"elementor-widget-container\">\n\t\t\t\t\t\t\t<div class=\"elementor-wrapper elementor-open-inline\">\n\t\t\t<iframe class=\"elementor-video-iframe\" allowfullscreen allow=\"autoplay\" title=\"vimeo Videospelare\" src=\"https:\/\/player.vimeo.com\/video\/290503829?autoplay=1&amp;playsinline=1&amp;color=FFFFFF&amp;autopause=0&amp;loop=1&amp;muted=1&amp;title=0&amp;portrait=1&amp;byline=0#t=\"><\/iframe>\t\t<\/div>\n\t\t\t\t\t\t<\/div>\n\t\t\t\t<\/div>\n\t\t\t\t\t<\/div>\n\t\t<\/div>\n\t\t\t\t\t<\/div>\n\t\t<\/section>\n\t\t\t\t<section class=\"elementor-section elementor-top-section elementor-element elementor-element-7b44f3a elementor-section-boxed elementor-section-height-default elementor-section-height-default\" data-id=\"7b44f3a\" data-element_type=\"section\" data-e-type=\"section\">\n\t\t\t\t\t\t<div class=\"elementor-container elementor-column-gap-default\">\n\t\t\t\t\t<div class=\"elementor-column elementor-col-100 elementor-top-column elementor-element elementor-element-d21da6b\" data-id=\"d21da6b\" data-element_type=\"column\" data-e-type=\"column\">\n\t\t\t<div class=\"elementor-widget-wrap elementor-element-populated\">\n\t\t\t\t\t\t<div class=\"elementor-element elementor-element-de41964 elementor-widget elementor-widget-text-editor\" data-id=\"de41964\" data-element_type=\"widget\" data-e-type=\"widget\" data-widget_type=\"text-editor.default\">\n\t\t\t\t<div class=\"elementor-widget-container\">\n\t\t\t\t\t\t\t\t\t<p>V\u00e4lkommen till Roxxlyns v\u00e4rld, d\u00e4r konstn\u00e4rskap m\u00f6ter innovation i tillverkning av exceptionella stenprodukter och tillbeh\u00f6r. Se &quot;Made&quot;, v\u00e5r senaste uppenbarelse och ett bevis p\u00e5 v\u00e5rt orubbliga engagemang f\u00f6r att omdefiniera excellens inom stenhantverk. N\u00e4r vi avsl\u00f6jar &quot;Made&quot;, f\u00f6rdjupa dig i den s\u00f6ml\u00f6sa blandningen av tidl\u00f6s tradition och banbrytande teknologi som definierar Roxxlyns unika tillv\u00e4gag\u00e5ngss\u00e4tt. &#039;Made&#039; \u00e4r mer \u00e4n en skapelse; det \u00e4r en ber\u00e4ttelse v\u00e4vd med passion, precision och o\u00f6vertr\u00e4ffat konstn\u00e4rskap i sten. F\u00f6lj med oss p\u00e5 denna resa n\u00e4r vi stolt presenterar &#039;Made&#039;, en symbol f\u00f6r v\u00e5rt engagemang f\u00f6r att s\u00e4tta nya riktm\u00e4rken inom lyx och design inom stentillbeh\u00f6rsomr\u00e5det.<\/p>\t\t\t\t\t\t\t\t<\/div>\n\t\t\t\t<\/div>\n\t\t\t\t\t<\/div>\n\t\t<\/div>\n\t\t\t\t\t<\/div>\n\t\t<\/section>\n\t\t\t\t<\/div>","protected":false},"excerpt":{"rendered":"<p>&nbsp;Det tog n\u00e4stan tv\u00e5 \u00e5r av id\u00e9- och utvecklingsarbete att bem\u00e4stra den h\u00e4r tekniken. En process som g\u00f6r det m\u00f6jligt att skapa tunna, ultral\u00e4tta och unika stenfaner fr\u00e5n en miljard olika...<\/p>","protected":false},"author":2904,"featured_media":0,"parent":0,"menu_order":0,"comment_status":"closed","ping_status":"closed","template":"","meta":{"inline_featured_image":false,"footnotes":""},"class_list":["post-8648","page","type-page","status-publish","hentry"],"_links":{"self":[{"href":"https:\/\/roxxlyn.com\/sv\/wp-json\/wp\/v2\/pages\/8648","targetHints":{"allow":["GET"]}}],"collection":[{"href":"https:\/\/roxxlyn.com\/sv\/wp-json\/wp\/v2\/pages"}],"about":[{"href":"https:\/\/roxxlyn.com\/sv\/wp-json\/wp\/v2\/types\/page"}],"author":[{"embeddable":true,"href":"https:\/\/roxxlyn.com\/sv\/wp-json\/wp\/v2\/users\/2904"}],"replies":[{"embeddable":true,"href":"https:\/\/roxxlyn.com\/sv\/wp-json\/wp\/v2\/comments?post=8648"}],"version-history":[{"count":0,"href":"https:\/\/roxxlyn.com\/sv\/wp-json\/wp\/v2\/pages\/8648\/revisions"}],"wp:attachment":[{"href":"https:\/\/roxxlyn.com\/sv\/wp-json\/wp\/v2\/media?parent=8648"}],"curies":[{"name":"wp","href":"https:\/\/api.w.org\/{rel}","templated":true}]}}