{"id":35,"date":"2020-08-11T16:11:57","date_gmt":"2020-08-11T16:11:57","guid":{"rendered":"https:\/\/roxxlyn.com\/?page_id=35"},"modified":"2022-09-15T17:55:39","modified_gmt":"2022-09-15T17:55:39","slug":"custom","status":"publish","type":"page","link":"https:\/\/roxxlyn.com\/sv\/custom\/","title":{"rendered":"Anpassad"},"content":{"rendered":"<div data-elementor-type=\"wp-page\" data-elementor-id=\"35\" class=\"elementor elementor-35\" data-elementor-post-type=\"page\">\n\t\t\t\t\t\t<section class=\"elementor-section elementor-top-section elementor-element elementor-element-67f9157 elementor-section-boxed elementor-section-height-default elementor-section-height-default\" data-id=\"67f9157\" data-element_type=\"section\" data-e-type=\"section\" tester2=\"\">\n\t\t\t\t\t\t<div class=\"elementor-container elementor-column-gap-default\">\n\t\t\t\t\t<div class=\"elementor-column elementor-col-100 elementor-top-column elementor-element elementor-element-2efb169\" data-id=\"2efb169\" data-element_type=\"column\" data-e-type=\"column\">\n\t\t\t<div class=\"elementor-widget-wrap elementor-element-populated\">\n\t\t\t\t\t\t<div class=\"elementor-element elementor-element-a8e8938 elementor-widget elementor-widget-text-editor\" data-id=\"a8e8938\" data-element_type=\"widget\" data-e-type=\"widget\" data-widget_type=\"text-editor.default\">\n\t\t\t\t<div class=\"elementor-widget-container\">\n\t\t\t\t\t\t\t\t\t<p>Alla stenar. Vilken f\u00e4rg som helst. Vilken logotyp som helst. Vilken stil du vill ha.<\/p>\t\t\t\t\t\t\t\t<\/div>\n\t\t\t\t<\/div>\n\t\t\t\t\t<\/div>\n\t\t<\/div>\n\t\t\t\t\t<\/div>\n\t\t<\/section>\n\t\t\t\t<section class=\"elementor-section elementor-top-section elementor-element elementor-element-c5e28cd elementor-section-boxed elementor-section-height-default elementor-section-height-default\" data-id=\"c5e28cd\" data-element_type=\"section\" data-e-type=\"section\">\n\t\t\t\t\t\t<div class=\"elementor-container elementor-column-gap-default\">\n\t\t\t\t\t<div class=\"elementor-column elementor-col-100 elementor-top-column elementor-element elementor-element-b271ed6\" data-id=\"b271ed6\" data-element_type=\"column\" data-e-type=\"column\">\n\t\t\t<div class=\"elementor-widget-wrap elementor-element-populated\">\n\t\t\t\t\t\t<div class=\"elementor-element elementor-element-dc63f35 elementor-widget elementor-widget-text-editor\" data-id=\"dc63f35\" data-element_type=\"widget\" data-e-type=\"widget\" data-widget_type=\"text-editor.default\">\n\t\t\t\t<div class=\"elementor-widget-container\">\n\t\t\t\t\t\t\t\t\t<p><strong>Avsikt och handling formar framtiden. Det som \u00e4r viktigt i dag \u00e4r avg\u00f6rande f\u00f6r morgondagen. Det g\u00e4ller lika mycket f\u00f6r en individ som f\u00f6r en organisation.<\/strong><\/p>\t\t\t\t\t\t\t\t<\/div>\n\t\t\t\t<\/div>\n\t\t\t\t\t<\/div>\n\t\t<\/div>\n\t\t\t\t\t<\/div>\n\t\t<\/section>\n\t\t\t\t<section class=\"elementor-section elementor-top-section elementor-element elementor-element-a8522ad elementor-section-boxed elementor-section-height-default elementor-section-height-default\" data-id=\"a8522ad\" data-element_type=\"section\" data-e-type=\"section\">\n\t\t\t\t\t\t<div class=\"elementor-container elementor-column-gap-default\">\n\t\t\t\t\t<div class=\"elementor-column elementor-col-100 elementor-top-column elementor-element elementor-element-ed5181f\" data-id=\"ed5181f\" data-element_type=\"column\" data-e-type=\"column\">\n\t\t\t<div class=\"elementor-widget-wrap elementor-element-populated\">\n\t\t\t\t\t\t<div class=\"elementor-element elementor-element-6bf8e05 elementor-widget elementor-widget-text-editor\" data-id=\"6bf8e05\" data-element_type=\"widget\" data-e-type=\"widget\" data-widget_type=\"text-editor.default\">\n\t\t\t\t<div class=\"elementor-widget-container\">\n\t\t\t\t\t\t\t\t\t<p>V\u00e5ra anpassningsbara produkter f\u00f6r privatpersoner och f\u00f6retag \u00e4r utformade f\u00f6r att f\u00e5nga upp tankar, id\u00e9er och insikter som kommer att fungera som morgondagens inspiration, och de uppgifter som kommer att forma dagens arbete.<\/p><p>Oavsett om du vill fira lanseringen av en ny produkt, ge festg\u00e5vor till evenemang och utbildning eller ge dina partners och kunder g\u00e5vor i slutet av \u00e5ret, \u00e4r anpassade och m\u00e4rkesprodukter ett utm\u00e4rkt s\u00e4tt att f\u00f6rst\u00e4rka ditt varum\u00e4rkes identitet.<\/p><p>Minska ditt f\u00f6retags koldioxidavtryck och bel\u00f6na ditt team, dig sj\u00e4lv och dina kunder med skr\u00e4ddarsydda stenprodukter - handgjorda av Roxxlyn. Ta kontakt med oss s\u00e5 f\u00e5r du en offert, oavsett vad din id\u00e9 \u00e4r.\u00a0<\/p>\t\t\t\t\t\t\t\t<\/div>\n\t\t\t\t<\/div>\n\t\t\t\t\t<\/div>\n\t\t<\/div>\n\t\t\t\t\t<\/div>\n\t\t<\/section>\n\t\t\t\t<\/div>","protected":false},"excerpt":{"rendered":"<p>Vilken sten som helst. Vilken f\u00e4rg som helst. Vilken logotyp som helst. Vilken stil du vill. Avsikt och handling formar framtiden. Det som \u00e4r viktigt idag formar morgondagen. Det \u00e4r lika sant f\u00f6r individen som det \u00e4r...<\/p>","protected":false},"author":2904,"featured_media":0,"parent":0,"menu_order":0,"comment_status":"closed","ping_status":"closed","template":"","meta":{"inline_featured_image":false,"footnotes":""},"class_list":["post-35","page","type-page","status-publish","hentry"],"_links":{"self":[{"href":"https:\/\/roxxlyn.com\/sv\/wp-json\/wp\/v2\/pages\/35","targetHints":{"allow":["GET"]}}],"collection":[{"href":"https:\/\/roxxlyn.com\/sv\/wp-json\/wp\/v2\/pages"}],"about":[{"href":"https:\/\/roxxlyn.com\/sv\/wp-json\/wp\/v2\/types\/page"}],"author":[{"embeddable":true,"href":"https:\/\/roxxlyn.com\/sv\/wp-json\/wp\/v2\/users\/2904"}],"replies":[{"embeddable":true,"href":"https:\/\/roxxlyn.com\/sv\/wp-json\/wp\/v2\/comments?post=35"}],"version-history":[{"count":0,"href":"https:\/\/roxxlyn.com\/sv\/wp-json\/wp\/v2\/pages\/35\/revisions"}],"wp:attachment":[{"href":"https:\/\/roxxlyn.com\/sv\/wp-json\/wp\/v2\/media?parent=35"}],"curies":[{"name":"wp","href":"https:\/\/api.w.org\/{rel}","templated":true}]}}