{"id":129,"date":"2020-08-13T16:25:06","date_gmt":"2020-08-13T16:25:06","guid":{"rendered":"https:\/\/roxxlyn.com\/?page_id=129"},"modified":"2024-11-14T17:45:38","modified_gmt":"2024-11-14T17:45:38","slug":"faq","status":"publish","type":"page","link":"https:\/\/roxxlyn.com\/sv\/faq\/","title":{"rendered":"VANLIGA FR\u00c5GOR"},"content":{"rendered":"<div data-elementor-type=\"wp-page\" data-elementor-id=\"129\" class=\"elementor elementor-129\" data-elementor-post-type=\"page\">\n\t\t\t\t\t\t<section class=\"elementor-section elementor-top-section elementor-element elementor-element-3564859 elementor-section-boxed elementor-section-height-default elementor-section-height-default\" data-id=\"3564859\" data-element_type=\"section\" data-e-type=\"section\">\n\t\t\t\t\t\t<div class=\"elementor-container elementor-column-gap-default\">\n\t\t\t\t\t<div class=\"elementor-column elementor-col-100 elementor-top-column elementor-element elementor-element-4998c23\" data-id=\"4998c23\" data-element_type=\"column\" data-e-type=\"column\">\n\t\t\t<div class=\"elementor-widget-wrap elementor-element-populated\">\n\t\t\t\t\t\t<div class=\"elementor-element elementor-element-07c9ff0 elementor-widget elementor-widget-text-editor\" data-id=\"07c9ff0\" data-element_type=\"widget\" data-e-type=\"widget\" data-widget_type=\"text-editor.default\">\n\t\t\t\t<div class=\"elementor-widget-container\">\n\t\t\t\t\t\t\t\t\t<p><strong>1. \u00c4r Roxxlyns produkter verkligen tillverkade av \u00e4kta sten?<\/strong><br \/>Ja, Roxxlyn anv\u00e4nder endast \u00e4kta natursten, s\u00e5som marmor och skiffer. Varje sten \u00e4r noggrant utvald f\u00f6r att s\u00e4kerst\u00e4lla h\u00f6gsta kvalitet och f\u00f6r att visa upp den unika struktur och sk\u00f6nhet som endast \u00e4kta sten kan erbjuda.<\/p><p><strong>2. Var tillverkas Roxxlyns produkter?<\/strong><br \/>Alla v\u00e5ra produkter tillverkas i Tyskland. Genom att producera lokalt uppr\u00e4tth\u00e5ller vi de h\u00f6gsta standarderna f\u00f6r design, kvalitet och h\u00e5llbarhet. Varje produkt \u00e4r omsorgsfullt och skickligt handgjord.<\/p><p><strong>3. Vad \u00e4r det som g\u00f6r skiffer s\u00e5 unikt?<\/strong><br \/>Skiffer har en distinkt skiktad textur med en subtilt grov yta, vilket ger den ett modernt, organiskt utseende. Med tiden utvecklar skiffer en matt patina som f\u00f6rst\u00e4rker dess naturliga charm. V\u00e5ra skifferprodukter \u00e4r l\u00e4tta, slitstarka och har en behaglig taktil och greppv\u00e4nlig k\u00e4nsla.<\/p><p><strong>4. Vilka egenskaper har marmor och hur f\u00f6r\u00e4ndras den med tiden?<\/strong><br \/>Marmor har en polerad, h\u00f6gglansig yta och karakteristiska \u00e5dringar. Med tiden kan ytan f\u00f6rlora lite glans p\u00e5 grund av slitage. Den ursprungliga lystern kan dock l\u00e4tt \u00e5terst\u00e4llas med en enkel polering. Marmor \u00e4r perfekt f\u00f6r dem som uppskattar en lyxig, l\u00e5ngvarig estetik.<\/p><p><strong>5. Hur tar jag hand om marmor och skiffer?<\/strong><\/p><p><strong>Marmor:<\/strong> Reng\u00f6r helt enkelt marmorytan med en mjuk, fuktig trasa. Om ytan blir matt kan du anv\u00e4nda ett polermedel f\u00f6r att \u00e5terst\u00e4lla glansen. Vi erbjuder kompatibla v\u00e5rdprodukter och tillbeh\u00f6r i v\u00e5rt avsnitt \"Instruktioner\", vilket g\u00f6r det enkelt att polera och underh\u00e5lla.<br \/><strong>Skiffer<\/strong>: F\u00f6r skiffer, anv\u00e4nd lite glasreng\u00f6ringsmedel och en mjuk trasa f\u00f6r att f\u00f6rsiktigt torka av ytan. Denna enkla sk\u00f6tsel bevarar den naturliga strukturen, och med tiden utvecklar skiffer en attraktiv patina.<\/p><p><strong>6. \u00c4r skiffer och marmor rept\u00e5liga?<\/strong><br \/>Naturstenar som skiffer och marmor \u00e4r inte helt rept\u00e5liga, s\u00e5 lite f\u00f6rsiktig hantering \u00e4r att rekommendera. Skiffer utvecklar en naturlig patina med tiden, vilket hj\u00e4lper till att kamouflera mindre m\u00e4rken. Marmor kan poleras vid behov f\u00f6r att ta bort l\u00e4tta repor och \u00e5terst\u00e4lla den glansiga ytan.<\/p><p><strong>7. Hur k\u00e4nns skiffer och marmor?<\/strong><br \/>Skiffer har en naturligt texturerad, matt yta som ger en modern, jordn\u00e4ra k\u00e4nsla med ett bekv\u00e4mt grepp. Marmor d\u00e4remot \u00e4r sl\u00e4t, sval och h\u00f6gglansig - perfekt f\u00f6r dem som f\u00f6redrar ett elegant, polerat utseende. B\u00e5da materialen ger en o\u00f6vertr\u00e4ffad taktil upplevelse.<\/p><p><strong>8. F\u00f6r\u00e4ndras stenens f\u00e4rg med tiden?<\/strong><br \/>V\u00e5ra naturstenar beh\u00e5ller sin f\u00e4rg och struktur i m\u00e5nga \u00e5r. Skiffer utvecklar en vacker matt patina, medan marmorns glans kan bibeh\u00e5llas med tillf\u00e4llig polering. B\u00e5da materialen \u00e4r UV-best\u00e4ndiga och bleks inte ens vid regelbunden solexponering.<\/p><p><strong>9. \u00c4r slate l\u00e4mplig f\u00f6r tillbeh\u00f6r som t.ex. mobilskal?<\/strong><br \/>Ja, absolut! Tack vare innovativa bearbetningstekniker \u00e4r v\u00e5r skiffer ultratunn men \u00e4nd\u00e5 stark, vilket g\u00f6r den idealisk f\u00f6r tillbeh\u00f6r som anv\u00e4nds dagligen, t.ex. mobilskal. Stenens unika textur k\u00e4nns trygg och behaglig i handen.<\/p><p><strong>10. Varifr\u00e5n f\u00e5r Roxxlyn sina stenar?<\/strong><br \/>Vi k\u00f6per in v\u00e5ra naturstenar fr\u00e5n h\u00e5llbart f\u00f6rvaltade stenbrott och prioriterar ansvarsfulla materialink\u00f6p. Varje sten genomg\u00e5r en grundlig kvalitetskontroll f\u00f6r att uppfylla v\u00e5ra h\u00f6gsta standarder, vilket g\u00f6r att stenens naturliga sk\u00f6nhet kan lysa igenom.<\/p>\t\t\t\t\t\t\t\t<\/div>\n\t\t\t\t<\/div>\n\t\t\t\t\t<\/div>\n\t\t<\/div>\n\t\t\t\t\t<\/div>\n\t\t<\/section>\n\t\t\t\t<\/div>","protected":false},"excerpt":{"rendered":"<p>1. \u00c4r Roxxlyn-produkter verkligen gjorda av \u00e4kta sten? Ja, Roxxlyn anv\u00e4nder endast \u00e4kta natursten, s\u00e5som marmor och skiffer. Varje sten \u00e4r noggrant utvald f\u00f6r att s\u00e4kerst\u00e4lla h\u00f6gsta kvalitet ...<\/p>","protected":false},"author":2904,"featured_media":0,"parent":0,"menu_order":0,"comment_status":"closed","ping_status":"closed","template":"","meta":{"inline_featured_image":false,"footnotes":""},"class_list":["post-129","page","type-page","status-publish","hentry"],"_links":{"self":[{"href":"https:\/\/roxxlyn.com\/sv\/wp-json\/wp\/v2\/pages\/129","targetHints":{"allow":["GET"]}}],"collection":[{"href":"https:\/\/roxxlyn.com\/sv\/wp-json\/wp\/v2\/pages"}],"about":[{"href":"https:\/\/roxxlyn.com\/sv\/wp-json\/wp\/v2\/types\/page"}],"author":[{"embeddable":true,"href":"https:\/\/roxxlyn.com\/sv\/wp-json\/wp\/v2\/users\/2904"}],"replies":[{"embeddable":true,"href":"https:\/\/roxxlyn.com\/sv\/wp-json\/wp\/v2\/comments?post=129"}],"version-history":[{"count":0,"href":"https:\/\/roxxlyn.com\/sv\/wp-json\/wp\/v2\/pages\/129\/revisions"}],"wp:attachment":[{"href":"https:\/\/roxxlyn.com\/sv\/wp-json\/wp\/v2\/media?parent=129"}],"curies":[{"name":"wp","href":"https:\/\/api.w.org\/{rel}","templated":true}]}}