{"id":12302,"date":"2025-09-05T14:17:02","date_gmt":"2025-09-05T14:17:02","guid":{"rendered":"https:\/\/roxxlyn.com\/?page_id=12302"},"modified":"2025-10-15T11:24:51","modified_gmt":"2025-10-15T11:24:51","slug":"shipping-and-duties","status":"publish","type":"page","link":"https:\/\/roxxlyn.com\/sv\/shipping-and-duties\/","title":{"rendered":"Fri frakt \u00f6ver hela v\u00e4rlden - Enkelt. Transparent. Roxxlyn."},"content":{"rendered":"<div data-elementor-type=\"wp-page\" data-elementor-id=\"12302\" class=\"elementor elementor-12302\" data-elementor-post-type=\"page\">\n\t\t\t\t\t\t<section class=\"elementor-section elementor-top-section elementor-element elementor-element-06a08f9 elementor-section-boxed elementor-section-height-default elementor-section-height-default\" data-id=\"06a08f9\" data-element_type=\"section\" data-e-type=\"section\">\n\t\t\t\t\t\t<div class=\"elementor-container elementor-column-gap-default\">\n\t\t\t\t\t<div class=\"elementor-column elementor-col-100 elementor-top-column elementor-element elementor-element-90e7b84\" data-id=\"90e7b84\" data-element_type=\"column\" data-e-type=\"column\">\n\t\t\t<div class=\"elementor-widget-wrap elementor-element-populated\">\n\t\t\t\t\t\t<div class=\"elementor-element elementor-element-3e1c834 elementor-widget elementor-widget-text-editor\" data-id=\"3e1c834\" data-element_type=\"widget\" data-e-type=\"widget\" data-widget_type=\"text-editor.default\">\n\t\t\t\t<div class=\"elementor-widget-container\">\n\t\t\t\t\t\t\t\t\t<p data-start=\"494\" data-end=\"580\">P\u00e5 Roxxlyn tror vi p\u00e5 enkelhet och transparens - inga \u00f6verraskningar, inga dolda kostnader.<\/p><p data-start=\"582\" data-end=\"758\">Alla Roxxlyns produkter tillverkas f\u00f6r hand i Tyskland och levereras <strong data-start=\"640\" data-end=\"668\">kostnadsfritt \u00f6ver hela v\u00e4rlden<\/strong>.<br data-start=\"669\" data-end=\"672\" \/>Alla priser som du ser i kassan \u00e4r <strong data-start=\"707\" data-end=\"730\">slutgiltig och inkluderande<\/strong> - beroende p\u00e5 din region:<\/p><ul data-start=\"760\" data-end=\"1272\"><li data-start=\"760\" data-end=\"877\"><p data-start=\"762\" data-end=\"877\"><strong data-start=\"762\" data-end=\"781\">Europeiska unionen:<\/strong> Alla priser inkluderar redan ditt lands till\u00e4mpliga moms. Inga ytterligare skatter eller importavgifter.<\/p><\/li><li data-start=\"878\" data-end=\"1117\"><p data-start=\"880\" data-end=\"1117\"><strong data-start=\"880\" data-end=\"898\">F\u00f6renta staterna:<\/strong> Varje best\u00e4llning skickas <strong data-start=\"917\" data-end=\"948\">Levererat med betalda avgifter (DDP)<\/strong>. Detta inneb\u00e4r att alla <strong data-start=\"965\" data-end=\"1019\">importtullar, tullavgifter och statliga f\u00f6rs\u00e4ljningsskatter<\/strong> \u00e4r helt t\u00e4ckta av oss. Du betalar inget extra vid leverans - inget pappersarbete, inga dolda avgifter.<\/p><\/li><li data-start=\"1118\" data-end=\"1272\"><p data-start=\"1120\" data-end=\"1272\"><strong data-start=\"1120\" data-end=\"1142\">\u00d6vriga delar av v\u00e4rlden:<\/strong> Vi erbjuder fri frakt, men lokala tullavgifter eller skatter (om till\u00e4mpligt) kan tas ut av dina lokala myndigheter vid import.<\/p><\/li><\/ul><p data-start=\"1274\" data-end=\"1392\">V\u00e5rt m\u00e5l \u00e4r att g\u00f6ra varje Roxxlyn-leverans enkel, transparent och f\u00f6rstklassig - precis lika f\u00f6rfinad som varan inuti.<\/p>\t\t\t\t\t\t\t\t<\/div>\n\t\t\t\t<\/div>\n\t\t\t\t\t<\/div>\n\t\t<\/div>\n\t\t\t\t\t<\/div>\n\t\t<\/section>\n\t\t\t\t<\/div>","protected":false},"excerpt":{"rendered":"<p>P\u00e5 Roxxlyn tror vi p\u00e5 enkelhet och transparens - inga \u00f6verraskningar, inga dolda kostnader. Varje Roxxlyn-pj\u00e4s \u00e4r handgjord i Tyskland och skickas kostnadsfritt \u00f6ver hela v\u00e4rlden.alla priser du ser...<\/p>","protected":false},"author":2904,"featured_media":0,"parent":0,"menu_order":0,"comment_status":"closed","ping_status":"closed","template":"","meta":{"inline_featured_image":false,"footnotes":""},"class_list":["post-12302","page","type-page","status-publish","hentry"],"_links":{"self":[{"href":"https:\/\/roxxlyn.com\/sv\/wp-json\/wp\/v2\/pages\/12302","targetHints":{"allow":["GET"]}}],"collection":[{"href":"https:\/\/roxxlyn.com\/sv\/wp-json\/wp\/v2\/pages"}],"about":[{"href":"https:\/\/roxxlyn.com\/sv\/wp-json\/wp\/v2\/types\/page"}],"author":[{"embeddable":true,"href":"https:\/\/roxxlyn.com\/sv\/wp-json\/wp\/v2\/users\/2904"}],"replies":[{"embeddable":true,"href":"https:\/\/roxxlyn.com\/sv\/wp-json\/wp\/v2\/comments?post=12302"}],"version-history":[{"count":0,"href":"https:\/\/roxxlyn.com\/sv\/wp-json\/wp\/v2\/pages\/12302\/revisions"}],"wp:attachment":[{"href":"https:\/\/roxxlyn.com\/sv\/wp-json\/wp\/v2\/media?parent=12302"}],"curies":[{"name":"wp","href":"https:\/\/api.w.org\/{rel}","templated":true}]}}