{"id":66,"date":"2020-08-12T11:49:00","date_gmt":"2020-08-12T11:49:00","guid":{"rendered":"https:\/\/roxxlyn.com\/?post_type=product&#038;p=66"},"modified":"2026-03-04T16:12:55","modified_gmt":"2026-03-04T16:12:55","slug":"the-macbook-slate-skin-black-rock","status":"publish","type":"product","link":"https:\/\/roxxlyn.com\/ko\/shop\/the-macbook-slate-skin-black-rock\/","title":{"rendered":"\ub9e5\ubd81 \uc2ac\ub808\uc774\ud2b8 \uc2a4\ud0a8 \ube14\ub799 \ub77d"},"content":{"rendered":"<div data-elementor-type=\"wp-post\" data-elementor-id=\"66\" class=\"elementor elementor-66\" data-elementor-post-type=\"product\">\n\t\t\t\t\t\t<section class=\"elementor-section elementor-top-section elementor-element elementor-element-415b4ae elementor-section-boxed elementor-section-height-default elementor-section-height-default\" data-id=\"415b4ae\" data-element_type=\"section\" data-e-type=\"section\" data-settings=\"{&quot;background_background&quot;:&quot;classic&quot;}\">\n\t\t\t\t\t\t<div class=\"elementor-container elementor-column-gap-default\">\n\t\t\t\t\t<div class=\"elementor-column elementor-col-100 elementor-top-column elementor-element elementor-element-597b156\" data-id=\"597b156\" data-element_type=\"column\" data-e-type=\"column\">\n\t\t\t<div class=\"elementor-widget-wrap elementor-element-populated\">\n\t\t\t\t\t\t<div class=\"elementor-element elementor-element-7be3c16 elementor-widget elementor-widget-video\" data-id=\"7be3c16\" data-element_type=\"widget\" data-e-type=\"widget\" data-settings=\"{&quot;video_type&quot;:&quot;vimeo&quot;,&quot;autoplay&quot;:&quot;yes&quot;,&quot;play_on_mobile&quot;:&quot;yes&quot;,&quot;mute&quot;:&quot;yes&quot;,&quot;loop&quot;:&quot;yes&quot;}\" data-widget_type=\"video.default\">\n\t\t\t\t<div class=\"elementor-widget-container\">\n\t\t\t\t\t\t\t<div class=\"elementor-wrapper elementor-open-inline\">\n\t\t\t<iframe class=\"elementor-video-iframe\" allowfullscreen allow=\"autoplay\" title=\"vimeo p\u0159ehr\u00e1va\u010d videa\" src=\"https:\/\/player.vimeo.com\/video\/1017613452?autoplay=1&amp;playsinline=1&amp;color&amp;autopause=0&amp;loop=1&amp;muted=1&amp;title=1&amp;portrait=1&amp;byline=1#t=\" data-no-translation-title=\"\"><\/iframe>\t\t<\/div>\n\t\t\t\t\t\t<\/div>\n\t\t\t\t<\/div>\n\t\t\t\t<section class=\"elementor-section elementor-inner-section elementor-element elementor-element-d71c1e6 elementor-section-boxed elementor-section-height-default elementor-section-height-default\" data-id=\"d71c1e6\" data-element_type=\"section\" data-e-type=\"section\">\n\t\t\t\t\t\t<div class=\"elementor-container elementor-column-gap-default\">\n\t\t\t\t\t<div class=\"elementor-column elementor-col-100 elementor-inner-column elementor-element elementor-element-500ee0d\" data-id=\"500ee0d\" data-element_type=\"column\" data-e-type=\"column\">\n\t\t\t<div class=\"elementor-widget-wrap elementor-element-populated\">\n\t\t\t\t\t\t<div class=\"elementor-element elementor-element-9e0e074 elementor-widget elementor-widget-text-editor\" data-id=\"9e0e074\" data-element_type=\"widget\" data-e-type=\"widget\" data-widget_type=\"text-editor.default\">\n\t\t\t\t<div class=\"elementor-widget-container\">\n\t\t\t\t\t\t\t\t\t<p>MacBook\uc758 \uc131\ub2a5\uc744 \ud5a5\uc0c1\uc2dc\ud0a4\ub294 <strong>\uc2ac\ub808\uc774\ud2b8 \uc2a4\ud0a8 \uac80\uc740 \ubc14\uc704<\/strong>, \ub294 \uc218\uc791\uc5c5\uc73c\ub85c \uc81c\uc791\ub41c \uc9c4\uc9dc \ub3cc\ub85c \ub9cc\ub4e0 \uac78\uc791\uc73c\ub85c, \ub9c8\uce58 \uc81c2\uc758 \uc2a4\ud0a8\ucc98\ub7fc \uae30\uae30\uc5d0 \uc798 \uc5b4\uc6b8\ub9bd\ub2c8\ub2e4. \uac01 \uc2a4\ud0a8\uc740 \uc790\uc5f0\uc2a4\ub7ec\uc6b4 \ube14\ub799 \uadf8\ub808\uc774 \uc0c9\uc870\uc640 \ub3c5\ud2b9\ud55c \uc2a4\ud1a4 \uc9c8\uac10\uc73c\ub85c MacBook\uc744 \ub354\uc6b1 \ud2b9\ubcc4\ud558\uac8c \ub9cc\ub4e4\uc5b4 \uc90d\ub2c8\ub2e4. \uae43\ud138\ucc98\ub7fc \uac00\ubccd\uace0 0.03\uc778\uce58(1mm)\ub85c \uc587\uc740 \uc774 \ucd08\uc2ac\ub9bc \uc2a4\ud0a8\uc740 \uae30\uae30\uc758 \ub9e4\ub048\ud55c \ub77c\uc778\uc744 \uc720\uc9c0\ud558\uba74\uc11c \uc2a4\ud06c\ub798\uce58\uc640 \uc624\uc5fc\uc73c\ub85c\ubd80\ud130 \uc624\ub798\ub3c4\ub85d \ubcf4\ud638\ud574\uc90d\ub2c8\ub2e4.<\/p><p>\ub3c5\uc77c\uc5d0\uc11c \ud2b9\ubcc4\ud788 \uac1c\ubc1c\ub41c \uc591\uba74 \uc811\ucc29 \ud14c\uc774\ud504 \ub355\ubd84\uc5d0 \ub048\uc801\uac70\ub9ac\ub294 \uc794\uc5ec\ubb3c\uc744 \ub0a8\uae30\uc9c0 \uc54a\uace0 \uc190\uc27d\uac8c \ubd80\ucc29\ud558\uace0 \uc81c\uac70\ud560 \uc218 \uc788\uc2b5\ub2c8\ub2e4. 35g\uc5d0 \ubd88\uacfc\ud574 \ucc28\uc774\ub97c \uac70\uc758 \ub290\ub07c\uc9c0 \ubabb\ud558\uc9c0\ub9cc \ubaa8\ub4e0 \uba74\uc5d0\uc11c MacBook\uc744 \ub354\uc6b1 \ub3cb\ubcf4\uc774\uac8c \ud574\uc90d\ub2c8\ub2e4. \ubcf4\ud638 \uae30\ub2a5\uc744 \ub118\uc5b4 \uae30\uae30\uc5d0 \uc790\uc5f0\uc2a4\ub7ec\uc6b4 \uc544\ub984\ub2e4\uc6c0\uacfc \ud0c1\uc6d4\ud55c \uc7a5\uc778 \uc815\uc2e0\uc744 \ub354\ud558\ub294 \uc608\uc220\uc801\uc778 \uc5c5\uadf8\ub808\uc774\ub4dc\uc785\ub2c8\ub2e4.<\/p><p><span style=\"text-decoration: underline;\"><strong>\uc2ac\ub808\uc774\ud2b8 \uc2a4\ud0a8 \ube14\ub799 \ub85d\uc744 \uc120\ud0dd\ud558\ub294 \uc774\uc720\ub294?<\/strong><\/span><\/p><ul><li><strong>\ub9ac\uc5bc \uc2a4\ud1a4, \ub9ac\uc5bc \uc784\ud329\ud2b8<\/strong>: \uc9c4\uc9dc \uc2ac\ub808\uc774\ud2b8 \uc2a4\ud1a4\uc73c\ub85c \uc218\uc791\uc5c5\uc73c\ub85c \uc81c\uc791\ub418\uc5b4 \uac01 \uc2a4\ud0a8\uc740 \ub098\ub9cc\uc758 \ub3c5\ud2b9\ud55c \uacb0\uacfc \uc9c8\uac10\uc744 \uc790\ub791\ud569\ub2c8\ub2e4.<\/li><li><strong>\uae43\ud138\ucc98\ub7fc \uac00\ubccd\uace0 \ucd08\uc2ac\ub9bc<\/strong>: \ubb34\uac8c\uac00 35g\uc5d0 \ubd88\uacfc\ud558\uace0 \ub450\uaed8\uac00 1mm\ub85c \ubd80\ud53c\uac10 \uc5c6\uc774 \ud53c\ubd80\ub97c \ubcf4\ud638\ud569\ub2c8\ub2e4.<\/li><li><strong>\uac04\ud3b8\ud55c \uc801\uc6a9, \uc794\uc5ec\ubb3c \uc5c6\uc74c<\/strong>: \ub3c5\uc77c\uc5d0\uc11c \ub9cc\ub4e0 \ub9de\ucda4\ud615 \uc591\uba74 \uc811\ucc29 \ud14c\uc774\ud504\ub85c \ub048\uc801\uc784 \uc5c6\uc774 \uc27d\uac8c \ubd99\uc774\uace0 \ub5bc\uc5b4\ub0bc \uc218 \uc788\uc2b5\ub2c8\ub2e4.<\/li><li><strong>\ubca0\ub97c\ub9b0\uc5d0\uc11c \uc218\uc791\uc5c5\uc73c\ub85c \uc81c\uc791<\/strong>: \ubaa8\ub4e0 \uc2a4\ud0a8\uc740 \ubca0\ub97c\ub9b0\uc5d0\uc11c \uc138\uc2ec\ud558\uace0 \uc815\ubc00\ud558\uac8c \uc81c\uc791\ub418\uc5b4 \uace0\ud488\uc9c8\uc758 \uc7a5\uc778 \uc815\uc2e0\uc744 \ubcf4\uc7a5\ud569\ub2c8\ub2e4.<\/li><\/ul><p>\uc774 \uc2ac\ub808\uc774\ud2b8 \uc2a4\ud0a8\uc740 \ub2e8\uc21c\ud55c \ucee4\ubc84\uac00 \uc544\ub2c8\ub77c \uc2a4\ud0c0\uc77c, \uac1c\uc131, \uc6b0\uc544\ud568\uc744 \ud45c\ud604\ud569\ub2c8\ub2e4. MacBook\uc744 \ubcf4\ud638\ud558\ub294 \ub3d9\uc2dc\uc5d0 \uc2dc\uc120\uc744 \uc0ac\ub85c\uc7a1\ub294 \uba4b\uc9c4 \uc81c\ud488\uc73c\ub85c \ubc14\uafd4\ubcf4\uc138\uc694. <em>\ucc38\uace0: \uc800\ub294 \ucf00\uc774\uc2a4\uac00 \uc544\ub2d9\ub2c8\ub2e4!<\/em><\/p>\t\t\t\t\t\t\t\t<\/div>\n\t\t\t\t<\/div>\n\t\t\t\t<div class=\"elementor-element elementor-element-9a45c83 elementor-widget elementor-widget-text-editor\" data-id=\"9a45c83\" data-element_type=\"widget\" data-e-type=\"widget\" data-widget_type=\"text-editor.default\">\n\t\t\t\t<div class=\"elementor-widget-container\">\n\t\t\t\t\t\t\t\t\t<p><blockquote class=\"wp-embedded-content\" data-secret=\"YXrDvgatY1\"><a href=\"https:\/\/roxxlyn.com\/ko\/instructions\/\">\uba85\ub839<\/a><\/blockquote><iframe class=\"wp-embedded-content\" sandbox=\"allow-scripts\" security=\"restricted\" style=\"position: absolute; visibility: hidden;\" title=\"&quot;\uc9c0\uce68&quot;\u2014 ROXXLYN\" src=\"https:\/\/roxxlyn.com\/instructions\/embed\/#?secret=qe5rNxBNvu#?secret=YXrDvgatY1\" data-secret=\"YXrDvgatY1\" width=\"600\" height=\"338\" frameborder=\"0\" marginwidth=\"0\" marginheight=\"0\" scrolling=\"no\"><\/iframe><\/p>\t\t\t\t\t\t\t\t<\/div>\n\t\t\t\t<\/div>\n\t\t\t\t\t<\/div>\n\t\t<\/div>\n\t\t\t\t\t<\/div>\n\t\t<\/section>\n\t\t\t\t<div class=\"elementor-element elementor-element-396757a elementor-widget elementor-widget-video\" data-id=\"396757a\" data-element_type=\"widget\" data-e-type=\"widget\" data-settings=\"{&quot;video_type&quot;:&quot;vimeo&quot;}\" data-widget_type=\"video.default\">\n\t\t\t\t<div class=\"elementor-widget-container\">\n\t\t\t\t\t\t\t<div class=\"elementor-wrapper elementor-open-inline\">\n\t\t\t<iframe class=\"elementor-video-iframe\" allowfullscreen allow=\"clipboard-write\" title=\"vimeo p\u0159ehr\u00e1va\u010d videa\" src=\"https:\/\/player.vimeo.com\/video\/135730659?color&amp;autopause=0&amp;loop=0&amp;muted=0&amp;title=1&amp;portrait=1&amp;byline=1#t=\" data-no-translation-title=\"\"><\/iframe>\t\t<\/div>\n\t\t\t\t\t\t<\/div>\n\t\t\t\t<\/div>\n\t\t\t\t<div class=\"elementor-element elementor-element-61b67c9 elementor-widget elementor-widget-video\" data-id=\"61b67c9\" data-element_type=\"widget\" data-e-type=\"widget\" data-settings=\"{&quot;video_type&quot;:&quot;vimeo&quot;}\" data-widget_type=\"video.default\">\n\t\t\t\t<div class=\"elementor-widget-container\">\n\t\t\t\t\t\t\t<div class=\"elementor-wrapper elementor-open-inline\">\n\t\t\t<iframe class=\"elementor-video-iframe\" allowfullscreen allow=\"clipboard-write\" title=\"vimeo p\u0159ehr\u00e1va\u010d videa\" src=\"https:\/\/player.vimeo.com\/video\/290503829?color&amp;autopause=0&amp;loop=0&amp;muted=0&amp;title=1&amp;portrait=1&amp;byline=1#t=\" data-no-translation-title=\"\"><\/iframe>\t\t<\/div>\n\t\t\t\t\t\t<\/div>\n\t\t\t\t<\/div>\n\t\t\t\t\t<\/div>\n\t\t<\/div>\n\t\t\t\t\t<\/div>\n\t\t<\/section>\n\t\t\t\t<\/div>","protected":false},"excerpt":{"rendered":"<p>MacBook\uc744 \ud601\uc2e0\ud558\ub294 <strong>\uc2ac\ub808\uc774\ud2b8 \uc2a4\ud0a8 \uac80\uc740 \ubc14\uc704<\/strong>-\uc2e4\uc81c \ub3cc\ub85c \ub9cc\ub4e0 \uc218\uc791\uc5c5\uc73c\ub85c \uc81c\uc791\ub41c \ucd08\uc2ac\ub9bc(1mm), \ucd08\uacbd\ub7c9(35g) \uc2a4\ud0a8\uc785\ub2c8\ub2e4. \ub3c5\ud2b9\ud55c \ube14\ub799 \uadf8\ub808\uc774 \uc2a4\ud1a4 \uc9c8\uac10\uacfc \ub3c5\uc77c\uc5d0\uc11c \uc124\uacc4\ub41c \uc811\ucc29\uc81c\ub85c \uc794\uc5ec\ubb3c\uc744 \ub0a8\uae30\uc9c0 \uc54a\uace0 \uc27d\uac8c \ubc14\ub974\uace0 \ubcf4\ud638\ud558\uba70 \uc2a4\ud0c0\uc77c\uc744 \uc5f0\ucd9c\ud560 \uc218 \uc788\uc2b5\ub2c8\ub2e4. <em>\ucf00\uc774\uc2a4\uac00 \uc544\ub2c8\ub77c \uc21c\uc218\ud55c \uc7a5\uc778 \uc815\uc2e0\uc785\ub2c8\ub2e4.<\/em><\/p>","protected":false},"featured_media":10382,"template":"","meta":{"inline_featured_image":false},"product_brand":[],"product_cat":[48],"product_tag":[],"class_list":{"0":"post-66","1":"product","2":"type-product","3":"status-publish","4":"has-post-thumbnail","6":"product_cat-macbook","8":"first","9":"instock","10":"featured","11":"taxable","12":"shipping-taxable","13":"purchasable","14":"product-type-variable","15":"has-default-attributes"},"exclude_global_add_ons":false,"addons":[{"name":"\ub9de\ucda4 \uc7ac\ubd09","type":"checkbox","position":0,"required":false,"title_format":"heading","default":"","description_enable":false,"description":"","placeholder_enable":false,"placeholder":"","display":"radiobutton","restrictions_type":"any_text","adjust_price":false,"price":"","price_type":"flat_fee","restrictions":false,"min":"0","max":"0","options":[{"label":"Bottom Skin - you like to get a more 360 look and have an additional Slate Skin for the bottom of your device","price":"22","price_type":"flat_fee","image":1296,"visibility":true},{"label":"No Apple Logo","price":"","price_type":"flat_fee","image":0,"visibility":true},{"label":"Heavy Texture - You want thicker pieces of stone with extra tactile feedback, this is the one for you.","price":"20","price_type":"flat_fee","image":0,"visibility":true},{"label":"Stone surface as dark as possible","price":"","price_type":"flat_fee","image":0,"visibility":true},{"label":"Apple Logo Guard Film - Highly transparent glossy polyurethane film with outstanding UV-resistance, excellent tear strength, and self-healing surface. That means light scratches on the surface (e.g. originating from squeegees, cleaning brushes) can be removed easily by applying heat (e.g. solar radiation, heat gun)","price":"5","price_type":"flat_fee","image":0,"visibility":true},{"label":"100% Easy Removal Layer, we developed an additional layer for an even more convenient removal anytime you decide to remove your slate skin in the future. Zero adhesive residues","price":"5","price_type":"flat_fee","image":0,"visibility":true}],"id":1687279607}],"_links":{"self":[{"href":"https:\/\/roxxlyn.com\/ko\/wp-json\/wp\/v2\/product\/66","targetHints":{"allow":["GET"]}}],"collection":[{"href":"https:\/\/roxxlyn.com\/ko\/wp-json\/wp\/v2\/product"}],"about":[{"href":"https:\/\/roxxlyn.com\/ko\/wp-json\/wp\/v2\/types\/product"}],"version-history":[{"count":1,"href":"https:\/\/roxxlyn.com\/ko\/wp-json\/wp\/v2\/product\/66\/revisions"}],"predecessor-version":[{"id":14894,"href":"https:\/\/roxxlyn.com\/ko\/wp-json\/wp\/v2\/product\/66\/revisions\/14894"}],"wp:featuredmedia":[{"embeddable":true,"href":"https:\/\/roxxlyn.com\/ko\/wp-json\/wp\/v2\/media\/10382"}],"wp:attachment":[{"href":"https:\/\/roxxlyn.com\/ko\/wp-json\/wp\/v2\/media?parent=66"}],"wp:term":[{"taxonomy":"product_brand","embeddable":true,"href":"https:\/\/roxxlyn.com\/ko\/wp-json\/wp\/v2\/product_brand?post=66"},{"taxonomy":"product_cat","embeddable":true,"href":"https:\/\/roxxlyn.com\/ko\/wp-json\/wp\/v2\/product_cat?post=66"},{"taxonomy":"product_tag","embeddable":true,"href":"https:\/\/roxxlyn.com\/ko\/wp-json\/wp\/v2\/product_tag?post=66"}],"curies":[{"name":"wp","href":"https:\/\/api.w.org\/{rel}","templated":true}]}}