{"id":8585,"date":"2024-01-14T11:56:31","date_gmt":"2024-01-14T11:56:31","guid":{"rendered":"https:\/\/roxxlyn.com\/?post_type=product&#038;p=8585"},"modified":"2025-11-20T15:25:51","modified_gmt":"2025-11-20T15:25:51","slug":"artisan-marble-elegance-cnc-aluminum-airtag-masterpiece-nero-marquina","status":"publish","type":"product","link":"https:\/\/roxxlyn.com\/it\/shop\/artisan-marble-elegance-cnc-aluminum-airtag-masterpiece-nero-marquina\/","title":{"rendered":"Eleganza artigianale del marmo: Capolavoro AirTag in alluminio CNC - Nero Marquina"},"content":{"rendered":"<div data-elementor-type=\"wp-post\" data-elementor-id=\"8585\" class=\"elementor elementor-8585\" data-elementor-post-type=\"product\">\n\t\t\t\t\t\t<section class=\"elementor-section elementor-top-section elementor-element elementor-element-1761437 elementor-section-boxed elementor-section-height-default elementor-section-height-default\" data-id=\"1761437\" data-element_type=\"section\" data-e-type=\"section\" data-settings=\"{&quot;background_background&quot;:&quot;classic&quot;}\">\n\t\t\t\t\t\t<div class=\"elementor-container elementor-column-gap-default\">\n\t\t\t\t\t<div class=\"elementor-column elementor-col-100 elementor-top-column elementor-element elementor-element-686c732\" data-id=\"686c732\" data-element_type=\"column\" data-e-type=\"column\">\n\t\t\t<div class=\"elementor-widget-wrap elementor-element-populated\">\n\t\t\t\t\t\t<div class=\"elementor-element elementor-element-18411c7 elementor-widget elementor-widget-video\" data-id=\"18411c7\" data-element_type=\"widget\" data-e-type=\"widget\" data-settings=\"{&quot;video_type&quot;:&quot;hosted&quot;,&quot;autoplay&quot;:&quot;yes&quot;,&quot;loop&quot;:&quot;yes&quot;,&quot;play_on_mobile&quot;:&quot;yes&quot;,&quot;mute&quot;:&quot;yes&quot;,&quot;controls&quot;:&quot;yes&quot;}\" data-widget_type=\"video.default\">\n\t\t\t\t<div class=\"elementor-widget-container\">\n\t\t\t\t\t\t\t<div class=\"e-hosted-video elementor-wrapper elementor-open-inline\">\n\t\t\t\t\t<video class=\"elementor-video\" src=\"https:\/\/roxxlyn.com\/wp-content\/uploads\/2022\/08\/airtag-metal-roxxlyn.mp4\" autoplay=\"\" loop=\"\" controls=\"\" muted=\"muted\" playsinline=\"\" controlslist=\"nodownload\"><\/video>\n\t\t\t\t<\/div>\n\t\t\t\t\t\t<\/div>\n\t\t\t\t<\/div>\n\t\t\t\t<div class=\"elementor-element elementor-element-7a894e0 elementor-widget elementor-widget-text-editor\" data-id=\"7a894e0\" data-element_type=\"widget\" data-e-type=\"widget\" data-widget_type=\"text-editor.default\">\n\t\t\t\t<div class=\"elementor-widget-container\">\n\t\t\t\t\t\t\t\t\t<h2><span style=\"color: #ffffff;\">Cosa contiene la confezione:<\/span><\/h2><p>1 x Custodia in alluminio anodizzato nero con chiusura magnetica per Apple AirTags<br \/>1 x Moschettone in lega di zinco grigio<br \/>1 x Copertura in vero marmo Nero Marquina<br \/>1 x adesivo in pelle vegana (con o senza logo a scelta) per un maggiore stile<br \/>6 x adesivi ORAFOL neri opachi di alta qualit\u00e0 per una maggiore protezione e contrasto<br \/>1 x Biglietto di ringraziamento con un link alla nostra guida di configurazione facile da seguire<br \/>1x manica nera<\/p><p>Nota bene:<br \/>Ogni cassa \u00e8 realizzata in vero marmo Nero Marquina, che la rende unica. L'impiallacciatura del marmo pu\u00f2 differire leggermente dalle immagini, rendendo ancora pi\u00f9 unico il vostro acquisto.<\/p><p><blockquote class=\"wp-embedded-content\" data-secret=\"lEBH5pV3si\"><a href=\"https:\/\/roxxlyn.com\/it\/instructions\/\">Istruzioni<\/a><\/blockquote><iframe class=\"wp-embedded-content\" sandbox=\"allow-scripts\" security=\"restricted\" style=\"position: absolute; visibility: hidden;\" title=\"&quot;Istruzioni&quot; - ROXXLYN\" src=\"https:\/\/roxxlyn.com\/instructions\/embed\/#?secret=zkwaBHnlQC#?secret=lEBH5pV3si\" data-secret=\"lEBH5pV3si\" width=\"600\" height=\"338\" frameborder=\"0\" marginwidth=\"0\" marginheight=\"0\" scrolling=\"no\"><\/iframe><\/p><p>L'articolo viene spedito dalla Germania.<\/p>\t\t\t\t\t\t\t\t<\/div>\n\t\t\t\t<\/div>\n\t\t\t\t\t<\/div>\n\t\t<\/div>\n\t\t\t\t\t<\/div>\n\t\t<\/section>\n\t\t\t\t<section class=\"elementor-section elementor-top-section elementor-element elementor-element-4fad3d1 elementor-section-boxed elementor-section-height-default elementor-section-height-default\" data-id=\"4fad3d1\" data-element_type=\"section\" data-e-type=\"section\" data-settings=\"{&quot;background_background&quot;:&quot;classic&quot;}\">\n\t\t\t\t\t\t<div class=\"elementor-container elementor-column-gap-default\">\n\t\t\t\t\t<div class=\"elementor-column elementor-col-100 elementor-top-column elementor-element elementor-element-e551091\" data-id=\"e551091\" data-element_type=\"column\" data-e-type=\"column\">\n\t\t\t<div class=\"elementor-widget-wrap elementor-element-populated\">\n\t\t\t\t\t\t<div class=\"elementor-element elementor-element-e7512c5 elementor-widget elementor-widget-video\" data-id=\"e7512c5\" data-element_type=\"widget\" data-e-type=\"widget\" data-settings=\"{&quot;video_type&quot;:&quot;vimeo&quot;}\" data-widget_type=\"video.default\">\n\t\t\t\t<div class=\"elementor-widget-container\">\n\t\t\t\t\t\t\t<div class=\"elementor-wrapper elementor-open-inline\">\n\t\t\t<iframe class=\"elementor-video-iframe\" allowfullscreen allow=\"clipboard-write\" title=\"Lecteur vid\u00e9o vimeo\" src=\"https:\/\/player.vimeo.com\/video\/290503829?color&amp;autopause=0&amp;loop=0&amp;muted=0&amp;title=1&amp;portrait=1&amp;byline=1#t=\" data-no-translation-title=\"\"><\/iframe>\t\t<\/div>\n\t\t\t\t\t\t<\/div>\n\t\t\t\t<\/div>\n\t\t\t\t\t<\/div>\n\t\t<\/div>\n\t\t\t\t\t<\/div>\n\t\t<\/section>\n\t\t\t\t<\/div>","protected":false},"excerpt":{"rendered":"<p>Elevate il vostro AirTag con la nostra custodia lavorata a CNC, dove la tecnologia moderna incontra l'intramontabile marmo Nero Marquina.<\/p>\n<p>Realizzato con precisione, l'alluminio anodizzato nero opaco e la lussuosa pelle vegana creano un design elegante e resistente. Il vero marmo Nero Marquina aggiunge una raffinatezza senza pari, mentre il moschettone in zinco grigio opaco offre un fissaggio sicuro ed elegante.<\/p>\n<p>I magneti integrati assicurano una perfetta aderenza, rendendo questa custodia un perfetto connubio di eleganza e funzionalit\u00e0, una vera e propria opera d'arte - Made in Germany.<\/p>","protected":false},"featured_media":10219,"template":"","meta":{"inline_featured_image":false},"product_brand":[],"product_cat":[92],"product_tag":[],"class_list":{"0":"post-8585","1":"product","2":"type-product","3":"status-publish","4":"has-post-thumbnail","6":"product_cat-airtag","8":"first","9":"instock","10":"taxable","11":"shipping-taxable","12":"purchasable","13":"product-type-variable"},"exclude_global_add_ons":[],"addons":[],"_links":{"self":[{"href":"https:\/\/roxxlyn.com\/it\/wp-json\/wp\/v2\/product\/8585","targetHints":{"allow":["GET"]}}],"collection":[{"href":"https:\/\/roxxlyn.com\/it\/wp-json\/wp\/v2\/product"}],"about":[{"href":"https:\/\/roxxlyn.com\/it\/wp-json\/wp\/v2\/types\/product"}],"version-history":[{"count":0,"href":"https:\/\/roxxlyn.com\/it\/wp-json\/wp\/v2\/product\/8585\/revisions"}],"wp:featuredmedia":[{"embeddable":true,"href":"https:\/\/roxxlyn.com\/it\/wp-json\/wp\/v2\/media\/10219"}],"wp:attachment":[{"href":"https:\/\/roxxlyn.com\/it\/wp-json\/wp\/v2\/media?parent=8585"}],"wp:term":[{"taxonomy":"product_brand","embeddable":true,"href":"https:\/\/roxxlyn.com\/it\/wp-json\/wp\/v2\/product_brand?post=8585"},{"taxonomy":"product_cat","embeddable":true,"href":"https:\/\/roxxlyn.com\/it\/wp-json\/wp\/v2\/product_cat?post=8585"},{"taxonomy":"product_tag","embeddable":true,"href":"https:\/\/roxxlyn.com\/it\/wp-json\/wp\/v2\/product_tag?post=8585"}],"curies":[{"name":"wp","href":"https:\/\/api.w.org\/{rel}","templated":true}]}}