{"id":2984,"date":"2021-01-13T16:09:51","date_gmt":"2021-01-13T16:09:51","guid":{"rendered":"https:\/\/roxxlyn.com\/?post_type=product&#038;p=2984"},"modified":"2025-09-23T13:22:08","modified_gmt":"2025-09-23T13:22:08","slug":"the-iphone-granite-case-lapis-lazuli","status":"publish","type":"product","link":"https:\/\/roxxlyn.com\/it\/shop\/the-iphone-granite-case-lapis-lazuli\/","title":{"rendered":"La custodia in granito per iPhone Lapislazzuli"},"content":{"rendered":"<div data-elementor-type=\"wp-post\" data-elementor-id=\"2984\" class=\"elementor elementor-2984\" data-elementor-post-type=\"product\">\n\t\t\t\t\t\t<section class=\"elementor-section elementor-top-section elementor-element elementor-element-4fad3d1 elementor-section-boxed elementor-section-height-default elementor-section-height-default\" data-id=\"4fad3d1\" data-element_type=\"section\" data-e-type=\"section\" data-settings=\"{&quot;background_background&quot;:&quot;classic&quot;}\">\n\t\t\t\t\t\t<div class=\"elementor-container elementor-column-gap-default\">\n\t\t\t\t\t<div class=\"elementor-column elementor-col-100 elementor-top-column elementor-element elementor-element-e551091\" data-id=\"e551091\" data-element_type=\"column\" data-e-type=\"column\">\n\t\t\t<div class=\"elementor-widget-wrap elementor-element-populated\">\n\t\t\t\t\t\t<div class=\"elementor-element elementor-element-56bab67 elementor-widget elementor-widget-video\" data-id=\"56bab67\" data-element_type=\"widget\" data-e-type=\"widget\" data-settings=\"{&quot;video_type&quot;:&quot;vimeo&quot;,&quot;autoplay&quot;:&quot;yes&quot;,&quot;play_on_mobile&quot;:&quot;yes&quot;,&quot;mute&quot;:&quot;yes&quot;}\" data-widget_type=\"video.default\">\n\t\t\t\t<div class=\"elementor-widget-container\">\n\t\t\t\t\t\t\t<div class=\"elementor-wrapper elementor-open-inline\">\n\t\t\t<iframe class=\"elementor-video-iframe\" allowfullscreen allow=\"autoplay\" title=\"vimeo Video Oynat\u0131c\u0131\" src=\"https:\/\/player.vimeo.com\/video\/486704204?autoplay=1&amp;playsinline=1&amp;color&amp;autopause=0&amp;loop=0&amp;muted=1&amp;title=1&amp;portrait=1&amp;byline=1#t=\" data-no-translation-title=\"\"><\/iframe>\t\t<\/div>\n\t\t\t\t\t\t<\/div>\n\t\t\t\t<\/div>\n\t\t\t\t<section class=\"elementor-section elementor-inner-section elementor-element elementor-element-c18f3bd elementor-section-boxed elementor-section-height-default elementor-section-height-default\" data-id=\"c18f3bd\" data-element_type=\"section\" data-e-type=\"section\">\n\t\t\t\t\t\t<div class=\"elementor-container elementor-column-gap-default\">\n\t\t\t\t\t<div class=\"elementor-column elementor-col-50 elementor-inner-column elementor-element elementor-element-d3dd10c\" data-id=\"d3dd10c\" data-element_type=\"column\" data-e-type=\"column\">\n\t\t\t<div class=\"elementor-widget-wrap elementor-element-populated\">\n\t\t\t\t\t\t<div class=\"elementor-element elementor-element-c4dfc94 elementor-widget elementor-widget-text-editor\" data-id=\"c4dfc94\" data-element_type=\"widget\" data-e-type=\"widget\" data-widget_type=\"text-editor.default\">\n\t\t\t\t<div class=\"elementor-widget-container\">\n\t\t\t\t\t\t\t\t\t<p>La ricarica wireless come qualsiasi altra frequenza \u00e8 completamente supportata senza compromessi.<\/p>\t\t\t\t\t\t\t\t<\/div>\n\t\t\t\t<\/div>\n\t\t\t\t<div class=\"elementor-element elementor-element-e8328cd elementor-widget elementor-widget-text-editor\" data-id=\"e8328cd\" data-element_type=\"widget\" data-e-type=\"widget\" data-widget_type=\"text-editor.default\">\n\t\t\t\t<div class=\"elementor-widget-container\">\n\t\t\t\t\t\t\t\t\t<p>La custodia stessa \u00e8 realizzata in poliuretano termoplastico e policarbonato ed \u00e8 disponibile in diverse finiture e colori. Il peso totale del prodotto \u00e8 di soli 35 fino a 45 grammi a seconda delle dimensioni della custodia. Come per tutti i nostri prodotti, questa custodia \u00e8 un pezzo unico, che si differenzia per la sua struttura e colorazione rocciose uniche, ognuno \u00e8 un pezzo unico della natura. \u00a0<\/p>\t\t\t\t\t\t\t\t<\/div>\n\t\t\t\t<\/div>\n\t\t\t\t\t<\/div>\n\t\t<\/div>\n\t\t\t\t<div class=\"elementor-column elementor-col-50 elementor-inner-column elementor-element elementor-element-7c0f8d7\" data-id=\"7c0f8d7\" data-element_type=\"column\" data-e-type=\"column\">\n\t\t\t<div class=\"elementor-widget-wrap elementor-element-populated\">\n\t\t\t\t\t\t<div class=\"elementor-element elementor-element-ca943b6 elementor-widget elementor-widget-text-editor\" data-id=\"ca943b6\" data-element_type=\"widget\" data-e-type=\"widget\" data-widget_type=\"text-editor.default\">\n\t\t\t\t<div class=\"elementor-widget-container\">\n\t\t\t\t\t\t\t\t\tI magneti Magsafe sono disponibili e sono perfettamente integrati per il pieno supporto dei caricabatterie wireless originali Apple e dei caricabatterie Roxxlyn come opzione aggiuntiva.\u00a0\t\t\t\t\t\t\t\t<\/div>\n\t\t\t\t<\/div>\n\t\t\t\t<div class=\"elementor-element elementor-element-6793b6c elementor-widget elementor-widget-text-editor\" data-id=\"6793b6c\" data-element_type=\"widget\" data-e-type=\"widget\" data-widget_type=\"text-editor.default\">\n\t\t\t\t<div class=\"elementor-widget-container\">\n\t\t\t\t\t\t\t\t\t<p>Grazie al nostro sviluppo speciale, l&#039;interno della custodia \u00e8 dotato di una pregiata pelle scamosciata\/veggie e offre una tecnologia polimerica unica che assorbe gli urti e consente la ricarica wireless perfettamente senza compromessi.\u00a0<\/p>\t\t\t\t\t\t\t\t<\/div>\n\t\t\t\t<\/div>\n\t\t\t\t<div class=\"elementor-element elementor-element-91f1315 elementor-widget elementor-widget-video\" data-id=\"91f1315\" data-element_type=\"widget\" data-e-type=\"widget\" data-settings=\"{&quot;video_type&quot;:&quot;hosted&quot;,&quot;controls&quot;:&quot;yes&quot;}\" data-widget_type=\"video.default\">\n\t\t\t\t<div class=\"elementor-widget-container\">\n\t\t\t\t\t\t\t<div class=\"e-hosted-video elementor-wrapper elementor-open-inline\">\n\t\t\t\t\t<video class=\"elementor-video\" src=\"https:\/\/roxxlyn.com\/wp-content\/uploads\/2020\/11\/iPhone-Skin-inkl-Zubehor.66.mp4\" controls=\"\" preload=\"metadata\" controlslist=\"nodownload\"><\/video>\n\t\t\t\t<\/div>\n\t\t\t\t\t\t<\/div>\n\t\t\t\t<\/div>\n\t\t\t\t\t<\/div>\n\t\t<\/div>\n\t\t\t\t\t<\/div>\n\t\t<\/section>\n\t\t\t\t<div class=\"elementor-element elementor-element-e7512c5 elementor-widget elementor-widget-video\" data-id=\"e7512c5\" data-element_type=\"widget\" data-e-type=\"widget\" data-settings=\"{&quot;video_type&quot;:&quot;vimeo&quot;}\" data-widget_type=\"video.default\">\n\t\t\t\t<div class=\"elementor-widget-container\">\n\t\t\t\t\t\t\t<div class=\"elementor-wrapper elementor-open-inline\">\n\t\t\t<iframe class=\"elementor-video-iframe\" allowfullscreen allow=\"clipboard-write\" title=\"vimeo Video Oynat\u0131c\u0131\" src=\"https:\/\/player.vimeo.com\/video\/290503829?color&amp;autopause=0&amp;loop=0&amp;muted=0&amp;title=1&amp;portrait=1&amp;byline=1#t=\" data-no-translation-title=\"\"><\/iframe>\t\t<\/div>\n\t\t\t\t\t\t<\/div>\n\t\t\t\t<\/div>\n\t\t\t\t\t<\/div>\n\t\t<\/div>\n\t\t\t\t\t<\/div>\n\t\t<\/section>\n\t\t\t\t<\/div>","protected":false},"excerpt":{"rendered":"<p data-start=\"328\" data-end=\"404\"><strong data-start=\"328\" data-end=\"402\">Custodia per iPhone in marmo Lapislazzuli - Lusso fatto a mano per iPhone Serie 17<\/strong><\/p>\n<p data-start=\"406\" data-end=\"681\">Elevate il vostro iPhone 17, iPhone 17 Pro, iPhone 17 Pro Max o iPhone 17 Air con l'eleganza senza tempo della custodia per iPhone Lapis Lazuli Marble. Questo capolavoro fonde l'arte della natura con la precisione dell'artigianato tedesco, creando un accessorio tanto raro quanto raffinato.<\/p>\n<p data-start=\"683\" data-end=\"999\">Realizzato a mano con vero marmo Lapislazzuli, proveniente dalla leggendaria valle di Sar-e-Sang nelle montagne del Badakhshan in Afghanistan, ogni cassa \u00e8 unica. La pietra viene trasformata in lastre lucidate presso i rinomati stabilimenti Antolini di Verona, in Italia, famosi per la loro esperienza nella lavorazione della pietra naturale.<\/p>\n<p data-start=\"1001\" data-end=\"1326\">Il profondo blu celeste del Lapislazzuli, evidenziato da macchie dorate che ricordano il cielo stellato notturno, conferisce a questa custodia il suo carattere inconfondibile. In Germania, il marmo viene lavorato in strati lucidi ultraleggeri ma altamente resistenti, che garantiscono uno stile sofisticato e una protezione affidabile per il vostro iPhone.<\/p>\n<p data-start=\"1707\" data-end=\"1975\">La custodia per iPhone in marmo Lapislazzuli \u00e8 pi\u00f9 di un accessorio: \u00e8 una dichiarazione di lusso e individualit\u00e0. Progettata per coloro che apprezzano l'eccellenza, la rarit\u00e0 e l'artigianato, trasforma il vostro iPhone in un pezzo d'arte che riflette sia la storia che l'innovazione.<\/p>","protected":false},"featured_media":13049,"template":"","meta":{"inline_featured_image":false},"product_brand":[],"product_cat":[66],"product_tag":[147,146],"class_list":{"0":"post-2984","1":"product","2":"type-product","3":"status-publish","4":"has-post-thumbnail","6":"product_cat-iphone-cases","7":"product_tag-granite","8":"product_tag-iphone-case","10":"first","11":"instock","12":"taxable","13":"shipping-taxable","14":"purchasable","15":"product-type-variable","16":"has-default-attributes"},"exclude_global_add_ons":true,"addons":[{"name":"Sartoria personalizzata","type":"checkbox","position":0,"required":false,"title_format":"label","default":"","description_enable":false,"description":"","placeholder_enable":false,"placeholder":"","display":"select","restrictions_type":"any_text","adjust_price":false,"price":"","price_type":"flat_fee","restrictions":false,"min":"0","max":"0","options":[{"label":"Upgrade your case with a super-strong N52 grade 1.55 mm MagSafe magnet for seamless attachment and faster, more stable wireless charging","price":"10","price_type":"flat_fee","image":0,"visibility":true},{"label":"Opt for a design featuring darker tones and minimal white veins for a sleek, uniform appearance.","price":"","price_type":"flat_fee","image":0,"visibility":true},{"label":"Opt for a design that emphasizes rich white veins for a touch of natural sophistication.","price":"15","price_type":"flat_fee","image":0,"visibility":true},{"label":"Reveal the iconic Apple logo with a precise cut-out on the stone surface, unveiling a sleek black satin-matte underside for a striking contrast and personal touch.","price":"15","price_type":"flat_fee","image":0,"visibility":true},{"label":"Enhance your device with a white engraved Apple logo, crafted over two days for elegance and sophistication.","price":"20","price_type":"flat_fee","image":0,"visibility":true},{"label":"Premium Liquid Care with dust-repellent, antistatic protection and a lasting matte effect. Specially designed to preserve and protect your case.","price":"5","price_type":"flat_fee","image":0,"visibility":false},{"label":"A premium marble liquid polish that enhances and protects the natural beauty of your marble surfaces, providing a lasting, brilliant shine.","price":"5","price_type":"flat_fee","image":0,"visibility":true},{"label":"Microfiber Polishing Cloth: A soft, high-quality microfiber cloth designed for polishing marble surfaces. It delivers a streak-free, brilliant shine without scratching, perfect for maintaining your marble's natural beauty.","price":"5","price_type":"flat_fee","image":0,"visibility":false}],"id":1758632800}],"_links":{"self":[{"href":"https:\/\/roxxlyn.com\/it\/wp-json\/wp\/v2\/product\/2984","targetHints":{"allow":["GET"]}}],"collection":[{"href":"https:\/\/roxxlyn.com\/it\/wp-json\/wp\/v2\/product"}],"about":[{"href":"https:\/\/roxxlyn.com\/it\/wp-json\/wp\/v2\/types\/product"}],"version-history":[{"count":0,"href":"https:\/\/roxxlyn.com\/it\/wp-json\/wp\/v2\/product\/2984\/revisions"}],"wp:featuredmedia":[{"embeddable":true,"href":"https:\/\/roxxlyn.com\/it\/wp-json\/wp\/v2\/media\/13049"}],"wp:attachment":[{"href":"https:\/\/roxxlyn.com\/it\/wp-json\/wp\/v2\/media?parent=2984"}],"wp:term":[{"taxonomy":"product_brand","embeddable":true,"href":"https:\/\/roxxlyn.com\/it\/wp-json\/wp\/v2\/product_brand?post=2984"},{"taxonomy":"product_cat","embeddable":true,"href":"https:\/\/roxxlyn.com\/it\/wp-json\/wp\/v2\/product_cat?post=2984"},{"taxonomy":"product_tag","embeddable":true,"href":"https:\/\/roxxlyn.com\/it\/wp-json\/wp\/v2\/product_tag?post=2984"}],"curies":[{"name":"wp","href":"https:\/\/api.w.org\/{rel}","templated":true}]}}