{"id":1721,"date":"2020-11-12T15:39:53","date_gmt":"2020-11-12T15:39:53","guid":{"rendered":"https:\/\/roxxlyn.com\/?post_type=product&#038;p=1721"},"modified":"2025-09-23T13:26:22","modified_gmt":"2025-09-23T13:26:22","slug":"the-iphone-marble-case-rosso-levanto","status":"publish","type":"product","link":"https:\/\/roxxlyn.com\/it\/shop\/the-iphone-marble-case-rosso-levanto\/","title":{"rendered":"La custodia in marmo per iPhone Rosso Levanto"},"content":{"rendered":"<div data-elementor-type=\"wp-post\" data-elementor-id=\"1721\" class=\"elementor elementor-1721\" data-elementor-post-type=\"product\">\n\t\t\t\t\t\t<section class=\"elementor-section elementor-top-section elementor-element elementor-element-174fe74 elementor-section-boxed elementor-section-height-default elementor-section-height-default\" data-id=\"174fe74\" data-element_type=\"section\" data-e-type=\"section\" data-settings=\"{&quot;background_background&quot;:&quot;classic&quot;}\">\n\t\t\t\t\t\t<div class=\"elementor-container elementor-column-gap-default\">\n\t\t\t\t\t<div class=\"elementor-column elementor-col-100 elementor-top-column elementor-element elementor-element-9557f36\" data-id=\"9557f36\" data-element_type=\"column\" data-e-type=\"column\">\n\t\t\t<div class=\"elementor-widget-wrap elementor-element-populated\">\n\t\t\t\t\t\t<div class=\"elementor-element elementor-element-4e541a3 elementor-widget elementor-widget-text-editor\" data-id=\"4e541a3\" data-element_type=\"widget\" data-e-type=\"widget\" data-widget_type=\"text-editor.default\">\n\t\t\t\t<div class=\"elementor-widget-container\">\n\t\t\t\t\t\t\t\t\t<p>Scopri un&#039;eleganza senza precedenti con la nostra custodia per iPhone in marmo Rosso Levanto, dove il lusso del marmo italiano incontra l&#039;artigianato tedesco.<\/p><p>Proveniente dalla pittoresca regione di Bonassola in Liguria, Italia, il marmo Rosso Levanto \u00e8 celebre per le sue vivaci tonalit\u00e0 rosse e le venature intricate, che rendono ogni cassa un capolavoro di bellezza naturale. Realizzata a mano con meticolosa attenzione ai dettagli in Germania, questa custodia \u00e8 una testimonianza dell&#039;arte della precisione e dello stile.<\/p><p><strong>Caratteristiche principali:<\/strong><br \/>Autentico marmo Rosso Levanto di Bonassola: caratterizzato da autentico marmo Rosso Levanto, ogni custodia mette in mostra la bellezza e la durabilit\u00e0 uniche della pietra proveniente da Bonassola, in Liguria.<br \/>Sapientemente realizzate a mano in Germania: le nostre custodie sono realizzate a mano in Germania, incarnando l&#039;essenza dell&#039;ingegneria di precisione e della qualit\u00e0 eccezionale, garantendo una vestibilit\u00e0 e una finitura perfette.<\/p><p><strong>Custodia in TPU e rivestimento in Alcantara: <\/strong><\/p><p>La custodia \u00e8 progettata con un alloggiamento protettivo in TPU che assorbe gli urti e un lussuoso rivestimento in Alcantara che previene i graffi, offrendo una protezione superiore senza compromettere l&#039;eleganza.<\/p><p><strong>Eleganza leggerissima a soli 35 g<\/strong><\/p><p>Realizzata per essere tanto leggera quanto lussuosa, la custodia aggiunge solo 35 grammi al tuo dispositivo, mantenendo il profilo elegante dell&#039;iPhone e fornendo allo stesso tempo una protezione robusta e un tocco di raffinatezza.<\/p><p><strong>Una fusione di eleganza italiana e ingegneria tedesca<\/strong><\/p><p>Questa custodia rappresenta una miscela unica di eleganza italiana e ingegneria tedesca, offrendo un accessorio tanto squisito quanto protettivo. Proveniente dalle rinomate cave di Bonassola in Liguria e realizzato artigianalmente alla perfezione in Germania, eleva il tuo iPhone in un pezzo d&#039;arte e artigianato.<\/p><p><strong>Ideale per gli appassionati di materiali pregiati e artigianato<\/strong><\/p><p>La nostra custodia per iPhone in marmo Rosso Levanto \u00e8 perfetta per coloro che apprezzano la rarit\u00e0 e la bellezza della pietra naturale, combinate con l&#039;impareggiabile maestria dei prodotti fatti a mano. Abbraccia il lusso del marmo italiano e la precisione dell&#039;artigianato tedesco, il tutto mantenendo il tuo iPhone protetto con stile.<\/p>\t\t\t\t\t\t\t\t<\/div>\n\t\t\t\t<\/div>\n\t\t\t\t<section class=\"elementor-section elementor-inner-section elementor-element elementor-element-68d8ebf elementor-section-boxed elementor-section-height-default elementor-section-height-default\" data-id=\"68d8ebf\" data-element_type=\"section\" data-e-type=\"section\">\n\t\t\t\t\t\t<div class=\"elementor-container elementor-column-gap-default\">\n\t\t\t\t\t<div class=\"elementor-column elementor-col-50 elementor-inner-column elementor-element elementor-element-b3f3d66\" data-id=\"b3f3d66\" data-element_type=\"column\" data-e-type=\"column\">\n\t\t\t<div class=\"elementor-widget-wrap elementor-element-populated\">\n\t\t\t\t\t\t<div class=\"elementor-element elementor-element-48163bc elementor-widget elementor-widget-text-editor\" data-id=\"48163bc\" data-element_type=\"widget\" data-e-type=\"widget\" data-widget_type=\"text-editor.default\">\n\t\t\t\t<div class=\"elementor-widget-container\">\n\t\t\t\t\t\t\t\t\tIl Marmo: Rosso Levanto \t\t\t\t\t\t\t\t<\/div>\n\t\t\t\t<\/div>\n\t\t\t\t<div class=\"elementor-element elementor-element-8b2598f elementor-widget elementor-widget-text-editor\" data-id=\"8b2598f\" data-element_type=\"widget\" data-e-type=\"widget\" data-widget_type=\"text-editor.default\">\n\t\t\t\t<div class=\"elementor-widget-container\">\n\t\t\t\t\t\t\t\t\tRosso Levanto appartiene ad una pietra naturale storicamente significativa. La sua origine si trova circa 160 milioni di anni fa nel Giura. Il Rosso Levanto era gi\u00e0 utilizzato in edifici clericali e profani in tutto il Mediterraneo nel Medioevo. All&#039;interno di questi edifici sono stati progettati con esso colonne, camini, rivestimenti murali, balaustre e gradini. La pietra ha anche trovato la sua popolarit\u00e0 nell&#039;artigianato e nella scultura ed \u00e8 stata utilizzata come vaso, ciotola e altri utensili progettati.  \t\t\t\t\t\t\t\t<\/div>\n\t\t\t\t<\/div>\n\t\t\t\t\t<\/div>\n\t\t<\/div>\n\t\t\t\t<div class=\"elementor-column elementor-col-50 elementor-inner-column elementor-element elementor-element-546300b\" data-id=\"546300b\" data-element_type=\"column\" data-e-type=\"column\">\n\t\t\t<div class=\"elementor-widget-wrap elementor-element-populated\">\n\t\t\t\t\t\t<div class=\"elementor-element elementor-element-4e14ac2 elementor-widget elementor-widget-text-editor\" data-id=\"4e14ac2\" data-element_type=\"widget\" data-e-type=\"widget\" data-widget_type=\"text-editor.default\">\n\t\t\t\t<div class=\"elementor-widget-container\">\n\t\t\t\t\t\t\t\t\tIl Rosso Levanto \u00e8 un marmo estratto a Bonassola in Liguria, Italia. La cava si trova a circa 10 km da La Spezia e prende il nome da Levanto, ultimo dei cinque paesi delle Cinque Terre, che si trova proprio accanto a Bonassola. Il Rosso Levanto \u00e8 strutturato nella sua massa di fondo rossastra e grigio-verde da numerose striature di calcite bianche e bianco-grigie. Il colore del Rosso Levanto varia dal porpora al rosso sangue e dal verdastro al grigio-verde. Appartiene a una delle rare serpentiniti rosse, altrimenti di colore verde. La colorazione rossa deriva dal fatto che il ferro contenuto nella roccia originale si \u00e8 ossidato ad ematite.\t\t\t\t\t\t\t\t<\/div>\n\t\t\t\t<\/div>\n\t\t\t\t\t<\/div>\n\t\t<\/div>\n\t\t\t\t\t<\/div>\n\t\t<\/section>\n\t\t\t\t<div class=\"elementor-element elementor-element-548d757 elementor-widget elementor-widget-video\" data-id=\"548d757\" data-element_type=\"widget\" data-e-type=\"widget\" data-settings=\"{&quot;video_type&quot;:&quot;vimeo&quot;}\" data-widget_type=\"video.default\">\n\t\t\t\t<div class=\"elementor-widget-container\">\n\t\t\t\t\t\t\t<div class=\"elementor-wrapper elementor-open-inline\">\n\t\t\t<iframe class=\"elementor-video-iframe\" allowfullscreen allow=\"clipboard-write\" title=\"vimeo videoafspiller\" src=\"https:\/\/player.vimeo.com\/video\/290503829?color&amp;autopause=0&amp;loop=0&amp;muted=0&amp;title=1&amp;portrait=1&amp;byline=1#t=\" data-no-translation-title=\"\"><\/iframe>\t\t<\/div>\n\t\t\t\t\t\t<\/div>\n\t\t\t\t<\/div>\n\t\t\t\t\t<\/div>\n\t\t<\/div>\n\t\t\t\t\t<\/div>\n\t\t<\/section>\n\t\t\t\t<\/div>","protected":false},"excerpt":{"rendered":"<p data-start=\"440\" data-end=\"791\">Scoprite l'epitome dell'eleganza con il modello <strong data-start=\"482\" data-end=\"518\">Custodia per iPhone in marmo Rosso Levanto<\/strong>, dove il ricco patrimonio di marmi liguri incontra la precisione dell'ingegneria tedesca. Proveniente dalle pittoresche coste di <strong data-start=\"645\" data-end=\"675\">Bonassola, Liguria (Italia)<\/strong>, Questo marmo autentico presenta vibranti tonalit\u00e0 rosse e drammatiche venature naturali, che rendono ogni custodia unica nel suo genere. Realizzata a mano in Germania con un'attenzione meticolosa per i dettagli, la custodia per iPhone Rosso Levanto offre un'impeccabile miscela di <strong data-start=\"910\" data-end=\"935\">lusso e protezione<\/strong>. Con un peso di soli 35 grammi, mantiene il profilo sottile del vostro iPhone aggiungendo al contempo un'audace dichiarazione di stile. Progettato per il <strong data-start=\"1061\" data-end=\"1127\">iPhone 17, iPhone 17 Pro, iPhone 17 Pro Max e iPhone 17 Air<\/strong>, Questa custodia in marmo \u00e8 molto pi\u00f9 di un accessorio: \u00e8 una vera e propria <strong data-start=\"1186\" data-end=\"1205\">pezzo forte<\/strong> che unisce l'eleganza italiana alla maestria tedesca per proteggere il vostro dispositivo con vero lusso.<\/p>","protected":false},"featured_media":13051,"template":"","meta":{"inline_featured_image":false},"product_brand":[],"product_cat":[66],"product_tag":[],"class_list":{"0":"post-1721","1":"product","2":"type-product","3":"status-publish","4":"has-post-thumbnail","6":"product_cat-iphone-cases","8":"first","9":"instock","10":"featured","11":"taxable","12":"shipping-taxable","13":"purchasable","14":"product-type-variable","15":"has-default-attributes"},"exclude_global_add_ons":true,"addons":[{"name":"Sartoria personalizzata","type":"checkbox","position":0,"required":false,"title_format":"label","default":"","description_enable":false,"description":"","placeholder_enable":false,"placeholder":"","display":"select","restrictions_type":"any_text","adjust_price":false,"price":"","price_type":"flat_fee","restrictions":false,"min":"0","max":"0","options":[{"label":"Upgrade your case with a super-strong N52 grade 1.55 mm MagSafe magnet for seamless attachment and faster, more stable wireless charging","price":"10","price_type":"flat_fee","image":0,"visibility":true},{"label":"Select a design maximizing white veins for the most opulent appearance possible.","price":"","price_type":"flat_fee","image":0,"visibility":true},{"label":"Choose a design that reduces white veins for a sleek and refined appearance.","price":"","price_type":"flat_fee","image":0,"visibility":true},{"label":"Reveal the iconic Apple logo with a precise cut-out on the stone surface, unveiling a sleek black satin-matte underside for a striking contrast and personal touch.","price":"15","price_type":"flat_fee","image":0,"visibility":true},{"label":"Reveal the iconic Apple logo with a precise cut-out in the stone surface, unveiling a 24K gold satin-matte underside for a striking contrast and a truly luxurious personal touch.","price":"50","price_type":"flat_fee","image":0,"visibility":true},{"label":"Enhance your device with a white engraved Apple logo, crafted over two days for elegance and sophistication.","price":"20","price_type":"flat_fee","image":0,"visibility":true},{"label":"Premium Liquid Care with dust-repellent, antistatic protection and a lasting matte effect. Specially designed to preserve and protect your case.","price":"5","price_type":"flat_fee","image":0,"visibility":true},{"label":"A premium marble liquid polish that enhances and protects the natural beauty of your marble surfaces, providing a lasting, brilliant shine.","price":"5","price_type":"flat_fee","image":0,"visibility":true},{"label":"Microfiber Polishing Cloth: A soft, high-quality microfiber cloth designed for polishing marble surfaces. It delivers a streak-free, brilliant shine without scratching, perfect for maintaining your marble's natural beauty.","price":"5","price_type":"flat_fee","image":0,"visibility":false}],"id":1757683872}],"_links":{"self":[{"href":"https:\/\/roxxlyn.com\/it\/wp-json\/wp\/v2\/product\/1721","targetHints":{"allow":["GET"]}}],"collection":[{"href":"https:\/\/roxxlyn.com\/it\/wp-json\/wp\/v2\/product"}],"about":[{"href":"https:\/\/roxxlyn.com\/it\/wp-json\/wp\/v2\/types\/product"}],"version-history":[{"count":0,"href":"https:\/\/roxxlyn.com\/it\/wp-json\/wp\/v2\/product\/1721\/revisions"}],"wp:featuredmedia":[{"embeddable":true,"href":"https:\/\/roxxlyn.com\/it\/wp-json\/wp\/v2\/media\/13051"}],"wp:attachment":[{"href":"https:\/\/roxxlyn.com\/it\/wp-json\/wp\/v2\/media?parent=1721"}],"wp:term":[{"taxonomy":"product_brand","embeddable":true,"href":"https:\/\/roxxlyn.com\/it\/wp-json\/wp\/v2\/product_brand?post=1721"},{"taxonomy":"product_cat","embeddable":true,"href":"https:\/\/roxxlyn.com\/it\/wp-json\/wp\/v2\/product_cat?post=1721"},{"taxonomy":"product_tag","embeddable":true,"href":"https:\/\/roxxlyn.com\/it\/wp-json\/wp\/v2\/product_tag?post=1721"}],"curies":[{"name":"wp","href":"https:\/\/api.w.org\/{rel}","templated":true}]}}