{"id":129,"date":"2020-08-13T16:25:06","date_gmt":"2020-08-13T16:25:06","guid":{"rendered":"https:\/\/roxxlyn.com\/?page_id=129"},"modified":"2024-11-14T17:45:38","modified_gmt":"2024-11-14T17:45:38","slug":"faq","status":"publish","type":"page","link":"https:\/\/roxxlyn.com\/it\/faq\/","title":{"rendered":"FAQ"},"content":{"rendered":"<div data-elementor-type=\"wp-page\" data-elementor-id=\"129\" class=\"elementor elementor-129\" data-elementor-post-type=\"page\">\n\t\t\t\t\t\t<section class=\"elementor-section elementor-top-section elementor-element elementor-element-3564859 elementor-section-boxed elementor-section-height-default elementor-section-height-default\" data-id=\"3564859\" data-element_type=\"section\" data-e-type=\"section\">\n\t\t\t\t\t\t<div class=\"elementor-container elementor-column-gap-default\">\n\t\t\t\t\t<div class=\"elementor-column elementor-col-100 elementor-top-column elementor-element elementor-element-4998c23\" data-id=\"4998c23\" data-element_type=\"column\" data-e-type=\"column\">\n\t\t\t<div class=\"elementor-widget-wrap elementor-element-populated\">\n\t\t\t\t\t\t<div class=\"elementor-element elementor-element-07c9ff0 elementor-widget elementor-widget-text-editor\" data-id=\"07c9ff0\" data-element_type=\"widget\" data-e-type=\"widget\" data-widget_type=\"text-editor.default\">\n\t\t\t\t<div class=\"elementor-widget-container\">\n\t\t\t\t\t\t\t\t\t<p><strong>1. I prodotti Roxxlyn sono davvero realizzati in vera pietra?<\/strong><br \/>S\u00ec, Roxxlyn utilizza solo pietra naturale autentica, come marmo e ardesia. Ogni pietra \u00e8 selezionata con cura per garantire la massima qualit\u00e0 e per mostrare la struttura e la bellezza uniche che solo la pietra autentica pu\u00f2 offrire.<\/p><p><strong>2. Dove vengono fabbricati i prodotti Roxxlyn?<\/strong><br \/>Tutti i nostri prodotti sono realizzati in Germania. Producendo localmente, manteniamo i pi\u00f9 alti standard di design, qualit\u00e0 e sostenibilit\u00e0. Ogni prodotto \u00e8 realizzato meticolosamente e abilmente a mano.<\/p><p><strong>3. Cosa rende l'ardesia cos\u00ec unica?<\/strong><br \/>L'ardesia presenta una caratteristica texture stratificata con una superficie sottilmente ruvida, che le conferisce un aspetto moderno e organico. Con il tempo, l'ardesia sviluppa una patina opaca che ne esalta il fascino naturale. I nostri prodotti in ardesia sono leggeri, resistenti e offrono una piacevole sensazione tattile e di presa.<\/p><p><strong>4. Quali sono le caratteristiche del marmo e come cambia nel tempo?<\/strong><br \/>Il marmo presenta una superficie lucida e brillante e venature caratteristiche. Con il tempo, la sua superficie pu\u00f2 perdere un po' di lucentezza a causa dell'usura. Tuttavia, la sua lucentezza originale pu\u00f2 essere facilmente ripristinata con una semplice lucidatura. Il marmo \u00e8 perfetto per chi apprezza un'estetica lussuosa e duratura.<\/p><p><strong>5. Come si curano il marmo e l'ardesia?<\/strong><\/p><p><strong>Marmo:<\/strong> \u00c8 sufficiente pulire la superficie del marmo con un panno morbido e umido. Se la superficie diventa opaca, \u00e8 possibile utilizzare un lucidante per ripristinarne la brillantezza. Nella nostra sezione \"Istruzioni\" offriamo prodotti e accessori compatibili per la cura del marmo, per facilitarne la lucidatura e la manutenzione.<br \/><strong>Ardesia<\/strong>: Per l'ardesia, utilizzare un po' di detergente per vetri e un panno morbido per pulire delicatamente la superficie. Questa semplice cura preserva la texture naturale e, con il tempo, l'ardesia sviluppa una patina attraente.<\/p><p><strong>6. L'ardesia e il marmo sono resistenti ai graffi?<\/strong><br \/>Le pietre naturali come l'ardesia e il marmo non sono del tutto resistenti ai graffi, quindi si consiglia di maneggiarle con un po' di attenzione. L'ardesia sviluppa una patina naturale nel tempo, che aiuta a camuffare i segni minori. Il marmo pu\u00f2 essere lucidato se necessario per rimuovere i graffi leggeri e ripristinare la sua finitura lucida.<\/p><p><strong>7. Come si sentono l'ardesia e il marmo?<\/strong><br \/>L'ardesia ha una finitura opaca e strutturata in modo naturale, che conferisce una sensazione moderna e terrena con una presa confortevole. Il marmo, invece, \u00e8 liscio, fresco e lucido, ideale per chi preferisce un aspetto lucido ed elegante. Entrambi i materiali offrono un'esperienza tattile impareggiabile.<\/p><p><strong>8. Il colore della pietra cambia nel tempo?<\/strong><br \/>Le nostre pietre naturali mantengono il loro colore e la loro struttura per molti anni. L'ardesia sviluppa una bella patina opaca, mentre la lucentezza del marmo pu\u00f2 essere mantenuta con una lucidatura occasionale. Entrambi i materiali sono resistenti ai raggi UV e non si scoloriscono nemmeno con la regolare esposizione al sole.<\/p><p><strong>9. L'ardesia \u00e8 adatta agli accessori come le custodie per il telefono?<\/strong><br \/>Assolutamente! Grazie a tecniche di lavorazione innovative, la nostra ardesia \u00e8 ultra-sottile ma resistente, ideale per gli accessori di uso quotidiano come le custodie per il telefono. La texture unica della pietra \u00e8 sicura e piacevole nella mano.<\/p><p><strong>10. Da dove si rifornisce Roxxlyn per le sue pietre?<\/strong><br \/>Ci riforniamo di pietre naturali da cave gestite in modo sostenibile e diamo priorit\u00e0 all'approvvigionamento responsabile dei materiali. Ogni pezzo viene sottoposto a un'accurata ispezione di qualit\u00e0 per soddisfare i nostri standard pi\u00f9 elevati, permettendo alla bellezza naturale della pietra di risplendere.<\/p>\t\t\t\t\t\t\t\t<\/div>\n\t\t\t\t<\/div>\n\t\t\t\t\t<\/div>\n\t\t<\/div>\n\t\t\t\t\t<\/div>\n\t\t<\/section>\n\t\t\t\t<\/div>","protected":false},"excerpt":{"rendered":"<p>1. I prodotti Roxxlyn sono davvero realizzati in vera pietra? S\u00ec, Roxxlyn utilizza solo vera pietra naturale, come marmo e ardesia. Ogni pietra viene selezionata con cura per garantire la massima qualit\u00e0...<\/p>","protected":false},"author":2904,"featured_media":0,"parent":0,"menu_order":0,"comment_status":"closed","ping_status":"closed","template":"","meta":{"inline_featured_image":false,"footnotes":""},"class_list":["post-129","page","type-page","status-publish","hentry"],"_links":{"self":[{"href":"https:\/\/roxxlyn.com\/it\/wp-json\/wp\/v2\/pages\/129","targetHints":{"allow":["GET"]}}],"collection":[{"href":"https:\/\/roxxlyn.com\/it\/wp-json\/wp\/v2\/pages"}],"about":[{"href":"https:\/\/roxxlyn.com\/it\/wp-json\/wp\/v2\/types\/page"}],"author":[{"embeddable":true,"href":"https:\/\/roxxlyn.com\/it\/wp-json\/wp\/v2\/users\/2904"}],"replies":[{"embeddable":true,"href":"https:\/\/roxxlyn.com\/it\/wp-json\/wp\/v2\/comments?post=129"}],"version-history":[{"count":0,"href":"https:\/\/roxxlyn.com\/it\/wp-json\/wp\/v2\/pages\/129\/revisions"}],"wp:attachment":[{"href":"https:\/\/roxxlyn.com\/it\/wp-json\/wp\/v2\/media?parent=129"}],"curies":[{"name":"wp","href":"https:\/\/api.w.org\/{rel}","templated":true}]}}