{"id":7552,"date":"2023-02-19T16:43:15","date_gmt":"2023-02-19T16:43:15","guid":{"rendered":"https:\/\/roxxlyn.com\/?post_type=product&#038;p=7552"},"modified":"2025-08-30T17:57:02","modified_gmt":"2025-08-30T17:57:02","slug":"marble-watch-nero-marquina-black-metal","status":"publish","type":"product","link":"https:\/\/roxxlyn.com\/fr\/shop\/marble-watch-nero-marquina-black-metal\/","title":{"rendered":"Montre Marbre - Nero Marquina - Black Metal"},"content":{"rendered":"","protected":false},"excerpt":{"rendered":"<p>Rehaussez votre style avec la montre The Real Marble Watch - Nero Marquina - une pi\u00e8ce d'horlogerie unique qui c\u00e9l\u00e8bre l'individualit\u00e9. Fabriqu\u00e9e \u00e0 la main en Allemagne, elle est dot\u00e9e d'un cadran en marbre ultrafin et l\u00e9ger provenant de la pierre Nero Marquina, tr\u00e8s recherch\u00e9e en Espagne, ce qui garantit qu'il n'y a pas deux montres identiques. Ses veines naturelles font de chaque pi\u00e8ce un tr\u00e9sor unique.<\/p>\n<p>Plus qu'un simple effet de mode, la Stone Watch est con\u00e7ue pour durer, avec un bo\u00eetier en acier inoxydable et un verre saphir pour une r\u00e9sistance sup\u00e9rieure aux chocs et aux conditions extr\u00eames. Elle est anim\u00e9e par un mouvement suisse Ronda 762 pr\u00e9cis, dot\u00e9 d'absorbeurs de chocs, pr\u00eat \u00e0 affronter toutes les aventures.<\/p>\n<p>Avec un diam\u00e8tre de 40 mm et une \u00e9paisseur de 8 mm, pesant seulement 90 grammes, son design minimaliste est parfait pour toutes les occasions, s'int\u00e9grant parfaitement \u00e0 une soir\u00e9e ou \u00e0 une journ\u00e9e au bureau.<\/p>\n<p>Investissez dans une montre aussi unique que vous. La montre Stone allie style, durabilit\u00e9 et fonctionnalit\u00e9. Procurez-vous la v\u00f4tre d\u00e8s aujourd'hui et am\u00e9liorez instantan\u00e9ment votre look.<\/p>","protected":false},"featured_media":9593,"template":"","meta":{"inline_featured_image":false},"product_brand":[],"product_cat":[155,127],"product_tag":[],"class_list":{"0":"post-7552","1":"product","2":"type-product","3":"status-publish","4":"has-post-thumbnail","6":"product_cat-marble-watch","7":"product_cat-watch","9":"first","10":"instock","11":"taxable","12":"shipping-taxable","13":"purchasable","14":"product-type-simple"},"exclude_global_add_ons":[],"addons":[],"_links":{"self":[{"href":"https:\/\/roxxlyn.com\/fr\/wp-json\/wp\/v2\/product\/7552","targetHints":{"allow":["GET"]}}],"collection":[{"href":"https:\/\/roxxlyn.com\/fr\/wp-json\/wp\/v2\/product"}],"about":[{"href":"https:\/\/roxxlyn.com\/fr\/wp-json\/wp\/v2\/types\/product"}],"version-history":[{"count":0,"href":"https:\/\/roxxlyn.com\/fr\/wp-json\/wp\/v2\/product\/7552\/revisions"}],"wp:featuredmedia":[{"embeddable":true,"href":"https:\/\/roxxlyn.com\/fr\/wp-json\/wp\/v2\/media\/9593"}],"wp:attachment":[{"href":"https:\/\/roxxlyn.com\/fr\/wp-json\/wp\/v2\/media?parent=7552"}],"wp:term":[{"taxonomy":"product_brand","embeddable":true,"href":"https:\/\/roxxlyn.com\/fr\/wp-json\/wp\/v2\/product_brand?post=7552"},{"taxonomy":"product_cat","embeddable":true,"href":"https:\/\/roxxlyn.com\/fr\/wp-json\/wp\/v2\/product_cat?post=7552"},{"taxonomy":"product_tag","embeddable":true,"href":"https:\/\/roxxlyn.com\/fr\/wp-json\/wp\/v2\/product_tag?post=7552"}],"curies":[{"name":"wp","href":"https:\/\/api.w.org\/{rel}","templated":true}]}}