{"id":745,"date":"2020-10-07T10:05:21","date_gmt":"2020-10-07T10:05:21","guid":{"rendered":"https:\/\/roxxlyn.com\/?post_type=product&#038;p=745"},"modified":"2025-09-25T15:12:06","modified_gmt":"2025-09-25T15:12:06","slug":"the-iphone-marble-case-nero-marquina","status":"publish","type":"product","link":"https:\/\/roxxlyn.com\/fr\/shop\/the-iphone-marble-case-nero-marquina\/","title":{"rendered":"L&#039;\u00e9tui iPhone Marble Nero Marquina"},"content":{"rendered":"<div data-elementor-type=\"wp-post\" data-elementor-id=\"745\" class=\"elementor elementor-745\" data-elementor-post-type=\"product\">\n\t\t\t\t\t\t<section class=\"elementor-section elementor-top-section elementor-element elementor-element-4fad3d1 elementor-section-boxed elementor-section-height-default elementor-section-height-default\" data-id=\"4fad3d1\" data-element_type=\"section\" data-e-type=\"section\" data-settings=\"{&quot;background_background&quot;:&quot;classic&quot;}\">\n\t\t\t\t\t\t<div class=\"elementor-container elementor-column-gap-default\">\n\t\t\t\t\t<div class=\"elementor-column elementor-col-100 elementor-top-column elementor-element elementor-element-e551091\" data-id=\"e551091\" data-element_type=\"column\" data-e-type=\"column\">\n\t\t\t<div class=\"elementor-widget-wrap elementor-element-populated\">\n\t\t\t\t\t\t<section class=\"elementor-section elementor-inner-section elementor-element elementor-element-c18f3bd elementor-section-boxed elementor-section-height-default elementor-section-height-default\" data-id=\"c18f3bd\" data-element_type=\"section\" data-e-type=\"section\">\n\t\t\t\t\t\t<div class=\"elementor-container elementor-column-gap-default\">\n\t\t\t\t\t<div class=\"elementor-column elementor-col-50 elementor-inner-column elementor-element elementor-element-d3dd10c\" data-id=\"d3dd10c\" data-element_type=\"column\" data-e-type=\"column\">\n\t\t\t<div class=\"elementor-widget-wrap elementor-element-populated\">\n\t\t\t\t\t\t<div class=\"elementor-element elementor-element-32a74fe elementor-widget elementor-widget-text-editor\" data-id=\"32a74fe\" data-element_type=\"widget\" data-e-type=\"widget\" data-widget_type=\"text-editor.default\">\n\t\t\t\t<div class=\"elementor-widget-container\">\n\t\t\t\t\t\t\t\t\t<p>Pr\u00e9sentation de la coque pour iPhone Nero Marquina Real Black Marble, un summum du luxe pour ceux qui exigent \u00e0 la fois style et substance. Fabriqu\u00e9 \u00e0 partir de marbre Nero Marquina authentique provenant des prestigieuses carri\u00e8res de Marquina, en Espagne, cet \u00e9tui n&#039;est pas seulement un accessoire de protection mais une pi\u00e8ce ma\u00eetresse. Chaque bo\u00eetier est unique, mettant en valeur la beaut\u00e9 naturelle et les veines complexes du marbre noir, poli \u00e0 la perfection pour rehausser son aspect luxueux.<\/p>\n<p>Fabriqu\u00e9e en Allemagne, cette coque allie la durabilit\u00e9 d&#039;une base en TPU \u00e0 l&#039;\u00e9l\u00e9gance du v\u00e9ritable marbre, offrant \u00e0 votre iPhone une protection in\u00e9gal\u00e9e sans compromettre le style. Malgr\u00e9 sa protection robuste, l&#039;\u00e9tui conserve un profil ultra fin, pesant environ 35 grammes, garantissant que votre appareil reste \u00e9l\u00e9gant et facile \u00e0 manipuler. La conception comprend une zone sur\u00e9lev\u00e9e autour des objectifs de l\u2019appareil photo pour les prot\u00e9ger des rayures et des impacts.<\/p>\n<p>La coque pour iPhone Nero Marquina est la quintessence de la sophistication, transformant votre appareil en un accessoire de luxe qui se d\u00e9marque. D\u00e9couvrez le summum de l&#039;\u00e9l\u00e9gance et de la protection avec ce chef-d&#039;\u0153uvre exquis fabriqu\u00e9 en Allemagne.<\/p>\t\t\t\t\t\t\t\t<\/div>\n\t\t\t\t<\/div>\n\t\t\t\t\t<\/div>\n\t\t<\/div>\n\t\t\t\t<div class=\"elementor-column elementor-col-50 elementor-inner-column elementor-element elementor-element-7c0f8d7\" data-id=\"7c0f8d7\" data-element_type=\"column\" data-e-type=\"column\">\n\t\t\t<div class=\"elementor-widget-wrap elementor-element-populated\">\n\t\t\t\t\t\t<div class=\"elementor-element elementor-element-91f1315 elementor-widget elementor-widget-video\" data-id=\"91f1315\" data-element_type=\"widget\" data-e-type=\"widget\" data-settings=\"{&quot;video_type&quot;:&quot;hosted&quot;,&quot;controls&quot;:&quot;yes&quot;}\" data-widget_type=\"video.default\">\n\t\t\t\t<div class=\"elementor-widget-container\">\n\t\t\t\t\t\t\t<div class=\"e-hosted-video elementor-wrapper elementor-open-inline\">\n\t\t\t\t\t<video class=\"elementor-video\" src=\"https:\/\/roxxlyn.com\/wp-content\/uploads\/2020\/11\/iPhone-Skin-inkl-Zubehor.66.mp4\" controls=\"\" preload=\"metadata\" controlslist=\"nodownload\"><\/video>\n\t\t\t\t<\/div>\n\t\t\t\t\t\t<\/div>\n\t\t\t\t<\/div>\n\t\t\t\t\t<\/div>\n\t\t<\/div>\n\t\t\t\t\t<\/div>\n\t\t<\/section>\n\t\t\t\t<div class=\"elementor-element elementor-element-56bab67 elementor-widget elementor-widget-video\" data-id=\"56bab67\" data-element_type=\"widget\" data-e-type=\"widget\" data-settings=\"{&quot;video_type&quot;:&quot;hosted&quot;,&quot;controls&quot;:&quot;yes&quot;}\" data-widget_type=\"video.default\">\n\t\t\t\t<div class=\"elementor-widget-container\">\n\t\t\t\t\t\t\t<div class=\"e-hosted-video elementor-wrapper elementor-open-inline\">\n\t\t\t\t\t<video class=\"elementor-video\" src=\"https:\/\/roxxlyn.com\/wp-content\/uploads\/2020\/11\/iPhone-Skin-inkl-Zubehor.61.mp4\" controls=\"\" preload=\"metadata\" controlslist=\"nodownload\"><\/video>\n\t\t\t\t<\/div>\n\t\t\t\t\t\t<\/div>\n\t\t\t\t<\/div>\n\t\t\t\t<section class=\"elementor-section elementor-inner-section elementor-element elementor-element-7afd2dd elementor-section-boxed elementor-section-height-default elementor-section-height-default\" data-id=\"7afd2dd\" data-element_type=\"section\" data-e-type=\"section\">\n\t\t\t\t\t\t<div class=\"elementor-container elementor-column-gap-default\">\n\t\t\t\t\t<div class=\"elementor-column elementor-col-50 elementor-inner-column elementor-element elementor-element-0465d3f\" data-id=\"0465d3f\" data-element_type=\"column\" data-e-type=\"column\">\n\t\t\t<div class=\"elementor-widget-wrap elementor-element-populated\">\n\t\t\t\t\t\t<div class=\"elementor-element elementor-element-217c79a elementor-widget elementor-widget-text-editor\" data-id=\"217c79a\" data-element_type=\"widget\" data-e-type=\"widget\" data-widget_type=\"text-editor.default\">\n\t\t\t\t<div class=\"elementor-widget-container\">\n\t\t\t\t\t\t\t\t\t<p>Pr\u00e9sentation du marbre : Nero Marquina<\/p>\t\t\t\t\t\t\t\t<\/div>\n\t\t\t\t<\/div>\n\t\t\t\t<div class=\"elementor-element elementor-element-519a3f3 elementor-widget elementor-widget-text-editor\" data-id=\"519a3f3\" data-element_type=\"widget\" data-e-type=\"widget\" data-widget_type=\"text-editor.default\">\n\t\t\t\t<div class=\"elementor-widget-container\">\n\t\t\t\t\t\t\t\t\t<p>Nero Marquina est l'une des pierres naturelles les plus recherch\u00e9es en Espagne. Un mat\u00e9riau porteur de si\u00e8cles d'histoire de l'art et de l'architecture, qui satisfait le d\u00e9sir de naturel et d'unicit\u00e9. Ce marbre noir peut \u00eatre admir\u00e9 dans des b\u00e2timents du monde entier. Le Nero Marquina est extrait dans les villes espagnoles d'Aulestia et de Marquina. L'aspect \u00e9l\u00e9gant du Nero Marquina se caract\u00e9rise par la finesse de ses stries.<\/p>\t\t\t\t\t\t\t\t<\/div>\n\t\t\t\t<\/div>\n\t\t\t\t\t<\/div>\n\t\t<\/div>\n\t\t\t\t<div class=\"elementor-column elementor-col-50 elementor-inner-column elementor-element elementor-element-f3b5a6a\" data-id=\"f3b5a6a\" data-element_type=\"column\" data-e-type=\"column\">\n\t\t\t<div class=\"elementor-widget-wrap elementor-element-populated\">\n\t\t\t\t\t\t<div class=\"elementor-element elementor-element-589e589 elementor-widget elementor-widget-text-editor\" data-id=\"589e589\" data-element_type=\"widget\" data-e-type=\"widget\" data-widget_type=\"text-editor.default\">\n\t\t\t\t<div class=\"elementor-widget-container\">\n\t\t\t\t\t\t\t\t\tAu cours de milliers d'ann\u00e9es, une combinaison de carbonate de calcium et de constituants charg\u00e9s de calcium a donn\u00e9 naissance \u00e0 une pierre naturelle dure. La coloration noire particuli\u00e8re du Nero Marquina est due \u00e0 l'accumulation naturelle de bitume. Les veines de quartz blanc se sont ensuite form\u00e9es dans la roche. Les fractures existantes dans la roche ont \u00e9t\u00e9 \"gu\u00e9ries\" par la cristallisation du quartz et la Nero Marquina a pris son aspect actuel.\t\t\t\t\t\t\t\t<\/div>\n\t\t\t\t<\/div>\n\t\t\t\t<div class=\"elementor-element elementor-element-5589e20 elementor-widget elementor-widget-text-editor\" data-id=\"5589e20\" data-element_type=\"widget\" data-e-type=\"widget\" data-widget_type=\"text-editor.default\">\n\t\t\t\t<div class=\"elementor-widget-container\">\n\t\t\t\t\t\t\t\t\tLes fines veines blanches dans la structure de la pierre noire rendent cette pierre particuli\u00e8rement attrayante. Avec une surface polie ou ponc\u00e9e, elle d\u00e9ploie une atmosph\u00e8re exclusive et rayonne de luxe.\t\t\t\t\t\t\t\t<\/div>\n\t\t\t\t<\/div>\n\t\t\t\t\t<\/div>\n\t\t<\/div>\n\t\t\t\t\t<\/div>\n\t\t<\/section>\n\t\t\t\t<div class=\"elementor-element elementor-element-e7512c5 elementor-widget elementor-widget-video\" data-id=\"e7512c5\" data-element_type=\"widget\" data-e-type=\"widget\" data-settings=\"{&quot;video_type&quot;:&quot;vimeo&quot;}\" data-widget_type=\"video.default\">\n\t\t\t\t<div class=\"elementor-widget-container\">\n\t\t\t\t\t\t\t<div class=\"elementor-wrapper elementor-open-inline\">\n\t\t\t<iframe class=\"elementor-video-iframe\" allowfullscreen allow=\"clipboard-write\" title=\"vimeo Vid\u00e9o Oynat\u0131c\u0131\" src=\"https:\/\/player.vimeo.com\/video\/290503829?color&amp;autopause=0&amp;loop=0&amp;muted=0&amp;title=1&amp;portrait=1&amp;byline=1#t=\"><\/iframe>\t\t<\/div>\n\t\t\t\t\t\t<\/div>\n\t\t\t\t<\/div>\n\t\t\t\t\t<\/div>\n\t\t<\/div>\n\t\t\t\t\t<\/div>\n\t\t<\/section>\n\t\t\t\t<\/div>","protected":false},"excerpt":{"rendered":"<p data-start=\"367\" data-end=\"697\">\u00c9levez votre nouveau <strong data-start=\"384\" data-end=\"449\">iPhone 17, iPhone 17 Pro, iPhone 17 Pro Max, ou iPhone 17 Air<\/strong> avec le <strong data-start=\"459\" data-end=\"493\">Bo\u00eetier en marbre v\u00e9ritable Nero Marquina<\/strong>Les coffrets sont fabriqu\u00e9s \u00e0 la main \u00e0 partir de marbre noir authentique provenant de Marquina, en Espagne. Chaque bo\u00eete est vraiment unique, avec un veinage blanc naturel saisissant. <strong data-start=\"637\" data-end=\"663\">poli \u00e0 la perfection<\/strong> pour un look luxueux et intemporel. Construit sur un <strong data-start=\"710\" data-end=\"736\">base TPU durable<\/strong>Cet \u00e9tui offre une protection solide contre l'usure quotidienne tout en conservant un profil fin et \u00e9l\u00e9gant. L'\u00e9tui <strong data-start=\"839\" data-end=\"873\">bords de l'appareil photo et de l'\u00e9cran sur\u00e9lev\u00e9s<\/strong> garantissent une s\u00e9curit\u00e9 accrue sans compromettre l'\u00e9l\u00e9gance. Fi\u00e8rement <strong data-start=\"938\" data-end=\"957\">Fabriqu\u00e9 en Allemagne<\/strong>L'\u00e9tui Nero Marquina pour iPhone 17 est plus qu'une simple protection, c'est un v\u00e9ritable outil de travail. <strong data-start=\"1030\" data-end=\"1064\">pi\u00e8ce de d\u00e9claration en marbre v\u00e9ritable<\/strong>Le syst\u00e8me de gestion de l'information de l'Union europ\u00e9enne (UE), qui allie une sophistication in\u00e9gal\u00e9e \u00e0 une fonctionnalit\u00e9 moderne, a \u00e9t\u00e9 mis au point par l'UE.<\/p>","protected":false},"featured_media":12780,"template":"","meta":{"inline_featured_image":false},"product_brand":[],"product_cat":[66],"product_tag":[153,152],"class_list":{"0":"post-745","1":"product","2":"type-product","3":"status-publish","4":"has-post-thumbnail","6":"product_cat-iphone-cases","7":"product_tag-iphone-marble-case","8":"product_tag-nero-marquina","10":"first","11":"instock","12":"featured","13":"taxable","14":"shipping-taxable","15":"purchasable","16":"product-type-variable","17":"has-default-attributes"},"exclude_global_add_ons":false,"addons":[{"name":"Couture sur mesure","type":"checkbox","position":0,"required":false,"title_format":"label","default":"","description_enable":false,"description":"","placeholder_enable":false,"placeholder":"","display":"select","restrictions_type":"any_text","adjust_price":false,"price":"","price_type":"flat_fee","restrictions":false,"min":"0","max":"0","options":[{"label":"Upgrade your case with a super-strong N52 grade 1.55 mm MagSafe magnet for seamless attachment and faster, more stable wireless charging","price":"10","price_type":"flat_fee","image":0,"visibility":true},{"label":"Opt for a design featuring darker tones and minimal white veins for a sleek, uniform appearance.","price":"","price_type":"flat_fee","image":0,"visibility":true},{"label":"Opt for a design that emphasizes rich white veins for a touch of natural sophistication.","price":"15","price_type":"flat_fee","image":0,"visibility":true},{"label":"Reveal the iconic Apple logo with a precise cut-out on the stone surface, unveiling a sleek black satin-matte underside for a striking contrast and personal touch.","price":"15","price_type":"flat_fee","image":0,"visibility":true},{"label":"Enhance your device with a white engraved Apple logo, crafted over two days for elegance and sophistication.","price":"20","price_type":"flat_fee","image":0,"visibility":true},{"label":"Premium Liquid Care with dust-repellent, antistatic protection and a lasting matte effect. Specially designed to preserve and protect your case.","price":"5","price_type":"flat_fee","image":0,"visibility":false},{"label":"A premium marble liquid polish that enhances and protects the natural beauty of your marble surfaces, providing a lasting, brilliant shine.","price":"5","price_type":"flat_fee","image":0,"visibility":true},{"label":"Microfiber Polishing Cloth: A soft, high-quality microfiber cloth designed for polishing marble surfaces. It delivers a streak-free, brilliant shine without scratching, perfect for maintaining your marble's natural beauty.","price":"5","price_type":"flat_fee","image":0,"visibility":false}],"id":1757681666}],"_links":{"self":[{"href":"https:\/\/roxxlyn.com\/fr\/wp-json\/wp\/v2\/product\/745","targetHints":{"allow":["GET"]}}],"collection":[{"href":"https:\/\/roxxlyn.com\/fr\/wp-json\/wp\/v2\/product"}],"about":[{"href":"https:\/\/roxxlyn.com\/fr\/wp-json\/wp\/v2\/types\/product"}],"version-history":[{"count":0,"href":"https:\/\/roxxlyn.com\/fr\/wp-json\/wp\/v2\/product\/745\/revisions"}],"wp:featuredmedia":[{"embeddable":true,"href":"https:\/\/roxxlyn.com\/fr\/wp-json\/wp\/v2\/media\/12780"}],"wp:attachment":[{"href":"https:\/\/roxxlyn.com\/fr\/wp-json\/wp\/v2\/media?parent=745"}],"wp:term":[{"taxonomy":"product_brand","embeddable":true,"href":"https:\/\/roxxlyn.com\/fr\/wp-json\/wp\/v2\/product_brand?post=745"},{"taxonomy":"product_cat","embeddable":true,"href":"https:\/\/roxxlyn.com\/fr\/wp-json\/wp\/v2\/product_cat?post=745"},{"taxonomy":"product_tag","embeddable":true,"href":"https:\/\/roxxlyn.com\/fr\/wp-json\/wp\/v2\/product_tag?post=745"}],"curies":[{"name":"wp","href":"https:\/\/api.w.org\/{rel}","templated":true}]}}