{"id":66,"date":"2020-08-12T11:49:00","date_gmt":"2020-08-12T11:49:00","guid":{"rendered":"https:\/\/roxxlyn.com\/?post_type=product&#038;p=66"},"modified":"2026-03-04T16:12:55","modified_gmt":"2026-03-04T16:12:55","slug":"the-macbook-slate-skin-black-rock","status":"publish","type":"product","link":"https:\/\/roxxlyn.com\/fr\/shop\/the-macbook-slate-skin-black-rock\/","title":{"rendered":"La peau de l'ardoise MacBook Black Rock"},"content":{"rendered":"<div data-elementor-type=\"wp-post\" data-elementor-id=\"66\" class=\"elementor elementor-66\" data-elementor-post-type=\"product\">\n\t\t\t\t\t\t<section class=\"elementor-section elementor-top-section elementor-element elementor-element-415b4ae elementor-section-boxed elementor-section-height-default elementor-section-height-default\" data-id=\"415b4ae\" data-element_type=\"section\" data-e-type=\"section\" data-settings=\"{&quot;background_background&quot;:&quot;classic&quot;}\">\n\t\t\t\t\t\t<div class=\"elementor-container elementor-column-gap-default\">\n\t\t\t\t\t<div class=\"elementor-column elementor-col-100 elementor-top-column elementor-element elementor-element-597b156\" data-id=\"597b156\" data-element_type=\"column\" data-e-type=\"column\">\n\t\t\t<div class=\"elementor-widget-wrap elementor-element-populated\">\n\t\t\t\t\t\t<div class=\"elementor-element elementor-element-7be3c16 elementor-widget elementor-widget-video\" data-id=\"7be3c16\" data-element_type=\"widget\" data-e-type=\"widget\" data-settings=\"{&quot;video_type&quot;:&quot;vimeo&quot;,&quot;autoplay&quot;:&quot;yes&quot;,&quot;play_on_mobile&quot;:&quot;yes&quot;,&quot;mute&quot;:&quot;yes&quot;,&quot;loop&quot;:&quot;yes&quot;}\" data-widget_type=\"video.default\">\n\t\t\t\t<div class=\"elementor-widget-container\">\n\t\t\t\t\t\t\t<div class=\"elementor-wrapper elementor-open-inline\">\n\t\t\t<iframe class=\"elementor-video-iframe\" allowfullscreen allow=\"autoplay\" title=\"vimeo p\u0159ehr\u00e1va\u010d videa\" src=\"https:\/\/player.vimeo.com\/video\/1017613452?autoplay=1&amp;playsinline=1&amp;color&amp;autopause=0&amp;loop=1&amp;muted=1&amp;title=1&amp;portrait=1&amp;byline=1#t=\" data-no-translation-title=\"\"><\/iframe>\t\t<\/div>\n\t\t\t\t\t\t<\/div>\n\t\t\t\t<\/div>\n\t\t\t\t<section class=\"elementor-section elementor-inner-section elementor-element elementor-element-d71c1e6 elementor-section-boxed elementor-section-height-default elementor-section-height-default\" data-id=\"d71c1e6\" data-element_type=\"section\" data-e-type=\"section\">\n\t\t\t\t\t\t<div class=\"elementor-container elementor-column-gap-default\">\n\t\t\t\t\t<div class=\"elementor-column elementor-col-100 elementor-inner-column elementor-element elementor-element-500ee0d\" data-id=\"500ee0d\" data-element_type=\"column\" data-e-type=\"column\">\n\t\t\t<div class=\"elementor-widget-wrap elementor-element-populated\">\n\t\t\t\t\t\t<div class=\"elementor-element elementor-element-9e0e074 elementor-widget elementor-widget-text-editor\" data-id=\"9e0e074\" data-element_type=\"widget\" data-e-type=\"widget\" data-widget_type=\"text-editor.default\">\n\t\t\t\t<div class=\"elementor-widget-container\">\n\t\t\t\t\t\t\t\t\t<p>Rehaussez votre MacBook avec le <strong>Peau d'ardoise Roche noire<\/strong>L'\u00e9tui MacBookMC est un chef-d'\u0153uvre en pierre v\u00e9ritable fabriqu\u00e9 \u00e0 la main et con\u00e7u pour s'adapter \u00e0 votre appareil comme une seconde peau. Chaque \u00e9tui pr\u00e9sente une teinte noire-grise naturelle et une texture de pierre unique, ce qui rend votre MacBook vraiment unique. L\u00e9ger comme une plume et fin comme 1 mm, ce rev\u00eatement ultrafin pr\u00e9serve les lignes \u00e9pur\u00e9es de votre appareil tout en offrant une protection durable contre les rayures et la salet\u00e9.<\/p><p>Gr\u00e2ce \u00e0 notre ruban adh\u00e9sif double face sp\u00e9cialement con\u00e7u en Allemagne, vous pouvez appliquer et retirer la peau sans effort, sans laisser de r\u00e9sidus collants. Avec seulement 35 grammes, vous sentirez \u00e0 peine la diff\u00e9rence, mais votre MacBook se distinguera \u00e0 tous points de vue. Plus qu'une simple protection, il s'agit d'une am\u00e9lioration artistique qui apporte une beaut\u00e9 naturelle et un savoir-faire in\u00e9gal\u00e9 \u00e0 votre appareil.<\/p><p><span style=\"text-decoration: underline;\"><strong>Pourquoi choisir Slate Skin Black Rock ?<\/strong><\/span><\/p><ul><li><strong>Pierre v\u00e9ritable, impact r\u00e9el<\/strong>: Fabriqu\u00e9e \u00e0 la main \u00e0 partir de pierre d'ardoise v\u00e9ritable, chaque peau pr\u00e9sente un grain et une texture naturels qui sont aussi uniques que vous.<\/li><li><strong>L\u00e9ger comme une plume et ultra-mince<\/strong>: Pesant seulement 35 grammes et mesurant 1 mm d'\u00e9paisseur, la peau offre une protection sans encombrement.<\/li><li><strong>Application facile, pas de r\u00e9sidus<\/strong>: Dot\u00e9 d'un ruban adh\u00e9sif double face personnalis\u00e9 fabriqu\u00e9 en Allemagne, il s'applique et s'enl\u00e8ve facilement sans laisser de traces collantes.<\/li><li><strong>Fabriqu\u00e9 \u00e0 la main \u00e0 Berlin<\/strong>: Chaque peau est fabriqu\u00e9e avec soin et pr\u00e9cision \u00e0 Berlin, ce qui garantit un travail artisanal de haute qualit\u00e9.<\/li><\/ul><p>Cette housse pour ardoise n'est pas une simple couverture, c'est une d\u00e9claration de style, d'individualit\u00e9 et d'\u00e9l\u00e9gance. Prot\u00e9gez votre MacBook tout en le transformant en une v\u00e9ritable t\u00eate d'affiche. <em>Attention : je ne suis pas un cas !<\/em><\/p>\t\t\t\t\t\t\t\t<\/div>\n\t\t\t\t<\/div>\n\t\t\t\t<div class=\"elementor-element elementor-element-9a45c83 elementor-widget elementor-widget-text-editor\" data-id=\"9a45c83\" data-element_type=\"widget\" data-e-type=\"widget\" data-widget_type=\"text-editor.default\">\n\t\t\t\t<div class=\"elementor-widget-container\">\n\t\t\t\t\t\t\t\t\t<p><blockquote class=\"wp-embedded-content\" data-secret=\"YXrDvgatY1\"><a href=\"https:\/\/roxxlyn.com\/fr\/instructions\/\">Instructions<\/a><\/blockquote><iframe class=\"wp-embedded-content\" sandbox=\"allow-scripts\" security=\"restricted\" style=\"position: absolute; visibility: hidden;\" title=\"\u00ab\u00a0Instructions\u00a0\u00bb \u2014 ROXXLYN\" src=\"https:\/\/roxxlyn.com\/instructions\/embed\/#?secret=qe5rNxBNvu#?secret=YXrDvgatY1\" data-secret=\"YXrDvgatY1\" width=\"600\" height=\"338\" frameborder=\"0\" marginwidth=\"0\" marginheight=\"0\" scrolling=\"no\"><\/iframe><\/p>\t\t\t\t\t\t\t\t<\/div>\n\t\t\t\t<\/div>\n\t\t\t\t\t<\/div>\n\t\t<\/div>\n\t\t\t\t\t<\/div>\n\t\t<\/section>\n\t\t\t\t<div class=\"elementor-element elementor-element-396757a elementor-widget elementor-widget-video\" data-id=\"396757a\" data-element_type=\"widget\" data-e-type=\"widget\" data-settings=\"{&quot;video_type&quot;:&quot;vimeo&quot;}\" data-widget_type=\"video.default\">\n\t\t\t\t<div class=\"elementor-widget-container\">\n\t\t\t\t\t\t\t<div class=\"elementor-wrapper elementor-open-inline\">\n\t\t\t<iframe class=\"elementor-video-iframe\" allowfullscreen allow=\"clipboard-write\" title=\"vimeo p\u0159ehr\u00e1va\u010d videa\" src=\"https:\/\/player.vimeo.com\/video\/135730659?color&amp;autopause=0&amp;loop=0&amp;muted=0&amp;title=1&amp;portrait=1&amp;byline=1#t=\" data-no-translation-title=\"\"><\/iframe>\t\t<\/div>\n\t\t\t\t\t\t<\/div>\n\t\t\t\t<\/div>\n\t\t\t\t<div class=\"elementor-element elementor-element-61b67c9 elementor-widget elementor-widget-video\" data-id=\"61b67c9\" data-element_type=\"widget\" data-e-type=\"widget\" data-settings=\"{&quot;video_type&quot;:&quot;vimeo&quot;}\" data-widget_type=\"video.default\">\n\t\t\t\t<div class=\"elementor-widget-container\">\n\t\t\t\t\t\t\t<div class=\"elementor-wrapper elementor-open-inline\">\n\t\t\t<iframe class=\"elementor-video-iframe\" allowfullscreen allow=\"clipboard-write\" title=\"vimeo p\u0159ehr\u00e1va\u010d videa\" src=\"https:\/\/player.vimeo.com\/video\/290503829?color&amp;autopause=0&amp;loop=0&amp;muted=0&amp;title=1&amp;portrait=1&amp;byline=1#t=\" data-no-translation-title=\"\"><\/iframe>\t\t<\/div>\n\t\t\t\t\t\t<\/div>\n\t\t\t\t<\/div>\n\t\t\t\t\t<\/div>\n\t\t<\/div>\n\t\t\t\t\t<\/div>\n\t\t<\/section>\n\t\t\t\t<\/div>","protected":false},"excerpt":{"rendered":"<p>Transformez votre MacBook avec le <strong>Peau d'ardoise Roche noire<\/strong>-Une peau artisanale, ultra-mince (1 mm) et l\u00e9g\u00e8re (35 g), fabriqu\u00e9e \u00e0 partir de pierre v\u00e9ritable. Avec sa texture unique de pierre noire et grise et son adh\u00e9sif con\u00e7u en Allemagne, elle offre une application, une protection et un style faciles sans laisser de r\u00e9sidus. <em>Il ne s'agit pas d'un \u00e9tui, mais d'un pur travail d'artisan.<\/em><\/p>","protected":false},"featured_media":10382,"template":"","meta":{"inline_featured_image":false},"product_brand":[],"product_cat":[48],"product_tag":[],"class_list":{"0":"post-66","1":"product","2":"type-product","3":"status-publish","4":"has-post-thumbnail","6":"product_cat-macbook","8":"first","9":"instock","10":"featured","11":"taxable","12":"shipping-taxable","13":"purchasable","14":"product-type-variable","15":"has-default-attributes"},"exclude_global_add_ons":false,"addons":[{"name":"Couture sur mesure","type":"checkbox","position":0,"required":false,"title_format":"heading","default":"","description_enable":false,"description":"","placeholder_enable":false,"placeholder":"","display":"radiobutton","restrictions_type":"any_text","adjust_price":false,"price":"","price_type":"flat_fee","restrictions":false,"min":"0","max":"0","options":[{"label":"Bottom Skin - you like to get a more 360 look and have an additional Slate Skin for the bottom of your device","price":"22","price_type":"flat_fee","image":1296,"visibility":true},{"label":"No Apple Logo","price":"","price_type":"flat_fee","image":0,"visibility":true},{"label":"Heavy Texture - You want thicker pieces of stone with extra tactile feedback, this is the one for you.","price":"20","price_type":"flat_fee","image":0,"visibility":true},{"label":"Stone surface as dark as possible","price":"","price_type":"flat_fee","image":0,"visibility":true},{"label":"Apple Logo Guard Film - Highly transparent glossy polyurethane film with outstanding UV-resistance, excellent tear strength, and self-healing surface. That means light scratches on the surface (e.g. originating from squeegees, cleaning brushes) can be removed easily by applying heat (e.g. solar radiation, heat gun)","price":"5","price_type":"flat_fee","image":0,"visibility":true},{"label":"100% Easy Removal Layer, we developed an additional layer for an even more convenient removal anytime you decide to remove your slate skin in the future. Zero adhesive residues","price":"5","price_type":"flat_fee","image":0,"visibility":true}],"id":1687279607}],"_links":{"self":[{"href":"https:\/\/roxxlyn.com\/fr\/wp-json\/wp\/v2\/product\/66","targetHints":{"allow":["GET"]}}],"collection":[{"href":"https:\/\/roxxlyn.com\/fr\/wp-json\/wp\/v2\/product"}],"about":[{"href":"https:\/\/roxxlyn.com\/fr\/wp-json\/wp\/v2\/types\/product"}],"version-history":[{"count":1,"href":"https:\/\/roxxlyn.com\/fr\/wp-json\/wp\/v2\/product\/66\/revisions"}],"predecessor-version":[{"id":14894,"href":"https:\/\/roxxlyn.com\/fr\/wp-json\/wp\/v2\/product\/66\/revisions\/14894"}],"wp:featuredmedia":[{"embeddable":true,"href":"https:\/\/roxxlyn.com\/fr\/wp-json\/wp\/v2\/media\/10382"}],"wp:attachment":[{"href":"https:\/\/roxxlyn.com\/fr\/wp-json\/wp\/v2\/media?parent=66"}],"wp:term":[{"taxonomy":"product_brand","embeddable":true,"href":"https:\/\/roxxlyn.com\/fr\/wp-json\/wp\/v2\/product_brand?post=66"},{"taxonomy":"product_cat","embeddable":true,"href":"https:\/\/roxxlyn.com\/fr\/wp-json\/wp\/v2\/product_cat?post=66"},{"taxonomy":"product_tag","embeddable":true,"href":"https:\/\/roxxlyn.com\/fr\/wp-json\/wp\/v2\/product_tag?post=66"}],"curies":[{"name":"wp","href":"https:\/\/api.w.org\/{rel}","templated":true}]}}