{"id":5991,"date":"2022-08-20T14:45:15","date_gmt":"2022-08-20T14:45:15","guid":{"rendered":"https:\/\/roxxlyn.com\/?post_type=product&#038;p=5991"},"modified":"2025-09-14T13:30:06","modified_gmt":"2025-09-14T13:30:06","slug":"the-real-slate-metal-magnetic-airtag-case-black-rock","status":"publish","type":"product","link":"https:\/\/roxxlyn.com\/fr\/shop\/the-real-slate-metal-magnetic-airtag-case-black-rock\/","title":{"rendered":"\u00c9tui en pierre v\u00e9ritable + aluminium CNC : fabriqu\u00e9 \u00e0 la main en Allemagne pour Apple AirTags"},"content":{"rendered":"<div data-elementor-type=\"wp-post\" data-elementor-id=\"5991\" class=\"elementor elementor-5991\" data-elementor-post-type=\"product\">\n\t\t\t\t\t\t<section class=\"elementor-section elementor-top-section elementor-element elementor-element-1761437 elementor-section-boxed elementor-section-height-default elementor-section-height-default\" data-id=\"1761437\" data-element_type=\"section\" data-e-type=\"section\" data-settings=\"{&quot;background_background&quot;:&quot;classic&quot;}\">\n\t\t\t\t\t\t<div class=\"elementor-container elementor-column-gap-default\">\n\t\t\t\t\t<div class=\"elementor-column elementor-col-100 elementor-top-column elementor-element elementor-element-686c732\" data-id=\"686c732\" data-element_type=\"column\" data-e-type=\"column\">\n\t\t\t<div class=\"elementor-widget-wrap elementor-element-populated\">\n\t\t\t\t\t\t<div class=\"elementor-element elementor-element-18411c7 elementor-widget elementor-widget-video\" data-id=\"18411c7\" data-element_type=\"widget\" data-e-type=\"widget\" data-settings=\"{&quot;video_type&quot;:&quot;hosted&quot;,&quot;autoplay&quot;:&quot;yes&quot;,&quot;loop&quot;:&quot;yes&quot;,&quot;play_on_mobile&quot;:&quot;yes&quot;,&quot;mute&quot;:&quot;yes&quot;,&quot;controls&quot;:&quot;yes&quot;}\" data-widget_type=\"video.default\">\n\t\t\t\t<div class=\"elementor-widget-container\">\n\t\t\t\t\t\t\t<div class=\"e-hosted-video elementor-wrapper elementor-open-inline\">\n\t\t\t\t\t<video class=\"elementor-video\" src=\"https:\/\/roxxlyn.com\/wp-content\/uploads\/2022\/08\/airtag-metal-roxxlyn.mp4\" autoplay=\"\" loop=\"\" controls=\"\" muted=\"muted\" playsinline=\"\" controlslist=\"nodownload\"><\/video>\n\t\t\t\t<\/div>\n\t\t\t\t\t\t<\/div>\n\t\t\t\t<\/div>\n\t\t\t\t<div class=\"elementor-element elementor-element-7a894e0 elementor-widget elementor-widget-text-editor\" data-id=\"7a894e0\" data-element_type=\"widget\" data-e-type=\"widget\" data-widget_type=\"text-editor.default\">\n\t\t\t\t<div class=\"elementor-widget-container\">\n\t\t\t\t\t\t\t\t\t<p><span style=\"text-decoration: underline;\">Qu&#039;est-ce qu&#039;il y a dans l&#039;envoi\u00a0:<\/span><\/p><p>1 x \u00c9tui en aluminium anodis\u00e9 noir mat avec aimants pour vos Apple Airtags<br \/>1 x Mousqueton couleur pistolet<br \/>1 x Peau en pierre d'ardoise v\u00e9ritable avec ou sans d\u00e9coupe de pomme - au choix<br \/>3 x autocollants de haute qualit\u00e9 ORAFOL noir mat (recto + verso) - prot\u00e8gent le mat\u00e9riau blanc + argent\u00e9 situ\u00e9 sous la pierre et cr\u00e9ent un superbe contraste.<br \/>1 x carte de remerciement avec lien d&#039;instructions vers un manuel d\u00e9taill\u00e9 sur la configuration correcte. L&#039;installation prend max. 3min<\/p><p><blockquote class=\"wp-embedded-content\" data-secret=\"tY9wcg5NkI\"><a href=\"https:\/\/roxxlyn.com\/fr\/instructions\/\">Instructions<\/a><\/blockquote><iframe class=\"wp-embedded-content\" sandbox=\"allow-scripts\" security=\"restricted\" style=\"position: absolute; visibility: hidden;\" title=\"\u00ab\u00a0Instructions\u00a0\u00bb \u2014 ROXXLYN\" src=\"https:\/\/roxxlyn.com\/instructions\/embed\/#?secret=KIUet8qPFz#?secret=tY9wcg5NkI\" data-secret=\"tY9wcg5NkI\" width=\"600\" height=\"338\" frameborder=\"0\" marginwidth=\"0\" marginheight=\"0\" scrolling=\"no\"><\/iframe><\/p><p>L'article est exp\u00e9di\u00e9 d'Allemagne.<\/p>\t\t\t\t\t\t\t\t<\/div>\n\t\t\t\t<\/div>\n\t\t\t\t\t<\/div>\n\t\t<\/div>\n\t\t\t\t\t<\/div>\n\t\t<\/section>\n\t\t\t\t<section class=\"elementor-section elementor-top-section elementor-element elementor-element-4fad3d1 elementor-section-boxed elementor-section-height-default elementor-section-height-default\" data-id=\"4fad3d1\" data-element_type=\"section\" data-e-type=\"section\" data-settings=\"{&quot;background_background&quot;:&quot;classic&quot;}\">\n\t\t\t\t\t\t<div class=\"elementor-container elementor-column-gap-default\">\n\t\t\t\t\t<div class=\"elementor-column elementor-col-100 elementor-top-column elementor-element elementor-element-e551091\" data-id=\"e551091\" data-element_type=\"column\" data-e-type=\"column\">\n\t\t\t<div class=\"elementor-widget-wrap elementor-element-populated\">\n\t\t\t\t\t\t<div class=\"elementor-element elementor-element-e7512c5 elementor-widget elementor-widget-video\" data-id=\"e7512c5\" data-element_type=\"widget\" data-e-type=\"widget\" data-settings=\"{&quot;video_type&quot;:&quot;vimeo&quot;}\" data-widget_type=\"video.default\">\n\t\t\t\t<div class=\"elementor-widget-container\">\n\t\t\t\t\t\t\t<div class=\"elementor-wrapper elementor-open-inline\">\n\t\t\t<iframe class=\"elementor-video-iframe\" allowfullscreen allow=\"clipboard-write\" title=\"vimeo Video Player\" src=\"https:\/\/player.vimeo.com\/video\/290503829?color&amp;autopause=0&amp;loop=0&amp;muted=0&amp;title=1&amp;portrait=1&amp;byline=1#t=\" data-no-translation-title=\"\"><\/iframe>\t\t<\/div>\n\t\t\t\t\t\t<\/div>\n\t\t\t\t<\/div>\n\t\t\t\t\t<\/div>\n\t\t<\/div>\n\t\t\t\t\t<\/div>\n\t\t<\/section>\n\t\t\t\t<\/div>","protected":false},"excerpt":{"rendered":"<p>Le nouvel \u00e9tui Black Rock en pierre v\u00e9ritable + aluminium CNC + aimants pour Apple AirTags est \u00e0 la fois classique et discret. Fabriqu\u00e9 \u00e0 la main en Allemagne, cet \u00e9tui exceptionnel et unique offre une protection optimale \u00e0 votre Apple AirTags lors de vos d\u00e9placements quotidiens. Le bo\u00eetier en aluminium de haute qualit\u00e9, frais\u00e9 par CNC et anodis\u00e9 noir, est associ\u00e9 \u00e0 de la pierre v\u00e9ritable pour cr\u00e9er un chef-d'\u0153uvre ultra-l\u00e9ger qui permet \u00e0 votre Apple AirTags de se d\u00e9marquer. La riche texture gris-noir de la pierre est vraiment unique, avec des structures de pierre variables qui cr\u00e9ent une surface vivante et exceptionnelle. Chaque produit est unique en son genre.<\/p>","protected":false},"featured_media":7442,"template":"","meta":{"inline_featured_image":false},"product_brand":[],"product_cat":[92],"product_tag":[],"class_list":{"0":"post-5991","1":"product","2":"type-product","3":"status-publish","4":"has-post-thumbnail","6":"product_cat-airtag","8":"first","9":"instock","10":"taxable","11":"shipping-taxable","12":"purchasable","13":"product-type-simple"},"exclude_global_add_ons":false,"addons":[{"name":"Couture sur mesure","type":"checkbox","position":0,"required":false,"title_format":"heading","default":"","description_enable":false,"description":"Chaque produit est fabriqu\u00e9 \u00e0 la main sur commande : profitez-en pour personnaliser votre produit \u00e0 votre guise.","placeholder_enable":false,"placeholder":"","display":"radiobutton","restrictions_type":"any_text","adjust_price":false,"price":"","price_type":"flat_fee","restrictions":false,"min":"0","max":"0","options":[{"label":"No Logo Cut-Out on stone surface","price":"","price_type":"flat_fee","image":0,"visibility":true},{"label":"Stone surface as dark as possible","price":"","price_type":"flat_fee","image":0,"visibility":true},{"label":"Your Logo as Cut-Out \u2013 we cut it out of the stone.Please sent your vector graphic with your order ID to custom@roxxlyn.com","price":"30","price_type":"flat_fee","image":0,"visibility":true},{"label":"Gift Packaging","price":"3","price_type":"flat_fee","image":0,"visibility":true}],"id":1708459237}],"_links":{"self":[{"href":"https:\/\/roxxlyn.com\/fr\/wp-json\/wp\/v2\/product\/5991","targetHints":{"allow":["GET"]}}],"collection":[{"href":"https:\/\/roxxlyn.com\/fr\/wp-json\/wp\/v2\/product"}],"about":[{"href":"https:\/\/roxxlyn.com\/fr\/wp-json\/wp\/v2\/types\/product"}],"version-history":[{"count":0,"href":"https:\/\/roxxlyn.com\/fr\/wp-json\/wp\/v2\/product\/5991\/revisions"}],"wp:featuredmedia":[{"embeddable":true,"href":"https:\/\/roxxlyn.com\/fr\/wp-json\/wp\/v2\/media\/7442"}],"wp:attachment":[{"href":"https:\/\/roxxlyn.com\/fr\/wp-json\/wp\/v2\/media?parent=5991"}],"wp:term":[{"taxonomy":"product_brand","embeddable":true,"href":"https:\/\/roxxlyn.com\/fr\/wp-json\/wp\/v2\/product_brand?post=5991"},{"taxonomy":"product_cat","embeddable":true,"href":"https:\/\/roxxlyn.com\/fr\/wp-json\/wp\/v2\/product_cat?post=5991"},{"taxonomy":"product_tag","embeddable":true,"href":"https:\/\/roxxlyn.com\/fr\/wp-json\/wp\/v2\/product_tag?post=5991"}],"curies":[{"name":"wp","href":"https:\/\/api.w.org\/{rel}","templated":true}]}}