{"id":3541,"date":"2021-05-21T13:02:50","date_gmt":"2021-05-21T13:02:50","guid":{"rendered":"https:\/\/roxxlyn.com\/?post_type=product&#038;p=3541"},"modified":"2025-09-24T07:08:30","modified_gmt":"2025-09-24T07:08:30","slug":"the-iphone-slate-case-black-rock","status":"publish","type":"product","link":"https:\/\/roxxlyn.com\/fr\/shop\/the-iphone-slate-case-black-rock\/","title":{"rendered":"L&#039;\u00e9tui iPhone Slate Black Rock"},"content":{"rendered":"<div data-elementor-type=\"wp-post\" data-elementor-id=\"3541\" class=\"elementor elementor-3541\" data-elementor-post-type=\"product\">\n\t\t\t\t\t\t<section class=\"elementor-section elementor-top-section elementor-element elementor-element-85c5581 elementor-section-boxed elementor-section-height-default elementor-section-height-default\" data-id=\"85c5581\" data-element_type=\"section\" data-e-type=\"section\">\n\t\t\t\t\t\t<div class=\"elementor-container elementor-column-gap-default\">\n\t\t\t\t\t<div class=\"elementor-column elementor-col-100 elementor-top-column elementor-element elementor-element-28fc111\" data-id=\"28fc111\" data-element_type=\"column\" data-e-type=\"column\">\n\t\t\t<div class=\"elementor-widget-wrap\">\n\t\t\t\t\t\t\t<\/div>\n\t\t<\/div>\n\t\t\t\t\t<\/div>\n\t\t<\/section>\n\t\t\t\t<section class=\"elementor-section elementor-top-section elementor-element elementor-element-f0f24e1 elementor-section-boxed elementor-section-height-default elementor-section-height-default\" data-id=\"f0f24e1\" data-element_type=\"section\" data-e-type=\"section\" data-settings=\"{&quot;background_background&quot;:&quot;classic&quot;}\">\n\t\t\t\t\t\t<div class=\"elementor-container elementor-column-gap-default\">\n\t\t\t\t\t<div class=\"elementor-column elementor-col-100 elementor-top-column elementor-element elementor-element-611b1ee\" data-id=\"611b1ee\" data-element_type=\"column\" data-e-type=\"column\">\n\t\t\t<div class=\"elementor-widget-wrap elementor-element-populated\">\n\t\t\t\t\t\t<div class=\"elementor-element elementor-element-3b15875 elementor-widget elementor-widget-video\" data-id=\"3b15875\" data-element_type=\"widget\" data-e-type=\"widget\" data-settings=\"{&quot;video_type&quot;:&quot;hosted&quot;,&quot;controls&quot;:&quot;yes&quot;}\" data-widget_type=\"video.default\">\n\t\t\t\t<div class=\"elementor-widget-container\">\n\t\t\t\t\t\t\t<div class=\"e-hosted-video elementor-wrapper elementor-open-inline\">\n\t\t\t\t\t<video class=\"elementor-video\" src=\"https:\/\/roxxlyn.com\/wp-content\/uploads\/2020\/11\/iPhone-Skin-inkl-Zubehor.66.mp4\" controls=\"\" preload=\"metadata\" controlslist=\"nodownload\"><\/video>\n\t\t\t\t<\/div>\n\t\t\t\t\t\t<\/div>\n\t\t\t\t<\/div>\n\t\t\t\t<section class=\"elementor-section elementor-inner-section elementor-element elementor-element-64c9f28 elementor-section-boxed elementor-section-height-default elementor-section-height-default\" data-id=\"64c9f28\" data-element_type=\"section\" data-e-type=\"section\">\n\t\t\t\t\t\t<div class=\"elementor-container elementor-column-gap-default\">\n\t\t\t\t\t<div class=\"elementor-column elementor-col-100 elementor-inner-column elementor-element elementor-element-53f4098\" data-id=\"53f4098\" data-element_type=\"column\" data-e-type=\"column\">\n\t\t\t<div class=\"elementor-widget-wrap elementor-element-populated\">\n\t\t\t\t\t\t<div class=\"elementor-element elementor-element-063f3cb elementor-widget elementor-widget-text-editor\" data-id=\"063f3cb\" data-element_type=\"widget\" data-e-type=\"widget\" data-widget_type=\"text-editor.default\">\n\t\t\t\t<div class=\"elementor-widget-container\">\n\t\t\t\t\t\t\t\t\t<p>L'\u00e9tui en ardoise v\u00e9ritable Black Rock Case est classique et discret. Il est fabriqu\u00e9 \u00e0 la main \u00e0 Berlin \u00e0 partir d'ardoise v\u00e9ritable et doubl\u00e9 du meilleur Alcantara, ce qui offre \u00e0 votre iPhone une protection optimale lors de vos d\u00e9placements quotidiens. Associ\u00e9 \u00e0 un cadre de haute qualit\u00e9, ce chef-d'\u0153uvre ne p\u00e8se que 35 grammes. Sa riche texture gris noir pr\u00e9sente une surface sensationnelle due \u00e0 la structure variable de la pierre, qui est vivante et exceptionnelle, rendant chaque produit vraiment unique.<\/p>\t\t\t\t\t\t\t\t<\/div>\n\t\t\t\t<\/div>\n\t\t\t\t<div class=\"elementor-element elementor-element-f4a6dab elementor-widget elementor-widget-text-editor\" data-id=\"f4a6dab\" data-element_type=\"widget\" data-e-type=\"widget\" data-widget_type=\"text-editor.default\">\n\t\t\t\t<div class=\"elementor-widget-container\">\n\t\t\t\t\t\t\t\t\t<p>La charge sans fil comme toutes les autres fr\u00e9quences est enti\u00e8rement prise en charge sans compromis.<\/p>\t\t\t\t\t\t\t\t<\/div>\n\t\t\t\t<\/div>\n\t\t\t\t<div class=\"elementor-element elementor-element-8c52388 elementor-widget elementor-widget-text-editor\" data-id=\"8c52388\" data-element_type=\"widget\" data-e-type=\"widget\" data-widget_type=\"text-editor.default\">\n\t\t\t\t<div class=\"elementor-widget-container\">\n\t\t\t\t\t\t\t\t\t<p>Le bo\u00eetier lui-m\u00eame est fabriqu\u00e9 \u00e0 partir de polyur\u00e9thane thermoplastique et de polycarbonate et est disponible en diff\u00e9rentes finitions et couleurs. Le poids total du produit est de seulement 35 \u00e0 45 grammes selon la taille du bo\u00eetier. Comme pour tous nos produits, cet \u00e9tui est une pi\u00e8ce unique, qui diff\u00e8re par sa structure rocheuse et sa coloration uniques, chacun est une pi\u00e8ce unique de la nature. \u00a0<\/p>\t\t\t\t\t\t\t\t<\/div>\n\t\t\t\t<\/div>\n\t\t\t\t\t<\/div>\n\t\t<\/div>\n\t\t\t\t\t<\/div>\n\t\t<\/section>\n\t\t\t\t<div class=\"elementor-element elementor-element-956b714 elementor-widget elementor-widget-video\" data-id=\"956b714\" data-element_type=\"widget\" data-e-type=\"widget\" data-settings=\"{&quot;video_type&quot;:&quot;vimeo&quot;}\" data-widget_type=\"video.default\">\n\t\t\t\t<div class=\"elementor-widget-container\">\n\t\t\t\t\t\t\t<div class=\"elementor-wrapper elementor-open-inline\">\n\t\t\t<iframe class=\"elementor-video-iframe\" allowfullscreen allow=\"clipboard-write\" title=\"Lecteur vid\u00e9o vimeo\" src=\"https:\/\/player.vimeo.com\/video\/290503829?color&amp;autopause=0&amp;loop=0&amp;muted=0&amp;title=1&amp;portrait=1&amp;byline=1#t=\"><\/iframe>\t\t<\/div>\n\t\t\t\t\t\t<\/div>\n\t\t\t\t<\/div>\n\t\t\t\t\t<\/div>\n\t\t<\/div>\n\t\t\t\t\t<\/div>\n\t\t<\/section>\n\t\t\t\t<\/div>","protected":false},"excerpt":{"rendered":"<p data-start=\"380\" data-end=\"738\">D\u00e9couvrez la protection ultime pour le nouveau <strong data-start=\"425\" data-end=\"491\">iPhone 17, iPhone 17 Pro, iPhone 17 Pro Max et iPhone 17 Air<\/strong> avec notre <strong data-start=\"501\" data-end=\"535\">\u00c9tui pour iPhone en ardoise v\u00e9ritable de qualit\u00e9 sup\u00e9rieure<\/strong> - un chef-d'\u0153uvre de pierre naturelle et d'ing\u00e9nierie moderne. Chaque coffret est fabriqu\u00e9 \u00e0 la main \u00e0 partir d'ardoise v\u00e9ritable provenant de carri\u00e8res allemandes historiques, ce qui rend chaque pi\u00e8ce unique par sa texture et intemporelle par son design. Construit avec <strong data-start=\"751\" data-end=\"794\">TPU haute performance de Bayer Germany<\/strong>L'\u00e9tui offre une protection solide contre les chutes, les rayures et l'usure quotidienne, tout en conservant un profil fin et \u00e9l\u00e9gant. L'int\u00e9rieur de l'\u00e9tui est doubl\u00e9 d'Alcantara pour un toucher luxueux, une meilleure prise en main et une protection accrue. Avec <strong data-start=\"1034\" data-end=\"1079\">bords sur\u00e9lev\u00e9s autour de l'\u00e9cran et de l'appareil photo<\/strong>Gr\u00e2ce \u00e0 cet \u00e9tui, votre appareil de la s\u00e9rie iPhone 17 est prot\u00e9g\u00e9 sans compromettre son style. Qu'il s'agisse d'une utilisation quotidienne ou d'un d\u00e9placement, cet \u00e9tui en pierre pour iPhone combine les caract\u00e9ristiques suivantes <strong data-start=\"1222\" data-end=\"1263\">la nature, l'artisanat et la technologie<\/strong> pour que votre appareil reste s\u00fbr, \u00e9l\u00e9gant et s\u00e9curis\u00e9. Fi\u00e8rement <strong data-start=\"1319\" data-end=\"1338\">Fabriqu\u00e9 en Allemagne<\/strong>.<\/p>","protected":false},"featured_media":12895,"template":"","meta":{"inline_featured_image":false},"product_brand":[],"product_cat":[66],"product_tag":[90,89,91],"class_list":{"0":"post-3541","1":"product","2":"type-product","3":"status-publish","4":"has-post-thumbnail","6":"product_cat-iphone-cases","7":"product_tag-iphone-real-slate-case","8":"product_tag-slate-case","9":"product_tag-slate-case-by-roxxlyn","11":"first","12":"instock","13":"featured","14":"taxable","15":"shipping-taxable","16":"purchasable","17":"product-type-variable","18":"has-default-attributes"},"exclude_global_add_ons":false,"addons":[{"name":"Couture sur mesure","type":"checkbox","position":0,"required":false,"title_format":"label","default":"","description_enable":false,"description":"","placeholder_enable":false,"placeholder":"","display":"select","restrictions_type":"any_text","adjust_price":false,"price":"","price_type":"flat_fee","restrictions":false,"min":"0","max":"0","options":[{"label":"Upgrade your case with a super-strong N52 grade 1.55 mm MagSafe magnet for seamless attachment and faster, more stable wireless charging","price":"10","price_type":"flat_fee","image":0,"visibility":true},{"label":"Achieve the darkest (possible) hue on your stone surface for a sleek, sophisticated look.","price":"","price_type":"flat_fee","image":0,"visibility":true},{"label":"Embrace the raw beauty of nature with a heavy stone texture, adding a bold, tactile feel to your case.","price":"15","price_type":"flat_fee","image":0,"visibility":true},{"label":"Opt for a finer, smoother stone texture for a sleek touch and elegant appearance.","price":"","price_type":"flat_fee","image":0,"visibility":true},{"label":"Feature the iconic Apple logo with a precise cut-out on the stone surface, revealing the case's sleek, black satin-matte underside for a striking contrast and personalized touch.","price":"10","price_type":"flat_fee","image":0,"visibility":true},{"label":"Upgrade with a matching slate skin for the lens, cut from the same slate for perfect uniformity and enhanced protection.","price":"10","price_type":"flat_fee","image":0,"visibility":true},{"label":"Premium Liquid Care with dust-repellent, antistatic protection and a lasting matte effect. Specially designed to preserve and protect your case.","price":"5","price_type":"flat_fee","image":0,"visibility":true},{"label":"Premium Stone Cleaner & Care with antibacterial protection. Gently cleans and preserves the natural beauty of real slate for lasting elegance","price":"5","price_type":"flat_fee","image":0,"visibility":true}],"id":1709884294}],"_links":{"self":[{"href":"https:\/\/roxxlyn.com\/fr\/wp-json\/wp\/v2\/product\/3541","targetHints":{"allow":["GET"]}}],"collection":[{"href":"https:\/\/roxxlyn.com\/fr\/wp-json\/wp\/v2\/product"}],"about":[{"href":"https:\/\/roxxlyn.com\/fr\/wp-json\/wp\/v2\/types\/product"}],"version-history":[{"count":0,"href":"https:\/\/roxxlyn.com\/fr\/wp-json\/wp\/v2\/product\/3541\/revisions"}],"wp:featuredmedia":[{"embeddable":true,"href":"https:\/\/roxxlyn.com\/fr\/wp-json\/wp\/v2\/media\/12895"}],"wp:attachment":[{"href":"https:\/\/roxxlyn.com\/fr\/wp-json\/wp\/v2\/media?parent=3541"}],"wp:term":[{"taxonomy":"product_brand","embeddable":true,"href":"https:\/\/roxxlyn.com\/fr\/wp-json\/wp\/v2\/product_brand?post=3541"},{"taxonomy":"product_cat","embeddable":true,"href":"https:\/\/roxxlyn.com\/fr\/wp-json\/wp\/v2\/product_cat?post=3541"},{"taxonomy":"product_tag","embeddable":true,"href":"https:\/\/roxxlyn.com\/fr\/wp-json\/wp\/v2\/product_tag?post=3541"}],"curies":[{"name":"wp","href":"https:\/\/api.w.org\/{rel}","templated":true}]}}