{"id":3039,"date":"2021-01-13T16:49:21","date_gmt":"2021-01-13T16:49:21","guid":{"rendered":"https:\/\/roxxlyn.com\/?post_type=product&#038;p=3039"},"modified":"2026-03-04T16:09:48","modified_gmt":"2026-03-04T16:09:48","slug":"the-iphone-slate-skin-black-rock","status":"publish","type":"product","link":"https:\/\/roxxlyn.com\/fr\/shop\/the-iphone-slate-skin-black-rock\/","title":{"rendered":"Peau d'ardoise pour iPhone Black Rock"},"content":{"rendered":"<div data-elementor-type=\"wp-post\" data-elementor-id=\"3039\" class=\"elementor elementor-3039\" data-elementor-post-type=\"product\">\n\t\t\t\t\t\t<section class=\"elementor-section elementor-top-section elementor-element elementor-element-00f9663 elementor-section-boxed elementor-section-height-default elementor-section-height-default\" data-id=\"00f9663\" data-element_type=\"section\" data-e-type=\"section\">\n\t\t\t\t\t\t<div class=\"elementor-container elementor-column-gap-default\">\n\t\t\t\t\t<div class=\"elementor-column elementor-col-33 elementor-top-column elementor-element elementor-element-9dfa94f\" data-id=\"9dfa94f\" data-element_type=\"column\" data-e-type=\"column\">\n\t\t\t<div class=\"elementor-widget-wrap elementor-element-populated\">\n\t\t\t\t\t\t<div class=\"elementor-element elementor-element-ed5fd35 elementor-widget elementor-widget-heading\" data-id=\"ed5fd35\" data-element_type=\"widget\" data-e-type=\"widget\" data-widget_type=\"heading.default\">\n\t\t\t\t<div class=\"elementor-widget-container\">\n\t\t\t\t\t<h2 class=\"elementor-heading-title elementor-size-default\">Peau d'ardoise pour iPhone Black Rock<\/h2>\t\t\t\t<\/div>\n\t\t\t\t<\/div>\n\t\t\t\t\t<\/div>\n\t\t<\/div>\n\t\t\t\t<div class=\"elementor-column elementor-col-33 elementor-top-column elementor-element elementor-element-f699efe\" data-id=\"f699efe\" data-element_type=\"column\" data-e-type=\"column\">\n\t\t\t<div class=\"elementor-widget-wrap elementor-element-populated\">\n\t\t\t\t\t\t<div class=\"elementor-element elementor-element-46d3387 elementor-widget elementor-widget-text-editor\" data-id=\"46d3387\" data-element_type=\"widget\" data-e-type=\"widget\" data-widget_type=\"text-editor.default\">\n\t\t\t\t<div class=\"elementor-widget-container\">\n\t\t\t\t\t\t\t\t\t<p>Donnez \u00e0 votre iPhone une touche unique et intemporelle avec le Real Slate Skin Black Rock.<\/p><p>Fabriqu\u00e9 \u00e0 la main avec soin en Allemagne, ce rev\u00eatement ultrafin en ardoise v\u00e9ritable allie \u00e9l\u00e9gance et durabilit\u00e9, et distingue votre appareil gr\u00e2ce \u00e0 ses tons gris profonds et \u00e0 sa texture de pierre naturelle.<\/p><p>Contrairement aux \u00e9tuis encombrants, ce skin offre un design \u00e9pur\u00e9 et minimaliste qui prot\u00e8ge le dos en verre de votre iPhone des rayures et de la salet\u00e9 tout en pr\u00e9servant son profil d'origine.<\/p><p>Notre Real Slate Skin Black Rock est con\u00e7u pour s'adapter parfaitement \u00e0 tous les mod\u00e8les d'iPhone et comprend une nouvelle coupe personnalis\u00e9e pour l'iPhone 16 Pro et 16 Pro Max afin de s'adapter \u00e0 la zone plus \u00e9troite de la lentille gauche, garantissant \u00e0 la fois style et stabilit\u00e9.<\/p><p>\u00a0<\/p>\t\t\t\t\t\t\t\t<\/div>\n\t\t\t\t<\/div>\n\t\t\t\t\t<\/div>\n\t\t<\/div>\n\t\t\t\t<div class=\"elementor-column elementor-col-33 elementor-top-column elementor-element elementor-element-602b0ef\" data-id=\"602b0ef\" data-element_type=\"column\" data-e-type=\"column\">\n\t\t\t<div class=\"elementor-widget-wrap elementor-element-populated\">\n\t\t\t\t\t\t<div class=\"elementor-element elementor-element-bce3332 elementor-widget elementor-widget-text-editor\" data-id=\"bce3332\" data-element_type=\"widget\" data-e-type=\"widget\" data-widget_type=\"text-editor.default\">\n\t\t\t\t<div class=\"elementor-widget-container\">\n\t\t\t\t\t\t\t\t\t<p><span style=\"background-color: transparent; font-size: 1rem;\">Fabriqu\u00e9e sur commande pour un ajustement exact, cette peau est facile \u00e0 appliquer et ne laisse aucun r\u00e9sidu collant lorsqu'elle est retir\u00e9e. Chaque pi\u00e8ce est fabriqu\u00e9e \u00e0 partir d'ardoise \"Black Rock\" authentique, provenant de Jaipur, en Inde, ce qui conf\u00e8re \u00e0 chaque peau un aspect unique.<\/span><\/p><p><span style=\"background-color: transparent; font-size: 1rem;\">Nous nous consacrons \u00e0 la qualit\u00e9, en utilisant des mat\u00e9riaux de premi\u00e8re qualit\u00e9 et en ne s\u00e9lectionnant que les plus belles dalles de pierre pour cr\u00e9er une peau aussi unique que vous. L\u00e9g\u00e8re (8 grammes seulement), la peau en ardoise v\u00e9ritable Black Rock apporte une touche sophistiqu\u00e9e et naturelle sans alourdir le corps. Pour les clients internationaux en dehors de l'UE, veuillez noter que des taxes locales et des frais de douane peuvent s'appliquer.<\/span><\/p><p>Faites l'exp\u00e9rience de la v\u00e9ritable \u00e9l\u00e9gance avec le Real Slate Skin Black Rock - protection, style, et un aspect distinctif que seule la pierre v\u00e9ritable peut offrir.<\/p>\t\t\t\t\t\t\t\t<\/div>\n\t\t\t\t<\/div>\n\t\t\t\t\t<\/div>\n\t\t<\/div>\n\t\t\t\t\t<\/div>\n\t\t<\/section>\n\t\t\t\t<section class=\"elementor-section elementor-top-section elementor-element elementor-element-eee3027 elementor-section-boxed elementor-section-height-default elementor-section-height-default\" data-id=\"eee3027\" data-element_type=\"section\" data-e-type=\"section\" data-settings=\"{&quot;background_background&quot;:&quot;classic&quot;}\">\n\t\t\t\t\t\t<div class=\"elementor-container elementor-column-gap-default\">\n\t\t\t\t\t<div class=\"elementor-column elementor-col-100 elementor-top-column elementor-element elementor-element-833149b\" data-id=\"833149b\" data-element_type=\"column\" data-e-type=\"column\">\n\t\t\t<div class=\"elementor-widget-wrap elementor-element-populated\">\n\t\t\t\t\t\t<div class=\"elementor-element elementor-element-f8693f2 elementor-widget elementor-widget-video\" data-id=\"f8693f2\" data-element_type=\"widget\" data-e-type=\"widget\" data-settings=\"{&quot;video_type&quot;:&quot;hosted&quot;,&quot;play_on_mobile&quot;:&quot;yes&quot;,&quot;autoplay&quot;:&quot;yes&quot;,&quot;mute&quot;:&quot;yes&quot;,&quot;loop&quot;:&quot;yes&quot;}\" data-widget_type=\"video.default\">\n\t\t\t\t<div class=\"elementor-widget-container\">\n\t\t\t\t\t\t\t<div class=\"e-hosted-video elementor-wrapper elementor-open-inline\">\n\t\t\t\t\t<video class=\"elementor-video\" src=\"https:\/\/roxxlyn.com\/wp-content\/uploads\/2024\/11\/16-pro-max-skin.553.mp4\" autoplay=\"\" loop=\"\" muted=\"muted\" playsinline=\"\" controlslist=\"nodownload\"><\/video>\n\t\t\t\t<\/div>\n\t\t\t\t\t\t<\/div>\n\t\t\t\t<\/div>\n\t\t\t\t\t<\/div>\n\t\t<\/div>\n\t\t\t\t\t<\/div>\n\t\t<\/section>\n\t\t\t\t<section class=\"elementor-section elementor-top-section elementor-element elementor-element-f0f24e1 elementor-section-boxed elementor-section-height-default elementor-section-height-default\" data-id=\"f0f24e1\" data-element_type=\"section\" data-e-type=\"section\" data-settings=\"{&quot;background_background&quot;:&quot;classic&quot;}\">\n\t\t\t\t\t\t<div class=\"elementor-container elementor-column-gap-default\">\n\t\t\t\t\t<div class=\"elementor-column elementor-col-100 elementor-top-column elementor-element elementor-element-611b1ee\" data-id=\"611b1ee\" data-element_type=\"column\" data-e-type=\"column\">\n\t\t\t<div class=\"elementor-widget-wrap elementor-element-populated\">\n\t\t\t\t\t\t<div class=\"elementor-element elementor-element-956b714 elementor-widget elementor-widget-video\" data-id=\"956b714\" data-element_type=\"widget\" data-e-type=\"widget\" data-settings=\"{&quot;video_type&quot;:&quot;vimeo&quot;}\" data-widget_type=\"video.default\">\n\t\t\t\t<div class=\"elementor-widget-container\">\n\t\t\t\t\t\t\t<div class=\"elementor-wrapper elementor-open-inline\">\n\t\t\t<iframe class=\"elementor-video-iframe\" allowfullscreen allow=\"clipboard-write\" title=\"Lecteur vid\u00e9o vimeo\" src=\"https:\/\/player.vimeo.com\/video\/290503829?color&amp;autopause=0&amp;loop=0&amp;muted=0&amp;title=1&amp;portrait=1&amp;byline=1#t=\"><\/iframe>\t\t<\/div>\n\t\t\t\t\t\t<\/div>\n\t\t\t\t<\/div>\n\t\t\t\t\t<\/div>\n\t\t<\/div>\n\t\t\t\t\t<\/div>\n\t\t<\/section>\n\t\t\t\t<section class=\"elementor-section elementor-top-section elementor-element elementor-element-116d343 elementor-section-boxed elementor-section-height-default elementor-section-height-default\" data-id=\"116d343\" data-element_type=\"section\" data-e-type=\"section\">\n\t\t\t\t\t\t<div class=\"elementor-container elementor-column-gap-default\">\n\t\t\t\t\t<div class=\"elementor-column elementor-col-100 elementor-top-column elementor-element elementor-element-58aea76\" data-id=\"58aea76\" data-element_type=\"column\" data-e-type=\"column\">\n\t\t\t<div class=\"elementor-widget-wrap\">\n\t\t\t\t\t\t\t<\/div>\n\t\t<\/div>\n\t\t\t\t\t<\/div>\n\t\t<\/section>\n\t\t\t\t<\/div>","protected":false},"excerpt":{"rendered":"<p data-start=\"147\" data-end=\"200\"><strong data-start=\"147\" data-end=\"198\">Skin ardoise v\u00e9ritable Black Rock pour iPhone 17 Series<\/strong><\/p>\n<p data-start=\"202\" data-end=\"459\">Donnez \u00e0 votre iPhone 17, iPhone 17 Pro, iPhone 17 Pro Max ou iPhone 17 Air un look intemporel et naturel avec le Real Slate Skin Black Rock. Fabriqu\u00e9 \u00e0 la main en Allemagne, ce rev\u00eatement en pierre ultrafin associe un design minimaliste \u00e0 de l'ardoise authentique pour une finition unique.<\/p>\n<ul data-start=\"461\" data-end=\"783\">\n<li data-start=\"461\" data-end=\"537\">\n<p data-start=\"463\" data-end=\"537\">Compatible avec l'iPhone 17, 17 Pro, 17 Pro Max, 17 Air et les mod\u00e8les ant\u00e9rieurs<\/p>\n<\/li>\n<li data-start=\"461\" data-end=\"537\">\n<p data-start=\"463\" data-end=\"537\">Fabriqu\u00e9 \u00e0 la main \u00e0 partir d'ardoise v\u00e9ritable Black Rock<\/p>\n<\/li>\n<li data-start=\"584\" data-end=\"626\">\n<p data-start=\"586\" data-end=\"626\">Ultra-mince : environ 1 mm et seulement 8 grammes<\/p>\n<\/li>\n<li data-start=\"627\" data-end=\"682\">\n<p data-start=\"629\" data-end=\"682\">Adh\u00e9sif de premi\u00e8re qualit\u00e9, fixation s\u00fbre, retrait sans r\u00e9sidu<\/p>\n<\/li>\n<li data-start=\"683\" data-end=\"734\">\n<p data-start=\"685\" data-end=\"734\">Prot\u00e8ge le dos en verre des rayures et de la salet\u00e9<\/p>\n<\/li>\n<li data-start=\"735\" data-end=\"783\">\n<p data-start=\"737\" data-end=\"783\">Chaque peau a une texture de pierre naturelle unique<\/p>\n<\/li>\n<\/ul>\n<p data-start=\"785\" data-end=\"903\">L\u00e9ger, r\u00e9sistant aux rayures et unique en son genre, le rev\u00eatement Black Rock Slate apporte une \u00e9l\u00e9gance naturelle \u00e0 votre iPhone.<\/p>","protected":false},"featured_media":12860,"template":"","meta":{"inline_featured_image":false},"product_brand":[],"product_cat":[66],"product_tag":[],"class_list":{"0":"post-3039","1":"product","2":"type-product","3":"status-publish","4":"has-post-thumbnail","6":"product_cat-iphone-cases","8":"first","9":"instock","10":"taxable","11":"shipping-taxable","12":"purchasable","13":"product-type-variable","14":"has-default-attributes"},"exclude_global_add_ons":true,"addons":[{"name":"Personnalis\u00e9","type":"checkbox","position":0,"required":false,"title_format":"heading","default":"","description_enable":false,"description":"","placeholder_enable":false,"placeholder":"","display":"radiobutton","restrictions_type":"any_text","adjust_price":false,"price":"","price_type":"flat_fee","restrictions":false,"min":"0","max":"0","options":[{"label":"Centered Apple Logo \u2013 We realign the logo to sit exactly in the middle of your iPhone. Comes with a matching vinyl insert. Only for iP17 Pro and 17Pro Max","price":"","price_type":"flat_fee","image":0,"visibility":true},{"label":"Original Apple Logo (2\/3 Position \u2013 iPhone 17 Pro & 17 Pro Max)","price":"","price_type":"flat_fee","image":0,"visibility":true},{"label":"No Apple Logo Cutout \u2013 A seamless full-stone back without any logo opening","price":"","price_type":"flat_fee","image":0,"visibility":true},{"label":"Dark Stone Finish \u2013 Enhanced for the deepest possible tone","price":"","price_type":"flat_fee","image":0,"visibility":true},{"label":"Apple Logo Guard Film \u2013 Highly transparent glossy polyurethane film with outstanding UV-resistance, excellent tear strength, and self-healing surface. That means light scratches on the surface (e.g. originating from squeegees, cleaning brushes) can be removed easily by applying heat (e.g. solar radiation, heat gun)","price":"5","price_type":"flat_fee","image":0,"visibility":true},{"label":"Stone Texture Smooth \u2013 A flatter, more even stone surface with reduced depth and texture.","price":"","price_type":"flat_fee","image":0,"visibility":true},{"label":"Heavy Stone Texture \u2013 Enhanced natural highs and lows, offering a more rugged, tactile stone finish","price":"15","price_type":"flat_fee","image":0,"visibility":true}],"id":1702754809}],"_links":{"self":[{"href":"https:\/\/roxxlyn.com\/fr\/wp-json\/wp\/v2\/product\/3039","targetHints":{"allow":["GET"]}}],"collection":[{"href":"https:\/\/roxxlyn.com\/fr\/wp-json\/wp\/v2\/product"}],"about":[{"href":"https:\/\/roxxlyn.com\/fr\/wp-json\/wp\/v2\/types\/product"}],"version-history":[{"count":1,"href":"https:\/\/roxxlyn.com\/fr\/wp-json\/wp\/v2\/product\/3039\/revisions"}],"predecessor-version":[{"id":14837,"href":"https:\/\/roxxlyn.com\/fr\/wp-json\/wp\/v2\/product\/3039\/revisions\/14837"}],"wp:featuredmedia":[{"embeddable":true,"href":"https:\/\/roxxlyn.com\/fr\/wp-json\/wp\/v2\/media\/12860"}],"wp:attachment":[{"href":"https:\/\/roxxlyn.com\/fr\/wp-json\/wp\/v2\/media?parent=3039"}],"wp:term":[{"taxonomy":"product_brand","embeddable":true,"href":"https:\/\/roxxlyn.com\/fr\/wp-json\/wp\/v2\/product_brand?post=3039"},{"taxonomy":"product_cat","embeddable":true,"href":"https:\/\/roxxlyn.com\/fr\/wp-json\/wp\/v2\/product_cat?post=3039"},{"taxonomy":"product_tag","embeddable":true,"href":"https:\/\/roxxlyn.com\/fr\/wp-json\/wp\/v2\/product_tag?post=3039"}],"curies":[{"name":"wp","href":"https:\/\/api.w.org\/{rel}","templated":true}]}}