{"id":2984,"date":"2021-01-13T16:09:51","date_gmt":"2021-01-13T16:09:51","guid":{"rendered":"https:\/\/roxxlyn.com\/?post_type=product&#038;p=2984"},"modified":"2025-09-23T13:22:08","modified_gmt":"2025-09-23T13:22:08","slug":"the-iphone-granite-case-lapis-lazuli","status":"publish","type":"product","link":"https:\/\/roxxlyn.com\/fr\/shop\/the-iphone-granite-case-lapis-lazuli\/","title":{"rendered":"La coque iPhone Granite Lapis Lazuli"},"content":{"rendered":"<div data-elementor-type=\"wp-post\" data-elementor-id=\"2984\" class=\"elementor elementor-2984\" data-elementor-post-type=\"product\">\n\t\t\t\t\t\t<section class=\"elementor-section elementor-top-section elementor-element elementor-element-4fad3d1 elementor-section-boxed elementor-section-height-default elementor-section-height-default\" data-id=\"4fad3d1\" data-element_type=\"section\" data-e-type=\"section\" data-settings=\"{&quot;background_background&quot;:&quot;classic&quot;}\">\n\t\t\t\t\t\t<div class=\"elementor-container elementor-column-gap-default\">\n\t\t\t\t\t<div class=\"elementor-column elementor-col-100 elementor-top-column elementor-element elementor-element-e551091\" data-id=\"e551091\" data-element_type=\"column\" data-e-type=\"column\">\n\t\t\t<div class=\"elementor-widget-wrap elementor-element-populated\">\n\t\t\t\t\t\t<div class=\"elementor-element elementor-element-56bab67 elementor-widget elementor-widget-video\" data-id=\"56bab67\" data-element_type=\"widget\" data-e-type=\"widget\" data-settings=\"{&quot;video_type&quot;:&quot;vimeo&quot;,&quot;autoplay&quot;:&quot;yes&quot;,&quot;play_on_mobile&quot;:&quot;yes&quot;,&quot;mute&quot;:&quot;yes&quot;}\" data-widget_type=\"video.default\">\n\t\t\t\t<div class=\"elementor-widget-container\">\n\t\t\t\t\t\t\t<div class=\"elementor-wrapper elementor-open-inline\">\n\t\t\t<iframe class=\"elementor-video-iframe\" allowfullscreen allow=\"autoplay\" title=\"vimeo Vid\u00e9o Oynat\u0131c\u0131\" src=\"https:\/\/player.vimeo.com\/video\/486704204?autoplay=1&amp;playsinline=1&amp;color&amp;autopause=0&amp;loop=0&amp;muted=1&amp;title=1&amp;portrait=1&amp;byline=1#t=\"><\/iframe>\t\t<\/div>\n\t\t\t\t\t\t<\/div>\n\t\t\t\t<\/div>\n\t\t\t\t<section class=\"elementor-section elementor-inner-section elementor-element elementor-element-c18f3bd elementor-section-boxed elementor-section-height-default elementor-section-height-default\" data-id=\"c18f3bd\" data-element_type=\"section\" data-e-type=\"section\">\n\t\t\t\t\t\t<div class=\"elementor-container elementor-column-gap-default\">\n\t\t\t\t\t<div class=\"elementor-column elementor-col-50 elementor-inner-column elementor-element elementor-element-d3dd10c\" data-id=\"d3dd10c\" data-element_type=\"column\" data-e-type=\"column\">\n\t\t\t<div class=\"elementor-widget-wrap elementor-element-populated\">\n\t\t\t\t\t\t<div class=\"elementor-element elementor-element-c4dfc94 elementor-widget elementor-widget-text-editor\" data-id=\"c4dfc94\" data-element_type=\"widget\" data-e-type=\"widget\" data-widget_type=\"text-editor.default\">\n\t\t\t\t<div class=\"elementor-widget-container\">\n\t\t\t\t\t\t\t\t\t<p>La charge sans fil comme toutes les autres fr\u00e9quences est enti\u00e8rement prise en charge sans compromis.<\/p>\t\t\t\t\t\t\t\t<\/div>\n\t\t\t\t<\/div>\n\t\t\t\t<div class=\"elementor-element elementor-element-e8328cd elementor-widget elementor-widget-text-editor\" data-id=\"e8328cd\" data-element_type=\"widget\" data-e-type=\"widget\" data-widget_type=\"text-editor.default\">\n\t\t\t\t<div class=\"elementor-widget-container\">\n\t\t\t\t\t\t\t\t\t<p>Le bo\u00eetier lui-m\u00eame est fabriqu\u00e9 \u00e0 partir de polyur\u00e9thane thermoplastique et de polycarbonate et est disponible en diff\u00e9rentes finitions et couleurs. Le poids total du produit est de seulement 35 \u00e0 45 grammes selon la taille du bo\u00eetier. Comme pour tous nos produits, cet \u00e9tui est une pi\u00e8ce unique, qui diff\u00e8re par sa structure rocheuse et sa coloration uniques, chacun est une pi\u00e8ce unique de la nature. \u00a0<\/p>\t\t\t\t\t\t\t\t<\/div>\n\t\t\t\t<\/div>\n\t\t\t\t\t<\/div>\n\t\t<\/div>\n\t\t\t\t<div class=\"elementor-column elementor-col-50 elementor-inner-column elementor-element elementor-element-7c0f8d7\" data-id=\"7c0f8d7\" data-element_type=\"column\" data-e-type=\"column\">\n\t\t\t<div class=\"elementor-widget-wrap elementor-element-populated\">\n\t\t\t\t\t\t<div class=\"elementor-element elementor-element-ca943b6 elementor-widget elementor-widget-text-editor\" data-id=\"ca943b6\" data-element_type=\"widget\" data-e-type=\"widget\" data-widget_type=\"text-editor.default\">\n\t\t\t\t<div class=\"elementor-widget-container\">\n\t\t\t\t\t\t\t\t\tDes aimants Magsafe sont disponibles et sont parfaitement int\u00e9gr\u00e9s pour une prise en charge compl\u00e8te des chargeurs sans fil Apple d&#039;origine et des chargeurs Roxxlyn en option.\u00a0\t\t\t\t\t\t\t\t<\/div>\n\t\t\t\t<\/div>\n\t\t\t\t<div class=\"elementor-element elementor-element-6793b6c elementor-widget elementor-widget-text-editor\" data-id=\"6793b6c\" data-element_type=\"widget\" data-e-type=\"widget\" data-widget_type=\"text-editor.default\">\n\t\t\t\t<div class=\"elementor-widget-container\">\n\t\t\t\t\t\t\t\t\t<p>En raison de notre propre d\u00e9veloppement sp\u00e9cial, l&#039;int\u00e9rieur de l&#039;\u00e9tui est \u00e9quip\u00e9 d&#039;un daim\/cuir v\u00e9g\u00e9tal de la plus haute qualit\u00e9 et offre une technologie polym\u00e8re unique qui absorbe les chocs et permet une recharge sans fil parfaitement sans aucun compromis.\u00a0<\/p>\t\t\t\t\t\t\t\t<\/div>\n\t\t\t\t<\/div>\n\t\t\t\t<div class=\"elementor-element elementor-element-91f1315 elementor-widget elementor-widget-video\" data-id=\"91f1315\" data-element_type=\"widget\" data-e-type=\"widget\" data-settings=\"{&quot;video_type&quot;:&quot;hosted&quot;,&quot;controls&quot;:&quot;yes&quot;}\" data-widget_type=\"video.default\">\n\t\t\t\t<div class=\"elementor-widget-container\">\n\t\t\t\t\t\t\t<div class=\"e-hosted-video elementor-wrapper elementor-open-inline\">\n\t\t\t\t\t<video class=\"elementor-video\" src=\"https:\/\/roxxlyn.com\/wp-content\/uploads\/2020\/11\/iPhone-Skin-inkl-Zubehor.66.mp4\" controls=\"\" preload=\"metadata\" controlslist=\"nodownload\"><\/video>\n\t\t\t\t<\/div>\n\t\t\t\t\t\t<\/div>\n\t\t\t\t<\/div>\n\t\t\t\t\t<\/div>\n\t\t<\/div>\n\t\t\t\t\t<\/div>\n\t\t<\/section>\n\t\t\t\t<div class=\"elementor-element elementor-element-e7512c5 elementor-widget elementor-widget-video\" data-id=\"e7512c5\" data-element_type=\"widget\" data-e-type=\"widget\" data-settings=\"{&quot;video_type&quot;:&quot;vimeo&quot;}\" data-widget_type=\"video.default\">\n\t\t\t\t<div class=\"elementor-widget-container\">\n\t\t\t\t\t\t\t<div class=\"elementor-wrapper elementor-open-inline\">\n\t\t\t<iframe class=\"elementor-video-iframe\" allowfullscreen allow=\"clipboard-write\" title=\"vimeo Vid\u00e9o Oynat\u0131c\u0131\" src=\"https:\/\/player.vimeo.com\/video\/290503829?color&amp;autopause=0&amp;loop=0&amp;muted=0&amp;title=1&amp;portrait=1&amp;byline=1#t=\"><\/iframe>\t\t<\/div>\n\t\t\t\t\t\t<\/div>\n\t\t\t\t<\/div>\n\t\t\t\t\t<\/div>\n\t\t<\/div>\n\t\t\t\t\t<\/div>\n\t\t<\/section>\n\t\t\t\t<\/div>","protected":false},"excerpt":{"rendered":"<p data-start=\"328\" data-end=\"404\"><strong data-start=\"328\" data-end=\"402\">Coque iPhone en marbre Lapis Lazuli - Luxe fait main pour iPhone 17 Series<\/strong><\/p>\n<p data-start=\"406\" data-end=\"681\">Rehaussez votre iPhone 17, iPhone 17 Pro, iPhone 17 Pro Max ou iPhone 17 Air avec l'\u00e9l\u00e9gance intemporelle de la coque Lapis Lazuli Marble. Ce chef-d'\u0153uvre allie l'art de la nature \u00e0 la pr\u00e9cision de l'artisanat allemand, cr\u00e9ant un accessoire aussi rare que raffin\u00e9.<\/p>\n<p data-start=\"683\" data-end=\"999\">Fabriqu\u00e9 \u00e0 la main \u00e0 partir de marbre Lapis Lazuli authentique, provenant de la l\u00e9gendaire vall\u00e9e de Sar-e-Sang dans les montagnes du Badakhshan en Afghanistan, chaque coffret est unique. La pierre est transform\u00e9e en dalles polies dans les installations renomm\u00e9es d'Antolini \u00e0 V\u00e9rone, en Italie, r\u00e9put\u00e9es pour leur expertise dans le traitement des pierres naturelles.<\/p>\n<p data-start=\"1001\" data-end=\"1326\">Le bleu c\u00e9leste profond du lapis-lazuli, rehauss\u00e9 de mouchetures dor\u00e9es \u00e9voquant un ciel \u00e9toil\u00e9, conf\u00e8re \u00e0 cet \u00e9tui un caract\u00e8re incomparable. En Allemagne, le marbre est transform\u00e9 en couches polies ultra-l\u00e9g\u00e8res mais tr\u00e8s durables qui offrent \u00e0 la fois un style sophistiqu\u00e9 et une protection quotidienne fiable pour votre iPhone.<\/p>\n<p data-start=\"1707\" data-end=\"1975\">L'\u00e9tui pour iPhone Lapis Lazuli Marble est plus qu'un accessoire - c'est une d\u00e9claration de luxe et d'individualit\u00e9. Con\u00e7ue pour ceux qui appr\u00e9cient l'excellence, la raret\u00e9 et l'artisanat, elle transforme votre iPhone en une \u0153uvre d'art qui refl\u00e8te \u00e0 la fois l'histoire et l'innovation.<\/p>","protected":false},"featured_media":13049,"template":"","meta":{"inline_featured_image":false},"product_brand":[],"product_cat":[66],"product_tag":[147,146],"class_list":{"0":"post-2984","1":"product","2":"type-product","3":"status-publish","4":"has-post-thumbnail","6":"product_cat-iphone-cases","7":"product_tag-granite","8":"product_tag-iphone-case","10":"first","11":"instock","12":"taxable","13":"shipping-taxable","14":"purchasable","15":"product-type-variable","16":"has-default-attributes"},"exclude_global_add_ons":true,"addons":[{"name":"Couture sur mesure","type":"checkbox","position":0,"required":false,"title_format":"label","default":"","description_enable":false,"description":"","placeholder_enable":false,"placeholder":"","display":"select","restrictions_type":"any_text","adjust_price":false,"price":"","price_type":"flat_fee","restrictions":false,"min":"0","max":"0","options":[{"label":"Upgrade your case with a super-strong N52 grade 1.55 mm MagSafe magnet for seamless attachment and faster, more stable wireless charging","price":"10","price_type":"flat_fee","image":0,"visibility":true},{"label":"Opt for a design featuring darker tones and minimal white veins for a sleek, uniform appearance.","price":"","price_type":"flat_fee","image":0,"visibility":true},{"label":"Opt for a design that emphasizes rich white veins for a touch of natural sophistication.","price":"15","price_type":"flat_fee","image":0,"visibility":true},{"label":"Reveal the iconic Apple logo with a precise cut-out on the stone surface, unveiling a sleek black satin-matte underside for a striking contrast and personal touch.","price":"15","price_type":"flat_fee","image":0,"visibility":true},{"label":"Enhance your device with a white engraved Apple logo, crafted over two days for elegance and sophistication.","price":"20","price_type":"flat_fee","image":0,"visibility":true},{"label":"Premium Liquid Care with dust-repellent, antistatic protection and a lasting matte effect. Specially designed to preserve and protect your case.","price":"5","price_type":"flat_fee","image":0,"visibility":false},{"label":"A premium marble liquid polish that enhances and protects the natural beauty of your marble surfaces, providing a lasting, brilliant shine.","price":"5","price_type":"flat_fee","image":0,"visibility":true},{"label":"Microfiber Polishing Cloth: A soft, high-quality microfiber cloth designed for polishing marble surfaces. It delivers a streak-free, brilliant shine without scratching, perfect for maintaining your marble's natural beauty.","price":"5","price_type":"flat_fee","image":0,"visibility":false}],"id":1758632800}],"_links":{"self":[{"href":"https:\/\/roxxlyn.com\/fr\/wp-json\/wp\/v2\/product\/2984","targetHints":{"allow":["GET"]}}],"collection":[{"href":"https:\/\/roxxlyn.com\/fr\/wp-json\/wp\/v2\/product"}],"about":[{"href":"https:\/\/roxxlyn.com\/fr\/wp-json\/wp\/v2\/types\/product"}],"version-history":[{"count":0,"href":"https:\/\/roxxlyn.com\/fr\/wp-json\/wp\/v2\/product\/2984\/revisions"}],"wp:featuredmedia":[{"embeddable":true,"href":"https:\/\/roxxlyn.com\/fr\/wp-json\/wp\/v2\/media\/13049"}],"wp:attachment":[{"href":"https:\/\/roxxlyn.com\/fr\/wp-json\/wp\/v2\/media?parent=2984"}],"wp:term":[{"taxonomy":"product_brand","embeddable":true,"href":"https:\/\/roxxlyn.com\/fr\/wp-json\/wp\/v2\/product_brand?post=2984"},{"taxonomy":"product_cat","embeddable":true,"href":"https:\/\/roxxlyn.com\/fr\/wp-json\/wp\/v2\/product_cat?post=2984"},{"taxonomy":"product_tag","embeddable":true,"href":"https:\/\/roxxlyn.com\/fr\/wp-json\/wp\/v2\/product_tag?post=2984"}],"curies":[{"name":"wp","href":"https:\/\/api.w.org\/{rel}","templated":true}]}}